{"id":15999,"date":"2020-07-30T15:21:54","date_gmt":"2020-07-30T13:21:54","guid":{"rendered":"https:\/\/www.lesgets.com\/live-info-slopes\/detail-des-ouvertures-des-pistes\/"},"modified":"2020-08-17T16:25:05","modified_gmt":"2020-08-17T14:25:05","slug":"detail-des-ouvertures-des-pistes","status":"publish","type":"page","link":"https:\/\/www.lesgets.com\/nl\/ontdek-het-skigebied\/skien-wintersporten\/live-info-pistes\/detail-des-ouvertures-des-pistes\/","title":{"rendered":"Opening van de skipistes"},"content":{"rendered":"<div class=\"block block-lba-lumiplan-pistes\"><div class=\"legende\">\r\n    <div><span class=\"pi-status pi-status-o\" title=\"Open\">F<\/span> Open<\/div>\r\n    <div><span class=\"pi-status pi-status-f\" title=\"Close\">O<\/span> Close<\/div>\r\n    <div><span class=\"pi-status pi-status-hp\" title=\"Temporary stop\">HP<\/span> Temporary stop<\/div>\r\n    <div><span class=\"pi-status pi-status-p\" title=\"In the process of opening\">F<\/span> In the process of opening<\/div>\r\n<\/div>\r\n\r\n<div class=\"\">\r\n            <h2>Les Gets<\/h2>\r\n    \r\n  <div class=\"row\">\r\n                                                                                                <\/div>\r\n<\/div><\/div>\n\n<div class=\"block block-lba-lumiplan-pistes\"><div class=\"legende\">\r\n    <div><span class=\"pi-status pi-status-o\" title=\"Open\">F<\/span> Open<\/div>\r\n    <div><span class=\"pi-status pi-status-f\" title=\"Close\">O<\/span> Close<\/div>\r\n    <div><span class=\"pi-status pi-status-hp\" title=\"Temporary stop\">HP<\/span> Temporary stop<\/div>\r\n    <div><span class=\"pi-status pi-status-p\" title=\"In the process of opening\">F<\/span> In the process of opening<\/div>\r\n<\/div>\r\n\r\n<div class=\"\">\r\n            <h2>Morzine<\/h2>\r\n    \r\n  <div class=\"row\">\r\n                                                        <\/div>\r\n<\/div><\/div>\n\n<div class=\"block block-core-paragraph\">\n<p><\/p>\n<\/div>","protected":false},"excerpt":{"rendered":"<p>Retrouvez le d\u00e9tail de l&#8217;ouverture en live de chacune des pistes et chacune des remont\u00e9es m\u00e9caniques du domaine skiable Les Gets-Morzine<\/p>\n","protected":false},"author":1,"featured_media":1759,"parent":15479,"menu_order":0,"comment_status":"closed","ping_status":"closed","template":"","meta":{"_acf_changed":false,"footnotes":""},"class_list":["post-15999","page","type-page","status-publish","has-post-thumbnail","hentry"],"acf":[],"yoast_head":"<!-- This site is optimized with the Yoast SEO plugin v27.2 - https:\/\/yoast.com\/product\/yoast-seo-wordpress\/ -->\n<title>D\u00e9tail des ouvertures des pistes et remont\u00e9es m\u00e9canique en live aux Gets<\/title>\n<meta name=\"description\" content=\"Retrouvez le d\u00e9tail de l&#039;ouverture en live de chacune des pistes et chacune des remont\u00e9es m\u00e9caniques du domaine skiable Les Gets-Morzine\" \/>\n<meta name=\"robots\" content=\"index, follow, max-snippet:-1, max-image-preview:large, max-video-preview:-1\" \/>\n<link rel=\"canonical\" href=\"https:\/\/www.lesgets.com\/nl\/ontdek-het-skigebied\/skien-wintersporten\/live-info-pistes\/detail-des-ouvertures-des-pistes\/\" \/>\n<meta property=\"og:locale\" content=\"nl_NL\" \/>\n<meta property=\"og:type\" content=\"article\" \/>\n<meta property=\"og:title\" content=\"D\u00e9tail des ouvertures des pistes et remont\u00e9es m\u00e9canique en live aux Gets\" \/>\n<meta property=\"og:description\" content=\"Retrouvez le d\u00e9tail de l&#039;ouverture en live de chacune des pistes et chacune des remont\u00e9es m\u00e9caniques du domaine skiable Les Gets-Morzine\" \/>\n<meta property=\"og:url\" content=\"https:\/\/www.lesgets.com\/nl\/ontdek-het-skigebied\/skien-wintersporten\/live-info-pistes\/detail-des-ouvertures-des-pistes\/\" \/>\n<meta property=\"og:site_name\" content=\"Les Gets\" \/>\n<meta property=\"article:modified_time\" content=\"2020-08-17T14:25:05+00:00\" \/>\n<meta property=\"og:image\" content=\"https:\/\/www.lesgets.com\/wp\/..\/app\/uploads\/2020\/04\/DSC02411.jpg\" \/>\n\t<meta property=\"og:image:width\" content=\"1500\" \/>\n\t<meta property=\"og:image:height\" content=\"1000\" \/>\n\t<meta property=\"og:image:type\" content=\"image\/jpeg\" \/>\n<meta name=\"twitter:card\" content=\"summary_large_image\" \/>\n<script type=\"application\/ld+json\" class=\"yoast-schema-graph\">{\"@context\":\"https:\/\/schema.org\",\"@graph\":[{\"@type\":\"WebPage\",\"@id\":\"https:\/\/www.lesgets.com\/nl\/ontdek-het-skigebied\/skien-wintersporten\/live-info-pistes\/detail-des-ouvertures-des-pistes\/\",\"url\":\"https:\/\/www.lesgets.com\/nl\/ontdek-het-skigebied\/skien-wintersporten\/live-info-pistes\/detail-des-ouvertures-des-pistes\/\",\"name\":\"D\u00e9tail des ouvertures des pistes et remont\u00e9es m\u00e9canique en live aux Gets\",\"isPartOf\":{\"@id\":\"https:\/\/www.lesgets.com\/en\/#website\"},\"primaryImageOfPage\":{\"@id\":\"https:\/\/www.lesgets.com\/nl\/ontdek-het-skigebied\/skien-wintersporten\/live-info-pistes\/detail-des-ouvertures-des-pistes\/#primaryimage\"},\"image\":{\"@id\":\"https:\/\/www.lesgets.com\/nl\/ontdek-het-skigebied\/skien-wintersporten\/live-info-pistes\/detail-des-ouvertures-des-pistes\/#primaryimage\"},\"thumbnailUrl\":\"https:\/\/www.lesgets.com\/wp\/..\/app\/uploads\/2020\/04\/DSC02411.jpg\",\"datePublished\":\"2020-07-30T13:21:54+00:00\",\"dateModified\":\"2020-08-17T14:25:05+00:00\",\"description\":\"Retrouvez le d\u00e9tail de l'ouverture en live de chacune des pistes et chacune des remont\u00e9es m\u00e9caniques du domaine skiable Les Gets-Morzine\",\"breadcrumb\":{\"@id\":\"https:\/\/www.lesgets.com\/nl\/ontdek-het-skigebied\/skien-wintersporten\/live-info-pistes\/detail-des-ouvertures-des-pistes\/#breadcrumb\"},\"inLanguage\":\"nl-NL\",\"potentialAction\":[{\"@type\":\"ReadAction\",\"target\":[\"https:\/\/www.lesgets.com\/nl\/ontdek-het-skigebied\/skien-wintersporten\/live-info-pistes\/detail-des-ouvertures-des-pistes\/\"]}]},{\"@type\":\"ImageObject\",\"inLanguage\":\"nl-NL\",\"@id\":\"https:\/\/www.lesgets.com\/nl\/ontdek-het-skigebied\/skien-wintersporten\/live-info-pistes\/detail-des-ouvertures-des-pistes\/#primaryimage\",\"url\":\"https:\/\/www.lesgets.com\/wp\/..\/app\/uploads\/2020\/04\/DSC02411.jpg\",\"contentUrl\":\"https:\/\/www.lesgets.com\/wp\/..\/app\/uploads\/2020\/04\/DSC02411.jpg\",\"width\":1500,\"height\":1000,\"caption\":\"Les gets Domaine Skiable\"},{\"@type\":\"BreadcrumbList\",\"@id\":\"https:\/\/www.lesgets.com\/nl\/ontdek-het-skigebied\/skien-wintersporten\/live-info-pistes\/detail-des-ouvertures-des-pistes\/#breadcrumb\",\"itemListElement\":[{\"@type\":\"ListItem\",\"position\":1,\"name\":\"Accueil\",\"item\":\"https:\/\/www.lesgets.com\/nl\/\"},{\"@type\":\"ListItem\",\"position\":2,\"name\":\"Ontdek het resort\",\"item\":\"https:\/\/www.lesgets.com\/nl\/ontdek-het-skigebied\/\"},{\"@type\":\"ListItem\",\"position\":3,\"name\":\"Ski\u00ebn &#8211; wintersporten\",\"item\":\"https:\/\/www.lesgets.com\/nl\/ontdek-het-skigebied\/skien-wintersporten\/\"},{\"@type\":\"ListItem\",\"position\":4,\"name\":\"Live piste informatie\",\"item\":\"https:\/\/www.lesgets.com\/nl\/ontdek-het-skigebied\/skien-wintersporten\/live-info-pistes\/\"},{\"@type\":\"ListItem\",\"position\":5,\"name\":\"Opening van de skipistes\"}]},{\"@type\":\"WebSite\",\"@id\":\"https:\/\/www.lesgets.com\/en\/#website\",\"url\":\"https:\/\/www.lesgets.com\/en\/\",\"name\":\"Les Gets\",\"description\":\"\",\"publisher\":{\"@id\":\"https:\/\/www.lesgets.com\/en\/#organization\"},\"potentialAction\":[{\"@type\":\"SearchAction\",\"target\":{\"@type\":\"EntryPoint\",\"urlTemplate\":\"https:\/\/www.lesgets.com\/en\/?s={search_term_string}\"},\"query-input\":{\"@type\":\"PropertyValueSpecification\",\"valueRequired\":true,\"valueName\":\"search_term_string\"}}],\"inLanguage\":\"nl-NL\"},{\"@type\":\"Organization\",\"@id\":\"https:\/\/www.lesgets.com\/en\/#organization\",\"name\":\"Les Gets\",\"url\":\"https:\/\/www.lesgets.com\/en\/\",\"logo\":{\"@type\":\"ImageObject\",\"inLanguage\":\"nl-NL\",\"@id\":\"https:\/\/www.lesgets.com\/en\/#\/schema\/logo\/image\/\",\"url\":\"https:\/\/www.lesgets.com\/wp\/..\/app\/uploads\/2020\/06\/logo_lesgets.png\",\"contentUrl\":\"https:\/\/www.lesgets.com\/wp\/..\/app\/uploads\/2020\/06\/logo_lesgets.png\",\"width\":136,\"height\":115,\"caption\":\"Les Gets\"},\"image\":{\"@id\":\"https:\/\/www.lesgets.com\/en\/#\/schema\/logo\/image\/\"}}]}<\/script>\n<!-- \/ Yoast SEO plugin. -->","yoast_head_json":{"title":"D\u00e9tail des ouvertures des pistes et remont\u00e9es m\u00e9canique en live aux Gets","description":"Retrouvez le d\u00e9tail de l'ouverture en live de chacune des pistes et chacune des remont\u00e9es m\u00e9caniques du domaine skiable Les Gets-Morzine","robots":{"index":"index","follow":"follow","max-snippet":"max-snippet:-1","max-image-preview":"max-image-preview:large","max-video-preview":"max-video-preview:-1"},"canonical":"https:\/\/www.lesgets.com\/nl\/ontdek-het-skigebied\/skien-wintersporten\/live-info-pistes\/detail-des-ouvertures-des-pistes\/","og_locale":"nl_NL","og_type":"article","og_title":"D\u00e9tail des ouvertures des pistes et remont\u00e9es m\u00e9canique en live aux Gets","og_description":"Retrouvez le d\u00e9tail de l'ouverture en live de chacune des pistes et chacune des remont\u00e9es m\u00e9caniques du domaine skiable Les Gets-Morzine","og_url":"https:\/\/www.lesgets.com\/nl\/ontdek-het-skigebied\/skien-wintersporten\/live-info-pistes\/detail-des-ouvertures-des-pistes\/","og_site_name":"Les Gets","article_modified_time":"2020-08-17T14:25:05+00:00","og_image":[{"width":1500,"height":1000,"url":"https:\/\/www.lesgets.com\/wp\/..\/app\/uploads\/2020\/04\/DSC02411.jpg","type":"image\/jpeg"}],"twitter_card":"summary_large_image","schema":{"@context":"https:\/\/schema.org","@graph":[{"@type":"WebPage","@id":"https:\/\/www.lesgets.com\/nl\/ontdek-het-skigebied\/skien-wintersporten\/live-info-pistes\/detail-des-ouvertures-des-pistes\/","url":"https:\/\/www.lesgets.com\/nl\/ontdek-het-skigebied\/skien-wintersporten\/live-info-pistes\/detail-des-ouvertures-des-pistes\/","name":"D\u00e9tail des ouvertures des pistes et remont\u00e9es m\u00e9canique en live aux Gets","isPartOf":{"@id":"https:\/\/www.lesgets.com\/en\/#website"},"primaryImageOfPage":{"@id":"https:\/\/www.lesgets.com\/nl\/ontdek-het-skigebied\/skien-wintersporten\/live-info-pistes\/detail-des-ouvertures-des-pistes\/#primaryimage"},"image":{"@id":"https:\/\/www.lesgets.com\/nl\/ontdek-het-skigebied\/skien-wintersporten\/live-info-pistes\/detail-des-ouvertures-des-pistes\/#primaryimage"},"thumbnailUrl":"https:\/\/www.lesgets.com\/wp\/..\/app\/uploads\/2020\/04\/DSC02411.jpg","datePublished":"2020-07-30T13:21:54+00:00","dateModified":"2020-08-17T14:25:05+00:00","description":"Retrouvez le d\u00e9tail de l'ouverture en live de chacune des pistes et chacune des remont\u00e9es m\u00e9caniques du domaine skiable Les Gets-Morzine","breadcrumb":{"@id":"https:\/\/www.lesgets.com\/nl\/ontdek-het-skigebied\/skien-wintersporten\/live-info-pistes\/detail-des-ouvertures-des-pistes\/#breadcrumb"},"inLanguage":"nl-NL","potentialAction":[{"@type":"ReadAction","target":["https:\/\/www.lesgets.com\/nl\/ontdek-het-skigebied\/skien-wintersporten\/live-info-pistes\/detail-des-ouvertures-des-pistes\/"]}]},{"@type":"ImageObject","inLanguage":"nl-NL","@id":"https:\/\/www.lesgets.com\/nl\/ontdek-het-skigebied\/skien-wintersporten\/live-info-pistes\/detail-des-ouvertures-des-pistes\/#primaryimage","url":"https:\/\/www.lesgets.com\/wp\/..\/app\/uploads\/2020\/04\/DSC02411.jpg","contentUrl":"https:\/\/www.lesgets.com\/wp\/..\/app\/uploads\/2020\/04\/DSC02411.jpg","width":1500,"height":1000,"caption":"Les gets Domaine Skiable"},{"@type":"BreadcrumbList","@id":"https:\/\/www.lesgets.com\/nl\/ontdek-het-skigebied\/skien-wintersporten\/live-info-pistes\/detail-des-ouvertures-des-pistes\/#breadcrumb","itemListElement":[{"@type":"ListItem","position":1,"name":"Accueil","item":"https:\/\/www.lesgets.com\/nl\/"},{"@type":"ListItem","position":2,"name":"Ontdek het resort","item":"https:\/\/www.lesgets.com\/nl\/ontdek-het-skigebied\/"},{"@type":"ListItem","position":3,"name":"Ski\u00ebn &#8211; wintersporten","item":"https:\/\/www.lesgets.com\/nl\/ontdek-het-skigebied\/skien-wintersporten\/"},{"@type":"ListItem","position":4,"name":"Live piste informatie","item":"https:\/\/www.lesgets.com\/nl\/ontdek-het-skigebied\/skien-wintersporten\/live-info-pistes\/"},{"@type":"ListItem","position":5,"name":"Opening van de skipistes"}]},{"@type":"WebSite","@id":"https:\/\/www.lesgets.com\/en\/#website","url":"https:\/\/www.lesgets.com\/en\/","name":"Les Gets","description":"","publisher":{"@id":"https:\/\/www.lesgets.com\/en\/#organization"},"potentialAction":[{"@type":"SearchAction","target":{"@type":"EntryPoint","urlTemplate":"https:\/\/www.lesgets.com\/en\/?s={search_term_string}"},"query-input":{"@type":"PropertyValueSpecification","valueRequired":true,"valueName":"search_term_string"}}],"inLanguage":"nl-NL"},{"@type":"Organization","@id":"https:\/\/www.lesgets.com\/en\/#organization","name":"Les Gets","url":"https:\/\/www.lesgets.com\/en\/","logo":{"@type":"ImageObject","inLanguage":"nl-NL","@id":"https:\/\/www.lesgets.com\/en\/#\/schema\/logo\/image\/","url":"https:\/\/www.lesgets.com\/wp\/..\/app\/uploads\/2020\/06\/logo_lesgets.png","contentUrl":"https:\/\/www.lesgets.com\/wp\/..\/app\/uploads\/2020\/06\/logo_lesgets.png","width":136,"height":115,"caption":"Les Gets"},"image":{"@id":"https:\/\/www.lesgets.com\/en\/#\/schema\/logo\/image\/"}}]}},"featured_image_src":"https:\/\/www.lesgets.com\/wp\/..\/app\/uploads\/2020\/04\/DSC02411-600x400.jpg","featured_image_src_square":"https:\/\/www.lesgets.com\/wp\/..\/app\/uploads\/2020\/04\/DSC02411-600x600.jpg","_links":{"self":[{"href":"https:\/\/www.lesgets.com\/nl\/wp-json\/wp\/v2\/pages\/15999","targetHints":{"allow":["GET"]}}],"collection":[{"href":"https:\/\/www.lesgets.com\/nl\/wp-json\/wp\/v2\/pages"}],"about":[{"href":"https:\/\/www.lesgets.com\/nl\/wp-json\/wp\/v2\/types\/page"}],"author":[{"embeddable":true,"href":"https:\/\/www.lesgets.com\/nl\/wp-json\/wp\/v2\/users\/1"}],"replies":[{"embeddable":true,"href":"https:\/\/www.lesgets.com\/nl\/wp-json\/wp\/v2\/comments?post=15999"}],"version-history":[{"count":5,"href":"https:\/\/www.lesgets.com\/nl\/wp-json\/wp\/v2\/pages\/15999\/revisions"}],"predecessor-version":[{"id":17505,"href":"https:\/\/www.lesgets.com\/nl\/wp-json\/wp\/v2\/pages\/15999\/revisions\/17505"}],"up":[{"embeddable":true,"href":"https:\/\/www.lesgets.com\/nl\/wp-json\/wp\/v2\/pages\/15479"}],"wp:featuredmedia":[{"embeddable":true,"href":"https:\/\/www.lesgets.com\/nl\/wp-json\/wp\/v2\/media\/1759"}],"wp:attachment":[{"href":"https:\/\/www.lesgets.com\/nl\/wp-json\/wp\/v2\/media?parent=15999"}],"curies":[{"name":"wp","href":"https:\/\/api.w.org\/{rel}","templated":true}]}}