{"id":16029,"date":"2020-07-30T16:43:36","date_gmt":"2020-07-30T14:43:36","guid":{"rendered":"https:\/\/www.lesgets.com\/skipassen\/"},"modified":"2026-02-06T10:45:54","modified_gmt":"2026-02-06T09:45:54","slug":"skipassen","status":"publish","type":"page","link":"https:\/\/www.lesgets.com\/nl\/skipassen\/","title":{"rendered":"Liftpassen en skilockers"},"content":{"rendered":"<div class=\"block block-core-spacer\">\n<div style=\"height:30px\" aria-hidden=\"true\" class=\"wp-block-spacer\"><\/div>\n<\/div>\n\n<div class=\"block block-core-heading\">\n<h3 class=\"wp-block-heading\">Gegarandeerd de <strong>beste prijzen online!<\/strong><\/h3>\n<\/div>\n\n<div class=\"block block-core-paragraph\">\n<p>Wees pro-actief en koop jouw skipas online (of laad deze op). <\/p>\n<\/div>\n\n<div class=\"block block-core-html\">\n<script src=\"https:\/\/jbsurf.blob.core.windows.net\/fichiers\/angular\/elements\/elements.js\" defer><\/script>\n<comparateur-element\nportail=\"586\"\nlangue=\"FR\"\ndomainename=\"https:\/\/service.lesgets.com\/\"\ndata-custom-widget-classes=\"widget-alpilink\"\ndata-custom-widget-style=\"btnColor=rgba(255, 186, 38, 1)$btnHoverColor=grey$fontColor=rgba(91, 91, 91, 1)$bgColor=rgba(0, 59, 75, 1)\"\nidmodule=\"les-gets-home\"\ndisable-popup=\"\"\ndata-mode-auto=\"\"\ndata-set-age=\"30\"\ndata-standalone=\"\"\nredirection-url=\"https:\/\/pass.lesgets.com\/panier\/\"\n><\/comparateur-element>\n<\/div>\n\n<div class=\"block block-core-spacer\">\n<div style=\"height:20px\" aria-hidden=\"true\" class=\"wp-block-spacer\"><\/div>\n<\/div>\n\n<div class=\"block block-core-heading\">\n<h2 class=\"wp-block-heading\">Skilockers<\/h2>\n<\/div>\n\n<div class=\"block block-core-paragraph\">\n<p>Reserveer skilockers voor jouw verblijf<\/p>\n<\/div>\n\n<div class=\"block block-core-buttons\">\n<div class=\"wp-block-buttons is-layout-flex wp-block-buttons-is-layout-flex\"><div class=\"block block-core-button\">\n<div class=\"wp-block-button\"><a class=\"wp-block-button__link wp-element-button\" href=\"https:\/\/pass.lesgets.com\/en\/services\/consigne-a-ski\" target=\"_blank\" rel=\"noreferrer noopener\">Informatie en reserveringen<\/a><\/div>\n<\/div><\/div>\n<\/div>\n\n<div class=\"block block-core-spacer\">\n<div style=\"height:20px\" aria-hidden=\"true\" class=\"wp-block-spacer\"><\/div>\n<\/div>\n\n<div class=\"block block-genesis-custom-blocks-trois-colonnes\">    <div class=\"container\">\r\n        <div class=\"row\">\r\n            \r\n                                    <div class=\"col\">\r\n                        <div class=\"img\"><img loading=\"lazy\" decoding=\"async\" width=\"500\" height=\"500\" src=\"https:\/\/www.lesgets.com\/wp\/..\/app\/uploads\/2025\/10\/2023_02_3_forfait_bois_cpOTGets_LD-2-500x500.jpg\" class=\"attachment-500x500 size-500x500\" alt=\"\" srcset=\"https:\/\/www.lesgets.com\/wp\/..\/app\/uploads\/2025\/10\/2023_02_3_forfait_bois_cpOTGets_LD-2-500x500.jpg 500w, https:\/\/www.lesgets.com\/wp\/..\/app\/uploads\/2025\/10\/2023_02_3_forfait_bois_cpOTGets_LD-2-600x600.jpg 600w\" sizes=\"auto, (max-width: 500px) 100vw, 500px\" \/><\/div>\r\n                        <div class=\"conteneur\">\r\n                            <h3>Wintersseizoenkaart \u2744\ufe0f<\/h3>\r\n                            <p>Ski de hele winter onbeperkt in het skigebied Les Gets-Morzine of Portes du Soleil en profiteer van de exclusieve voordelen van de seizoenspas!<\/p>\r\n                                                            <a class=\"button no-hover-style hvr-outline-out\"  href=\"https:\/\/www.lesgets.com\/nl\/skipassen\/winter-tarieven\/\">Winter seizoenkaartprijzen<\/a>\r\n                                                    <\/div>\r\n                    <\/div>\r\n                            \r\n                                    <div class=\"col\">\r\n                        <div class=\"img\"><img loading=\"lazy\" decoding=\"async\" width=\"500\" height=\"500\" src=\"https:\/\/www.lesgets.com\/wp\/..\/app\/uploads\/2025\/10\/2023_04_06_telesiege_Mont_Chery_Mont_Blanc_cpCorentin_Croisonnier_00002_LD-500x500.jpg\" class=\"attachment-500x500 size-500x500\" alt=\"\" srcset=\"https:\/\/www.lesgets.com\/wp\/..\/app\/uploads\/2025\/10\/2023_04_06_telesiege_Mont_Chery_Mont_Blanc_cpCorentin_Croisonnier_00002_LD-500x500.jpg 500w, https:\/\/www.lesgets.com\/wp\/..\/app\/uploads\/2025\/10\/2023_04_06_telesiege_Mont_Chery_Mont_Blanc_cpCorentin_Croisonnier_00002_LD-600x600.jpg 600w\" sizes=\"auto, (max-width: 500px) 100vw, 500px\" \/><\/div>\r\n                        <div class=\"conteneur\">\r\n                            <h3>Winterpakketprijzen \ud83c\udfbf<\/h3>\r\n                            <p>Ontdek de verschillende tarieven voor uw skipas voor Les Gets-Morzine of Portes du Soleil.<\/p>\r\n                                                            <a class=\"button no-hover-style hvr-outline-out\"  href=\"https:\/\/pass.lesgets.com\/tarifs-hiver\/\">Winterpakketprijzen <\/a>\r\n                                                    <\/div>\r\n                    <\/div>\r\n                            \r\n                                    <div class=\"col\">\r\n                        <div class=\"img\"><img loading=\"lazy\" decoding=\"async\" width=\"500\" height=\"500\" src=\"https:\/\/www.lesgets.com\/wp\/..\/app\/uploads\/2025\/08\/2021_05_29_bikepark_opening_fourcross_lettres_tchoutchou_LD_LesGets_MelCarle_IMG_0117-500x500.jpg\" class=\"attachment-500x500 size-500x500\" alt=\"\" srcset=\"https:\/\/www.lesgets.com\/wp\/..\/app\/uploads\/2025\/08\/2021_05_29_bikepark_opening_fourcross_lettres_tchoutchou_LD_LesGets_MelCarle_IMG_0117-500x500.jpg 500w, https:\/\/www.lesgets.com\/wp\/..\/app\/uploads\/2025\/08\/2021_05_29_bikepark_opening_fourcross_lettres_tchoutchou_LD_LesGets_MelCarle_IMG_0117-600x600.jpg 600w\" sizes=\"auto, (max-width: 500px) 100vw, 500px\" \/><\/div>\r\n                        <div class=\"conteneur\">\r\n                            <h3>Zomerprijzen \ud83d\udeb2<\/h3>\r\n                            <p>Laad uw pas op om bij aankomst in Les Gets meteen de hellingen van het grootste bikepark van Europa af te kunnen racen. <\/p>\r\n                                                            <a class=\"button no-hover-style hvr-outline-out\"  href=\"https:\/\/www.lesgets.com\/nl\/skipassen\/mtb-tarieven-portes-du-soleil\/\">Zomerprijzen <\/a>\r\n                                                    <\/div>\r\n                    <\/div>\r\n                                    <\/div>\r\n    <\/div>\r\n<\/div>\n\n<div class=\"block block-genesis-blocks-gb-spacer\">\n<div style=\"color:#ddd\" class=\"wp-block-genesis-blocks-gb-spacer gb-block-spacer gb-divider-solid gb-divider-size-1\"><hr style=\"height:30px\"\/><\/div>\n<\/div>\n\n<div class=\"block block-core-spacer\">\n<div style=\"height:50px\" aria-hidden=\"true\" class=\"wp-block-spacer\"><\/div>\n<\/div>\n\n<div class=\"block block-core-heading\">\n<h3 class=\"wp-block-heading\">Ongevallenverzekering<strong> <\/strong><img loading=\"lazy\" decoding=\"async\" width=\"275\" height=\"183\" class=\"wp-image-3586\" style=\"width: 150px\" src=\"https:\/\/www.lesgets.com\/app\/uploads\/2020\/04\/Snow-Risk.jpg\" alt=\"Assurance Ski Snow Risk \"><\/h3>\n<\/div>\n\n<div class=\"block block-core-paragraph\">\n<p>De liftpassen&nbsp;<strong>zijn exclusief ongevallenverzekering.<\/strong>&nbsp;De verzekering kan bij de kassa&#8217;s of online worden afgesloten als je jouw pas koopt.<\/p>\n<\/div>\n\n<div class=\"block block-core-paragraph\">\n<p>De Snow Risk-verzekering dekt de kosten voor bijstand en noodhulp op de pistes, de vergoeding van skilessen en -passen, en de medische en ziekenhuiskosten. Bij gratis passen wordt een verzekering in rekening gebracht.<\/p>\n<\/div>\n\n<div class=\"block block-core-paragraph\">\n<p><strong><em>Let op<\/em><\/strong>&nbsp;: <em>hulpdiensten voor alle sportactiviteiten worden in de winter in rekening gebracht (ski\u00ebn, snowboarden, sneeuwschoenwandelen, rodelen, wandelen of ski\u00ebn, etc.). Denk er dus aan je te verzekeren !&nbsp;<\/em><\/p>\n<\/div>\n\n<div class=\"block block-core-paragraph\">\n<p>Prijs : 3\u20ac \/ dag<\/p>\n<\/div>\n\n<div class=\"block block-core-spacer\">\n<div style=\"height:20px\" aria-hidden=\"true\" class=\"wp-block-spacer\"><\/div>\n<\/div>\n\n<div class=\"block block-core-separator\">\n<hr class=\"wp-block-separator has-css-opacity\"\/>\n<\/div>\n\n<div class=\"block block-core-spacer\">\n<div style=\"height:20px\" aria-hidden=\"true\" class=\"wp-block-spacer\"><\/div>\n<\/div>\n\n<div class=\"block block-core-heading\">\n<h3 class=\"wp-block-heading\">Oplaadbare kaarten <\/h3>\n<\/div>\n\n<div class=\"block block-core-spacer\">\n<div style=\"height:20px\" aria-hidden=\"true\" class=\"wp-block-spacer\"><\/div>\n<\/div>\n\n<p>Als je jouw skipas online opwaardeert, <strong>kun je een herlaadbare kaart gebruiken<\/strong> die je al hebt: kaarten van de meeste skigebieden werken (vaak aangegeven onder de naam Team Axess).<\/p>\n<p>Je kunt ook een<strong> kaart online kopen<\/strong> voor \u20ac3 en die bij de kassa&#8217;s ophalen :\u00a0<\/p>\n<ul>\n<li><strong>Bij de Click &amp; Collect 24\/24 kiosken gelegen aan de centrale kassa Chavannes<\/strong>, onder het vertrek van de Chavannes kabelbaan\u00a0(<a href=\"https:\/\/www.google.com\/maps\/place\/Caisse+des+Chavannes\/@46.1570502,6.6683511,15z\/data=!4m5!3m4!1s0x0:0xb9937d388fd89f78!8m2!3d46.1570502!4d6.6683511\">297 route du Front de Neige, Les Gets<\/a>).\u00a0<\/li>\n<li><strong>In de 24\/24 automaten<\/strong> die zich bevinden :<br \/>\n<blockquote>\n<p>Centrale Kassa Chavannes, onder het vertrek van de Chavannes kabelbaan <em>(297 route du Front de Neige, Les Gets)<\/em><br \/>Kassa Perri\u00e8res, onder aan de Perri\u00e8res stoeltjeslift <em>(gratis parkeren) (Route des Pesses, Les Gets) (alleen in de winter)<\/em><br \/>VVV\u00a0<em>(89 Route du Front de Neige, Les Gets)<\/em><br \/>Ch\u00e9ry Nord, Ch\u00e9ry Nord stoeltjeslift <em>(167 route de Taninges, La C\u00f4te d&#8217;Arbroz) (alleen in de winter)<\/em><\/p>\n<p>La Turche (<em>935 Route de la Turche, Les Gets) (alleen in de winter)<\/em><\/p>\n<\/blockquote>\n<\/li>\n<li><strong>Bij de kassa<\/strong><br \/>\n<blockquote>\n<p>Centrale Kassa Chavannes, Kassa Perri\u00e8res<br \/>Bovenaan de Chavannes kabelbaan\u00a0<em>(3900 route des Chavannes, Les Gets) (alleen in de winter)<\/em><br \/>Kassa Chery <em>(2673 route des Grandes Alpes 74260 Les Gets)<\/em><\/p>\n<\/blockquote>\n<\/li>\n<\/ul>\n<p>Als je jouw pas bij de kassa koopt, kun je ook een herlaadbare kaart gebruiken die je al hebt, of er een kopen voor \u20ac3.<\/p>\n<p><em>Prijzen vermeld in euro inclusief btw volgens het geldende btw-tarief.<\/em><\/p>\n\n<div class=\"block block-core-separator\">\n<hr class=\"wp-block-separator has-css-opacity\"\/>\n<\/div>\n\n<div class=\"block block-core-spacer\">\n<div style=\"height:20px\" aria-hidden=\"true\" class=\"wp-block-spacer\"><\/div>\n<\/div>\n\n<div class=\"block block-core-heading\">\n<h3 class=\"wp-block-heading\">Bagagedepot voor ski&#8217;s&nbsp;<\/h3>\n<\/div>\n\n<div class=\"block block-core-paragraph\">\n<p>Je hoeft jouw ski&#8217;s niet te dragen! Beweeg je vrijer in het resort.<br>Je kunt jouw ski&#8217;s achterlaten in de beveiligde skilockers naast de centrale kassa van Les Chavannes.<\/p>\n<\/div>\n\n<blockquote>\n<p>90 beveiligde lockers voor 4 paar ski&#8217;s\/schoenen\/stokken uitgerust met een droog- en verwarmingssysteem voor schoenen. De kluisjes kunnen worden geopend met een code of met jouw skipas.<\/p>\n<\/blockquote>\n\n<div class=\"block block-core-paragraph\">\n<p>Wintertarieven 2022-2023<\/p>\n<\/div>\n\n<blockquote>\n<ul>\n<li>Minimaal 2 dagen \/ 1 nacht : 30\u20ac<\/li>\n<li>15\u20ac \/ extra nacht<\/li>\n<li>6 dagen \/ 5 nachten: 90\u20ac.<\/li>\n<li>Seizoen (beperkte plaatsen): 630\u20ac.<\/li>\n<\/ul>\n<\/blockquote>\n\n<div class=\"block block-core-paragraph\">\n<p>Bij vooraf reserveren is de minimale huurperiode 5 dagen \/ 6 nachten.<br>Vanaf \u00e9\u00e9n dag voor gebruik vervalt de minimum huurperiode.<\/p>\n<\/div>\n\n<div class=\"block block-core-paragraph\">\n<p>Een dag wordt gerekend van 8.30 uur tot 23.30 uur, na deze uren wordt een tweede dag in rekening gebracht.<\/p>\n<\/div>\n\n<div class=\"block block-core-paragraph\">\n<p>Openingstijden : Beveiligde toegang 24u\/24u<\/p>\n<\/div>\n\n<div class=\"block block-core-button\">\n<div class=\"wp-block-button\"><a class=\"wp-block-button__link wp-element-button\" href=\"skipassen\/bagagedepot-voor-skis\/\">Informatie en reservering<\/a><\/div>\n<\/div>\n\n<div class=\"block block-core-spacer\">\n<div style=\"height:50px\" aria-hidden=\"true\" class=\"wp-block-spacer\"><\/div>\n<\/div>","protected":false},"excerpt":{"rendered":"<p>Koop of herlaad uw Les Gets-Morzine of Portes du Soleil ski- of mountainbikepas online: de beste prijzen zijn gegarandeerd op internet!<\/p>\n","protected":false},"author":1,"featured_media":76945,"parent":0,"menu_order":0,"comment_status":"closed","ping_status":"closed","template":"","meta":{"_acf_changed":false,"footnotes":""},"class_list":["post-16029","page","type-page","status-publish","has-post-thumbnail","hentry"],"acf":[],"yoast_head":"<!-- This site is optimized with the Yoast SEO plugin v27.2 - https:\/\/yoast.com\/product\/yoast-seo-wordpress\/ -->\n<title>Koop of herlaad uw skipassen voor Les Gets-Morzine of Portes du Soleil<\/title>\n<meta name=\"description\" content=\"Koop of herlaad uw Les Gets-Morzine of Portes du Soleil ski- of mountainbikepas online: de beste prijzen zijn gegarandeerd op internet!\" \/>\n<meta name=\"robots\" content=\"index, follow, max-snippet:-1, max-image-preview:large, max-video-preview:-1\" \/>\n<link rel=\"canonical\" href=\"https:\/\/www.lesgets.com\/nl\/skipassen\/\" \/>\n<meta property=\"og:locale\" content=\"nl_NL\" \/>\n<meta property=\"og:type\" content=\"article\" \/>\n<meta property=\"og:title\" content=\"Koop of herlaad uw skipassen voor Les Gets-Morzine of Portes du Soleil\" \/>\n<meta property=\"og:description\" content=\"Koop of herlaad uw Les Gets-Morzine of Portes du Soleil ski- of mountainbikepas online: de beste prijzen zijn gegarandeerd op internet!\" \/>\n<meta property=\"og:url\" content=\"https:\/\/www.lesgets.com\/nl\/skipassen\/\" \/>\n<meta property=\"og:site_name\" content=\"Les Gets\" \/>\n<meta property=\"article:modified_time\" content=\"2026-02-06T09:45:54+00:00\" \/>\n<meta property=\"og:image\" content=\"https:\/\/www.lesgets.com\/wp\/..\/app\/uploads\/2025\/10\/bloc_header_forfaits.jpg\" \/>\n\t<meta property=\"og:image:width\" content=\"1920\" \/>\n\t<meta property=\"og:image:height\" content=\"1280\" \/>\n\t<meta property=\"og:image:type\" content=\"image\/jpeg\" \/>\n<meta name=\"twitter:card\" content=\"summary_large_image\" \/>\n<meta name=\"twitter:label1\" content=\"Est. reading time\" \/>\n\t<meta name=\"twitter:data1\" content=\"2 minutes\" \/>\n<script type=\"application\/ld+json\" class=\"yoast-schema-graph\">{\"@context\":\"https:\/\/schema.org\",\"@graph\":[{\"@type\":\"WebPage\",\"@id\":\"https:\/\/www.lesgets.com\/nl\/skipassen\/\",\"url\":\"https:\/\/www.lesgets.com\/nl\/skipassen\/\",\"name\":\"Koop of herlaad uw skipassen voor Les Gets-Morzine of Portes du Soleil\",\"isPartOf\":{\"@id\":\"https:\/\/www.lesgets.com\/en\/#website\"},\"primaryImageOfPage\":{\"@id\":\"https:\/\/www.lesgets.com\/nl\/skipassen\/#primaryimage\"},\"image\":{\"@id\":\"https:\/\/www.lesgets.com\/nl\/skipassen\/#primaryimage\"},\"thumbnailUrl\":\"https:\/\/www.lesgets.com\/wp\/..\/app\/uploads\/2025\/10\/bloc_header_forfaits.jpg\",\"datePublished\":\"2020-07-30T14:43:36+00:00\",\"dateModified\":\"2026-02-06T09:45:54+00:00\",\"description\":\"Koop of herlaad uw Les Gets-Morzine of Portes du Soleil ski- of mountainbikepas online: de beste prijzen zijn gegarandeerd op internet!\",\"breadcrumb\":{\"@id\":\"https:\/\/www.lesgets.com\/nl\/skipassen\/#breadcrumb\"},\"inLanguage\":\"nl-NL\",\"potentialAction\":[{\"@type\":\"ReadAction\",\"target\":[\"https:\/\/www.lesgets.com\/nl\/skipassen\/\"]}]},{\"@type\":\"ImageObject\",\"inLanguage\":\"nl-NL\",\"@id\":\"https:\/\/www.lesgets.com\/nl\/skipassen\/#primaryimage\",\"url\":\"https:\/\/www.lesgets.com\/wp\/..\/app\/uploads\/2025\/10\/bloc_header_forfaits.jpg\",\"contentUrl\":\"https:\/\/www.lesgets.com\/wp\/..\/app\/uploads\/2025\/10\/bloc_header_forfaits.jpg\",\"width\":1920,\"height\":1280,\"caption\":\"bloc_header_forfaits\"},{\"@type\":\"BreadcrumbList\",\"@id\":\"https:\/\/www.lesgets.com\/nl\/skipassen\/#breadcrumb\",\"itemListElement\":[{\"@type\":\"ListItem\",\"position\":1,\"name\":\"Accueil\",\"item\":\"https:\/\/www.lesgets.com\/nl\/\"},{\"@type\":\"ListItem\",\"position\":2,\"name\":\"Liftpassen en skilockers\"}]},{\"@type\":\"WebSite\",\"@id\":\"https:\/\/www.lesgets.com\/en\/#website\",\"url\":\"https:\/\/www.lesgets.com\/en\/\",\"name\":\"Les Gets\",\"description\":\"\",\"publisher\":{\"@id\":\"https:\/\/www.lesgets.com\/en\/#organization\"},\"potentialAction\":[{\"@type\":\"SearchAction\",\"target\":{\"@type\":\"EntryPoint\",\"urlTemplate\":\"https:\/\/www.lesgets.com\/en\/?s={search_term_string}\"},\"query-input\":{\"@type\":\"PropertyValueSpecification\",\"valueRequired\":true,\"valueName\":\"search_term_string\"}}],\"inLanguage\":\"nl-NL\"},{\"@type\":\"Organization\",\"@id\":\"https:\/\/www.lesgets.com\/en\/#organization\",\"name\":\"Les Gets\",\"url\":\"https:\/\/www.lesgets.com\/en\/\",\"logo\":{\"@type\":\"ImageObject\",\"inLanguage\":\"nl-NL\",\"@id\":\"https:\/\/www.lesgets.com\/en\/#\/schema\/logo\/image\/\",\"url\":\"https:\/\/www.lesgets.com\/wp\/..\/app\/uploads\/2020\/06\/logo_lesgets.png\",\"contentUrl\":\"https:\/\/www.lesgets.com\/wp\/..\/app\/uploads\/2020\/06\/logo_lesgets.png\",\"width\":136,\"height\":115,\"caption\":\"Les Gets\"},\"image\":{\"@id\":\"https:\/\/www.lesgets.com\/en\/#\/schema\/logo\/image\/\"}}]}<\/script>\n<!-- \/ Yoast SEO plugin. -->","yoast_head_json":{"title":"Koop of herlaad uw skipassen voor Les Gets-Morzine of Portes du Soleil","description":"Koop of herlaad uw Les Gets-Morzine of Portes du Soleil ski- of mountainbikepas online: de beste prijzen zijn gegarandeerd op internet!","robots":{"index":"index","follow":"follow","max-snippet":"max-snippet:-1","max-image-preview":"max-image-preview:large","max-video-preview":"max-video-preview:-1"},"canonical":"https:\/\/www.lesgets.com\/nl\/skipassen\/","og_locale":"nl_NL","og_type":"article","og_title":"Koop of herlaad uw skipassen voor Les Gets-Morzine of Portes du Soleil","og_description":"Koop of herlaad uw Les Gets-Morzine of Portes du Soleil ski- of mountainbikepas online: de beste prijzen zijn gegarandeerd op internet!","og_url":"https:\/\/www.lesgets.com\/nl\/skipassen\/","og_site_name":"Les Gets","article_modified_time":"2026-02-06T09:45:54+00:00","og_image":[{"width":1920,"height":1280,"url":"https:\/\/www.lesgets.com\/wp\/..\/app\/uploads\/2025\/10\/bloc_header_forfaits.jpg","type":"image\/jpeg"}],"twitter_card":"summary_large_image","twitter_misc":{"Est. reading time":"2 minutes"},"schema":{"@context":"https:\/\/schema.org","@graph":[{"@type":"WebPage","@id":"https:\/\/www.lesgets.com\/nl\/skipassen\/","url":"https:\/\/www.lesgets.com\/nl\/skipassen\/","name":"Koop of herlaad uw skipassen voor Les Gets-Morzine of Portes du Soleil","isPartOf":{"@id":"https:\/\/www.lesgets.com\/en\/#website"},"primaryImageOfPage":{"@id":"https:\/\/www.lesgets.com\/nl\/skipassen\/#primaryimage"},"image":{"@id":"https:\/\/www.lesgets.com\/nl\/skipassen\/#primaryimage"},"thumbnailUrl":"https:\/\/www.lesgets.com\/wp\/..\/app\/uploads\/2025\/10\/bloc_header_forfaits.jpg","datePublished":"2020-07-30T14:43:36+00:00","dateModified":"2026-02-06T09:45:54+00:00","description":"Koop of herlaad uw Les Gets-Morzine of Portes du Soleil ski- of mountainbikepas online: de beste prijzen zijn gegarandeerd op internet!","breadcrumb":{"@id":"https:\/\/www.lesgets.com\/nl\/skipassen\/#breadcrumb"},"inLanguage":"nl-NL","potentialAction":[{"@type":"ReadAction","target":["https:\/\/www.lesgets.com\/nl\/skipassen\/"]}]},{"@type":"ImageObject","inLanguage":"nl-NL","@id":"https:\/\/www.lesgets.com\/nl\/skipassen\/#primaryimage","url":"https:\/\/www.lesgets.com\/wp\/..\/app\/uploads\/2025\/10\/bloc_header_forfaits.jpg","contentUrl":"https:\/\/www.lesgets.com\/wp\/..\/app\/uploads\/2025\/10\/bloc_header_forfaits.jpg","width":1920,"height":1280,"caption":"bloc_header_forfaits"},{"@type":"BreadcrumbList","@id":"https:\/\/www.lesgets.com\/nl\/skipassen\/#breadcrumb","itemListElement":[{"@type":"ListItem","position":1,"name":"Accueil","item":"https:\/\/www.lesgets.com\/nl\/"},{"@type":"ListItem","position":2,"name":"Liftpassen en skilockers"}]},{"@type":"WebSite","@id":"https:\/\/www.lesgets.com\/en\/#website","url":"https:\/\/www.lesgets.com\/en\/","name":"Les Gets","description":"","publisher":{"@id":"https:\/\/www.lesgets.com\/en\/#organization"},"potentialAction":[{"@type":"SearchAction","target":{"@type":"EntryPoint","urlTemplate":"https:\/\/www.lesgets.com\/en\/?s={search_term_string}"},"query-input":{"@type":"PropertyValueSpecification","valueRequired":true,"valueName":"search_term_string"}}],"inLanguage":"nl-NL"},{"@type":"Organization","@id":"https:\/\/www.lesgets.com\/en\/#organization","name":"Les Gets","url":"https:\/\/www.lesgets.com\/en\/","logo":{"@type":"ImageObject","inLanguage":"nl-NL","@id":"https:\/\/www.lesgets.com\/en\/#\/schema\/logo\/image\/","url":"https:\/\/www.lesgets.com\/wp\/..\/app\/uploads\/2020\/06\/logo_lesgets.png","contentUrl":"https:\/\/www.lesgets.com\/wp\/..\/app\/uploads\/2020\/06\/logo_lesgets.png","width":136,"height":115,"caption":"Les Gets"},"image":{"@id":"https:\/\/www.lesgets.com\/en\/#\/schema\/logo\/image\/"}}]}},"featured_image_src":"https:\/\/www.lesgets.com\/wp\/..\/app\/uploads\/2025\/10\/bloc_header_forfaits-600x400.jpg","featured_image_src_square":"https:\/\/www.lesgets.com\/wp\/..\/app\/uploads\/2025\/10\/bloc_header_forfaits-600x600.jpg","_links":{"self":[{"href":"https:\/\/www.lesgets.com\/nl\/wp-json\/wp\/v2\/pages\/16029","targetHints":{"allow":["GET"]}}],"collection":[{"href":"https:\/\/www.lesgets.com\/nl\/wp-json\/wp\/v2\/pages"}],"about":[{"href":"https:\/\/www.lesgets.com\/nl\/wp-json\/wp\/v2\/types\/page"}],"author":[{"embeddable":true,"href":"https:\/\/www.lesgets.com\/nl\/wp-json\/wp\/v2\/users\/1"}],"replies":[{"embeddable":true,"href":"https:\/\/www.lesgets.com\/nl\/wp-json\/wp\/v2\/comments?post=16029"}],"version-history":[{"count":5,"href":"https:\/\/www.lesgets.com\/nl\/wp-json\/wp\/v2\/pages\/16029\/revisions"}],"predecessor-version":[{"id":96637,"href":"https:\/\/www.lesgets.com\/nl\/wp-json\/wp\/v2\/pages\/16029\/revisions\/96637"}],"wp:featuredmedia":[{"embeddable":true,"href":"https:\/\/www.lesgets.com\/nl\/wp-json\/wp\/v2\/media\/76945"}],"wp:attachment":[{"href":"https:\/\/www.lesgets.com\/nl\/wp-json\/wp\/v2\/media?parent=16029"}],"curies":[{"name":"wp","href":"https:\/\/api.w.org\/{rel}","templated":true}]}}