{"id":16216,"date":"2020-08-03T10:51:42","date_gmt":"2020-08-03T08:51:42","guid":{"rendered":"https:\/\/www.lesgets.com\/onze-milieukeurmerken\/"},"modified":"2021-08-31T09:42:17","modified_gmt":"2021-08-31T07:42:17","slug":"onze-milieukeurmerken","status":"publish","type":"page","link":"https:\/\/www.lesgets.com\/nl\/ontdek-het-skigebied\/ecotoerisme\/onze-milieukeurmerken\/","title":{"rendered":"Onze milieukeurmerken"},"content":{"rendered":"<div class=\"block block-core-spacer\">\n<div style=\"height:50px\" aria-hidden=\"true\" class=\"wp-block-spacer\"><\/div>\n<\/div>\n\n<div class=\"block block-core-heading\">\n<h2 class=\"wp-block-heading\">Het milieu, <strong>een belangrijk aandachtspunt in de bergen<\/strong><\/h2>\n<\/div>\n\n<p>Door alle werkzaamheden te combineren met een <strong>ecotoeristische aanpak<\/strong>, bevestigt Les Gets haar betrokkenheid bij <strong>duurzame ontwikkeling.<\/strong> De verschillende projecten zijn er niet alleen op gericht om de gasten te informeren, maar ook om lokale inwoners, dienstverleners en particulieren erbij te betrekken. Delen, informeren, bewust maken van, betrekken bij&#8230; Zo veel initiatieven die de gemeente ontwikkelt en ondersteunt, zodat er een echt duurzame gemeenschap ontstaat.<\/p>\n<p>Sinds 2012 heeft Les Gets het <b>UNESCO Chablais Geopark<\/b><b>label <\/b>gekregen dankzij de aanwezigheid van veenmoerassen op het grondgebied, die een zeer belangrijke rol spelen in ons ecosysteem.<\/p>\n\n<div class=\"block block-core-spacer\">\n<div style=\"height:30px\" aria-hidden=\"true\" class=\"wp-block-spacer\"><\/div>\n<\/div>\n\n<div class=\"block block-core-heading\">\n<h2 class=\"wp-block-heading\">Het Geopark Chablais UNESCO<\/h2>\n<\/div>\n\n<div class=\"block block-core-columns\">\n<div class=\"wp-block-columns is-layout-flex wp-container-core-columns-is-layout-9d6595d7 wp-block-columns-is-layout-flex\"><div class=\"block block-core-column\">\n<div class=\"wp-block-column is-layout-flow wp-block-column-is-layout-flow\" style=\"flex-basis:20%\">\n<figure class=\"wp-block-image size-large is-style-default\"><img loading=\"lazy\" decoding=\"async\" width=\"1698\" height=\"566\" src=\"https:\/\/www.lesgets.com\/wp\/..\/app\/uploads\/2021\/08\/Logo_Ge\u0301oparc_chablais_UNESCO.png\" alt=\"\" class=\"wp-image-30095\" srcset=\"https:\/\/www.lesgets.com\/wp\/..\/app\/uploads\/2021\/08\/Logo_Ge\u0301oparc_chablais_UNESCO.png 1698w, https:\/\/www.lesgets.com\/wp\/..\/app\/uploads\/2021\/08\/Logo_Ge\u0301oparc_chablais_UNESCO-768x256.png 768w, https:\/\/www.lesgets.com\/wp\/..\/app\/uploads\/2021\/08\/Logo_Ge\u0301oparc_chablais_UNESCO-1536x512.png 1536w, https:\/\/www.lesgets.com\/wp\/..\/app\/uploads\/2021\/08\/Logo_Ge\u0301oparc_chablais_UNESCO-960x320.png 960w\" sizes=\"auto, (max-width: 1698px) 100vw, 1698px\" \/><\/figure>\n<\/div>\n<\/div>\n\n<div class=\"block block-core-column\">\n<div class=\"wp-block-column is-layout-flow wp-block-column-is-layout-flow\" style=\"flex-basis:80%\"><div class=\"block block-core-freeform\">\n<p>Het <strong>Geopark Chablais UNESCO<\/strong> is in maart 2012 toegevoegd aan het netwerk van door UNESCO ondersteunde mondiale Geoparken. Het strekt zich, middenin Haute Savoie, uit van de zuidelijke oever van het meer van Gen\u00e8ve tot de toppen van Les Portes du Soleil en ligt verspreid over 62 gemeenten, die bijna 900 km2 beslaan.<\/p>\n<p>Dit gebied bevat geologisch erfgoed van ecologisch, historisch en cultureel belang&#8230; dat de vakantiegangers en de lokale bevolking graag mag ontdekken.<\/p>\n<\/div>\n\n<div class=\"block block-core-paragraph\">\n<p><\/p>\n<\/div><\/div>\n<\/div><\/div>\n<\/div>\n\n<p>Deze opmerkelijke natuurlijke omgeving bepaalt de cultuur en het leven van de inwoners en de vele bezoekers. Traditionele gebouwen, het gebruik van de bergen, het leven in de bergweiden, verhalen en legenden en natuurlijke bronnen zijn allemaal bewijs van de sterke band tussen mens en natuur.<\/p>\n<p>Het grondgebied van Chablais is in maart 2012 toegevoegd aan het netwerk van wereldwijde Geoparks dat door UNESCO wordt gesteund en is daarmee \u00e9\u00e9n van de 5 Franse Geoparken.<\/p>\n<p><strong>Het opzetten van een Georoute<\/strong> is een van de belangrijkste acties van dit programma. Het is een route die een twintigtal opmerkelijke geologische plaatsen met elkaar verbindt, met als doel een leuke wandeling rond een typisch geologisch erfgoed aan te bieden. <strong>Onder de aangeduide gebieden valt het resort Les Gets en zijn veenmoerassen, pijlers van een zeer rijke geologische identiteit.<\/strong><\/p>\n\n<div class=\"block block-core-button\">\n<div class=\"wp-block-button\"><a class=\"wp-block-button__link\" href=\"https:\/\/www.geoparc-chablais.com\/\">Meer lezen over het Geopark Chablais<\/a><\/div>\n<\/div>\n\n<div class=\"block block-core-spacer\">\n<div style=\"height:50px\" aria-hidden=\"true\" class=\"wp-block-spacer\"><\/div>\n<\/div>\n\n<div class=\"block block-genesis-custom-blocks-image-texte\">\r\n\t\t    <div class=\"container-fluid full-width image-gauche fond-blanc\">\r\n\t\t\t\t<div class=\"row\">\r\n\t\t\t\t\t<div class=\"col-lg-6\">\r\n\t\t\t\t\t\t<div class=\"image\" style=\"background-image:url('https:\/\/www.lesgets.com\/wp\/..\/app\/uploads\/2020\/05\/Environnement_Tourbieres_Lac_Ecoles_25_SIAC_A.Berger-960x1080.jpg');\"><\/div>\r\n\t\t\t\t\t<\/div>\r\n\t\t\t\t\t<div class=\"col-lg-6\">\r\n\t\t\t\t\t\t<div class=\"conteneur\">\r\n\t\t\t\t\t\t\t<span class=\"subtitle\"><\/span>\r\n\t\t\t\t\t\t\t<h2><strong>Missies <\/strong><\/h2>\r\n\t\t\t\t\t\t\t<div><p>Geopark Chablais draagt bij aan de opbouw van de identiteit en het imago van Chablais via vijf belangrijke maatregelen :<\/p>\n<p><strong>1) Identificatie, bescherming en behoud van geologisch erfgoed :<\/strong> deelnemen aan de uitvoering van het territoriaal beleid voor het behoud en beheer van geologisch erfgoed door te steunen op de identificatie ervan, maar ook dankzij de betrokkenheid van de spelers in het gebied.<\/p>\n<p><strong>2) Onderwijs, opleiding en bewustmaking <\/strong>Geopark Chablais zet activiteiten op die zoveel mogelijk mensen in staat stellen het belang van de geologie in ons leven beter te begrijpen.<\/p>\n<p><strong>3)<\/strong> <strong>Geotoerisme:<\/strong> geotoerisme is een vorm van toerisme die zich situeert tussen cultureel, sportief en natuurlijk toerisme volgens de criteria van duurzame ontwikkeling.<\/p>\n<p><strong>4) Samenwerking : <\/strong>europese Geoparken moet deelnemen aan het Europese Netwerk voor Geoparken, de bouw en de samenhang ervan.<\/p>\n<p><strong>5) Duurzame ontwikkeling<\/strong><\/p>\n<\/div>\r\n                            \t\t\t\t\t\t<\/div>\r\n\t\t\t\t\t<\/div>\r\n\t\t\t\t<\/div>\r\n\t\t\t<\/div>\r\n\t\t\t<\/div>","protected":false},"excerpt":{"rendered":"<p>Les Gets het UNESCO Chablais Geopark label gekregen dankzij de aanwezigheid van veenmoerassen op het grondgebied, die een zeer belangrijke rol spelen in ons ecosysteem.<\/p>\n","protected":false},"author":4,"featured_media":9175,"parent":16533,"menu_order":0,"comment_status":"closed","ping_status":"closed","template":"","meta":{"_acf_changed":false,"footnotes":""},"class_list":["post-16216","page","type-page","status-publish","has-post-thumbnail","hentry"],"acf":[],"yoast_head":"<!-- This site is optimized with the Yoast SEO plugin v27.2 - https:\/\/yoast.com\/product\/yoast-seo-wordpress\/ -->\n<title>Alles over onze milieulabels - Les Gets<\/title>\n<meta name=\"description\" content=\"Les Gets het UNESCO Chablais Geopark label gekregen dankzij de aanwezigheid van veenmoerassen op het grondgebied, die een zeer belangrijke rol spelen in ons ecosysteem.\" \/>\n<meta name=\"robots\" content=\"index, follow, max-snippet:-1, max-image-preview:large, max-video-preview:-1\" \/>\n<link rel=\"canonical\" href=\"https:\/\/www.lesgets.com\/nl\/ontdek-het-skigebied\/ecotoerisme\/onze-milieukeurmerken\/\" \/>\n<meta property=\"og:locale\" content=\"nl_NL\" \/>\n<meta property=\"og:type\" content=\"article\" \/>\n<meta property=\"og:title\" content=\"Alles over onze milieulabels - Les Gets\" \/>\n<meta property=\"og:description\" content=\"Les Gets het UNESCO Chablais Geopark label gekregen dankzij de aanwezigheid van veenmoerassen op het grondgebied, die een zeer belangrijke rol spelen in ons ecosysteem.\" \/>\n<meta property=\"og:url\" content=\"https:\/\/www.lesgets.com\/nl\/ontdek-het-skigebied\/ecotoerisme\/onze-milieukeurmerken\/\" \/>\n<meta property=\"og:site_name\" content=\"Les Gets\" \/>\n<meta property=\"article:modified_time\" content=\"2021-08-31T07:42:17+00:00\" \/>\n<meta property=\"og:image\" content=\"https:\/\/www.lesgets.com\/wp\/..\/app\/uploads\/2020\/05\/Environnement_Zones_Humides_ASTER.jpeg\" \/>\n\t<meta property=\"og:image:width\" content=\"1920\" \/>\n\t<meta property=\"og:image:height\" content=\"1272\" \/>\n\t<meta property=\"og:image:type\" content=\"image\/jpeg\" \/>\n<meta name=\"twitter:card\" content=\"summary_large_image\" \/>\n<meta name=\"twitter:label1\" content=\"Est. reading time\" \/>\n\t<meta name=\"twitter:data1\" content=\"2 minutes\" \/>\n<script type=\"application\/ld+json\" class=\"yoast-schema-graph\">{\"@context\":\"https:\/\/schema.org\",\"@graph\":[{\"@type\":\"WebPage\",\"@id\":\"https:\/\/www.lesgets.com\/nl\/ontdek-het-skigebied\/ecotoerisme\/onze-milieukeurmerken\/\",\"url\":\"https:\/\/www.lesgets.com\/nl\/ontdek-het-skigebied\/ecotoerisme\/onze-milieukeurmerken\/\",\"name\":\"Alles over onze milieulabels - Les Gets\",\"isPartOf\":{\"@id\":\"https:\/\/www.lesgets.com\/en\/#website\"},\"primaryImageOfPage\":{\"@id\":\"https:\/\/www.lesgets.com\/nl\/ontdek-het-skigebied\/ecotoerisme\/onze-milieukeurmerken\/#primaryimage\"},\"image\":{\"@id\":\"https:\/\/www.lesgets.com\/nl\/ontdek-het-skigebied\/ecotoerisme\/onze-milieukeurmerken\/#primaryimage\"},\"thumbnailUrl\":\"https:\/\/www.lesgets.com\/wp\/..\/app\/uploads\/2020\/05\/Environnement_Zones_Humides_ASTER.jpeg\",\"datePublished\":\"2020-08-03T08:51:42+00:00\",\"dateModified\":\"2021-08-31T07:42:17+00:00\",\"description\":\"Les Gets het UNESCO Chablais Geopark label gekregen dankzij de aanwezigheid van veenmoerassen op het grondgebied, die een zeer belangrijke rol spelen in ons ecosysteem.\",\"breadcrumb\":{\"@id\":\"https:\/\/www.lesgets.com\/nl\/ontdek-het-skigebied\/ecotoerisme\/onze-milieukeurmerken\/#breadcrumb\"},\"inLanguage\":\"nl-NL\",\"potentialAction\":[{\"@type\":\"ReadAction\",\"target\":[\"https:\/\/www.lesgets.com\/nl\/ontdek-het-skigebied\/ecotoerisme\/onze-milieukeurmerken\/\"]}]},{\"@type\":\"ImageObject\",\"inLanguage\":\"nl-NL\",\"@id\":\"https:\/\/www.lesgets.com\/nl\/ontdek-het-skigebied\/ecotoerisme\/onze-milieukeurmerken\/#primaryimage\",\"url\":\"https:\/\/www.lesgets.com\/wp\/..\/app\/uploads\/2020\/05\/Environnement_Zones_Humides_ASTER.jpeg\",\"contentUrl\":\"https:\/\/www.lesgets.com\/wp\/..\/app\/uploads\/2020\/05\/Environnement_Zones_Humides_ASTER.jpeg\",\"width\":1920,\"height\":1272,\"caption\":\"Groupe \u00e9coutant une femme donner des explications sur l'environnement en \u00e9t\u00e9\"},{\"@type\":\"BreadcrumbList\",\"@id\":\"https:\/\/www.lesgets.com\/nl\/ontdek-het-skigebied\/ecotoerisme\/onze-milieukeurmerken\/#breadcrumb\",\"itemListElement\":[{\"@type\":\"ListItem\",\"position\":1,\"name\":\"Accueil\",\"item\":\"https:\/\/www.lesgets.com\/nl\/\"},{\"@type\":\"ListItem\",\"position\":2,\"name\":\"Ontdek het resort\",\"item\":\"https:\/\/www.lesgets.com\/nl\/ontdek-het-skigebied\/\"},{\"@type\":\"ListItem\",\"position\":3,\"name\":\"Ecotoerisme &#038; kwaliteit\",\"item\":\"https:\/\/www.lesgets.com\/nl\/ontdek-het-skigebied\/ecotoerisme\/\"},{\"@type\":\"ListItem\",\"position\":4,\"name\":\"Onze milieukeurmerken\"}]},{\"@type\":\"WebSite\",\"@id\":\"https:\/\/www.lesgets.com\/en\/#website\",\"url\":\"https:\/\/www.lesgets.com\/en\/\",\"name\":\"Les Gets\",\"description\":\"\",\"publisher\":{\"@id\":\"https:\/\/www.lesgets.com\/en\/#organization\"},\"potentialAction\":[{\"@type\":\"SearchAction\",\"target\":{\"@type\":\"EntryPoint\",\"urlTemplate\":\"https:\/\/www.lesgets.com\/en\/?s={search_term_string}\"},\"query-input\":{\"@type\":\"PropertyValueSpecification\",\"valueRequired\":true,\"valueName\":\"search_term_string\"}}],\"inLanguage\":\"nl-NL\"},{\"@type\":\"Organization\",\"@id\":\"https:\/\/www.lesgets.com\/en\/#organization\",\"name\":\"Les Gets\",\"url\":\"https:\/\/www.lesgets.com\/en\/\",\"logo\":{\"@type\":\"ImageObject\",\"inLanguage\":\"nl-NL\",\"@id\":\"https:\/\/www.lesgets.com\/en\/#\/schema\/logo\/image\/\",\"url\":\"https:\/\/www.lesgets.com\/wp\/..\/app\/uploads\/2020\/06\/logo_lesgets.png\",\"contentUrl\":\"https:\/\/www.lesgets.com\/wp\/..\/app\/uploads\/2020\/06\/logo_lesgets.png\",\"width\":136,\"height\":115,\"caption\":\"Les Gets\"},\"image\":{\"@id\":\"https:\/\/www.lesgets.com\/en\/#\/schema\/logo\/image\/\"}}]}<\/script>\n<!-- \/ Yoast SEO plugin. -->","yoast_head_json":{"title":"Alles over onze milieulabels - Les Gets","description":"Les Gets het UNESCO Chablais Geopark label gekregen dankzij de aanwezigheid van veenmoerassen op het grondgebied, die een zeer belangrijke rol spelen in ons ecosysteem.","robots":{"index":"index","follow":"follow","max-snippet":"max-snippet:-1","max-image-preview":"max-image-preview:large","max-video-preview":"max-video-preview:-1"},"canonical":"https:\/\/www.lesgets.com\/nl\/ontdek-het-skigebied\/ecotoerisme\/onze-milieukeurmerken\/","og_locale":"nl_NL","og_type":"article","og_title":"Alles over onze milieulabels - Les Gets","og_description":"Les Gets het UNESCO Chablais Geopark label gekregen dankzij de aanwezigheid van veenmoerassen op het grondgebied, die een zeer belangrijke rol spelen in ons ecosysteem.","og_url":"https:\/\/www.lesgets.com\/nl\/ontdek-het-skigebied\/ecotoerisme\/onze-milieukeurmerken\/","og_site_name":"Les Gets","article_modified_time":"2021-08-31T07:42:17+00:00","og_image":[{"width":1920,"height":1272,"url":"https:\/\/www.lesgets.com\/wp\/..\/app\/uploads\/2020\/05\/Environnement_Zones_Humides_ASTER.jpeg","type":"image\/jpeg"}],"twitter_card":"summary_large_image","twitter_misc":{"Est. reading time":"2 minutes"},"schema":{"@context":"https:\/\/schema.org","@graph":[{"@type":"WebPage","@id":"https:\/\/www.lesgets.com\/nl\/ontdek-het-skigebied\/ecotoerisme\/onze-milieukeurmerken\/","url":"https:\/\/www.lesgets.com\/nl\/ontdek-het-skigebied\/ecotoerisme\/onze-milieukeurmerken\/","name":"Alles over onze milieulabels - Les Gets","isPartOf":{"@id":"https:\/\/www.lesgets.com\/en\/#website"},"primaryImageOfPage":{"@id":"https:\/\/www.lesgets.com\/nl\/ontdek-het-skigebied\/ecotoerisme\/onze-milieukeurmerken\/#primaryimage"},"image":{"@id":"https:\/\/www.lesgets.com\/nl\/ontdek-het-skigebied\/ecotoerisme\/onze-milieukeurmerken\/#primaryimage"},"thumbnailUrl":"https:\/\/www.lesgets.com\/wp\/..\/app\/uploads\/2020\/05\/Environnement_Zones_Humides_ASTER.jpeg","datePublished":"2020-08-03T08:51:42+00:00","dateModified":"2021-08-31T07:42:17+00:00","description":"Les Gets het UNESCO Chablais Geopark label gekregen dankzij de aanwezigheid van veenmoerassen op het grondgebied, die een zeer belangrijke rol spelen in ons ecosysteem.","breadcrumb":{"@id":"https:\/\/www.lesgets.com\/nl\/ontdek-het-skigebied\/ecotoerisme\/onze-milieukeurmerken\/#breadcrumb"},"inLanguage":"nl-NL","potentialAction":[{"@type":"ReadAction","target":["https:\/\/www.lesgets.com\/nl\/ontdek-het-skigebied\/ecotoerisme\/onze-milieukeurmerken\/"]}]},{"@type":"ImageObject","inLanguage":"nl-NL","@id":"https:\/\/www.lesgets.com\/nl\/ontdek-het-skigebied\/ecotoerisme\/onze-milieukeurmerken\/#primaryimage","url":"https:\/\/www.lesgets.com\/wp\/..\/app\/uploads\/2020\/05\/Environnement_Zones_Humides_ASTER.jpeg","contentUrl":"https:\/\/www.lesgets.com\/wp\/..\/app\/uploads\/2020\/05\/Environnement_Zones_Humides_ASTER.jpeg","width":1920,"height":1272,"caption":"Groupe \u00e9coutant une femme donner des explications sur l'environnement en \u00e9t\u00e9"},{"@type":"BreadcrumbList","@id":"https:\/\/www.lesgets.com\/nl\/ontdek-het-skigebied\/ecotoerisme\/onze-milieukeurmerken\/#breadcrumb","itemListElement":[{"@type":"ListItem","position":1,"name":"Accueil","item":"https:\/\/www.lesgets.com\/nl\/"},{"@type":"ListItem","position":2,"name":"Ontdek het resort","item":"https:\/\/www.lesgets.com\/nl\/ontdek-het-skigebied\/"},{"@type":"ListItem","position":3,"name":"Ecotoerisme &#038; kwaliteit","item":"https:\/\/www.lesgets.com\/nl\/ontdek-het-skigebied\/ecotoerisme\/"},{"@type":"ListItem","position":4,"name":"Onze milieukeurmerken"}]},{"@type":"WebSite","@id":"https:\/\/www.lesgets.com\/en\/#website","url":"https:\/\/www.lesgets.com\/en\/","name":"Les Gets","description":"","publisher":{"@id":"https:\/\/www.lesgets.com\/en\/#organization"},"potentialAction":[{"@type":"SearchAction","target":{"@type":"EntryPoint","urlTemplate":"https:\/\/www.lesgets.com\/en\/?s={search_term_string}"},"query-input":{"@type":"PropertyValueSpecification","valueRequired":true,"valueName":"search_term_string"}}],"inLanguage":"nl-NL"},{"@type":"Organization","@id":"https:\/\/www.lesgets.com\/en\/#organization","name":"Les Gets","url":"https:\/\/www.lesgets.com\/en\/","logo":{"@type":"ImageObject","inLanguage":"nl-NL","@id":"https:\/\/www.lesgets.com\/en\/#\/schema\/logo\/image\/","url":"https:\/\/www.lesgets.com\/wp\/..\/app\/uploads\/2020\/06\/logo_lesgets.png","contentUrl":"https:\/\/www.lesgets.com\/wp\/..\/app\/uploads\/2020\/06\/logo_lesgets.png","width":136,"height":115,"caption":"Les Gets"},"image":{"@id":"https:\/\/www.lesgets.com\/en\/#\/schema\/logo\/image\/"}}]}},"featured_image_src":"https:\/\/www.lesgets.com\/wp\/..\/app\/uploads\/2020\/05\/Environnement_Zones_Humides_ASTER-600x400.jpeg","featured_image_src_square":"https:\/\/www.lesgets.com\/wp\/..\/app\/uploads\/2020\/05\/Environnement_Zones_Humides_ASTER-600x600.jpeg","_links":{"self":[{"href":"https:\/\/www.lesgets.com\/nl\/wp-json\/wp\/v2\/pages\/16216","targetHints":{"allow":["GET"]}}],"collection":[{"href":"https:\/\/www.lesgets.com\/nl\/wp-json\/wp\/v2\/pages"}],"about":[{"href":"https:\/\/www.lesgets.com\/nl\/wp-json\/wp\/v2\/types\/page"}],"author":[{"embeddable":true,"href":"https:\/\/www.lesgets.com\/nl\/wp-json\/wp\/v2\/users\/4"}],"replies":[{"embeddable":true,"href":"https:\/\/www.lesgets.com\/nl\/wp-json\/wp\/v2\/comments?post=16216"}],"version-history":[{"count":5,"href":"https:\/\/www.lesgets.com\/nl\/wp-json\/wp\/v2\/pages\/16216\/revisions"}],"predecessor-version":[{"id":31710,"href":"https:\/\/www.lesgets.com\/nl\/wp-json\/wp\/v2\/pages\/16216\/revisions\/31710"}],"up":[{"embeddable":true,"href":"https:\/\/www.lesgets.com\/nl\/wp-json\/wp\/v2\/pages\/16533"}],"wp:featuredmedia":[{"embeddable":true,"href":"https:\/\/www.lesgets.com\/nl\/wp-json\/wp\/v2\/media\/9175"}],"wp:attachment":[{"href":"https:\/\/www.lesgets.com\/nl\/wp-json\/wp\/v2\/media?parent=16216"}],"curies":[{"name":"wp","href":"https:\/\/api.w.org\/{rel}","templated":true}]}}