{"id":16377,"date":"2020-08-05T15:29:57","date_gmt":"2020-08-05T13:29:57","guid":{"rendered":"https:\/\/www.lesgets.com\/webcams\/"},"modified":"2025-11-03T08:26:51","modified_gmt":"2025-11-03T07:26:51","slug":"webcams","status":"publish","type":"page","link":"https:\/\/www.lesgets.com\/nl\/webcams\/","title":{"rendered":"Webcams"},"content":{"rendered":"<div class=\"block block-core-spacer\">\n<div style=\"height:30px\" aria-hidden=\"true\" class=\"wp-block-spacer\"><\/div>\n<\/div>\n\n<p>Dankzij onze &#8220;live&#8221; webcams die op verschillende strategische plaatsen van het resort zijn ge\u00efnstalleerd, kunt u met \u00e9\u00e9n klik de sneeuwcondities van het gebied en het weer het hele jaar door zien.<\/p>\n<p><strong>Volg ons&#8230; We nemen u mee op een 360\u00b0 visuele rondleiding door het domein vanaf de volgende locaties:<\/strong> De top van de Mont Ch\u00e9ry, de top van de Chavannes Express, het Chavannes Plateau, het vertrek vanuit de Ranfoilly, de top van Grains d&#8217;Or, het sneeuwfront, het dorpscentrum.<\/p>\n\n<div class=\"block block-core-spacer\">\n<div style=\"height:19px\" aria-hidden=\"true\" class=\"wp-block-spacer\"><\/div>\n<\/div>\n\n<div class=\"block block-lba-webcams-trinum\">  <figure class=\"webcam\">\r\n          <div class=\"img panorama-img\"  data-panorama-repeat=\"false\">\r\n          <img decoding=\"async\" src=\"https:\/\/www.trinum.com\/ibox\/ftpcam\/lesgets_panoramique-front-de-neige.jpg\" title=\"Snow front\"\/>\r\n      <\/div>\r\n            <figcaption>\r\n          <h2>Snow front<\/h2>\r\n          <a href=\"#webcam_front_neige\" class=\"live\">Live<\/a>          <a href=\"https:\/\/app.webcam-hd.com\/lesgets\/front-de-neige-panoramique\" class=\"button small more\" target=\"_blank\">View more<\/a>\r\n                        <div class=\"date label label-default\">Last update: Maandag 13 April 2026 tot 19:11<\/div>\r\n                <\/figcaption>\r\n  <\/figure>\r\n<\/div>\n\n<div class=\"block block-core-html\">\n<iframe loading=\"lazy\" id=\"webcam\" src=\"https:\/\/app.webcam-hd.com\/lesgets\/lac\" height=\"500\" width=\"100%\" frameborder=\"no\" mozallowfullscreen webkitallowfullscreen allowfullscreen ><\/iframe>\n<\/div>\n\n<div class=\"block block-core-heading\">\n<h2 class=\"wp-block-heading\">Les Gets &#8211; Lac des \u00c9coles<\/h2>\n<\/div>\n\n<div class=\"block block-core-html\">\n<iframe loading=\"lazy\" id=\"webcam\" src=\"https:\/\/app.webcam-hd.com\/lesgets\/route-des-metrallins\" height=\"500\" width=\"100%\" frameborder=\"no\" mozallowfullscreen webkitallowfullscreen allowfullscreen ><\/iframe>\n<\/div>\n\n<div class=\"block block-core-heading\">\n<h2 class=\"wp-block-heading\">Dorp &#8211; Les Gets<\/h2>\n<\/div>\n\n<div class=\"block block-lba-webcams-skaping\">  <figure class=\"webcam\">\r\n      <div class=\"img panorama-img\" data-panorama-repeat=\"true\">\r\n          <img decoding=\"async\" src=\"https:\/\/api.skaping.com\/media\/getLatest?format=jpg&#038;api_key=RwG3k-rmnHA-mK6y9-coMkh&#038;quality=small\" title=\"Top of Ranfoilly\"\/>\r\n      <\/div>\r\n      <figcaption>\r\n          <h2>Top of Ranfoilly<\/h2>\r\n          <a href=\"#webcam_front_neige\" class=\"live\">Live<\/a>          <a href=\"https:\/\/www.skaping.com\/portes-du-soleil\/les-gets\" class=\"button small more\" target=\"_blank\">View more<\/a>\r\n                        <div class=\"date label label-default\">Last update: Maandag 13 April 2026 tot 19:02<\/div>\r\n                <\/figcaption>\r\n  <\/figure>\r\n<\/div>\n\n<div class=\"block block-lba-webcams-trinum\">  <figure class=\"webcam\">\r\n          <div class=\"img panorama-img\"  data-panorama-repeat=\"false\">\r\n          <img decoding=\"async\" src=\"https:\/\/www.trinum.com\/ibox\/ftpcam\/les_gets_sommet-chery.jpg\" title=\"Top of Mont Ch\u00e9ry\"\/>\r\n      <\/div>\r\n            <figcaption>\r\n          <h2>Top of Mont Ch\u00e9ry<\/h2>\r\n                    <a href=\"https:\/\/app.webcam-hd.com\/lesgets\/les_gets_sommet-chery\" class=\"button small more\" target=\"_blank\">View more<\/a>\r\n                        <div class=\"date label label-default\">Last update: Maandag 13 April 2026 tot 18:48<\/div>\r\n                <\/figcaption>\r\n  <\/figure>\r\n<\/div>\n\n<div class=\"block block-lba-webcams-trinum\">  <figure class=\"webcam\">\r\n          <div class=\"img panorama-img\"  data-panorama-repeat=\"false\">\r\n          <img decoding=\"async\" src=\"https:\/\/www.trinum.com\/ibox\/ftpcam\/lesgets_chavannes.jpg\" title=\"Top of Chavannes Express\"\/>\r\n      <\/div>\r\n            <figcaption>\r\n          <h2>Top of Chavannes Express<\/h2>\r\n          <a href=\"#webcam_chavannes\" class=\"live\">Live<\/a>          <a href=\"https:\/\/app.webcam-hd.com\/lesgets\/lesgets_chavannes\" class=\"button small more\" target=\"_blank\">View more<\/a>\r\n                        <div class=\"date label label-default\">Last update: Maandag 13 April 2026 tot 18:51<\/div>\r\n                <\/figcaption>\r\n  <\/figure>\r\n<\/div>\n\n<div class=\"block block-lba-webcams-trinum\">  <figure class=\"webcam\">\r\n          <div class=\"img panorama-img\"  data-panorama-repeat=\"false\">\r\n          <img decoding=\"async\" src=\"https:\/\/www.trinum.com\/ibox\/ftpcam\/perriere.jpg\" title=\"Top of Grains d'Or\"\/>\r\n      <\/div>\r\n            <figcaption>\r\n          <h2>Top of Grains d&#8217;Or<\/h2>\r\n                    <a href=\"https:\/\/app.webcam-hd.com\/lesgets\/perriere\" class=\"button small more\" target=\"_blank\">View more<\/a>\r\n                        <div class=\"date label label-default\">Last update: Maandag 13 April 2026 tot 18:45<\/div>\r\n                <\/figcaption>\r\n  <\/figure>\r\n<\/div>\n\n<div class=\"block block-lba-webcams-trinum\">  <figure class=\"webcam\">\r\n          <div class=\"img panorama-img\"  data-panorama-repeat=\"false\">\r\n          <img decoding=\"async\" src=\"https:\/\/www.trinum.com\/ibox\/ftpcam\/lesgets_plateau-des-chavannes.jpg\" title=\"The Chavannes plateau\"\/>\r\n      <\/div>\r\n            <figcaption>\r\n          <h2>The Chavannes plateau<\/h2>\r\n          <a href=\"#webcam_plateau_chavannes\" class=\"live\">Live<\/a>          <a href=\"https:\/\/app.webcam-hd.com\/lesgets\/plateau-des-chavannes\" class=\"button small more\" target=\"_blank\">View more<\/a>\r\n                        <div class=\"date label label-default\">Last update: Maandag 13 April 2026 tot 18:50<\/div>\r\n                <\/figcaption>\r\n  <\/figure>\r\n<\/div>\n\n<div class=\"block block-core-html\">\n<div class=\"video-container-wrapper\" style=\"position: relative; padding-bottom: 56.25%; height: 0; overflow: hidden; width: 100%; max-width: 100%; border-radius: 0.5rem; box-shadow: 0 4px 6px -1px rgba(0, 0, 0, 0.1), 0 2px 4px -2px rgba(0, 0, 0, 0.1);\">\n    <iframe \n        style=\"position: absolute; top: 0; left: 0; width: 100%; height: 100%; border: none;\"\n        src=\"https:\/\/www.youtube.com\/embed\/QnaiEO4wuAA?si=qjidzR5SImsegB-r&amp;controls=0&amp;autoplay=1&amp;mute=1\" \n        title=\"Live - Mont Ch\u00e9ry\" \n        allow=\"accelerometer; autoplay; clipboard-write; encrypted-media; gyroscope; picture-in-picture; web-share\" \n        referrerpolicy=\"strict-origin-when-cross-origin\" \n        allowfullscreen>\n    <\/iframe>\n<\/div>\n<\/div>\n\n<div class=\"block block-core-heading\">\n<h2 class=\"wp-block-heading\" id=\"front-de-neige-en-live\"><strong>Live <\/strong>snow front<\/h2>\n<\/div>\n\n<div class=\"block block-core-html\">\n<div class=\"video-container-wrapper\" style=\"position: relative; padding-bottom: 56.25%; height: 0; overflow: hidden; width: 100%; max-width: 100%; border-radius: 0.5rem; box-shadow: 0 4px 6px -1px rgba(0, 0, 0, 0.1), 0 2px 4px -2px rgba(0, 0, 0, 0.1);\">\n    <iframe \n        style=\"position: absolute; top: 0; left: 0; width: 100%; height: 100%; border: none;\"\n        src=\"https:\/\/www.youtube.com\/embed\/ZFKAeAY_lxM?si=EtbFH2dLFaSNLY1x&amp;controls=0&amp;autoplay=1&amp;mute=1\" \n        title=\"Live - Nouvelle Webcam\" \n        allow=\"accelerometer; autoplay; clipboard-write; encrypted-media; gyroscope; picture-in-picture; web-share\" \n        referrerpolicy=\"strict-origin-when-cross-origin\" \n        allowfullscreen>\n    <\/iframe>\n<\/div>\n<\/div>\n\n<div class=\"block block-core-heading\">\n<h2 class=\"wp-block-heading\" id=\"depart-ranfoilly-en-live\"><strong>Live<\/strong> Plateau des Chavannes<\/h2>\n<\/div>\n\n<div class=\"block block-core-spacer\">\n<div style=\"height:40px\" aria-hidden=\"true\" class=\"wp-block-spacer\"><\/div>\n<\/div>\n\n<div class=\"block block-core-spacer\">\n<div style=\"height:46px\" aria-hidden=\"true\" class=\"wp-block-spacer\"><\/div>\n<\/div>","protected":false},"excerpt":{"rendered":"<p>Vind alle webcams van het resort om het weer en de ski-omstandigheden live te zien op verschillende plaatsen in de omgeving (sneeuwfront, toppen, vertrek van skiliften).<\/p>\n","protected":false},"author":1,"featured_media":107905,"parent":0,"menu_order":0,"comment_status":"closed","ping_status":"closed","template":"","meta":{"_acf_changed":false,"footnotes":""},"class_list":["post-16377","page","type-page","status-publish","has-post-thumbnail","hentry"],"acf":[],"yoast_head":"<!-- This site is optimized with the Yoast SEO plugin v27.3 - https:\/\/yoast.com\/product\/yoast-seo-wordpress\/ -->\n<title>Webcams Live - Alle webcams van Les Gets<\/title>\n<meta name=\"description\" content=\"Vind alle webcams van het resort om het weer en de ski-omstandigheden live te zien op verschillende plaatsen in de omgeving (sneeuwfront, toppen, vertrek van skiliften).\" \/>\n<meta name=\"robots\" content=\"index, follow, max-snippet:-1, max-image-preview:large, max-video-preview:-1\" \/>\n<link rel=\"canonical\" href=\"https:\/\/www.lesgets.com\/nl\/webcams\/\" \/>\n<meta property=\"og:locale\" content=\"nl_NL\" \/>\n<meta property=\"og:type\" content=\"article\" \/>\n<meta property=\"og:title\" content=\"Webcams Live - Alle webcams van Les Gets\" \/>\n<meta property=\"og:description\" content=\"Vind alle webcams van het resort om het weer en de ski-omstandigheden live te zien op verschillende plaatsen in de omgeving (sneeuwfront, toppen, vertrek van skiliften).\" \/>\n<meta property=\"og:url\" content=\"https:\/\/www.lesgets.com\/nl\/webcams\/\" \/>\n<meta property=\"og:site_name\" content=\"Les Gets\" \/>\n<meta property=\"article:modified_time\" content=\"2025-11-03T07:26:51+00:00\" \/>\n<meta property=\"og:image\" content=\"https:\/\/www.lesgets.com\/wp\/..\/app\/uploads\/2025\/10\/2020_01_30_Domaine_Skiable_Lesgets_Mel_Carle_2798_LD.jpg\" \/>\n\t<meta property=\"og:image:width\" content=\"640\" \/>\n\t<meta property=\"og:image:height\" content=\"427\" \/>\n\t<meta property=\"og:image:type\" content=\"image\/jpeg\" \/>\n<meta name=\"twitter:card\" content=\"summary_large_image\" \/>\n<meta name=\"twitter:label1\" content=\"Est. reading time\" \/>\n\t<meta name=\"twitter:data1\" content=\"1 minute\" \/>\n<script type=\"application\/ld+json\" class=\"yoast-schema-graph\">{\"@context\":\"https:\\\/\\\/schema.org\",\"@graph\":[{\"@type\":\"WebPage\",\"@id\":\"https:\\\/\\\/www.lesgets.com\\\/nl\\\/webcams\\\/\",\"url\":\"https:\\\/\\\/www.lesgets.com\\\/nl\\\/webcams\\\/\",\"name\":\"Webcams Live - Alle webcams van Les Gets\",\"isPartOf\":{\"@id\":\"https:\\\/\\\/www.lesgets.com\\\/en\\\/#website\"},\"primaryImageOfPage\":{\"@id\":\"https:\\\/\\\/www.lesgets.com\\\/nl\\\/webcams\\\/#primaryimage\"},\"image\":{\"@id\":\"https:\\\/\\\/www.lesgets.com\\\/nl\\\/webcams\\\/#primaryimage\"},\"thumbnailUrl\":\"https:\\\/\\\/www.lesgets.com\\\/wp\\\/..\\\/app\\\/uploads\\\/2026\\\/04\\\/2023_06_01_mont_caly_paysage_cpTimArnold-21-scaled.webp\",\"datePublished\":\"2020-08-05T13:29:57+00:00\",\"dateModified\":\"2025-11-03T07:26:51+00:00\",\"description\":\"Vind alle webcams van het resort om het weer en de ski-omstandigheden live te zien op verschillende plaatsen in de omgeving (sneeuwfront, toppen, vertrek van skiliften).\",\"breadcrumb\":{\"@id\":\"https:\\\/\\\/www.lesgets.com\\\/nl\\\/webcams\\\/#breadcrumb\"},\"inLanguage\":\"nl-NL\",\"potentialAction\":[{\"@type\":\"ReadAction\",\"target\":[\"https:\\\/\\\/www.lesgets.com\\\/nl\\\/webcams\\\/\"]}]},{\"@type\":\"ImageObject\",\"inLanguage\":\"nl-NL\",\"@id\":\"https:\\\/\\\/www.lesgets.com\\\/nl\\\/webcams\\\/#primaryimage\",\"url\":\"https:\\\/\\\/www.lesgets.com\\\/wp\\\/..\\\/app\\\/uploads\\\/2026\\\/04\\\/2023_06_01_mont_caly_paysage_cpTimArnold-21-scaled.webp\",\"contentUrl\":\"https:\\\/\\\/www.lesgets.com\\\/wp\\\/..\\\/app\\\/uploads\\\/2026\\\/04\\\/2023_06_01_mont_caly_paysage_cpTimArnold-21-scaled.webp\",\"width\":2560,\"height\":1707,\"caption\":\"mont-caly\"},{\"@type\":\"BreadcrumbList\",\"@id\":\"https:\\\/\\\/www.lesgets.com\\\/nl\\\/webcams\\\/#breadcrumb\",\"itemListElement\":[{\"@type\":\"ListItem\",\"position\":1,\"name\":\"Accueil\",\"item\":\"https:\\\/\\\/www.lesgets.com\\\/nl\\\/\"},{\"@type\":\"ListItem\",\"position\":2,\"name\":\"Webcams\"}]},{\"@type\":\"WebSite\",\"@id\":\"https:\\\/\\\/www.lesgets.com\\\/en\\\/#website\",\"url\":\"https:\\\/\\\/www.lesgets.com\\\/en\\\/\",\"name\":\"Les Gets\",\"description\":\"\",\"publisher\":{\"@id\":\"https:\\\/\\\/www.lesgets.com\\\/en\\\/#organization\"},\"potentialAction\":[{\"@type\":\"SearchAction\",\"target\":{\"@type\":\"EntryPoint\",\"urlTemplate\":\"https:\\\/\\\/www.lesgets.com\\\/en\\\/?s={search_term_string}\"},\"query-input\":{\"@type\":\"PropertyValueSpecification\",\"valueRequired\":true,\"valueName\":\"search_term_string\"}}],\"inLanguage\":\"nl-NL\"},{\"@type\":\"Organization\",\"@id\":\"https:\\\/\\\/www.lesgets.com\\\/en\\\/#organization\",\"name\":\"Les Gets\",\"url\":\"https:\\\/\\\/www.lesgets.com\\\/en\\\/\",\"logo\":{\"@type\":\"ImageObject\",\"inLanguage\":\"nl-NL\",\"@id\":\"https:\\\/\\\/www.lesgets.com\\\/en\\\/#\\\/schema\\\/logo\\\/image\\\/\",\"url\":\"https:\\\/\\\/www.lesgets.com\\\/wp\\\/..\\\/app\\\/uploads\\\/2020\\\/06\\\/logo_lesgets.png\",\"contentUrl\":\"https:\\\/\\\/www.lesgets.com\\\/wp\\\/..\\\/app\\\/uploads\\\/2020\\\/06\\\/logo_lesgets.png\",\"width\":136,\"height\":115,\"caption\":\"Les Gets\"},\"image\":{\"@id\":\"https:\\\/\\\/www.lesgets.com\\\/en\\\/#\\\/schema\\\/logo\\\/image\\\/\"}}]}<\/script>\n<!-- \/ Yoast SEO plugin. -->","yoast_head_json":{"title":"Webcams Live - Alle webcams van Les Gets","description":"Vind alle webcams van het resort om het weer en de ski-omstandigheden live te zien op verschillende plaatsen in de omgeving (sneeuwfront, toppen, vertrek van skiliften).","robots":{"index":"index","follow":"follow","max-snippet":"max-snippet:-1","max-image-preview":"max-image-preview:large","max-video-preview":"max-video-preview:-1"},"canonical":"https:\/\/www.lesgets.com\/nl\/webcams\/","og_locale":"nl_NL","og_type":"article","og_title":"Webcams Live - Alle webcams van Les Gets","og_description":"Vind alle webcams van het resort om het weer en de ski-omstandigheden live te zien op verschillende plaatsen in de omgeving (sneeuwfront, toppen, vertrek van skiliften).","og_url":"https:\/\/www.lesgets.com\/nl\/webcams\/","og_site_name":"Les Gets","article_modified_time":"2025-11-03T07:26:51+00:00","og_image":[{"url":"https:\/\/www.lesgets.com\/wp\/..\/app\/uploads\/2025\/10\/2020_01_30_Domaine_Skiable_Lesgets_Mel_Carle_2798_LD.jpg","width":640,"height":427,"type":"image\/jpeg"}],"twitter_card":"summary_large_image","twitter_misc":{"Est. reading time":"1 minute"},"schema":{"@context":"https:\/\/schema.org","@graph":[{"@type":"WebPage","@id":"https:\/\/www.lesgets.com\/nl\/webcams\/","url":"https:\/\/www.lesgets.com\/nl\/webcams\/","name":"Webcams Live - Alle webcams van Les Gets","isPartOf":{"@id":"https:\/\/www.lesgets.com\/en\/#website"},"primaryImageOfPage":{"@id":"https:\/\/www.lesgets.com\/nl\/webcams\/#primaryimage"},"image":{"@id":"https:\/\/www.lesgets.com\/nl\/webcams\/#primaryimage"},"thumbnailUrl":"https:\/\/www.lesgets.com\/wp\/..\/app\/uploads\/2026\/04\/2023_06_01_mont_caly_paysage_cpTimArnold-21-scaled.webp","datePublished":"2020-08-05T13:29:57+00:00","dateModified":"2025-11-03T07:26:51+00:00","description":"Vind alle webcams van het resort om het weer en de ski-omstandigheden live te zien op verschillende plaatsen in de omgeving (sneeuwfront, toppen, vertrek van skiliften).","breadcrumb":{"@id":"https:\/\/www.lesgets.com\/nl\/webcams\/#breadcrumb"},"inLanguage":"nl-NL","potentialAction":[{"@type":"ReadAction","target":["https:\/\/www.lesgets.com\/nl\/webcams\/"]}]},{"@type":"ImageObject","inLanguage":"nl-NL","@id":"https:\/\/www.lesgets.com\/nl\/webcams\/#primaryimage","url":"https:\/\/www.lesgets.com\/wp\/..\/app\/uploads\/2026\/04\/2023_06_01_mont_caly_paysage_cpTimArnold-21-scaled.webp","contentUrl":"https:\/\/www.lesgets.com\/wp\/..\/app\/uploads\/2026\/04\/2023_06_01_mont_caly_paysage_cpTimArnold-21-scaled.webp","width":2560,"height":1707,"caption":"mont-caly"},{"@type":"BreadcrumbList","@id":"https:\/\/www.lesgets.com\/nl\/webcams\/#breadcrumb","itemListElement":[{"@type":"ListItem","position":1,"name":"Accueil","item":"https:\/\/www.lesgets.com\/nl\/"},{"@type":"ListItem","position":2,"name":"Webcams"}]},{"@type":"WebSite","@id":"https:\/\/www.lesgets.com\/en\/#website","url":"https:\/\/www.lesgets.com\/en\/","name":"Les Gets","description":"","publisher":{"@id":"https:\/\/www.lesgets.com\/en\/#organization"},"potentialAction":[{"@type":"SearchAction","target":{"@type":"EntryPoint","urlTemplate":"https:\/\/www.lesgets.com\/en\/?s={search_term_string}"},"query-input":{"@type":"PropertyValueSpecification","valueRequired":true,"valueName":"search_term_string"}}],"inLanguage":"nl-NL"},{"@type":"Organization","@id":"https:\/\/www.lesgets.com\/en\/#organization","name":"Les Gets","url":"https:\/\/www.lesgets.com\/en\/","logo":{"@type":"ImageObject","inLanguage":"nl-NL","@id":"https:\/\/www.lesgets.com\/en\/#\/schema\/logo\/image\/","url":"https:\/\/www.lesgets.com\/wp\/..\/app\/uploads\/2020\/06\/logo_lesgets.png","contentUrl":"https:\/\/www.lesgets.com\/wp\/..\/app\/uploads\/2020\/06\/logo_lesgets.png","width":136,"height":115,"caption":"Les Gets"},"image":{"@id":"https:\/\/www.lesgets.com\/en\/#\/schema\/logo\/image\/"}}]}},"featured_image_src":"https:\/\/www.lesgets.com\/wp\/..\/app\/uploads\/2026\/04\/2023_06_01_mont_caly_paysage_cpTimArnold-21-600x400.webp","featured_image_src_square":"https:\/\/www.lesgets.com\/wp\/..\/app\/uploads\/2026\/04\/2023_06_01_mont_caly_paysage_cpTimArnold-21-600x600.webp","_links":{"self":[{"href":"https:\/\/www.lesgets.com\/nl\/wp-json\/wp\/v2\/pages\/16377","targetHints":{"allow":["GET"]}}],"collection":[{"href":"https:\/\/www.lesgets.com\/nl\/wp-json\/wp\/v2\/pages"}],"about":[{"href":"https:\/\/www.lesgets.com\/nl\/wp-json\/wp\/v2\/types\/page"}],"author":[{"embeddable":true,"href":"https:\/\/www.lesgets.com\/nl\/wp-json\/wp\/v2\/users\/1"}],"replies":[{"embeddable":true,"href":"https:\/\/www.lesgets.com\/nl\/wp-json\/wp\/v2\/comments?post=16377"}],"version-history":[{"count":5,"href":"https:\/\/www.lesgets.com\/nl\/wp-json\/wp\/v2\/pages\/16377\/revisions"}],"predecessor-version":[{"id":78161,"href":"https:\/\/www.lesgets.com\/nl\/wp-json\/wp\/v2\/pages\/16377\/revisions\/78161"}],"wp:featuredmedia":[{"embeddable":true,"href":"https:\/\/www.lesgets.com\/nl\/wp-json\/wp\/v2\/media\/107905"}],"wp:attachment":[{"href":"https:\/\/www.lesgets.com\/nl\/wp-json\/wp\/v2\/media?parent=16377"}],"curies":[{"name":"wp","href":"https:\/\/api.w.org\/{rel}","templated":true}]}}