{"id":16425,"date":"2020-08-05T16:33:09","date_gmt":"2020-08-05T14:33:09","guid":{"rendered":"https:\/\/www.lesgets.com\/interior-design\/"},"modified":"2021-03-19T15:58:23","modified_gmt":"2021-03-19T14:58:23","slug":"decoratie","status":"publish","type":"page","link":"https:\/\/www.lesgets.com\/nl\/praktische-informatie\/winkels-en-diensten\/decoratie\/","title":{"rendered":"Decoratie"},"content":{"rendered":"<div class=\"block block-core-spacer\">\n<div style=\"height:50px\" aria-hidden=\"true\" class=\"wp-block-spacer\"><\/div>\n<\/div>\n\n<div class=\"block block-lba-apidae-selection\"><!--BEGIN FILTER -->\r\n<!--BEGIN FILTER -->\r\n\r\n<!--BEGIN ITEMS APIDAE -->\r\n  <div class=\"selection-mode-default\">\r\n          <div class=\"card 0-3places 0-3pieces\">\r\n        <div class=\"row\">\r\n          <div class=\"col-md-3\">\r\n            <img decoding=\"async\" src=\"https:\/\/static.apidae-tourisme.com\/filestore\/objets-touristiques\/images\/12\/11\/27069196-fiche.jpg\" class=\"w-100\"\r\n                 alt=\"Image MO2A6959-Edit\">\r\n          <\/div>\r\n          <div class=\"col-md-7\">\r\n            <div class=\"card-block px-1\">\r\n              <h2 class=\"card-title\">\r\n                                    <a href=\"https:\/\/www.lesgets.com\/nl\/details\/italian-home-design-6808818-Nl\/\">Italian Home Design<\/a>\r\n                              <\/h2>\r\n              <p class=\"classement\"><\/p>\r\n              <p class=\"card-text\">Keuken &#8211; Inrichting &#8211; Italiaans design<\/p>\r\n            <\/div>\r\n          <\/div>\r\n          <div class=\"col-md-2\">\r\n                            <a href=\"https:\/\/www.lesgets.com\/nl\/details\/italian-home-design-6808818-Nl\/\" class=\"btn\">Meer zien<\/a>\r\n                      <\/div>\r\n        <\/div>\r\n      <\/div>\r\n          <div class=\"card 0-3places 0-3pieces\">\r\n        <div class=\"row\">\r\n          <div class=\"col-md-3\">\r\n            <img decoding=\"async\" src=\"https:\/\/static.apidae-tourisme.com\/filestore\/objets-touristiques\/images\/198\/34\/29827782-fiche.jpg\" class=\"w-100\"\r\n                 alt=\"Image 28054795 (1)\">\r\n          <\/div>\r\n          <div class=\"col-md-7\">\r\n            <div class=\"card-block px-1\">\r\n              <h2 class=\"card-title\">\r\n                                    <a href=\"https:\/\/www.lesgets.com\/nl\/details\/michaud-sports-7288249-Nl\/\">Michaud Sports<\/a>\r\n                              <\/h2>\r\n              <p class=\"classement\"><\/p>\r\n              <p class=\"card-text\">Nouveaut\u00e9 cette ann\u00e9e, retrouvez tout l&#8217;univers de la maison Sylvie Thiriez ainsi que d&#8217;autres marques. Venez d\u00e9couvrir les senteurs Ambiance des Alpes.<\/p>\r\n            <\/div>\r\n          <\/div>\r\n          <div class=\"col-md-2\">\r\n                            <a href=\"https:\/\/www.lesgets.com\/nl\/details\/michaud-sports-7288249-Nl\/\" class=\"btn\">Meer zien<\/a>\r\n                      <\/div>\r\n        <\/div>\r\n      <\/div>\r\n          <div class=\"card 0-3places 0-3pieces\">\r\n        <div class=\"row\">\r\n          <div class=\"col-md-3\">\r\n            <img decoding=\"async\" src=\"https:\/\/static.apidae-tourisme.com\/filestore\/objets-touristiques\/images\/233\/50\/37565161-fiche.jpg\" class=\"w-100\"\r\n                 alt=\"Image Tetes_de_Radis_8668_\u00a9Chrys\">\r\n          <\/div>\r\n          <div class=\"col-md-7\">\r\n            <div class=\"card-block px-1\">\r\n              <h2 class=\"card-title\">\r\n                                    <a href=\"https:\/\/www.lesgets.com\/nl\/details\/tetes-de-radis-6832784-Nl\/\">T\u00eates de Radis<\/a>\r\n                              <\/h2>\r\n              <p class=\"classement\"><\/p>\r\n              <p class=\"card-text\">Familie Concept Store: Woondecoratie, Kleding, Speelgoed, Kantoorartikelen, Servies en Meer\u2026<\/p>\r\n            <\/div>\r\n          <\/div>\r\n          <div class=\"col-md-2\">\r\n                            <a href=\"https:\/\/www.lesgets.com\/nl\/details\/tetes-de-radis-6832784-Nl\/\" class=\"btn\">Meer zien<\/a>\r\n                      <\/div>\r\n        <\/div>\r\n      <\/div>\r\n      <\/div>\r\n<!--END ITEMS APIDAE -->\r\n\r\n<!--BEGIN PAGINATOR -->\r\n<!--BEGIN PAGINATOR --><\/div>","protected":false},"excerpt":{"rendered":"<p>Vind hier de lijst met decoratie- en interieurwinkels in het resort.<\/p>\n","protected":false},"author":4,"featured_media":17862,"parent":16526,"menu_order":0,"comment_status":"closed","ping_status":"closed","template":"","meta":{"_acf_changed":false,"footnotes":""},"class_list":["post-16425","page","type-page","status-publish","has-post-thumbnail","hentry"],"acf":[],"yoast_head":"<!-- This site is optimized with the Yoast SEO plugin v27.2 - https:\/\/yoast.com\/product\/yoast-seo-wordpress\/ -->\n<title>Decoratie - interieur ontwerp - winkels &amp; diensten - Les Gets<\/title>\n<meta name=\"description\" content=\"Vind hier de lijst met decoratie- en interieurwinkels in het resort.\" \/>\n<meta name=\"robots\" content=\"index, follow, max-snippet:-1, max-image-preview:large, max-video-preview:-1\" \/>\n<link rel=\"canonical\" href=\"https:\/\/www.lesgets.com\/nl\/praktische-informatie\/winkels-en-diensten\/decoratie\/\" \/>\n<meta property=\"og:locale\" content=\"nl_NL\" \/>\n<meta property=\"og:type\" content=\"article\" \/>\n<meta property=\"og:title\" content=\"Decoratie - interieur ontwerp - winkels &amp; diensten - Les Gets\" \/>\n<meta property=\"og:description\" content=\"Vind hier de lijst met decoratie- en interieurwinkels in het resort.\" \/>\n<meta property=\"og:url\" content=\"https:\/\/www.lesgets.com\/nl\/praktische-informatie\/winkels-en-diensten\/decoratie\/\" \/>\n<meta property=\"og:site_name\" content=\"Les Gets\" \/>\n<meta property=\"article:modified_time\" content=\"2021-03-19T14:58:23+00:00\" \/>\n<meta property=\"og:image\" content=\"https:\/\/www.lesgets.com\/wp\/..\/app\/uploads\/2020\/08\/LesGets_Chalet_Deco_Chalet_Vinson.jpg\" \/>\n\t<meta property=\"og:image:width\" content=\"2000\" \/>\n\t<meta property=\"og:image:height\" content=\"1365\" \/>\n\t<meta property=\"og:image:type\" content=\"image\/jpeg\" \/>\n<meta name=\"twitter:card\" content=\"summary_large_image\" \/>\n<script type=\"application\/ld+json\" class=\"yoast-schema-graph\">{\"@context\":\"https:\/\/schema.org\",\"@graph\":[{\"@type\":\"WebPage\",\"@id\":\"https:\/\/www.lesgets.com\/nl\/praktische-informatie\/winkels-en-diensten\/decoratie\/\",\"url\":\"https:\/\/www.lesgets.com\/nl\/praktische-informatie\/winkels-en-diensten\/decoratie\/\",\"name\":\"Decoratie - interieur ontwerp - winkels & diensten - Les Gets\",\"isPartOf\":{\"@id\":\"https:\/\/www.lesgets.com\/en\/#website\"},\"primaryImageOfPage\":{\"@id\":\"https:\/\/www.lesgets.com\/nl\/praktische-informatie\/winkels-en-diensten\/decoratie\/#primaryimage\"},\"image\":{\"@id\":\"https:\/\/www.lesgets.com\/nl\/praktische-informatie\/winkels-en-diensten\/decoratie\/#primaryimage\"},\"thumbnailUrl\":\"https:\/\/www.lesgets.com\/wp\/..\/app\/uploads\/2020\/08\/LesGets_Chalet_Deco_Chalet_Vinson.jpg\",\"datePublished\":\"2020-08-05T14:33:09+00:00\",\"dateModified\":\"2021-03-19T14:58:23+00:00\",\"description\":\"Vind hier de lijst met decoratie- en interieurwinkels in het resort.\",\"breadcrumb\":{\"@id\":\"https:\/\/www.lesgets.com\/nl\/praktische-informatie\/winkels-en-diensten\/decoratie\/#breadcrumb\"},\"inLanguage\":\"nl-NL\",\"potentialAction\":[{\"@type\":\"ReadAction\",\"target\":[\"https:\/\/www.lesgets.com\/nl\/praktische-informatie\/winkels-en-diensten\/decoratie\/\"]}]},{\"@type\":\"ImageObject\",\"inLanguage\":\"nl-NL\",\"@id\":\"https:\/\/www.lesgets.com\/nl\/praktische-informatie\/winkels-en-diensten\/decoratie\/#primaryimage\",\"url\":\"https:\/\/www.lesgets.com\/wp\/..\/app\/uploads\/2020\/08\/LesGets_Chalet_Deco_Chalet_Vinson.jpg\",\"contentUrl\":\"https:\/\/www.lesgets.com\/wp\/..\/app\/uploads\/2020\/08\/LesGets_Chalet_Deco_Chalet_Vinson.jpg\",\"width\":2000,\"height\":1365},{\"@type\":\"BreadcrumbList\",\"@id\":\"https:\/\/www.lesgets.com\/nl\/praktische-informatie\/winkels-en-diensten\/decoratie\/#breadcrumb\",\"itemListElement\":[{\"@type\":\"ListItem\",\"position\":1,\"name\":\"Accueil\",\"item\":\"https:\/\/www.lesgets.com\/nl\/\"},{\"@type\":\"ListItem\",\"position\":2,\"name\":\"Praktische informatie\",\"item\":\"https:\/\/www.lesgets.com\/nl\/praktische-informatie\/\"},{\"@type\":\"ListItem\",\"position\":3,\"name\":\"Winkels en diensten\",\"item\":\"https:\/\/www.lesgets.com\/nl\/praktische-informatie\/winkels-en-diensten\/\"},{\"@type\":\"ListItem\",\"position\":4,\"name\":\"Decoratie\"}]},{\"@type\":\"WebSite\",\"@id\":\"https:\/\/www.lesgets.com\/en\/#website\",\"url\":\"https:\/\/www.lesgets.com\/en\/\",\"name\":\"Les Gets\",\"description\":\"\",\"publisher\":{\"@id\":\"https:\/\/www.lesgets.com\/en\/#organization\"},\"potentialAction\":[{\"@type\":\"SearchAction\",\"target\":{\"@type\":\"EntryPoint\",\"urlTemplate\":\"https:\/\/www.lesgets.com\/en\/?s={search_term_string}\"},\"query-input\":{\"@type\":\"PropertyValueSpecification\",\"valueRequired\":true,\"valueName\":\"search_term_string\"}}],\"inLanguage\":\"nl-NL\"},{\"@type\":\"Organization\",\"@id\":\"https:\/\/www.lesgets.com\/en\/#organization\",\"name\":\"Les Gets\",\"url\":\"https:\/\/www.lesgets.com\/en\/\",\"logo\":{\"@type\":\"ImageObject\",\"inLanguage\":\"nl-NL\",\"@id\":\"https:\/\/www.lesgets.com\/en\/#\/schema\/logo\/image\/\",\"url\":\"https:\/\/www.lesgets.com\/wp\/..\/app\/uploads\/2020\/06\/logo_lesgets.png\",\"contentUrl\":\"https:\/\/www.lesgets.com\/wp\/..\/app\/uploads\/2020\/06\/logo_lesgets.png\",\"width\":136,\"height\":115,\"caption\":\"Les Gets\"},\"image\":{\"@id\":\"https:\/\/www.lesgets.com\/en\/#\/schema\/logo\/image\/\"}}]}<\/script>\n<!-- \/ Yoast SEO plugin. -->","yoast_head_json":{"title":"Decoratie - interieur ontwerp - winkels & diensten - Les Gets","description":"Vind hier de lijst met decoratie- en interieurwinkels in het resort.","robots":{"index":"index","follow":"follow","max-snippet":"max-snippet:-1","max-image-preview":"max-image-preview:large","max-video-preview":"max-video-preview:-1"},"canonical":"https:\/\/www.lesgets.com\/nl\/praktische-informatie\/winkels-en-diensten\/decoratie\/","og_locale":"nl_NL","og_type":"article","og_title":"Decoratie - interieur ontwerp - winkels & diensten - Les Gets","og_description":"Vind hier de lijst met decoratie- en interieurwinkels in het resort.","og_url":"https:\/\/www.lesgets.com\/nl\/praktische-informatie\/winkels-en-diensten\/decoratie\/","og_site_name":"Les Gets","article_modified_time":"2021-03-19T14:58:23+00:00","og_image":[{"width":2000,"height":1365,"url":"https:\/\/www.lesgets.com\/wp\/..\/app\/uploads\/2020\/08\/LesGets_Chalet_Deco_Chalet_Vinson.jpg","type":"image\/jpeg"}],"twitter_card":"summary_large_image","schema":{"@context":"https:\/\/schema.org","@graph":[{"@type":"WebPage","@id":"https:\/\/www.lesgets.com\/nl\/praktische-informatie\/winkels-en-diensten\/decoratie\/","url":"https:\/\/www.lesgets.com\/nl\/praktische-informatie\/winkels-en-diensten\/decoratie\/","name":"Decoratie - interieur ontwerp - winkels & diensten - Les Gets","isPartOf":{"@id":"https:\/\/www.lesgets.com\/en\/#website"},"primaryImageOfPage":{"@id":"https:\/\/www.lesgets.com\/nl\/praktische-informatie\/winkels-en-diensten\/decoratie\/#primaryimage"},"image":{"@id":"https:\/\/www.lesgets.com\/nl\/praktische-informatie\/winkels-en-diensten\/decoratie\/#primaryimage"},"thumbnailUrl":"https:\/\/www.lesgets.com\/wp\/..\/app\/uploads\/2020\/08\/LesGets_Chalet_Deco_Chalet_Vinson.jpg","datePublished":"2020-08-05T14:33:09+00:00","dateModified":"2021-03-19T14:58:23+00:00","description":"Vind hier de lijst met decoratie- en interieurwinkels in het resort.","breadcrumb":{"@id":"https:\/\/www.lesgets.com\/nl\/praktische-informatie\/winkels-en-diensten\/decoratie\/#breadcrumb"},"inLanguage":"nl-NL","potentialAction":[{"@type":"ReadAction","target":["https:\/\/www.lesgets.com\/nl\/praktische-informatie\/winkels-en-diensten\/decoratie\/"]}]},{"@type":"ImageObject","inLanguage":"nl-NL","@id":"https:\/\/www.lesgets.com\/nl\/praktische-informatie\/winkels-en-diensten\/decoratie\/#primaryimage","url":"https:\/\/www.lesgets.com\/wp\/..\/app\/uploads\/2020\/08\/LesGets_Chalet_Deco_Chalet_Vinson.jpg","contentUrl":"https:\/\/www.lesgets.com\/wp\/..\/app\/uploads\/2020\/08\/LesGets_Chalet_Deco_Chalet_Vinson.jpg","width":2000,"height":1365},{"@type":"BreadcrumbList","@id":"https:\/\/www.lesgets.com\/nl\/praktische-informatie\/winkels-en-diensten\/decoratie\/#breadcrumb","itemListElement":[{"@type":"ListItem","position":1,"name":"Accueil","item":"https:\/\/www.lesgets.com\/nl\/"},{"@type":"ListItem","position":2,"name":"Praktische informatie","item":"https:\/\/www.lesgets.com\/nl\/praktische-informatie\/"},{"@type":"ListItem","position":3,"name":"Winkels en diensten","item":"https:\/\/www.lesgets.com\/nl\/praktische-informatie\/winkels-en-diensten\/"},{"@type":"ListItem","position":4,"name":"Decoratie"}]},{"@type":"WebSite","@id":"https:\/\/www.lesgets.com\/en\/#website","url":"https:\/\/www.lesgets.com\/en\/","name":"Les Gets","description":"","publisher":{"@id":"https:\/\/www.lesgets.com\/en\/#organization"},"potentialAction":[{"@type":"SearchAction","target":{"@type":"EntryPoint","urlTemplate":"https:\/\/www.lesgets.com\/en\/?s={search_term_string}"},"query-input":{"@type":"PropertyValueSpecification","valueRequired":true,"valueName":"search_term_string"}}],"inLanguage":"nl-NL"},{"@type":"Organization","@id":"https:\/\/www.lesgets.com\/en\/#organization","name":"Les Gets","url":"https:\/\/www.lesgets.com\/en\/","logo":{"@type":"ImageObject","inLanguage":"nl-NL","@id":"https:\/\/www.lesgets.com\/en\/#\/schema\/logo\/image\/","url":"https:\/\/www.lesgets.com\/wp\/..\/app\/uploads\/2020\/06\/logo_lesgets.png","contentUrl":"https:\/\/www.lesgets.com\/wp\/..\/app\/uploads\/2020\/06\/logo_lesgets.png","width":136,"height":115,"caption":"Les Gets"},"image":{"@id":"https:\/\/www.lesgets.com\/en\/#\/schema\/logo\/image\/"}}]}},"featured_image_src":"https:\/\/www.lesgets.com\/wp\/..\/app\/uploads\/2020\/08\/LesGets_Chalet_Deco_Chalet_Vinson-600x400.jpg","featured_image_src_square":"https:\/\/www.lesgets.com\/wp\/..\/app\/uploads\/2020\/08\/LesGets_Chalet_Deco_Chalet_Vinson-600x600.jpg","_links":{"self":[{"href":"https:\/\/www.lesgets.com\/nl\/wp-json\/wp\/v2\/pages\/16425","targetHints":{"allow":["GET"]}}],"collection":[{"href":"https:\/\/www.lesgets.com\/nl\/wp-json\/wp\/v2\/pages"}],"about":[{"href":"https:\/\/www.lesgets.com\/nl\/wp-json\/wp\/v2\/types\/page"}],"author":[{"embeddable":true,"href":"https:\/\/www.lesgets.com\/nl\/wp-json\/wp\/v2\/users\/4"}],"replies":[{"embeddable":true,"href":"https:\/\/www.lesgets.com\/nl\/wp-json\/wp\/v2\/comments?post=16425"}],"version-history":[{"count":5,"href":"https:\/\/www.lesgets.com\/nl\/wp-json\/wp\/v2\/pages\/16425\/revisions"}],"predecessor-version":[{"id":27146,"href":"https:\/\/www.lesgets.com\/nl\/wp-json\/wp\/v2\/pages\/16425\/revisions\/27146"}],"up":[{"embeddable":true,"href":"https:\/\/www.lesgets.com\/nl\/wp-json\/wp\/v2\/pages\/16526"}],"wp:featuredmedia":[{"embeddable":true,"href":"https:\/\/www.lesgets.com\/nl\/wp-json\/wp\/v2\/media\/17862"}],"wp:attachment":[{"href":"https:\/\/www.lesgets.com\/nl\/wp-json\/wp\/v2\/media?parent=16425"}],"curies":[{"name":"wp","href":"https:\/\/api.w.org\/{rel}","templated":true}]}}