{"id":16555,"date":"2020-08-06T10:04:52","date_gmt":"2020-08-06T08:04:52","guid":{"rendered":"https:\/\/www.lesgets.com\/transports-et-mobilite\/getslib\/"},"modified":"2025-06-04T15:08:35","modified_gmt":"2025-06-04T13:08:35","slug":"getslib","status":"publish","type":"page","link":"https:\/\/www.lesgets.com\/nl\/praktische-informatie\/transport-en-mobiliteit\/getslib\/","title":{"rendered":"GetsLib&#8217;"},"content":{"rendered":"<div class=\"block block-core-spacer\">\n<div style=\"height:50px\" aria-hidden=\"true\" class=\"wp-block-spacer\"><\/div>\n<\/div>\n\n<div class=\"block block-core-heading\">\n<h2 class=\"wp-block-heading\">Pak voor uw uitstapjes<strong> in het dorp de fiets <\/strong><\/h2>\n<\/div>\n\n<div class=\"block block-core-spacer\">\n<div style=\"height:30px\" aria-hidden=\"true\" class=\"wp-block-spacer\"><\/div>\n<\/div>\n\n<p>In Les Gets kunt u <b>elektrisch ondersteunde fietsen huren met de GetsLib&#8217; !<\/b><\/p>\n<p>Deze nieuwe manier van milieuvriendelijk vervoer, nieuw in de bergen, is voor iedereen en is bedoeld als aanvulling op het lokale vervoersaanbod. Het maakt deel uit van de strategie voor duurzame ontwikkeling die de gemeente al lang geleden is gestart en die wordt uitgevoerd met de steun van de regio Rh\u00f4ne-Alpes in het kader van het contract voor duurzame ontwikkeling van het Chablais-gebied dat wordt uitgevoerd door de SIAC.<\/p>\n<h5>Deze elektrisch fietsen dienst is 7 dagen per week beschikbaar van Mei tot November.<\/h5>\n<p>GetsLib&#8217; zijn verboden voor jongeren onder de 15 jaar en het dragen van een helm wordt sterk aangeraden. GetsLib kunnen &#8216;s avonds tussen 21.00 en 7.00 uur niet worden gebruikt, maar kunnen wel op elk moment worden teruggezet.<\/p>\n\n<div class=\"block block-core-columns\">\n<div class=\"wp-block-columns is-layout-flex wp-container-core-columns-is-layout-9d6595d7 wp-block-columns-is-layout-flex\"><div class=\"block block-core-column\">\n<div class=\"wp-block-column is-layout-flow wp-block-column-is-layout-flow\"><div class=\"block block-core-button\">\n<div class=\"wp-block-button is-style-outline is-style-outline--1\"><a class=\"wp-block-button__link has-luminous-vivid-amber-background-color has-background wp-element-button\" href=\"https:\/\/lesgets.cleanenergyplanet.com\/m\/\" target=\"_blank\" rel=\"noreferrer noopener\">Registreren met een \u00e9\u00e9nmalige code<\/a><\/div>\n<\/div><\/div>\n<\/div>\n\n<div class=\"block block-core-column\">\n<div class=\"wp-block-column is-layout-flow wp-block-column-is-layout-flow\"><div class=\"block block-core-button\">\n<div class=\"wp-block-button is-style-outline is-style-outline--2\"><a class=\"wp-block-button__link has-luminous-vivid-amber-background-color has-background wp-element-button\" href=\"http:\/\/lesgets.cleanenergyplanet.com\/client\/register.php\" target=\"_blank\" rel=\"noreferrer noopener\">Registreren met een badge<\/a><\/div>\n<\/div><\/div>\n<\/div><\/div>\n<\/div>\n\n<div class=\"block block-core-spacer\">\n<div style=\"height:50px\" aria-hidden=\"true\" class=\"wp-block-spacer\"><\/div>\n<\/div>\n\n<div class=\"block block-core-heading\">\n<h2 class=\"wp-block-heading\">Registreer online <\/h2>\n<\/div>\n\n<p>Voor een kort verblijf (minder dan 2 weken) kunt u zich nu direct online registreren en wordt er een code verstrekt om de fiets te ontgrendelen. Om uw inschrijving te valideren is een aanbetaling van 30\u20ac vereist.<\/p>\n<p>Er zijn verschillende opties voor u beschikbaar, afhankelijk van de duur van uw huur:<\/p>\n<p><strong>1) Optie met een badge<\/strong><strong>:<\/strong> haal uw naambadge op bij de receptie van het toeristenbureau (aanbetaling van 350\u20ac).<\/p>\n<p><strong>2) Optie met een \u00e9\u00e9nmalige code:<\/strong> u ontvangt uw persoonlijke code op uw getslib&#8217; account (aanbetaling van 30\u20ac).<\/p>\n<h4>In beide gevallen moet u zich vooraf online registreren.<\/h4>\n\n<div class=\"block block-core-spacer\">\n<div style=\"height:30px\" aria-hidden=\"true\" class=\"wp-block-spacer\"><\/div>\n<\/div>\n\n<div class=\"block block-core-heading\">\n<h2 class=\"wp-block-heading\">Tarieven<\/h2>\n<\/div>\n\n<p>Bekijk de huurprijzen van de GetsLib&#8217; service. De betaling vindt plaats aan het einde van de geldigheidsduur van de badge.<\/p>\n<ul>\n<li><span style=\"color: #333333;\"><strong>Eerste half uur gratis<\/strong> <\/span><\/li>\n<li>Half uur (tot 4 uur gebruik) : <strong>\u20ac<\/strong><strong>1<\/strong>&nbsp;elke 30 minuten<\/li>\n<li><span style=\"font-size: inherit; line-height: 1.8;\">Half uur extra (vanaf het 5e uur gebruik) : <strong>\u20ac<\/strong><\/span><strong style=\"font-size: inherit; line-height: 1.8;\">2,50&nbsp; <\/strong><span style=\"font-size: inherit; line-height: 1.8;\">elke 30 minuten<\/span><\/li>\n<\/ul>\n<p>U kunt dan <strong>7 dagen per week<\/strong> gebruik maken van uw GetsLib&#8217; fiets, zoals u dat wenst (binnen de grenzen van de geldigheid van de badge of code).<\/p>\n<p><strong>Let op: <\/strong>GetsLib&#8217; fietsen kunnen niet worden opgehaald tussen 21.00 uur en 7.00 uur.<\/p>\n\n<div class=\"block block-core-spacer\">\n<div style=\"height:30px\" aria-hidden=\"true\" class=\"wp-block-spacer\"><\/div>\n<\/div>\n\n<div class=\"block block-core-heading\">\n<h2 class=\"wp-block-heading\">GetsLib&#8217; terminals<\/h2>\n<\/div>\n\n<p>35 elektrische fietsen en zeven terminals zijn verdeeld in het dorpscentrum, in de gehuchten en in het recreatiecentrum.<\/p>\n<p>U kunt uw GetsLib in verschillende delen van het resort ophalen of afgeven:<\/p>\n<ul>\n<li>Voor het stadhuis<\/li>\n<li>Fruiti\u00e8re des Perri\u00e8res\u00a0<\/li>\n<li>Marais parkeerplaats<\/li>\n<li>Bij het meer &#8220;Le Lac des \u00c9coles&#8221;<\/li>\n<li>Route des Chavannes (La Culaz)<\/li>\n<li>La Turche hamlet<\/li>\n<li>Rotonde bij de Salle de La Colombi\u00e8re<\/li>\n<li>Neuw : op de Route du Rocher<\/li>\n<\/ul>\n\n<div class=\"block block-core-spacer\">\n<div style=\"height:30px\" aria-hidden=\"true\" class=\"wp-block-spacer\"><\/div>\n<\/div>\n\n<div class=\"block block-core-columns\">\n<div class=\"wp-block-columns is-layout-flex wp-container-core-columns-is-layout-9d6595d7 wp-block-columns-is-layout-flex\"><div class=\"block block-core-column\">\n<div class=\"wp-block-column is-layout-flow wp-block-column-is-layout-flow\" style=\"flex-basis:60%\">\n<figure class=\"wp-block-image size-large\"><img loading=\"lazy\" decoding=\"async\" width=\"1920\" height=\"1280\" src=\"https:\/\/www.lesgets.com\/app\/uploads\/2020\/05\/Transports_GetsLib_Keno_Photographie_OT_Les_Gets.jpg\" alt=\"Gets'Libs v\u00e9los \u00e9lectriques stationn\u00e9s\" class=\"wp-image-9273\" srcset=\"https:\/\/www.lesgets.com\/wp\/..\/app\/uploads\/2020\/05\/Transports_GetsLib_Keno_Photographie_OT_Les_Gets.jpg 1920w, https:\/\/www.lesgets.com\/wp\/..\/app\/uploads\/2020\/05\/Transports_GetsLib_Keno_Photographie_OT_Les_Gets-768x512.jpg 768w, https:\/\/www.lesgets.com\/wp\/..\/app\/uploads\/2020\/05\/Transports_GetsLib_Keno_Photographie_OT_Les_Gets-1536x1024.jpg 1536w, https:\/\/www.lesgets.com\/wp\/..\/app\/uploads\/2020\/05\/Transports_GetsLib_Keno_Photographie_OT_Les_Gets-600x400.jpg 600w, https:\/\/www.lesgets.com\/wp\/..\/app\/uploads\/2020\/05\/Transports_GetsLib_Keno_Photographie_OT_Les_Gets-960x640.jpg 960w\" sizes=\"auto, (max-width: 1920px) 100vw, 1920px\" \/><\/figure>\n<\/div>\n<\/div>\n\n<div class=\"block block-core-column\">\n<div class=\"wp-block-column is-layout-flow wp-block-column-is-layout-flow\" style=\"flex-basis:40%\">\n<figure class=\"wp-block-image size-large\"><img decoding=\"async\" src=\"https:\/\/www.lesgets.com\/app\/uploads\/2020\/05\/Transports_GetsLib_Meersmaak.be_.jpg\" alt=\"\" class=\"wp-image-9279\"\/><\/figure>\n<\/div>\n<\/div><\/div>\n<\/div>\n\n<div class=\"block block-core-spacer\">\n<div style=\"height:50px\" aria-hidden=\"true\" class=\"wp-block-spacer\"><\/div>\n<\/div>\n\n<div class=\"block block-core-columns\">\n<div class=\"wp-block-columns is-layout-flex wp-container-core-columns-is-layout-9d6595d7 wp-block-columns-is-layout-flex\"><div class=\"block block-core-column\">\n<div class=\"wp-block-column is-layout-flow wp-block-column-is-layout-flow\"><div class=\"block block-core-button\">\n<div class=\"wp-block-button\"><a class=\"wp-block-button__link wp-element-button\" href=\"https:\/\/www.lesgets.com\/medias\/documents\/getslib_CGU_badge.pdf\" target=\"_blank\" rel=\"noreferrer noopener\">Verkoopvoorwaarden badge<\/a><\/div>\n<\/div><\/div>\n<\/div>\n\n<div class=\"block block-core-column\">\n<div class=\"wp-block-column is-layout-flow wp-block-column-is-layout-flow\"><div class=\"block block-core-button\">\n<div class=\"wp-block-button\"><a class=\"wp-block-button__link wp-element-button\" href=\"https:\/\/www.lesgets.com\/medias\/documents\/getslib_CGU_code.pdf\" target=\"_blank\" rel=\"noreferrer noopener\">Verkoopvoorwaarden code<\/a><\/div>\n<\/div><\/div>\n<\/div><\/div>\n<\/div>\n\n<p><em>De bovenstaande verkoopvoorwaarden zijn alleen in het Frans beschikbaar.<\/em><\/p>\n\n<div class=\"block block-core-spacer\">\n<div style=\"height:50px\" aria-hidden=\"true\" class=\"wp-block-spacer\"><\/div>\n<\/div>\n\n<div class=\"block block-genesis-custom-blocks-activite\">\t\t<!-- Modal -->\r\n\t\t<div class=\"modal fade\" id=\"videoActivite-Trr8hpvuQgE\" role=\"dialog\">\r\n\t\t  <div class=\"modal-dialog\" role=\"document\">\r\n\t\t    <div class=\"modal-content\">\r\n\t\t      <div class=\"modal-header\">\r\n\t\t        <button type=\"button\" class=\"close\" data-dismiss=\"modal\" aria-label=\"Close\"><\/button>\r\n\t\t      <\/div>\r\n\t\t      <div class=\"modal-body\">\r\n\t\t        <iframe width=\"560\" height=\"315\" data-requires-vendor-consent=\"Youtube\" data-src=\"https:\/\/www.youtube.com\/embed\/Trr8hpvuQgE?rel=0;\" frameborder=\"0\" allowfullscreen><\/iframe>\r\n\t\t      <\/div>\r\n\t\t    <\/div>\r\n\t\t  <\/div>\r\n\t\t<\/div>\r\n\t\t<script>\r\n\t\t\t$(\"#videoActivite-Trr8hpvuQgE\").on('hidden.bs.modal', function (e) {\r\n\t\t        $(\"#videoActivite-Trr8hpvuQgE iframe\").attr(\"src\", $(\"#videoActivite-Trr8hpvuQgE iframe\").attr(\"src\"));\r\n\t\t    });\r\n\t\t<\/script>\r\n\t\t<div class=\"container-fluid\">\r\n\t\t\t<div class=\"fond-image video\" style=\"background-image:url('https:\/\/www.lesgets.com\/wp\/..\/app\/uploads\/2020\/04\/GetsLib.jpg');\">\r\n\t\t\t<iframe width=\"560\" height=\"315\" data-requires-vendor-consent=\"Youtube\" data-src=\"https:\/\/www.youtube.com\/embed\/Trr8hpvuQgE?rel=0;&#038;autoplay=1&#038;mute=1&#038;controls=0&#038;loop=1&#038;playlist=Trr8hpvuQgE\" frameborder=\"0\" allowfullscreen><\/iframe>\r\n\t\t\t\t<div class=\"container\">\r\n\t\t\t\t\t<div class=\"row\">\r\n\t\t\t\t\t\t<div class=\"col-sm-12\">\r\n\t\t\t\t\t\t\t<span class=\"subtitle\">De elektrische fiets komt aan in Les Gets<\/span>\r\n\t\t\t\t\t\t\t<h2>GetsLib&#8217;<\/h2>\r\n\t\t\t\t\t\t\t<button type=\"button\" class=\"video-btn btn btn-primary hvr-outline-out\" data-toggle=\"modal\" data-target=\"#videoActivite-Trr8hpvuQgE\">See the video<\/button>\r\n\t\t\t\t\t\t<\/div>\r\n\t\t\t\t\t<\/div>\r\n\t\t\t\t<\/div>\r\n\t\t\t<\/div>\r\n\t\t<\/div>\r\n\t\t<\/div>","protected":false},"excerpt":{"rendered":"<p>In Les Gets kunt u elektrisch ondersteunde fietsen huren met de GetsLib. Vind hier alle informatie over prijzen en reserveringen.<\/p>\n","protected":false},"author":4,"featured_media":46837,"parent":16269,"menu_order":3,"comment_status":"closed","ping_status":"closed","template":"","meta":{"_acf_changed":false,"footnotes":""},"class_list":["post-16555","page","type-page","status-publish","has-post-thumbnail","hentry"],"acf":[],"yoast_head":"<!-- This site is optimized with the Yoast SEO plugin v27.3 - https:\/\/yoast.com\/product\/yoast-seo-wordpress\/ -->\n<title>GetsLib&#039;, elektrische ondersteunde fiets - Les Gets<\/title>\n<meta name=\"description\" content=\"In Les Gets kunt u elektrisch ondersteunde fietsen huren met de GetsLib Vind hier alle informatie over prijzen en reserveringen.\" \/>\n<meta name=\"robots\" content=\"index, follow, max-snippet:-1, max-image-preview:large, max-video-preview:-1\" \/>\n<link rel=\"canonical\" href=\"https:\/\/www.lesgets.com\/nl\/praktische-informatie\/transport-en-mobiliteit\/getslib\/\" \/>\n<meta property=\"og:locale\" content=\"nl_NL\" \/>\n<meta property=\"og:type\" content=\"article\" \/>\n<meta property=\"og:title\" content=\"GetsLib&#039;, elektrische ondersteunde fiets - Les Gets\" \/>\n<meta property=\"og:description\" content=\"In Les Gets kunt u elektrisch ondersteunde fietsen huren met de GetsLib Vind hier alle informatie over prijzen en reserveringen.\" \/>\n<meta property=\"og:url\" content=\"https:\/\/www.lesgets.com\/nl\/praktische-informatie\/transport-en-mobiliteit\/getslib\/\" \/>\n<meta property=\"og:site_name\" content=\"Les Gets\" \/>\n<meta property=\"article:modified_time\" content=\"2025-06-04T13:08:35+00:00\" \/>\n<meta property=\"og:image\" content=\"https:\/\/www.lesgets.com\/wp\/..\/app\/uploads\/2024\/05\/Getslib_2024.4-scaled.jpg\" \/>\n\t<meta property=\"og:image:width\" content=\"2560\" \/>\n\t<meta property=\"og:image:height\" content=\"1707\" \/>\n\t<meta property=\"og:image:type\" content=\"image\/jpeg\" \/>\n<meta name=\"twitter:card\" content=\"summary_large_image\" \/>\n<meta name=\"twitter:label1\" content=\"Est. reading time\" \/>\n\t<meta name=\"twitter:data1\" content=\"3 minutes\" \/>\n<script type=\"application\/ld+json\" class=\"yoast-schema-graph\">{\"@context\":\"https:\\\/\\\/schema.org\",\"@graph\":[{\"@type\":\"WebPage\",\"@id\":\"https:\\\/\\\/www.lesgets.com\\\/nl\\\/praktische-informatie\\\/transport-en-mobiliteit\\\/getslib\\\/\",\"url\":\"https:\\\/\\\/www.lesgets.com\\\/nl\\\/praktische-informatie\\\/transport-en-mobiliteit\\\/getslib\\\/\",\"name\":\"GetsLib', elektrische ondersteunde fiets - Les Gets\",\"isPartOf\":{\"@id\":\"https:\\\/\\\/www.lesgets.com\\\/en\\\/#website\"},\"primaryImageOfPage\":{\"@id\":\"https:\\\/\\\/www.lesgets.com\\\/nl\\\/praktische-informatie\\\/transport-en-mobiliteit\\\/getslib\\\/#primaryimage\"},\"image\":{\"@id\":\"https:\\\/\\\/www.lesgets.com\\\/nl\\\/praktische-informatie\\\/transport-en-mobiliteit\\\/getslib\\\/#primaryimage\"},\"thumbnailUrl\":\"https:\\\/\\\/www.lesgets.com\\\/wp\\\/..\\\/app\\\/uploads\\\/2024\\\/05\\\/Getslib_2024.4-scaled.jpg\",\"datePublished\":\"2020-08-06T08:04:52+00:00\",\"dateModified\":\"2025-06-04T13:08:35+00:00\",\"description\":\"In Les Gets kunt u elektrisch ondersteunde fietsen huren met de GetsLib Vind hier alle informatie over prijzen en reserveringen.\",\"breadcrumb\":{\"@id\":\"https:\\\/\\\/www.lesgets.com\\\/nl\\\/praktische-informatie\\\/transport-en-mobiliteit\\\/getslib\\\/#breadcrumb\"},\"inLanguage\":\"nl-NL\",\"potentialAction\":[{\"@type\":\"ReadAction\",\"target\":[\"https:\\\/\\\/www.lesgets.com\\\/nl\\\/praktische-informatie\\\/transport-en-mobiliteit\\\/getslib\\\/\"]}]},{\"@type\":\"ImageObject\",\"inLanguage\":\"nl-NL\",\"@id\":\"https:\\\/\\\/www.lesgets.com\\\/nl\\\/praktische-informatie\\\/transport-en-mobiliteit\\\/getslib\\\/#primaryimage\",\"url\":\"https:\\\/\\\/www.lesgets.com\\\/wp\\\/..\\\/app\\\/uploads\\\/2024\\\/05\\\/Getslib_2024.4-scaled.jpg\",\"contentUrl\":\"https:\\\/\\\/www.lesgets.com\\\/wp\\\/..\\\/app\\\/uploads\\\/2024\\\/05\\\/Getslib_2024.4-scaled.jpg\",\"width\":2560,\"height\":1707},{\"@type\":\"BreadcrumbList\",\"@id\":\"https:\\\/\\\/www.lesgets.com\\\/nl\\\/praktische-informatie\\\/transport-en-mobiliteit\\\/getslib\\\/#breadcrumb\",\"itemListElement\":[{\"@type\":\"ListItem\",\"position\":1,\"name\":\"Accueil\",\"item\":\"https:\\\/\\\/www.lesgets.com\\\/nl\\\/\"},{\"@type\":\"ListItem\",\"position\":2,\"name\":\"Praktische informatie\",\"item\":\"https:\\\/\\\/www.lesgets.com\\\/nl\\\/praktische-informatie\\\/\"},{\"@type\":\"ListItem\",\"position\":3,\"name\":\"Transport en mobiliteit\",\"item\":\"https:\\\/\\\/www.lesgets.com\\\/nl\\\/praktische-informatie\\\/transport-en-mobiliteit\\\/\"},{\"@type\":\"ListItem\",\"position\":4,\"name\":\"GetsLib&rsquo;\"}]},{\"@type\":\"WebSite\",\"@id\":\"https:\\\/\\\/www.lesgets.com\\\/en\\\/#website\",\"url\":\"https:\\\/\\\/www.lesgets.com\\\/en\\\/\",\"name\":\"Les Gets\",\"description\":\"\",\"publisher\":{\"@id\":\"https:\\\/\\\/www.lesgets.com\\\/en\\\/#organization\"},\"potentialAction\":[{\"@type\":\"SearchAction\",\"target\":{\"@type\":\"EntryPoint\",\"urlTemplate\":\"https:\\\/\\\/www.lesgets.com\\\/en\\\/?s={search_term_string}\"},\"query-input\":{\"@type\":\"PropertyValueSpecification\",\"valueRequired\":true,\"valueName\":\"search_term_string\"}}],\"inLanguage\":\"nl-NL\"},{\"@type\":\"Organization\",\"@id\":\"https:\\\/\\\/www.lesgets.com\\\/en\\\/#organization\",\"name\":\"Les Gets\",\"url\":\"https:\\\/\\\/www.lesgets.com\\\/en\\\/\",\"logo\":{\"@type\":\"ImageObject\",\"inLanguage\":\"nl-NL\",\"@id\":\"https:\\\/\\\/www.lesgets.com\\\/en\\\/#\\\/schema\\\/logo\\\/image\\\/\",\"url\":\"https:\\\/\\\/www.lesgets.com\\\/wp\\\/..\\\/app\\\/uploads\\\/2020\\\/06\\\/logo_lesgets.png\",\"contentUrl\":\"https:\\\/\\\/www.lesgets.com\\\/wp\\\/..\\\/app\\\/uploads\\\/2020\\\/06\\\/logo_lesgets.png\",\"width\":136,\"height\":115,\"caption\":\"Les Gets\"},\"image\":{\"@id\":\"https:\\\/\\\/www.lesgets.com\\\/en\\\/#\\\/schema\\\/logo\\\/image\\\/\"}}]}<\/script>\n<!-- \/ Yoast SEO plugin. -->","yoast_head_json":{"title":"GetsLib', elektrische ondersteunde fiets - Les Gets","description":"In Les Gets kunt u elektrisch ondersteunde fietsen huren met de GetsLib Vind hier alle informatie over prijzen en reserveringen.","robots":{"index":"index","follow":"follow","max-snippet":"max-snippet:-1","max-image-preview":"max-image-preview:large","max-video-preview":"max-video-preview:-1"},"canonical":"https:\/\/www.lesgets.com\/nl\/praktische-informatie\/transport-en-mobiliteit\/getslib\/","og_locale":"nl_NL","og_type":"article","og_title":"GetsLib', elektrische ondersteunde fiets - Les Gets","og_description":"In Les Gets kunt u elektrisch ondersteunde fietsen huren met de GetsLib Vind hier alle informatie over prijzen en reserveringen.","og_url":"https:\/\/www.lesgets.com\/nl\/praktische-informatie\/transport-en-mobiliteit\/getslib\/","og_site_name":"Les Gets","article_modified_time":"2025-06-04T13:08:35+00:00","og_image":[{"width":2560,"height":1707,"url":"https:\/\/www.lesgets.com\/wp\/..\/app\/uploads\/2024\/05\/Getslib_2024.4-scaled.jpg","type":"image\/jpeg"}],"twitter_card":"summary_large_image","twitter_misc":{"Est. reading time":"3 minutes"},"schema":{"@context":"https:\/\/schema.org","@graph":[{"@type":"WebPage","@id":"https:\/\/www.lesgets.com\/nl\/praktische-informatie\/transport-en-mobiliteit\/getslib\/","url":"https:\/\/www.lesgets.com\/nl\/praktische-informatie\/transport-en-mobiliteit\/getslib\/","name":"GetsLib', elektrische ondersteunde fiets - Les Gets","isPartOf":{"@id":"https:\/\/www.lesgets.com\/en\/#website"},"primaryImageOfPage":{"@id":"https:\/\/www.lesgets.com\/nl\/praktische-informatie\/transport-en-mobiliteit\/getslib\/#primaryimage"},"image":{"@id":"https:\/\/www.lesgets.com\/nl\/praktische-informatie\/transport-en-mobiliteit\/getslib\/#primaryimage"},"thumbnailUrl":"https:\/\/www.lesgets.com\/wp\/..\/app\/uploads\/2024\/05\/Getslib_2024.4-scaled.jpg","datePublished":"2020-08-06T08:04:52+00:00","dateModified":"2025-06-04T13:08:35+00:00","description":"In Les Gets kunt u elektrisch ondersteunde fietsen huren met de GetsLib Vind hier alle informatie over prijzen en reserveringen.","breadcrumb":{"@id":"https:\/\/www.lesgets.com\/nl\/praktische-informatie\/transport-en-mobiliteit\/getslib\/#breadcrumb"},"inLanguage":"nl-NL","potentialAction":[{"@type":"ReadAction","target":["https:\/\/www.lesgets.com\/nl\/praktische-informatie\/transport-en-mobiliteit\/getslib\/"]}]},{"@type":"ImageObject","inLanguage":"nl-NL","@id":"https:\/\/www.lesgets.com\/nl\/praktische-informatie\/transport-en-mobiliteit\/getslib\/#primaryimage","url":"https:\/\/www.lesgets.com\/wp\/..\/app\/uploads\/2024\/05\/Getslib_2024.4-scaled.jpg","contentUrl":"https:\/\/www.lesgets.com\/wp\/..\/app\/uploads\/2024\/05\/Getslib_2024.4-scaled.jpg","width":2560,"height":1707},{"@type":"BreadcrumbList","@id":"https:\/\/www.lesgets.com\/nl\/praktische-informatie\/transport-en-mobiliteit\/getslib\/#breadcrumb","itemListElement":[{"@type":"ListItem","position":1,"name":"Accueil","item":"https:\/\/www.lesgets.com\/nl\/"},{"@type":"ListItem","position":2,"name":"Praktische informatie","item":"https:\/\/www.lesgets.com\/nl\/praktische-informatie\/"},{"@type":"ListItem","position":3,"name":"Transport en mobiliteit","item":"https:\/\/www.lesgets.com\/nl\/praktische-informatie\/transport-en-mobiliteit\/"},{"@type":"ListItem","position":4,"name":"GetsLib&rsquo;"}]},{"@type":"WebSite","@id":"https:\/\/www.lesgets.com\/en\/#website","url":"https:\/\/www.lesgets.com\/en\/","name":"Les Gets","description":"","publisher":{"@id":"https:\/\/www.lesgets.com\/en\/#organization"},"potentialAction":[{"@type":"SearchAction","target":{"@type":"EntryPoint","urlTemplate":"https:\/\/www.lesgets.com\/en\/?s={search_term_string}"},"query-input":{"@type":"PropertyValueSpecification","valueRequired":true,"valueName":"search_term_string"}}],"inLanguage":"nl-NL"},{"@type":"Organization","@id":"https:\/\/www.lesgets.com\/en\/#organization","name":"Les Gets","url":"https:\/\/www.lesgets.com\/en\/","logo":{"@type":"ImageObject","inLanguage":"nl-NL","@id":"https:\/\/www.lesgets.com\/en\/#\/schema\/logo\/image\/","url":"https:\/\/www.lesgets.com\/wp\/..\/app\/uploads\/2020\/06\/logo_lesgets.png","contentUrl":"https:\/\/www.lesgets.com\/wp\/..\/app\/uploads\/2020\/06\/logo_lesgets.png","width":136,"height":115,"caption":"Les Gets"},"image":{"@id":"https:\/\/www.lesgets.com\/en\/#\/schema\/logo\/image\/"}}]}},"featured_image_src":"https:\/\/www.lesgets.com\/wp\/..\/app\/uploads\/2024\/05\/Getslib_2024.4-600x400.jpg","featured_image_src_square":"https:\/\/www.lesgets.com\/wp\/..\/app\/uploads\/2024\/05\/Getslib_2024.4-600x600.jpg","_links":{"self":[{"href":"https:\/\/www.lesgets.com\/nl\/wp-json\/wp\/v2\/pages\/16555","targetHints":{"allow":["GET"]}}],"collection":[{"href":"https:\/\/www.lesgets.com\/nl\/wp-json\/wp\/v2\/pages"}],"about":[{"href":"https:\/\/www.lesgets.com\/nl\/wp-json\/wp\/v2\/types\/page"}],"author":[{"embeddable":true,"href":"https:\/\/www.lesgets.com\/nl\/wp-json\/wp\/v2\/users\/4"}],"replies":[{"embeddable":true,"href":"https:\/\/www.lesgets.com\/nl\/wp-json\/wp\/v2\/comments?post=16555"}],"version-history":[{"count":5,"href":"https:\/\/www.lesgets.com\/nl\/wp-json\/wp\/v2\/pages\/16555\/revisions"}],"predecessor-version":[{"id":62046,"href":"https:\/\/www.lesgets.com\/nl\/wp-json\/wp\/v2\/pages\/16555\/revisions\/62046"}],"up":[{"embeddable":true,"href":"https:\/\/www.lesgets.com\/nl\/wp-json\/wp\/v2\/pages\/16269"}],"wp:featuredmedia":[{"embeddable":true,"href":"https:\/\/www.lesgets.com\/nl\/wp-json\/wp\/v2\/media\/46837"}],"wp:attachment":[{"href":"https:\/\/www.lesgets.com\/nl\/wp-json\/wp\/v2\/media?parent=16555"}],"curies":[{"name":"wp","href":"https:\/\/api.w.org\/{rel}","templated":true}]}}