{"id":16589,"date":"2020-08-06T15:33:15","date_gmt":"2020-08-06T13:33:15","guid":{"rendered":"https:\/\/www.lesgets.com\/decouvrir-la-station\/"},"modified":"2024-10-23T11:06:00","modified_gmt":"2024-10-23T09:06:00","slug":"ontdek-het-skigebied","status":"publish","type":"page","link":"https:\/\/www.lesgets.com\/nl\/ontdek-het-skigebied\/","title":{"rendered":"Ontdek het resort"},"content":{"rendered":"<div class=\"block block-core-spacer\">\n<div style=\"height:100px\" aria-hidden=\"true\" class=\"wp-block-spacer\"><\/div>\n<\/div>\n\n<div class=\"block block-genesis-custom-blocks-activite\">\t\t<div class=\"container-fluid\">\r\n\t\t\t<div class=\"fond-image\" style=\"background-image:url('https:\/\/www.lesgets.com\/wp\/..\/app\/uploads\/2020\/03\/DSC01434-min-1920x1080.jpg');\">\r\n\t\t\t\t<div class=\"container\">\r\n\t\t\t\t\t<div class=\"row\">\r\n\t\t\t\t\t\t<div class=\"col-sm-12\">\r\n\t\t\t\t\t\t\t<span class=\"subtitle\">Ski\u00ebn &#8211; Wintersport<\/span>\r\n\t\t\t\t\t\t\t<h2>In de uitgestrektheid van de Portes du Soleil<\/h2>\r\n\t\t\t\t\t\t\t<a class=\"button hvr-outline-out\" href=\"\/nl\/ontdek-het-skigebied\/skien-wintersporten\/\">Discover<\/a>\t\t\t\t\t\t\t\r\n\t\t\t\t\t\t<\/div>\r\n\t\t\t\t\t<\/div>\r\n\t\t\t\t<\/div>\r\n\t\t\t<\/div>\r\n\t\t<\/div>\r\n\t\t<\/div>\n\n<div class=\"block block-genesis-custom-blocks-image-texte\">\r\n\t\t    <div class=\"container-fluid full-width image-gauche fond-blanc\">\r\n\t\t\t\t<div class=\"row\">\r\n\t\t\t\t\t<div class=\"col-lg-6\">\r\n\t\t\t\t\t\t<div class=\"image\" style=\"background-image:url('https:\/\/www.lesgets.com\/wp\/..\/app\/uploads\/2020\/04\/Bikepark_les_gets_couche_de_soleil-960x1080.jpg');\"><\/div>\r\n\t\t\t\t\t<\/div>\r\n\t\t\t\t\t<div class=\"col-lg-6\">\r\n\t\t\t\t\t\t<div class=\"conteneur\">\r\n\t\t\t\t\t\t\t<span class=\"subtitle\">Bike<\/span>\r\n\t\t\t\t\t\t\t<h2>Het grootste Bikepark van Europa<\/h2>\r\n\t\t\t\t\t\t\t<div><p>Racefietsen, DH-mountainbikes, Enduro- of elektrische fietsen&#8230; Les Gets is al sinds 1992 een baanbrekende fietsbestemming! Vandaag de dag is het een van &#8216;s werelds toonaangevende plaatsen voor mountainbiken, met een uitzonderlijk Bikepark met 128 km gemarkeerde paden, ook voor e-bikes, en een infrastructuur voor alle niveaus.<\/p>\n<\/div>\r\n                            \t\t\t\t\t\t\t    <a class=\"button hvr-outline-out\" href=\"\/nl\/bike\">Ontdek<\/a>\r\n                            \t\t\t\t\t\t<\/div>\r\n\t\t\t\t\t<\/div>\r\n\t\t\t\t<\/div>\r\n\t\t\t<\/div>\r\n\t\t\t<\/div>\n\n<div class=\"block block-genesis-custom-blocks-image-full-texte\">\t\t<div class=\"container-fluid texte-droite\" style=\"background-image: url('https:\/\/www.lesgets.com\/wp\/..\/app\/uploads\/2020\/05\/2018__village_paysages22_Mel_Carle_OT_Les_Gets-1920x1080.jpg') \">\n\t\t\t<div class=\"row\">\n\t\t\t\t<div class=\"col-lg-6\">\n\t\t\t\t\t<span class=\"subtitle\">Skioord<\/span>\n\t\t\t\t\t<h2>Een wintersportervaring #MadeinLesGets<\/h2>\n\t\t\t\t\t<div class=\"description\"><p>Les Gets, tussen het meer van Gen\u00e8ve en de Mont Blanc, op 1 uur van de luchthaven van Gen\u00e8ve, hoort bij het Frans-Zwitserse Les Portes du Soleil: \u00e9\u00e9n van \u2018s werelds grootste internationale skigebieden. De ideale ligging op een bergpas maakt het bij elk seizoen een zonovergoten plek.<\/p>\n<p>Aan weerszijden van het skioord liggen twee wintersportgebieden met diverse technische niveaus, toegankelijk voor beginners of ervaren glijsporters, maar ook recreatiepistes voor kinderen en een centraal gelegen sneeuwplateau waardoor alles op de ski\u2019s bereikbaar is.<\/p>\n<\/div>\n                    \t\t\t\t\t    <a class=\"button button-ghost hvr-outline-in\" href=\"\/nl\/ontdek-het-skigebied\/bergstation\/\">Ontdek<\/a>\n                    \t\t\t\t<\/div>\n\t\t\t<\/div>\n\t\t<\/div>\n\t\t\n<\/div>\n\n<div class=\"block block-genesis-custom-blocks-activite\">\t\t<div class=\"container-fluid\">\r\n\t\t\t<div class=\"fond-image\" style=\"background-image:url('https:\/\/www.lesgets.com\/wp\/..\/app\/uploads\/2020\/05\/LesGets_2018_Automne_V.Ducrettet-05-1920x1080.jpg');\">\r\n\t\t\t\t<div class=\"container\">\r\n\t\t\t\t\t<div class=\"row\">\r\n\t\t\t\t\t\t<div class=\"col-sm-12\">\r\n\t\t\t\t\t\t\t<span class=\"subtitle\">Milieu &amp; ecotoerisme<\/span>\r\n\t\t\t\t\t\t\t<h2>Een beschermd natuurgebied<\/h2>\r\n\t\t\t\t\t\t\t<a class=\"button hvr-outline-out\" href=\"\/nl\/ontdek-het-skigebied\/ecotoerisme-kwaliteit\/\">Discover<\/a>\t\t\t\t\t\t\t\r\n\t\t\t\t\t\t<\/div>\r\n\t\t\t\t\t<\/div>\r\n\t\t\t\t<\/div>\r\n\t\t\t<\/div>\r\n\t\t<\/div>\r\n\t\t<\/div>","protected":false},"excerpt":{"rendered":"<p>Veel meer dan een bergdorp, kom en ontdek een authentiek en dynamisch resort voor een unieke ervaring #MadeinLesGets.<\/p>\n","protected":false},"author":1,"featured_media":32189,"parent":0,"menu_order":0,"comment_status":"closed","ping_status":"closed","template":"","meta":{"_acf_changed":false,"footnotes":""},"class_list":["post-16589","page","type-page","status-publish","has-post-thumbnail","hentry"],"acf":[],"yoast_head":"<!-- This site is optimized with the Yoast SEO plugin v27.2 - https:\/\/yoast.com\/product\/yoast-seo-wordpress\/ -->\n<title>Ontdek het resort - MadeinLesGets - Les Gets<\/title>\n<meta name=\"description\" content=\"Veel meer dan een bergdorp, kom en ontdek een authentiek en dynamisch resort voor een unieke ervaring #MadeinLesGets.\" \/>\n<meta name=\"robots\" content=\"index, follow, max-snippet:-1, max-image-preview:large, max-video-preview:-1\" \/>\n<link rel=\"canonical\" href=\"https:\/\/www.lesgets.com\/nl\/ontdek-het-skigebied\/\" \/>\n<meta property=\"og:locale\" content=\"nl_NL\" \/>\n<meta property=\"og:type\" content=\"article\" \/>\n<meta property=\"og:title\" content=\"Ontdek het resort - MadeinLesGets - Les Gets\" \/>\n<meta property=\"og:description\" content=\"Veel meer dan een bergdorp, kom en ontdek een authentiek en dynamisch resort voor een unieke ervaring #MadeinLesGets.\" \/>\n<meta property=\"og:url\" content=\"https:\/\/www.lesgets.com\/nl\/ontdek-het-skigebied\/\" \/>\n<meta property=\"og:site_name\" content=\"Les Gets\" \/>\n<meta property=\"article:modified_time\" content=\"2024-10-23T09:06:00+00:00\" \/>\n<meta property=\"og:image\" content=\"https:\/\/www.lesgets.com\/wp\/..\/app\/uploads\/2021\/10\/2021_01_18_vue_village_LD_LesGets_MelCarle_IMG_8208.jpg\" \/>\n\t<meta property=\"og:image:width\" content=\"640\" \/>\n\t<meta property=\"og:image:height\" content=\"427\" \/>\n\t<meta property=\"og:image:type\" content=\"image\/jpeg\" \/>\n<meta name=\"twitter:card\" content=\"summary_large_image\" \/>\n<meta name=\"twitter:label1\" content=\"Est. reading time\" \/>\n\t<meta name=\"twitter:data1\" content=\"1 minute\" \/>\n<script type=\"application\/ld+json\" class=\"yoast-schema-graph\">{\"@context\":\"https:\/\/schema.org\",\"@graph\":[{\"@type\":\"WebPage\",\"@id\":\"https:\/\/www.lesgets.com\/nl\/ontdek-het-skigebied\/\",\"url\":\"https:\/\/www.lesgets.com\/nl\/ontdek-het-skigebied\/\",\"name\":\"Ontdek het resort - MadeinLesGets - Les Gets\",\"isPartOf\":{\"@id\":\"https:\/\/www.lesgets.com\/en\/#website\"},\"primaryImageOfPage\":{\"@id\":\"https:\/\/www.lesgets.com\/nl\/ontdek-het-skigebied\/#primaryimage\"},\"image\":{\"@id\":\"https:\/\/www.lesgets.com\/nl\/ontdek-het-skigebied\/#primaryimage\"},\"thumbnailUrl\":\"https:\/\/www.lesgets.com\/wp\/..\/app\/uploads\/2021\/10\/2021_01_18_vue_village_LD_LesGets_MelCarle_IMG_8208.jpg\",\"datePublished\":\"2020-08-06T13:33:15+00:00\",\"dateModified\":\"2024-10-23T09:06:00+00:00\",\"description\":\"Veel meer dan een bergdorp, kom en ontdek een authentiek en dynamisch resort voor een unieke ervaring #MadeinLesGets.\",\"breadcrumb\":{\"@id\":\"https:\/\/www.lesgets.com\/nl\/ontdek-het-skigebied\/#breadcrumb\"},\"inLanguage\":\"nl-NL\",\"potentialAction\":[{\"@type\":\"ReadAction\",\"target\":[\"https:\/\/www.lesgets.com\/nl\/ontdek-het-skigebied\/\"]}]},{\"@type\":\"ImageObject\",\"inLanguage\":\"nl-NL\",\"@id\":\"https:\/\/www.lesgets.com\/nl\/ontdek-het-skigebied\/#primaryimage\",\"url\":\"https:\/\/www.lesgets.com\/wp\/..\/app\/uploads\/2021\/10\/2021_01_18_vue_village_LD_LesGets_MelCarle_IMG_8208.jpg\",\"contentUrl\":\"https:\/\/www.lesgets.com\/wp\/..\/app\/uploads\/2021\/10\/2021_01_18_vue_village_LD_LesGets_MelCarle_IMG_8208.jpg\",\"width\":1920,\"height\":1280},{\"@type\":\"BreadcrumbList\",\"@id\":\"https:\/\/www.lesgets.com\/nl\/ontdek-het-skigebied\/#breadcrumb\",\"itemListElement\":[{\"@type\":\"ListItem\",\"position\":1,\"name\":\"Accueil\",\"item\":\"https:\/\/www.lesgets.com\/nl\/\"},{\"@type\":\"ListItem\",\"position\":2,\"name\":\"Ontdek het resort\"}]},{\"@type\":\"WebSite\",\"@id\":\"https:\/\/www.lesgets.com\/en\/#website\",\"url\":\"https:\/\/www.lesgets.com\/en\/\",\"name\":\"Les Gets\",\"description\":\"\",\"publisher\":{\"@id\":\"https:\/\/www.lesgets.com\/en\/#organization\"},\"potentialAction\":[{\"@type\":\"SearchAction\",\"target\":{\"@type\":\"EntryPoint\",\"urlTemplate\":\"https:\/\/www.lesgets.com\/en\/?s={search_term_string}\"},\"query-input\":{\"@type\":\"PropertyValueSpecification\",\"valueRequired\":true,\"valueName\":\"search_term_string\"}}],\"inLanguage\":\"nl-NL\"},{\"@type\":\"Organization\",\"@id\":\"https:\/\/www.lesgets.com\/en\/#organization\",\"name\":\"Les Gets\",\"url\":\"https:\/\/www.lesgets.com\/en\/\",\"logo\":{\"@type\":\"ImageObject\",\"inLanguage\":\"nl-NL\",\"@id\":\"https:\/\/www.lesgets.com\/en\/#\/schema\/logo\/image\/\",\"url\":\"https:\/\/www.lesgets.com\/wp\/..\/app\/uploads\/2020\/06\/logo_lesgets.png\",\"contentUrl\":\"https:\/\/www.lesgets.com\/wp\/..\/app\/uploads\/2020\/06\/logo_lesgets.png\",\"width\":136,\"height\":115,\"caption\":\"Les Gets\"},\"image\":{\"@id\":\"https:\/\/www.lesgets.com\/en\/#\/schema\/logo\/image\/\"}}]}<\/script>\n<!-- \/ Yoast SEO plugin. -->","yoast_head_json":{"title":"Ontdek het resort - MadeinLesGets - Les Gets","description":"Veel meer dan een bergdorp, kom en ontdek een authentiek en dynamisch resort voor een unieke ervaring #MadeinLesGets.","robots":{"index":"index","follow":"follow","max-snippet":"max-snippet:-1","max-image-preview":"max-image-preview:large","max-video-preview":"max-video-preview:-1"},"canonical":"https:\/\/www.lesgets.com\/nl\/ontdek-het-skigebied\/","og_locale":"nl_NL","og_type":"article","og_title":"Ontdek het resort - MadeinLesGets - Les Gets","og_description":"Veel meer dan een bergdorp, kom en ontdek een authentiek en dynamisch resort voor een unieke ervaring #MadeinLesGets.","og_url":"https:\/\/www.lesgets.com\/nl\/ontdek-het-skigebied\/","og_site_name":"Les Gets","article_modified_time":"2024-10-23T09:06:00+00:00","og_image":[{"url":"https:\/\/www.lesgets.com\/wp\/..\/app\/uploads\/2021\/10\/2021_01_18_vue_village_LD_LesGets_MelCarle_IMG_8208.jpg","width":640,"height":427,"type":"image\/jpeg"}],"twitter_card":"summary_large_image","twitter_misc":{"Est. reading time":"1 minute"},"schema":{"@context":"https:\/\/schema.org","@graph":[{"@type":"WebPage","@id":"https:\/\/www.lesgets.com\/nl\/ontdek-het-skigebied\/","url":"https:\/\/www.lesgets.com\/nl\/ontdek-het-skigebied\/","name":"Ontdek het resort - MadeinLesGets - Les Gets","isPartOf":{"@id":"https:\/\/www.lesgets.com\/en\/#website"},"primaryImageOfPage":{"@id":"https:\/\/www.lesgets.com\/nl\/ontdek-het-skigebied\/#primaryimage"},"image":{"@id":"https:\/\/www.lesgets.com\/nl\/ontdek-het-skigebied\/#primaryimage"},"thumbnailUrl":"https:\/\/www.lesgets.com\/wp\/..\/app\/uploads\/2021\/10\/2021_01_18_vue_village_LD_LesGets_MelCarle_IMG_8208.jpg","datePublished":"2020-08-06T13:33:15+00:00","dateModified":"2024-10-23T09:06:00+00:00","description":"Veel meer dan een bergdorp, kom en ontdek een authentiek en dynamisch resort voor een unieke ervaring #MadeinLesGets.","breadcrumb":{"@id":"https:\/\/www.lesgets.com\/nl\/ontdek-het-skigebied\/#breadcrumb"},"inLanguage":"nl-NL","potentialAction":[{"@type":"ReadAction","target":["https:\/\/www.lesgets.com\/nl\/ontdek-het-skigebied\/"]}]},{"@type":"ImageObject","inLanguage":"nl-NL","@id":"https:\/\/www.lesgets.com\/nl\/ontdek-het-skigebied\/#primaryimage","url":"https:\/\/www.lesgets.com\/wp\/..\/app\/uploads\/2021\/10\/2021_01_18_vue_village_LD_LesGets_MelCarle_IMG_8208.jpg","contentUrl":"https:\/\/www.lesgets.com\/wp\/..\/app\/uploads\/2021\/10\/2021_01_18_vue_village_LD_LesGets_MelCarle_IMG_8208.jpg","width":1920,"height":1280},{"@type":"BreadcrumbList","@id":"https:\/\/www.lesgets.com\/nl\/ontdek-het-skigebied\/#breadcrumb","itemListElement":[{"@type":"ListItem","position":1,"name":"Accueil","item":"https:\/\/www.lesgets.com\/nl\/"},{"@type":"ListItem","position":2,"name":"Ontdek het resort"}]},{"@type":"WebSite","@id":"https:\/\/www.lesgets.com\/en\/#website","url":"https:\/\/www.lesgets.com\/en\/","name":"Les Gets","description":"","publisher":{"@id":"https:\/\/www.lesgets.com\/en\/#organization"},"potentialAction":[{"@type":"SearchAction","target":{"@type":"EntryPoint","urlTemplate":"https:\/\/www.lesgets.com\/en\/?s={search_term_string}"},"query-input":{"@type":"PropertyValueSpecification","valueRequired":true,"valueName":"search_term_string"}}],"inLanguage":"nl-NL"},{"@type":"Organization","@id":"https:\/\/www.lesgets.com\/en\/#organization","name":"Les Gets","url":"https:\/\/www.lesgets.com\/en\/","logo":{"@type":"ImageObject","inLanguage":"nl-NL","@id":"https:\/\/www.lesgets.com\/en\/#\/schema\/logo\/image\/","url":"https:\/\/www.lesgets.com\/wp\/..\/app\/uploads\/2020\/06\/logo_lesgets.png","contentUrl":"https:\/\/www.lesgets.com\/wp\/..\/app\/uploads\/2020\/06\/logo_lesgets.png","width":136,"height":115,"caption":"Les Gets"},"image":{"@id":"https:\/\/www.lesgets.com\/en\/#\/schema\/logo\/image\/"}}]}},"featured_image_src":"https:\/\/www.lesgets.com\/wp\/..\/app\/uploads\/2021\/10\/2021_01_18_vue_village_LD_LesGets_MelCarle_IMG_8208-600x400.jpg","featured_image_src_square":"https:\/\/www.lesgets.com\/wp\/..\/app\/uploads\/2021\/10\/2021_01_18_vue_village_LD_LesGets_MelCarle_IMG_8208-600x600.jpg","_links":{"self":[{"href":"https:\/\/www.lesgets.com\/nl\/wp-json\/wp\/v2\/pages\/16589","targetHints":{"allow":["GET"]}}],"collection":[{"href":"https:\/\/www.lesgets.com\/nl\/wp-json\/wp\/v2\/pages"}],"about":[{"href":"https:\/\/www.lesgets.com\/nl\/wp-json\/wp\/v2\/types\/page"}],"author":[{"embeddable":true,"href":"https:\/\/www.lesgets.com\/nl\/wp-json\/wp\/v2\/users\/1"}],"replies":[{"embeddable":true,"href":"https:\/\/www.lesgets.com\/nl\/wp-json\/wp\/v2\/comments?post=16589"}],"version-history":[{"count":5,"href":"https:\/\/www.lesgets.com\/nl\/wp-json\/wp\/v2\/pages\/16589\/revisions"}],"predecessor-version":[{"id":51025,"href":"https:\/\/www.lesgets.com\/nl\/wp-json\/wp\/v2\/pages\/16589\/revisions\/51025"}],"wp:featuredmedia":[{"embeddable":true,"href":"https:\/\/www.lesgets.com\/nl\/wp-json\/wp\/v2\/media\/32189"}],"wp:attachment":[{"href":"https:\/\/www.lesgets.com\/nl\/wp-json\/wp\/v2\/media?parent=16589"}],"curies":[{"name":"wp","href":"https:\/\/api.w.org\/{rel}","templated":true}]}}