{"id":16625,"date":"2020-08-06T15:53:45","date_gmt":"2020-08-06T13:53:45","guid":{"rendered":"https:\/\/www.lesgets.com\/winter-activiteiten\/sports\/"},"modified":"2021-08-31T09:42:21","modified_gmt":"2021-08-31T07:42:21","slug":"sporten","status":"publish","type":"page","link":"https:\/\/www.lesgets.com\/nl\/wat-is-er-te-doen\/winter-activiteiten\/sporten\/","title":{"rendered":"Sporten"},"content":{"rendered":"<div class=\"block block-core-spacer\">\n<div style=\"height:50px\" aria-hidden=\"true\" class=\"wp-block-spacer\"><\/div>\n<\/div>\n\n<p>Met een openluchtspeeltuin, in een omgeving die zowel behouden blijft als dynamisch is, biedt Les Gets resort een breed scala aan buiten- en binnensporten om uw batterijen op te laden met behoud van de natuur.<\/p>\n<p>Afdaling of langlaufen, skitochten, sneeuwschoenwandelen, cani-rando of paragliding&#8230; Vind alle sportieve activiteiten die in de winter mogelijk zijn in Les Gets.<\/p>\n\n<div class=\"block block-core-spacer\">\n<div style=\"height:30px\" aria-hidden=\"true\" class=\"wp-block-spacer\"><\/div>\n<\/div>\n\n<div class=\"block block-genesis-custom-blocks-pushs\">    <div class=\"pushs-inside blanc\">\r\n        <div class=\"container\">\r\n            <div class=\"row\">\r\n                                        <div class=\"col-4\">\r\n                            <a href=\"https:\/\/www.lesgets.com\/nl\/wat-is-er-te-doen\/winter-activiteiten\/sporten\/skien\/\">\r\n                                <div class=\"img\"><img decoding=\"async\" src=\"https:\/\/www.lesgets.com\/wp\/..\/app\/uploads\/2020\/05\/2018_Ski_Famille_Enfants-08227_Keno_Photographie_OT_Les_Gets-1920x1080.jpg\" alt=\"Famille en ski avec parents qui apprennent \u00e0 leur enfant \u00e0 skier\">\r\n                                <\/div>\r\n                                <div class=\"conteneur\">\r\n                                    <h3>Ski\u00ebn<\/h3>\r\n                                    <p>Vind hier alle informatie over ski\u00ebn in Les Gets: skischolen, verhuur van materiaal, berggidsen &#8230;<\/p>\r\n                                <\/div>\r\n                            <\/a>\r\n                        <\/div>\r\n                                                <div class=\"col-4\">\r\n                            <a href=\"https:\/\/www.lesgets.com\/nl\/wat-is-er-te-doen\/winter-activiteiten\/sporten\/wandelen-sneeuwschoen\/\">\r\n                                <div class=\"img\"><img decoding=\"async\" src=\"https:\/\/www.lesgets.com\/wp\/..\/app\/uploads\/2021\/01\/2021_01_08_raquettes_esf_moniteur_loex_LD_lesgets_Mel_Carle_IMG_7784-1920x1080.jpg\" alt=\"\">\r\n                                <\/div>\r\n                                <div class=\"conteneur\">\r\n                                    <h3>Wandelen &#038; sneeuwschoen wandeltochten<\/h3>\r\n                                    <p>Profiteer van de aangelegde paden van het resort voor een wandeling of een tocht op sneeuwschoenen in de sneeuw.<\/p>\r\n                                <\/div>\r\n                            <\/a>\r\n                        <\/div>\r\n                                                <div class=\"col-4\">\r\n                            <a href=\"https:\/\/www.lesgets.com\/nl\/wat-is-er-te-doen\/winter-activiteiten\/sporten\/cani-cross-in-winter\/\">\r\n                                <div class=\"img\"><img decoding=\"async\" src=\"https:\/\/www.lesgets.com\/wp\/..\/app\/uploads\/2020\/05\/LesGets_2019_Canirando_hiver_D.Lagorce_01-1-1920x1080.jpg\" alt=\"Groupe faisant une balade \u00e0 pied en hiver arnach\u00e9s \u00e0 des chiens\">\r\n                                <\/div>\r\n                                <div class=\"conteneur\">\r\n                                    <h3>Cani-cross winter<\/h3>\r\n                                    <p>Cani-cross is een wandeling waarbij een hond aan uw heupen dmv een gordel vasthoudt. Het is ideaal om kinderen te laten genieten van het wandelen en het stelt volwassenen in staat nieuwe paden te betreden.<\/p>\r\n                                <\/div>\r\n                            <\/a>\r\n                        <\/div>\r\n                                    <\/div>\r\n        <\/div>\r\n    <\/div>\r\n<\/div>\n\n<div class=\"block block-genesis-custom-blocks-pushs\">    <div class=\"pushs-inside blanc\">\r\n        <div class=\"container\">\r\n            <div class=\"row\">\r\n                                        <div class=\"col-4\">\r\n                            <a href=\"https:\/\/www.lesgets.com\/nl\/ontdek-het-skigebied\/skien-wintersporten\/langlaufgebied\/\">\r\n                                <div class=\"img\"><img decoding=\"async\" src=\"https:\/\/www.lesgets.com\/wp\/..\/app\/uploads\/2020\/04\/Ski_de_fond-1920x1080.jpg\" alt=\"Deux personnes faisant du ski de fond avec chalet et sapins enneig\u00e9s\">\r\n                                <\/div>\r\n                                <div class=\"conteneur\">\r\n                                    <h3>Langlaufgebied<\/h3>\r\n                                    <p>Ontdek de verschillende langlauf paden in Les Gets, aan de kant van Chavannes en de Mont Ch\u00e9ry. Verschillende tracks voor alle niveaus.<\/p>\r\n                                <\/div>\r\n                            <\/a>\r\n                        <\/div>\r\n                                                <div class=\"col-4\">\r\n                            <a href=\"https:\/\/www.lesgets.com\/nl\/ontdek-het-skigebied\/skien-wintersporten\/toerski\/\">\r\n                                <div class=\"img\"><img decoding=\"async\" src=\"https:\/\/www.lesgets.com\/wp\/..\/app\/uploads\/2025\/10\/bloc_header_ski_randonnee-1920x1080.jpg\" alt=\"ski-randonnee-les-gets\">\r\n                                <\/div>\r\n                                <div class=\"conteneur\">\r\n                                    <h3>Toerski\u00ebn<\/h3>\r\n                                    <p>Les Gets biedt u een gemarkeerde en veilige toerskiroute op de Mont Ch\u00e9ry. Geniet bij aankomst van het uitzicht op de Mont Blanc.<\/p>\r\n                                <\/div>\r\n                            <\/a>\r\n                        <\/div>\r\n                                                <div class=\"col-4\">\r\n                            <a href=\"https:\/\/www.lesgets.com\/nl\/wat-is-er-te-doen\/zomeractiviteiten\/sporten\/fitness\/\">\r\n                                <div class=\"img\"><img decoding=\"async\" src=\"https:\/\/www.lesgets.com\/wp\/..\/app\/uploads\/2020\/05\/LesGets_2020_Fitness_Fitlife_01-1-1920x1080.jpeg\" alt=\"Salle de fitness et de musculation avec tapis et appareils\">\r\n                                <\/div>\r\n                                <div class=\"conteneur\">\r\n                                    <h3>Fitness<\/h3>\r\n                                    <p>Hier is de lijst van etablissementen in Les Gets met fitnessruimtes of sportlessen.<\/p>\r\n                                <\/div>\r\n                            <\/a>\r\n                        <\/div>\r\n                                    <\/div>\r\n        <\/div>\r\n    <\/div>\r\n<\/div>","protected":false},"excerpt":{"rendered":"<p>Alpineski\u00ebn of wandelen, sneeuwschoenwandelen of cani-cross &#8230; In Les Gets zijn in de winter alle sportieve activiteiten mogelijk.<\/p>\n","protected":false},"author":4,"featured_media":6997,"parent":16620,"menu_order":0,"comment_status":"closed","ping_status":"closed","template":"","meta":{"_acf_changed":false,"footnotes":""},"class_list":["post-16625","page","type-page","status-publish","has-post-thumbnail","hentry"],"acf":[],"yoast_head":"<!-- This site is optimized with the Yoast SEO plugin v27.5 - https:\/\/yoast.com\/product\/yoast-seo-wordpress\/ -->\n<title>Sporten - Alle winteractiviteiten - Les Gets<\/title>\n<meta name=\"description\" content=\"Alpineski\u00ebn of wandelen, sneeuwschoenwandelen of cani-cross ... In Les Gets zijn in de winter alle sportieve activiteiten mogelijk.\" \/>\n<meta name=\"robots\" content=\"index, follow, max-snippet:-1, max-image-preview:large, max-video-preview:-1\" \/>\n<link rel=\"canonical\" href=\"https:\/\/www.lesgets.com\/nl\/wat-is-er-te-doen\/winter-activiteiten\/sporten\/\" \/>\n<meta property=\"og:locale\" content=\"nl_NL\" \/>\n<meta property=\"og:type\" content=\"article\" \/>\n<meta property=\"og:title\" content=\"Sporten - Alle winteractiviteiten - Les Gets\" \/>\n<meta property=\"og:description\" content=\"Alpineski\u00ebn of wandelen, sneeuwschoenwandelen of cani-cross ... In Les Gets zijn in de winter alle sportieve activiteiten mogelijk.\" \/>\n<meta property=\"og:url\" content=\"https:\/\/www.lesgets.com\/nl\/wat-is-er-te-doen\/winter-activiteiten\/sporten\/\" \/>\n<meta property=\"og:site_name\" content=\"Les Gets\" \/>\n<meta property=\"article:modified_time\" content=\"2021-08-31T07:42:21+00:00\" \/>\n<meta property=\"og:image\" content=\"https:\/\/www.lesgets.com\/..\/app\/uploads\/2020\/05\/LesGets_2019_ski_amis_Keno_Derleyn_03.jpg\" \/>\n\t<meta property=\"og:image:width\" content=\"1920\" \/>\n\t<meta property=\"og:image:height\" content=\"1281\" \/>\n\t<meta property=\"og:image:type\" content=\"image\/jpeg\" \/>\n<meta name=\"twitter:card\" content=\"summary_large_image\" \/>\n<script type=\"application\/ld+json\" class=\"yoast-schema-graph\">{\"@context\":\"https:\\\/\\\/schema.org\",\"@graph\":[{\"@type\":\"WebPage\",\"@id\":\"https:\\\/\\\/www.lesgets.com\\\/nl\\\/wat-is-er-te-doen\\\/winter-activiteiten\\\/sporten\\\/\",\"url\":\"https:\\\/\\\/www.lesgets.com\\\/nl\\\/wat-is-er-te-doen\\\/winter-activiteiten\\\/sporten\\\/\",\"name\":\"Sporten - Alle winteractiviteiten - Les Gets\",\"isPartOf\":{\"@id\":\"https:\\\/\\\/www.lesgets.com\\\/en\\\/#website\"},\"primaryImageOfPage\":{\"@id\":\"https:\\\/\\\/www.lesgets.com\\\/nl\\\/wat-is-er-te-doen\\\/winter-activiteiten\\\/sporten\\\/#primaryimage\"},\"image\":{\"@id\":\"https:\\\/\\\/www.lesgets.com\\\/nl\\\/wat-is-er-te-doen\\\/winter-activiteiten\\\/sporten\\\/#primaryimage\"},\"thumbnailUrl\":\"https:\\\/\\\/www.lesgets.com\\\/wp\\\/..\\\/app\\\/uploads\\\/2020\\\/05\\\/LesGets_2019_ski_amis_Keno_Derleyn_03.jpg\",\"datePublished\":\"2020-08-06T13:53:45+00:00\",\"dateModified\":\"2021-08-31T07:42:21+00:00\",\"description\":\"Alpineski\u00ebn of wandelen, sneeuwschoenwandelen of cani-cross ... In Les Gets zijn in de winter alle sportieve activiteiten mogelijk.\",\"breadcrumb\":{\"@id\":\"https:\\\/\\\/www.lesgets.com\\\/nl\\\/wat-is-er-te-doen\\\/winter-activiteiten\\\/sporten\\\/#breadcrumb\"},\"inLanguage\":\"nl-NL\",\"potentialAction\":[{\"@type\":\"ReadAction\",\"target\":[\"https:\\\/\\\/www.lesgets.com\\\/nl\\\/wat-is-er-te-doen\\\/winter-activiteiten\\\/sporten\\\/\"]}]},{\"@type\":\"ImageObject\",\"inLanguage\":\"nl-NL\",\"@id\":\"https:\\\/\\\/www.lesgets.com\\\/nl\\\/wat-is-er-te-doen\\\/winter-activiteiten\\\/sporten\\\/#primaryimage\",\"url\":\"https:\\\/\\\/www.lesgets.com\\\/wp\\\/..\\\/app\\\/uploads\\\/2020\\\/05\\\/LesGets_2019_ski_amis_Keno_Derleyn_03.jpg\",\"contentUrl\":\"https:\\\/\\\/www.lesgets.com\\\/wp\\\/..\\\/app\\\/uploads\\\/2020\\\/05\\\/LesGets_2019_ski_amis_Keno_Derleyn_03.jpg\",\"width\":1920,\"height\":1281,\"caption\":\"Skieurs et snowboardeuse en hiver\"},{\"@type\":\"BreadcrumbList\",\"@id\":\"https:\\\/\\\/www.lesgets.com\\\/nl\\\/wat-is-er-te-doen\\\/winter-activiteiten\\\/sporten\\\/#breadcrumb\",\"itemListElement\":[{\"@type\":\"ListItem\",\"position\":1,\"name\":\"Accueil\",\"item\":\"https:\\\/\\\/www.lesgets.com\\\/nl\\\/\"},{\"@type\":\"ListItem\",\"position\":2,\"name\":\"Wat is er te doen?\",\"item\":\"https:\\\/\\\/www.lesgets.com\\\/nl\\\/wat-is-er-te-doen\\\/\"},{\"@type\":\"ListItem\",\"position\":3,\"name\":\"Winter activiteiten\",\"item\":\"https:\\\/\\\/www.lesgets.com\\\/nl\\\/wat-is-er-te-doen\\\/winter-activiteiten\\\/\"},{\"@type\":\"ListItem\",\"position\":4,\"name\":\"Sporten\"}]},{\"@type\":\"WebSite\",\"@id\":\"https:\\\/\\\/www.lesgets.com\\\/en\\\/#website\",\"url\":\"https:\\\/\\\/www.lesgets.com\\\/en\\\/\",\"name\":\"Les Gets\",\"description\":\"\",\"publisher\":{\"@id\":\"https:\\\/\\\/www.lesgets.com\\\/en\\\/#organization\"},\"potentialAction\":[{\"@type\":\"SearchAction\",\"target\":{\"@type\":\"EntryPoint\",\"urlTemplate\":\"https:\\\/\\\/www.lesgets.com\\\/en\\\/?s={search_term_string}\"},\"query-input\":{\"@type\":\"PropertyValueSpecification\",\"valueRequired\":true,\"valueName\":\"search_term_string\"}}],\"inLanguage\":\"nl-NL\"},{\"@type\":\"Organization\",\"@id\":\"https:\\\/\\\/www.lesgets.com\\\/en\\\/#organization\",\"name\":\"Les Gets\",\"url\":\"https:\\\/\\\/www.lesgets.com\\\/en\\\/\",\"logo\":{\"@type\":\"ImageObject\",\"inLanguage\":\"nl-NL\",\"@id\":\"https:\\\/\\\/www.lesgets.com\\\/en\\\/#\\\/schema\\\/logo\\\/image\\\/\",\"url\":\"https:\\\/\\\/www.lesgets.com\\\/wp\\\/..\\\/app\\\/uploads\\\/2020\\\/06\\\/logo_lesgets.png\",\"contentUrl\":\"https:\\\/\\\/www.lesgets.com\\\/wp\\\/..\\\/app\\\/uploads\\\/2020\\\/06\\\/logo_lesgets.png\",\"width\":136,\"height\":115,\"caption\":\"Les Gets\"},\"image\":{\"@id\":\"https:\\\/\\\/www.lesgets.com\\\/en\\\/#\\\/schema\\\/logo\\\/image\\\/\"}}]}<\/script>\n<!-- \/ Yoast SEO plugin. -->","yoast_head_json":{"title":"Sporten - Alle winteractiviteiten - Les Gets","description":"Alpineski\u00ebn of wandelen, sneeuwschoenwandelen of cani-cross ... In Les Gets zijn in de winter alle sportieve activiteiten mogelijk.","robots":{"index":"index","follow":"follow","max-snippet":"max-snippet:-1","max-image-preview":"max-image-preview:large","max-video-preview":"max-video-preview:-1"},"canonical":"https:\/\/www.lesgets.com\/nl\/wat-is-er-te-doen\/winter-activiteiten\/sporten\/","og_locale":"nl_NL","og_type":"article","og_title":"Sporten - Alle winteractiviteiten - Les Gets","og_description":"Alpineski\u00ebn of wandelen, sneeuwschoenwandelen of cani-cross ... In Les Gets zijn in de winter alle sportieve activiteiten mogelijk.","og_url":"https:\/\/www.lesgets.com\/nl\/wat-is-er-te-doen\/winter-activiteiten\/sporten\/","og_site_name":"Les Gets","article_modified_time":"2021-08-31T07:42:21+00:00","og_image":[{"width":1920,"height":1281,"url":"https:\/\/www.lesgets.com\/..\/app\/uploads\/2020\/05\/LesGets_2019_ski_amis_Keno_Derleyn_03.jpg","type":"image\/jpeg"}],"twitter_card":"summary_large_image","schema":{"@context":"https:\/\/schema.org","@graph":[{"@type":"WebPage","@id":"https:\/\/www.lesgets.com\/nl\/wat-is-er-te-doen\/winter-activiteiten\/sporten\/","url":"https:\/\/www.lesgets.com\/nl\/wat-is-er-te-doen\/winter-activiteiten\/sporten\/","name":"Sporten - Alle winteractiviteiten - Les Gets","isPartOf":{"@id":"https:\/\/www.lesgets.com\/en\/#website"},"primaryImageOfPage":{"@id":"https:\/\/www.lesgets.com\/nl\/wat-is-er-te-doen\/winter-activiteiten\/sporten\/#primaryimage"},"image":{"@id":"https:\/\/www.lesgets.com\/nl\/wat-is-er-te-doen\/winter-activiteiten\/sporten\/#primaryimage"},"thumbnailUrl":"https:\/\/www.lesgets.com\/wp\/..\/app\/uploads\/2020\/05\/LesGets_2019_ski_amis_Keno_Derleyn_03.jpg","datePublished":"2020-08-06T13:53:45+00:00","dateModified":"2021-08-31T07:42:21+00:00","description":"Alpineski\u00ebn of wandelen, sneeuwschoenwandelen of cani-cross ... In Les Gets zijn in de winter alle sportieve activiteiten mogelijk.","breadcrumb":{"@id":"https:\/\/www.lesgets.com\/nl\/wat-is-er-te-doen\/winter-activiteiten\/sporten\/#breadcrumb"},"inLanguage":"nl-NL","potentialAction":[{"@type":"ReadAction","target":["https:\/\/www.lesgets.com\/nl\/wat-is-er-te-doen\/winter-activiteiten\/sporten\/"]}]},{"@type":"ImageObject","inLanguage":"nl-NL","@id":"https:\/\/www.lesgets.com\/nl\/wat-is-er-te-doen\/winter-activiteiten\/sporten\/#primaryimage","url":"https:\/\/www.lesgets.com\/wp\/..\/app\/uploads\/2020\/05\/LesGets_2019_ski_amis_Keno_Derleyn_03.jpg","contentUrl":"https:\/\/www.lesgets.com\/wp\/..\/app\/uploads\/2020\/05\/LesGets_2019_ski_amis_Keno_Derleyn_03.jpg","width":1920,"height":1281,"caption":"Skieurs et snowboardeuse en hiver"},{"@type":"BreadcrumbList","@id":"https:\/\/www.lesgets.com\/nl\/wat-is-er-te-doen\/winter-activiteiten\/sporten\/#breadcrumb","itemListElement":[{"@type":"ListItem","position":1,"name":"Accueil","item":"https:\/\/www.lesgets.com\/nl\/"},{"@type":"ListItem","position":2,"name":"Wat is er te doen?","item":"https:\/\/www.lesgets.com\/nl\/wat-is-er-te-doen\/"},{"@type":"ListItem","position":3,"name":"Winter activiteiten","item":"https:\/\/www.lesgets.com\/nl\/wat-is-er-te-doen\/winter-activiteiten\/"},{"@type":"ListItem","position":4,"name":"Sporten"}]},{"@type":"WebSite","@id":"https:\/\/www.lesgets.com\/en\/#website","url":"https:\/\/www.lesgets.com\/en\/","name":"Les Gets","description":"","publisher":{"@id":"https:\/\/www.lesgets.com\/en\/#organization"},"potentialAction":[{"@type":"SearchAction","target":{"@type":"EntryPoint","urlTemplate":"https:\/\/www.lesgets.com\/en\/?s={search_term_string}"},"query-input":{"@type":"PropertyValueSpecification","valueRequired":true,"valueName":"search_term_string"}}],"inLanguage":"nl-NL"},{"@type":"Organization","@id":"https:\/\/www.lesgets.com\/en\/#organization","name":"Les Gets","url":"https:\/\/www.lesgets.com\/en\/","logo":{"@type":"ImageObject","inLanguage":"nl-NL","@id":"https:\/\/www.lesgets.com\/en\/#\/schema\/logo\/image\/","url":"https:\/\/www.lesgets.com\/wp\/..\/app\/uploads\/2020\/06\/logo_lesgets.png","contentUrl":"https:\/\/www.lesgets.com\/wp\/..\/app\/uploads\/2020\/06\/logo_lesgets.png","width":136,"height":115,"caption":"Les Gets"},"image":{"@id":"https:\/\/www.lesgets.com\/en\/#\/schema\/logo\/image\/"}}]}},"featured_image_src":"https:\/\/www.lesgets.com\/wp\/..\/app\/uploads\/2020\/05\/LesGets_2019_ski_amis_Keno_Derleyn_03-600x400.jpg","featured_image_src_square":"https:\/\/www.lesgets.com\/wp\/..\/app\/uploads\/2020\/05\/LesGets_2019_ski_amis_Keno_Derleyn_03-600x600.jpg","_links":{"self":[{"href":"https:\/\/www.lesgets.com\/nl\/wp-json\/wp\/v2\/pages\/16625","targetHints":{"allow":["GET"]}}],"collection":[{"href":"https:\/\/www.lesgets.com\/nl\/wp-json\/wp\/v2\/pages"}],"about":[{"href":"https:\/\/www.lesgets.com\/nl\/wp-json\/wp\/v2\/types\/page"}],"author":[{"embeddable":true,"href":"https:\/\/www.lesgets.com\/nl\/wp-json\/wp\/v2\/users\/4"}],"replies":[{"embeddable":true,"href":"https:\/\/www.lesgets.com\/nl\/wp-json\/wp\/v2\/comments?post=16625"}],"version-history":[{"count":5,"href":"https:\/\/www.lesgets.com\/nl\/wp-json\/wp\/v2\/pages\/16625\/revisions"}],"predecessor-version":[{"id":31722,"href":"https:\/\/www.lesgets.com\/nl\/wp-json\/wp\/v2\/pages\/16625\/revisions\/31722"}],"up":[{"embeddable":true,"href":"https:\/\/www.lesgets.com\/nl\/wp-json\/wp\/v2\/pages\/16620"}],"wp:featuredmedia":[{"embeddable":true,"href":"https:\/\/www.lesgets.com\/nl\/wp-json\/wp\/v2\/media\/6997"}],"wp:attachment":[{"href":"https:\/\/www.lesgets.com\/nl\/wp-json\/wp\/v2\/media?parent=16625"}],"curies":[{"name":"wp","href":"https:\/\/api.w.org\/{rel}","templated":true}]}}