{"id":16650,"date":"2020-08-06T16:39:05","date_gmt":"2020-08-06T14:39:05","guid":{"rendered":"https:\/\/www.lesgets.com\/activites-ete-enfants\/"},"modified":"2024-10-23T10:44:59","modified_gmt":"2024-10-23T08:44:59","slug":"zomeractiviteiten-kinderen","status":"publish","type":"page","link":"https:\/\/www.lesgets.com\/nl\/wat-is-er-te-doen\/zomeractiviteiten\/zomeractiviteiten-kinderen\/","title":{"rendered":"Zomeractiviteiten voor kinderen"},"content":{"rendered":"<div class=\"block block-core-spacer\">\n<div style=\"height:50px\" aria-hidden=\"true\" class=\"wp-block-spacer\"><\/div>\n<\/div>\n\n<div class=\"block block-core-paragraph\">\n<p>Uw kinderen zullen zich niet vervelen in les Gets! <\/p>\n<\/div>\n\n<div class=\"block block-core-paragraph\">\n<p>Ze kunnen plezier hebben in het aquapark Wibit bij het meer, op de speelterreinen en -plaatsen, op de draaimolen midden in het resort, en er zijn nog veel meer sporten en spelletjes te doen. <\/p>\n<\/div>\n\n<div class=\"block block-core-paragraph\">\n<p>Wilt u genieten van een moment samen met uw wederhelft? U kunt uw kinderen met een gerust hart toevertrouwen aan de zorgen van bekwaam personeel van de verschillende soorten kinderopvang in het resort.<\/p>\n<\/div>\n\n<div class=\"block block-core-spacer\">\n<div style=\"height:30px\" aria-hidden=\"true\" class=\"wp-block-spacer\"><\/div>\n<\/div>\n\n<div class=\"block block-genesis-custom-blocks-pushs\">    <div class=\"pushs-inside blanc\">\r\n        <div class=\"container\">\r\n            <div class=\"row\">\r\n                                        <div class=\"col-4\">\r\n                            <a href=\"https:\/\/www.lesgets.com\/nl\/wat-is-er-te-doen\/zomeractiviteiten\/sportactiviteiten\/wibit\/\">\r\n                                <div class=\"img\"><img decoding=\"async\" src=\"https:\/\/www.lesgets.com\/wp\/..\/app\/uploads\/2020\/04\/DSC08394-1920x1080.jpg\" alt=\"Parc aquatique gonflabl Wibit sur le lac des \u00e9coles aux Gets\">\r\n                                <\/div>\r\n                                <div class=\"conteneur\">\r\n                                    <h3>Wibit<\/h3>\r\n                                    <p>Geniet met uw gezin van een leuk moment in het opblaasbare waterpark Wibit in Les Gets aan het meer &#8220;des Ecoles&#8221;. Lachen en plezier gegarandeerd! <\/p>\r\n                                <\/div>\r\n                            <\/a>\r\n                        <\/div>\r\n                                                <div class=\"col-4\">\r\n                            <a href=\"https:\/\/www.lesgets.com\/nl\/wat-is-er-te-doen\/zomeractiviteiten\/sportactiviteiten\/zwemmeer\/\">\r\n                                <div class=\"img\"><img decoding=\"async\" src=\"https:\/\/www.lesgets.com\/wp\/..\/app\/uploads\/2020\/05\/Lac-des-ecoles-les-gets-1920x1080.jpg\" alt=\"Lac de montagne en \u00e9t\u00e9 avec jeu gonflable et toboggan\">\r\n                                <\/div>\r\n                                <div class=\"conteneur\">\r\n                                    <h3>Recreatiemeer<\/h3>\r\n                                    <p>Het zwemmeer in Les Gets is een bewaakt bergmeer. Fantastische omgeving, glijbanen, waterpark &#8230; Iets om het hele gezin te plezieren!<\/p>\r\n                                <\/div>\r\n                            <\/a>\r\n                        <\/div>\r\n                                                <div class=\"col-4\">\r\n                            <a href=\"https:\/\/www.lesgets.com\/nl\/wat-is-er-te-doen\/alta-lumina\/\">\r\n                                <div class=\"img\"><img decoding=\"async\" src=\"https:\/\/www.lesgets.com\/wp\/..\/app\/uploads\/2025\/10\/2022_01_10_alta_lumina_neige_LauraBureau_-30_LD-1920x1080.jpg\" alt=\"Alta_Lumina\">\r\n                                <\/div>\r\n                                <div class=\"conteneur\">\r\n                                    <h3>Alta Lumina<\/h3>\r\n                                    <p>Terwijl de nacht valt in het hart van het bos, dompelt het gloednieuwe Alta Lumina-pad je onder in een denkbeeldige wereld waar het verhaal wordt verteld door een uniek spel van licht en beeld.<\/p>\r\n                                <\/div>\r\n                            <\/a>\r\n                        <\/div>\r\n                                    <\/div>\r\n        <\/div>\r\n    <\/div>\r\n<\/div>\n\n<div class=\"block block-genesis-custom-blocks-pushs\">    <div class=\"pushs-inside blanc\">\r\n        <div class=\"container\">\r\n            <div class=\"row\">\r\n                                        <div class=\"col-4\">\r\n                            <a href=\"https:\/\/www.lesgets.com\/nl\/wat-is-er-te-doen\/zomeractiviteiten\/zomeractiviteiten-kinderen\/zomer-kinderopvang\/\">\r\n                                <div class=\"img\"><img decoding=\"async\" src=\"https:\/\/www.lesgets.com\/wp\/..\/app\/uploads\/2020\/05\/garderie-les-fripouilles4.jpg\" alt=\"Salle principale d'une garderie avec tables, meubles et d\u00e9corations\">\r\n                                <\/div>\r\n                                <div class=\"conteneur\">\r\n                                    <h3>Zomer kinderopvang<\/h3>\r\n                                    <p>Plaats uw kinderen in een van de kinderdagverblijven van het resort en geniet in alle rust van uw vakantie.<\/p>\r\n                                <\/div>\r\n                            <\/a>\r\n                        <\/div>\r\n                                                <div class=\"col-4\">\r\n                            <a href=\"https:\/\/www.lesgets.com\/nl\/wat-is-er-te-doen\/zomeractiviteiten\/sporten\/cani-cross\/\">\r\n                                <div class=\"img\"><img decoding=\"async\" src=\"https:\/\/www.lesgets.com\/wp\/..\/app\/uploads\/2024\/06\/2022_07_21_cani_rando_ete_Les_Gets_La_Patte_Nordic_cpLauraBureau-38_LD-1920x1080.jpg\" alt=\"\">\r\n                                <\/div>\r\n                                <div class=\"conteneur\">\r\n                                    <h3>Cani-cross zomer<\/h3>\r\n                                    <p>Ontdek cani-cross, een wandeling met een hond die door middel van een harnas aan uw heupen wordt vastgemaakt. Ontdek de wandelpaden op een andere manier.<\/p>\r\n                                <\/div>\r\n                            <\/a>\r\n                        <\/div>\r\n                                                <div class=\"col-4\">\r\n                            <a href=\"https:\/\/www.lesgets.com\/nl\/wat-is-er-te-doen\/zomeractiviteiten\/sporten\/tennis\/\">\r\n                                <div class=\"img\"><img decoding=\"async\" src=\"https:\/\/www.lesgets.com\/wp\/..\/app\/uploads\/2020\/08\/Tennis_7966_Keno_Photographie_OT_Les_Gets-1920x1080.jpg\" alt=\"\">\r\n                                <\/div>\r\n                                <div class=\"conteneur\">\r\n                                    <h3>Tennis<\/h3>\r\n                                    <p>Geniet van een partijtje tennis met familie en vrienden op een van de tennisbanen van het resort. <\/p>\r\n                                <\/div>\r\n                            <\/a>\r\n                        <\/div>\r\n                                    <\/div>\r\n        <\/div>\r\n    <\/div>\r\n<\/div>\n\n<div class=\"block block-genesis-custom-blocks-pushs\">    <div class=\"pushs-inside blanc\">\r\n        <div class=\"container\">\r\n            <div class=\"row\">\r\n                                        <div class=\"col-4\">\r\n                            <a href=\"https:\/\/www.lesgets.com\/nl\/wat-is-er-te-doen\/zomeractiviteiten\/zomeractiviteiten-kinderen\/speelplaats-kinderen\/\">\r\n                                <div class=\"img\"><img decoding=\"async\" src=\"https:\/\/www.lesgets.com\/wp\/..\/app\/uploads\/2020\/05\/LesGets_2018_Mane\u0300geChevaux_e\u0301te\u0301_Muse\u0301eMusiqueMe\u0301canique_02-1920x1080.jpeg\" alt=\"Vue d'ensemble d'un man\u00e8ge en \u00e9t\u00e9\">\r\n                                <\/div>\r\n                                <div class=\"conteneur\">\r\n                                    <h3>Speelplaats voor kinderen<\/h3>\r\n                                    <p>Geniet samen met uw kinderen van de verschillende speeltuinen en recreatiegebieden van het resort.<\/p>\r\n                                <\/div>\r\n                            <\/a>\r\n                        <\/div>\r\n                                    <\/div>\r\n        <\/div>\r\n    <\/div>\r\n<\/div>","protected":false},"excerpt":{"rendered":"<p>Uw kinderen zullen zich niet vervelen in les Gets! Kom en geniet van het waterpark Wibit, de speeltuinen of de draaimolen in het hart van het resort.<\/p>\n","protected":false},"author":4,"featured_media":10880,"parent":16800,"menu_order":0,"comment_status":"closed","ping_status":"closed","template":"","meta":{"_acf_changed":false,"footnotes":""},"class_list":["post-16650","page","type-page","status-publish","has-post-thumbnail","hentry"],"acf":[],"yoast_head":"<!-- This site is optimized with the Yoast SEO plugin v27.3 - https:\/\/yoast.com\/product\/yoast-seo-wordpress\/ -->\n<title>Zomeractiviteiten voor kinderen - familievakanties - Les Gets<\/title>\n<meta name=\"description\" content=\"Uw kinderen zullen zich niet vervelen in les Gets! Kom en geniet van het waterpark Wibit, de speeltuinen of de draaimolen in het hart van het resort.\" \/>\n<meta name=\"robots\" content=\"index, follow, max-snippet:-1, max-image-preview:large, max-video-preview:-1\" \/>\n<link rel=\"canonical\" href=\"https:\/\/www.lesgets.com\/nl\/wat-is-er-te-doen\/zomeractiviteiten\/zomeractiviteiten-kinderen\/\" \/>\n<meta property=\"og:locale\" content=\"nl_NL\" \/>\n<meta property=\"og:type\" content=\"article\" \/>\n<meta property=\"og:title\" content=\"Zomeractiviteiten voor kinderen - familievakanties - Les Gets\" \/>\n<meta property=\"og:description\" content=\"Uw kinderen zullen zich niet vervelen in les Gets! Kom en geniet van het waterpark Wibit, de speeltuinen of de draaimolen in het hart van het resort.\" \/>\n<meta property=\"og:url\" content=\"https:\/\/www.lesgets.com\/nl\/wat-is-er-te-doen\/zomeractiviteiten\/zomeractiviteiten-kinderen\/\" \/>\n<meta property=\"og:site_name\" content=\"Les Gets\" \/>\n<meta property=\"article:modified_time\" content=\"2024-10-23T08:44:59+00:00\" \/>\n<meta property=\"og:image\" content=\"https:\/\/www.lesgets.com\/wp\/..\/app\/uploads\/2020\/05\/LesGets_2017_animations_V.Ducrettet_04.jpg\" \/>\n\t<meta property=\"og:image:width\" content=\"1617\" \/>\n\t<meta property=\"og:image:height\" content=\"1080\" \/>\n\t<meta property=\"og:image:type\" content=\"image\/jpeg\" \/>\n<meta name=\"twitter:card\" content=\"summary_large_image\" \/>\n<meta name=\"twitter:label1\" content=\"Est. reading time\" \/>\n\t<meta name=\"twitter:data1\" content=\"1 minute\" \/>\n<script type=\"application\/ld+json\" class=\"yoast-schema-graph\">{\"@context\":\"https:\\\/\\\/schema.org\",\"@graph\":[{\"@type\":\"WebPage\",\"@id\":\"https:\\\/\\\/www.lesgets.com\\\/nl\\\/wat-is-er-te-doen\\\/zomeractiviteiten\\\/zomeractiviteiten-kinderen\\\/\",\"url\":\"https:\\\/\\\/www.lesgets.com\\\/nl\\\/wat-is-er-te-doen\\\/zomeractiviteiten\\\/zomeractiviteiten-kinderen\\\/\",\"name\":\"Zomeractiviteiten voor kinderen - familievakanties - Les Gets\",\"isPartOf\":{\"@id\":\"https:\\\/\\\/www.lesgets.com\\\/en\\\/#website\"},\"primaryImageOfPage\":{\"@id\":\"https:\\\/\\\/www.lesgets.com\\\/nl\\\/wat-is-er-te-doen\\\/zomeractiviteiten\\\/zomeractiviteiten-kinderen\\\/#primaryimage\"},\"image\":{\"@id\":\"https:\\\/\\\/www.lesgets.com\\\/nl\\\/wat-is-er-te-doen\\\/zomeractiviteiten\\\/zomeractiviteiten-kinderen\\\/#primaryimage\"},\"thumbnailUrl\":\"https:\\\/\\\/www.lesgets.com\\\/wp\\\/..\\\/app\\\/uploads\\\/2020\\\/05\\\/LesGets_2017_animations_V.Ducrettet_04.jpg\",\"datePublished\":\"2020-08-06T14:39:05+00:00\",\"dateModified\":\"2024-10-23T08:44:59+00:00\",\"description\":\"Uw kinderen zullen zich niet vervelen in les Gets! Kom en geniet van het waterpark Wibit, de speeltuinen of de draaimolen in het hart van het resort.\",\"breadcrumb\":{\"@id\":\"https:\\\/\\\/www.lesgets.com\\\/nl\\\/wat-is-er-te-doen\\\/zomeractiviteiten\\\/zomeractiviteiten-kinderen\\\/#breadcrumb\"},\"inLanguage\":\"nl-NL\",\"potentialAction\":[{\"@type\":\"ReadAction\",\"target\":[\"https:\\\/\\\/www.lesgets.com\\\/nl\\\/wat-is-er-te-doen\\\/zomeractiviteiten\\\/zomeractiviteiten-kinderen\\\/\"]}]},{\"@type\":\"ImageObject\",\"inLanguage\":\"nl-NL\",\"@id\":\"https:\\\/\\\/www.lesgets.com\\\/nl\\\/wat-is-er-te-doen\\\/zomeractiviteiten\\\/zomeractiviteiten-kinderen\\\/#primaryimage\",\"url\":\"https:\\\/\\\/www.lesgets.com\\\/wp\\\/..\\\/app\\\/uploads\\\/2020\\\/05\\\/LesGets_2017_animations_V.Ducrettet_04.jpg\",\"contentUrl\":\"https:\\\/\\\/www.lesgets.com\\\/wp\\\/..\\\/app\\\/uploads\\\/2020\\\/05\\\/LesGets_2017_animations_V.Ducrettet_04.jpg\",\"width\":1617,\"height\":1080,\"caption\":\"Vacanciers jouant \u00e0 divers jeux : babyfoot, ping-pong...dans la rue du Centre des Gets\"},{\"@type\":\"BreadcrumbList\",\"@id\":\"https:\\\/\\\/www.lesgets.com\\\/nl\\\/wat-is-er-te-doen\\\/zomeractiviteiten\\\/zomeractiviteiten-kinderen\\\/#breadcrumb\",\"itemListElement\":[{\"@type\":\"ListItem\",\"position\":1,\"name\":\"Accueil\",\"item\":\"https:\\\/\\\/www.lesgets.com\\\/nl\\\/\"},{\"@type\":\"ListItem\",\"position\":2,\"name\":\"Wat is er te doen?\",\"item\":\"https:\\\/\\\/www.lesgets.com\\\/nl\\\/wat-is-er-te-doen\\\/\"},{\"@type\":\"ListItem\",\"position\":3,\"name\":\"Zomeractiviteiten\",\"item\":\"https:\\\/\\\/www.lesgets.com\\\/nl\\\/wat-is-er-te-doen\\\/zomeractiviteiten\\\/\"},{\"@type\":\"ListItem\",\"position\":4,\"name\":\"Zomeractiviteiten voor kinderen\"}]},{\"@type\":\"WebSite\",\"@id\":\"https:\\\/\\\/www.lesgets.com\\\/en\\\/#website\",\"url\":\"https:\\\/\\\/www.lesgets.com\\\/en\\\/\",\"name\":\"Les Gets\",\"description\":\"\",\"publisher\":{\"@id\":\"https:\\\/\\\/www.lesgets.com\\\/en\\\/#organization\"},\"potentialAction\":[{\"@type\":\"SearchAction\",\"target\":{\"@type\":\"EntryPoint\",\"urlTemplate\":\"https:\\\/\\\/www.lesgets.com\\\/en\\\/?s={search_term_string}\"},\"query-input\":{\"@type\":\"PropertyValueSpecification\",\"valueRequired\":true,\"valueName\":\"search_term_string\"}}],\"inLanguage\":\"nl-NL\"},{\"@type\":\"Organization\",\"@id\":\"https:\\\/\\\/www.lesgets.com\\\/en\\\/#organization\",\"name\":\"Les Gets\",\"url\":\"https:\\\/\\\/www.lesgets.com\\\/en\\\/\",\"logo\":{\"@type\":\"ImageObject\",\"inLanguage\":\"nl-NL\",\"@id\":\"https:\\\/\\\/www.lesgets.com\\\/en\\\/#\\\/schema\\\/logo\\\/image\\\/\",\"url\":\"https:\\\/\\\/www.lesgets.com\\\/wp\\\/..\\\/app\\\/uploads\\\/2020\\\/06\\\/logo_lesgets.png\",\"contentUrl\":\"https:\\\/\\\/www.lesgets.com\\\/wp\\\/..\\\/app\\\/uploads\\\/2020\\\/06\\\/logo_lesgets.png\",\"width\":136,\"height\":115,\"caption\":\"Les Gets\"},\"image\":{\"@id\":\"https:\\\/\\\/www.lesgets.com\\\/en\\\/#\\\/schema\\\/logo\\\/image\\\/\"}}]}<\/script>\n<!-- \/ Yoast SEO plugin. -->","yoast_head_json":{"title":"Zomeractiviteiten voor kinderen - familievakanties - Les Gets","description":"Uw kinderen zullen zich niet vervelen in les Gets! Kom en geniet van het waterpark Wibit, de speeltuinen of de draaimolen in het hart van het resort.","robots":{"index":"index","follow":"follow","max-snippet":"max-snippet:-1","max-image-preview":"max-image-preview:large","max-video-preview":"max-video-preview:-1"},"canonical":"https:\/\/www.lesgets.com\/nl\/wat-is-er-te-doen\/zomeractiviteiten\/zomeractiviteiten-kinderen\/","og_locale":"nl_NL","og_type":"article","og_title":"Zomeractiviteiten voor kinderen - familievakanties - Les Gets","og_description":"Uw kinderen zullen zich niet vervelen in les Gets! Kom en geniet van het waterpark Wibit, de speeltuinen of de draaimolen in het hart van het resort.","og_url":"https:\/\/www.lesgets.com\/nl\/wat-is-er-te-doen\/zomeractiviteiten\/zomeractiviteiten-kinderen\/","og_site_name":"Les Gets","article_modified_time":"2024-10-23T08:44:59+00:00","og_image":[{"width":1617,"height":1080,"url":"https:\/\/www.lesgets.com\/wp\/..\/app\/uploads\/2020\/05\/LesGets_2017_animations_V.Ducrettet_04.jpg","type":"image\/jpeg"}],"twitter_card":"summary_large_image","twitter_misc":{"Est. reading time":"1 minute"},"schema":{"@context":"https:\/\/schema.org","@graph":[{"@type":"WebPage","@id":"https:\/\/www.lesgets.com\/nl\/wat-is-er-te-doen\/zomeractiviteiten\/zomeractiviteiten-kinderen\/","url":"https:\/\/www.lesgets.com\/nl\/wat-is-er-te-doen\/zomeractiviteiten\/zomeractiviteiten-kinderen\/","name":"Zomeractiviteiten voor kinderen - familievakanties - Les Gets","isPartOf":{"@id":"https:\/\/www.lesgets.com\/en\/#website"},"primaryImageOfPage":{"@id":"https:\/\/www.lesgets.com\/nl\/wat-is-er-te-doen\/zomeractiviteiten\/zomeractiviteiten-kinderen\/#primaryimage"},"image":{"@id":"https:\/\/www.lesgets.com\/nl\/wat-is-er-te-doen\/zomeractiviteiten\/zomeractiviteiten-kinderen\/#primaryimage"},"thumbnailUrl":"https:\/\/www.lesgets.com\/wp\/..\/app\/uploads\/2020\/05\/LesGets_2017_animations_V.Ducrettet_04.jpg","datePublished":"2020-08-06T14:39:05+00:00","dateModified":"2024-10-23T08:44:59+00:00","description":"Uw kinderen zullen zich niet vervelen in les Gets! Kom en geniet van het waterpark Wibit, de speeltuinen of de draaimolen in het hart van het resort.","breadcrumb":{"@id":"https:\/\/www.lesgets.com\/nl\/wat-is-er-te-doen\/zomeractiviteiten\/zomeractiviteiten-kinderen\/#breadcrumb"},"inLanguage":"nl-NL","potentialAction":[{"@type":"ReadAction","target":["https:\/\/www.lesgets.com\/nl\/wat-is-er-te-doen\/zomeractiviteiten\/zomeractiviteiten-kinderen\/"]}]},{"@type":"ImageObject","inLanguage":"nl-NL","@id":"https:\/\/www.lesgets.com\/nl\/wat-is-er-te-doen\/zomeractiviteiten\/zomeractiviteiten-kinderen\/#primaryimage","url":"https:\/\/www.lesgets.com\/wp\/..\/app\/uploads\/2020\/05\/LesGets_2017_animations_V.Ducrettet_04.jpg","contentUrl":"https:\/\/www.lesgets.com\/wp\/..\/app\/uploads\/2020\/05\/LesGets_2017_animations_V.Ducrettet_04.jpg","width":1617,"height":1080,"caption":"Vacanciers jouant \u00e0 divers jeux : babyfoot, ping-pong...dans la rue du Centre des Gets"},{"@type":"BreadcrumbList","@id":"https:\/\/www.lesgets.com\/nl\/wat-is-er-te-doen\/zomeractiviteiten\/zomeractiviteiten-kinderen\/#breadcrumb","itemListElement":[{"@type":"ListItem","position":1,"name":"Accueil","item":"https:\/\/www.lesgets.com\/nl\/"},{"@type":"ListItem","position":2,"name":"Wat is er te doen?","item":"https:\/\/www.lesgets.com\/nl\/wat-is-er-te-doen\/"},{"@type":"ListItem","position":3,"name":"Zomeractiviteiten","item":"https:\/\/www.lesgets.com\/nl\/wat-is-er-te-doen\/zomeractiviteiten\/"},{"@type":"ListItem","position":4,"name":"Zomeractiviteiten voor kinderen"}]},{"@type":"WebSite","@id":"https:\/\/www.lesgets.com\/en\/#website","url":"https:\/\/www.lesgets.com\/en\/","name":"Les Gets","description":"","publisher":{"@id":"https:\/\/www.lesgets.com\/en\/#organization"},"potentialAction":[{"@type":"SearchAction","target":{"@type":"EntryPoint","urlTemplate":"https:\/\/www.lesgets.com\/en\/?s={search_term_string}"},"query-input":{"@type":"PropertyValueSpecification","valueRequired":true,"valueName":"search_term_string"}}],"inLanguage":"nl-NL"},{"@type":"Organization","@id":"https:\/\/www.lesgets.com\/en\/#organization","name":"Les Gets","url":"https:\/\/www.lesgets.com\/en\/","logo":{"@type":"ImageObject","inLanguage":"nl-NL","@id":"https:\/\/www.lesgets.com\/en\/#\/schema\/logo\/image\/","url":"https:\/\/www.lesgets.com\/wp\/..\/app\/uploads\/2020\/06\/logo_lesgets.png","contentUrl":"https:\/\/www.lesgets.com\/wp\/..\/app\/uploads\/2020\/06\/logo_lesgets.png","width":136,"height":115,"caption":"Les Gets"},"image":{"@id":"https:\/\/www.lesgets.com\/en\/#\/schema\/logo\/image\/"}}]}},"featured_image_src":"https:\/\/www.lesgets.com\/wp\/..\/app\/uploads\/2020\/05\/LesGets_2017_animations_V.Ducrettet_04-600x400.jpg","featured_image_src_square":"https:\/\/www.lesgets.com\/wp\/..\/app\/uploads\/2020\/05\/LesGets_2017_animations_V.Ducrettet_04-600x600.jpg","_links":{"self":[{"href":"https:\/\/www.lesgets.com\/nl\/wp-json\/wp\/v2\/pages\/16650","targetHints":{"allow":["GET"]}}],"collection":[{"href":"https:\/\/www.lesgets.com\/nl\/wp-json\/wp\/v2\/pages"}],"about":[{"href":"https:\/\/www.lesgets.com\/nl\/wp-json\/wp\/v2\/types\/page"}],"author":[{"embeddable":true,"href":"https:\/\/www.lesgets.com\/nl\/wp-json\/wp\/v2\/users\/4"}],"replies":[{"embeddable":true,"href":"https:\/\/www.lesgets.com\/nl\/wp-json\/wp\/v2\/comments?post=16650"}],"version-history":[{"count":5,"href":"https:\/\/www.lesgets.com\/nl\/wp-json\/wp\/v2\/pages\/16650\/revisions"}],"predecessor-version":[{"id":51010,"href":"https:\/\/www.lesgets.com\/nl\/wp-json\/wp\/v2\/pages\/16650\/revisions\/51010"}],"up":[{"embeddable":true,"href":"https:\/\/www.lesgets.com\/nl\/wp-json\/wp\/v2\/pages\/16800"}],"wp:featuredmedia":[{"embeddable":true,"href":"https:\/\/www.lesgets.com\/nl\/wp-json\/wp\/v2\/media\/10880"}],"wp:attachment":[{"href":"https:\/\/www.lesgets.com\/nl\/wp-json\/wp\/v2\/media?parent=16650"}],"curies":[{"name":"wp","href":"https:\/\/api.w.org\/{rel}","templated":true}]}}