{"id":16671,"date":"2020-08-06T17:11:22","date_gmt":"2020-08-06T15:11:22","guid":{"rendered":"https:\/\/www.lesgets.com\/sports\/"},"modified":"2021-08-31T09:42:22","modified_gmt":"2021-08-31T07:42:22","slug":"sporten","status":"publish","type":"page","link":"https:\/\/www.lesgets.com\/nl\/wat-is-er-te-doen\/zomeractiviteiten\/sporten\/","title":{"rendered":"Sporten"},"content":{"rendered":"<div class=\"block block-core-spacer\">\n<div style=\"height:50px\" aria-hidden=\"true\" class=\"wp-block-spacer\"><\/div>\n<\/div>\n\n<p>Het skistation van les Gets heeft een speelterrein in de buitenlucht in een tegelijk beschermd en levend milieu en biedt u een breed scala aan buiten- en binnensporten om, met alle respect voor de natuur, een flinke scheut energie bij te tanken.<\/p>\n<p>Mountainbike, racefiets, wandelen, trail-running, golf, lopen met honden, watersporten en zwemlessen of fitness\u2026 Ontdek alle mogelijke sportactiviteiten in les Gets.<\/p>\n\n<div class=\"block block-core-spacer\">\n<div style=\"height:30px\" aria-hidden=\"true\" class=\"wp-block-spacer\"><\/div>\n<\/div>\n\n<div class=\"block block-genesis-custom-blocks-pushs\">    <div class=\"pushs-inside blanc\">\r\n        <div class=\"container\">\r\n            <div class=\"row\">\r\n                                        <div class=\"col-4\">\r\n                            <a href=\"https:\/\/www.lesgets.com\/nl\/wat-is-er-te-doen\/zomeractiviteiten\/sporten\/mtb\/\">\r\n                                <div class=\"img\"><img decoding=\"async\" src=\"https:\/\/www.lesgets.com\/wp\/..\/app\/uploads\/2020\/05\/VTT_Passportes3_Laurent_Reviron-1920x1080.jpg\" alt=\"Hommes faisant du VTT en \u00e9t\u00e9 sur les cr\u00eates avec montagnes en fond\">\r\n                                <\/div>\r\n                                <div class=\"conteneur\">\r\n                                    <h3>MTB<\/h3>\r\n                                    <p>Vind alle praktische informatie over mountainbiken en fietsen in Les Gets: mountainbikescholen, fietsscholen, fietsverhuur, reparatie van materiaal &#8230;<\/p>\r\n                                <\/div>\r\n                            <\/a>\r\n                        <\/div>\r\n                                                <div class=\"col-4\">\r\n                            <a href=\"https:\/\/www.lesgets.com\/nl\/wat-is-er-te-doen\/zomeractiviteiten\/sporten\/racefiets\/\">\r\n                                <div class=\"img\"><img decoding=\"async\" src=\"https:\/\/www.lesgets.com\/wp\/..\/app\/uploads\/2020\/05\/LesGets_2019_ve\u0301loderoute_Mel_Carle_01-1920x1080.jpg\" alt=\"Cyclistes sur une route de montagne en \u00e9t\u00e9\">\r\n                                <\/div>\r\n                                <div class=\"conteneur\">\r\n                                    <h3>Racefietsen<\/h3>\r\n                                    <p>Het resort Les Gets, gelegen aan de Route des Grandes Alpes, is een col die vaak wordt bezocht door fietsers die de legendarische passen van de Tour de France aanpakken.<\/p>\r\n                                <\/div>\r\n                            <\/a>\r\n                        <\/div>\r\n                                                <div class=\"col-4\">\r\n                            <a href=\"https:\/\/www.lesgets.com\/nl\/wat-is-er-te-doen\/zomeractiviteiten\/sporten\/wandeling\/\">\r\n                                <div class=\"img\"><img decoding=\"async\" src=\"https:\/\/www.lesgets.com\/wp\/..\/app\/uploads\/2023\/03\/2020_07_20_randonnee_amis_panorama_ranfoilly_mont_blanc_LESGETS_MANONGUENOT_7RA00468_LD-1920x1080.jpg\" alt=\"\">\r\n                                <\/div>\r\n                                <div class=\"conteneur\">\r\n                                    <h3>Wandelen<\/h3>\r\n                                    <p>Vind hier alle praktische informatie over wandelen in Les Gets: lijst met paden en routes, contactgegevens voor gidsen, tarieven&#8230;<\/p>\r\n                                <\/div>\r\n                            <\/a>\r\n                        <\/div>\r\n                                    <\/div>\r\n        <\/div>\r\n    <\/div>\r\n<\/div>\n\n<div class=\"block block-genesis-custom-blocks-pushs\">    <div class=\"pushs-inside blanc\">\r\n        <div class=\"container\">\r\n            <div class=\"row\">\r\n                                        <div class=\"col-4\">\r\n                            <a href=\"https:\/\/www.lesgets.com\/nl\/wat-is-er-te-doen\/zomeractiviteiten\/sporten\/golf\/\">\r\n                                <div class=\"img\"><img decoding=\"async\" src=\"https:\/\/www.lesgets.com\/wp\/..\/app\/uploads\/2020\/05\/LesGets_2017_Golf_T.Nalet_01-1920x1080.jpg\" alt=\"Trois personnes jouant au golf avec femme posant la balle \u00e0 terre\">\r\n                                <\/div>\r\n                                <div class=\"conteneur\">\r\n                                    <h3>Golf<\/h3>\r\n                                    <p>De 18-holes golfbaan van Les Gets, gelegen in Frankrijk op 55 minuten van Gen\u00e8ve, biedt een baan met uitzonderlijke panorama&#8217;s op de Mont Blanc.<\/p>\r\n                                <\/div>\r\n                            <\/a>\r\n                        <\/div>\r\n                                                <div class=\"col-4\">\r\n                            <a href=\"https:\/\/www.lesgets.com\/nl\/wat-is-er-te-doen\/zomeractiviteiten\/sporten\/trail-lopen\/\">\r\n                                <div class=\"img\"><img decoding=\"async\" src=\"https:\/\/www.lesgets.com\/wp\/..\/app\/uploads\/2020\/05\/LesGets_2019_traildesGets_MANON_GUENOT_09-1920x1080.jpg\" alt=\"Homme faisant de la course \u00e0 pied en \u00e9t\u00e9 en montagne\">\r\n                                <\/div>\r\n                                <div class=\"conteneur\">\r\n                                    <h3>Trail lopen<\/h3>\r\n                                    <p>Met zijn 3 gemarkeerde wandelpaden en toegang tot de Portes du Soleil, is Les Gets een ideaal gebied voor alle traillopers.<\/p>\r\n                                <\/div>\r\n                            <\/a>\r\n                        <\/div>\r\n                                                <div class=\"col-4\">\r\n                            <a href=\"https:\/\/www.lesgets.com\/nl\/wat-is-er-te-doen\/zomeractiviteiten\/sporten\/cani-cross\/\">\r\n                                <div class=\"img\"><img decoding=\"async\" src=\"https:\/\/www.lesgets.com\/wp\/..\/app\/uploads\/2024\/06\/2022_07_21_cani_rando_ete_Les_Gets_La_Patte_Nordic_cpLauraBureau-38_LD-1920x1080.jpg\" alt=\"\">\r\n                                <\/div>\r\n                                <div class=\"conteneur\">\r\n                                    <h3>Cani-cross zomer<\/h3>\r\n                                    <p>Ontdek cani-cross, een wandeling met een hond die door middel van een harnas aan uw heupen wordt vastgemaakt. Ontdek de wandelpaden op een andere manier.<\/p>\r\n                                <\/div>\r\n                            <\/a>\r\n                        <\/div>\r\n                                    <\/div>\r\n        <\/div>\r\n    <\/div>\r\n<\/div>\n\n<div class=\"block block-genesis-custom-blocks-pushs\">    <div class=\"pushs-inside blanc\">\r\n        <div class=\"container\">\r\n            <div class=\"row\">\r\n                                        <div class=\"col-4\">\r\n                            <a href=\"https:\/\/www.lesgets.com\/nl\/wat-is-er-te-doen\/zomeractiviteiten\/sporten\/tennis\/\">\r\n                                <div class=\"img\"><img decoding=\"async\" src=\"https:\/\/www.lesgets.com\/wp\/..\/app\/uploads\/2020\/08\/Tennis_7966_Keno_Photographie_OT_Les_Gets-1920x1080.jpg\" alt=\"\">\r\n                                <\/div>\r\n                                <div class=\"conteneur\">\r\n                                    <h3>Tennis<\/h3>\r\n                                    <p>Geniet van een partijtje tennis met familie en vrienden op een van de tennisbanen van het resort. <\/p>\r\n                                <\/div>\r\n                            <\/a>\r\n                        <\/div>\r\n                                                <div class=\"col-4\">\r\n                            <a href=\"https:\/\/www.lesgets.com\/nl\/wat-is-er-te-doen\/zomeractiviteiten\/sporten\/watersporten\/\">\r\n                                <div class=\"img\"><img decoding=\"async\" src=\"https:\/\/www.lesgets.com\/wp\/..\/app\/uploads\/2020\/05\/LesGets_2013_EauVive_LesGets_04-1-1920x1080.jpg\" alt=\"Deux kayaks jaunes dans une rivi\u00e8re\">\r\n                                <\/div>\r\n                                <div class=\"conteneur\">\r\n                                    <h3>Watersporten<\/h3>\r\n                                    <p>Vind hier verschillende bedrijven die wateractiviteiten aanbieden in de buurt van Les Gets.<\/p>\r\n                                <\/div>\r\n                            <\/a>\r\n                        <\/div>\r\n                                                <div class=\"col-4\">\r\n                            <a href=\"https:\/\/www.lesgets.com\/nl\/wat-is-er-te-doen\/zomeractiviteiten\/sporten\/bergbeklimmen-via-ferrata\/\">\r\n                                <div class=\"img\"><img decoding=\"async\" src=\"https:\/\/www.lesgets.com\/wp\/..\/app\/uploads\/2020\/05\/Via_Ferrata_site-1920x1080.jpg\" alt=\"Personnes grimpant un rocher \u00e0 l'aide d'une corde. Via ferr\u00e2t\">\r\n                                <\/div>\r\n                                <div class=\"conteneur\">\r\n                                    <h3>Bergbeklimmen  &#8211; Via Ferrata<\/h3>\r\n                                    <p>U vindt hier de lijst met aanbieders die activiteiten aanbieden zoals bergklimmen of Via Ferrata bij Les Gets.<\/p>\r\n                                <\/div>\r\n                            <\/a>\r\n                        <\/div>\r\n                                    <\/div>\r\n        <\/div>\r\n    <\/div>\r\n<\/div>\n\n<div class=\"block block-genesis-custom-blocks-pushs\">    <div class=\"pushs-inside blanc\">\r\n        <div class=\"container\">\r\n            <div class=\"row\">\r\n                                        <div class=\"col-4\">\r\n                            <a href=\"https:\/\/www.lesgets.com\/nl\/wat-is-er-te-doen\/zomeractiviteiten\/sporten\/zwemlessen\/\">\r\n                                <div class=\"img\"><img decoding=\"async\" src=\"https:\/\/www.lesgets.com\/wp\/..\/app\/uploads\/2020\/05\/cours-natation.jpg\" alt=\"Personne nageant dans une piscine\">\r\n                                <\/div>\r\n                                <div class=\"conteneur\">\r\n                                    <h3>Zwemlessen<\/h3>\r\n                                    <p>Vind hier de bedrijven in Les Gets die zwemlessen aanbieden voor alle niveaus, in verwarmde buiten- en binnenzwembaden.<\/p>\r\n                                <\/div>\r\n                            <\/a>\r\n                        <\/div>\r\n                                                <div class=\"col-4\">\r\n                            <a href=\"https:\/\/www.lesgets.com\/nl\/wat-is-er-te-doen\/zomeractiviteiten\/sporten\/fitness\/\">\r\n                                <div class=\"img\"><img decoding=\"async\" src=\"https:\/\/www.lesgets.com\/wp\/..\/app\/uploads\/2020\/05\/LesGets_2020_Fitness_Fitlife_01-1-1920x1080.jpeg\" alt=\"Salle de fitness et de musculation avec tapis et appareils\">\r\n                                <\/div>\r\n                                <div class=\"conteneur\">\r\n                                    <h3>Fitness<\/h3>\r\n                                    <p>Hier is de lijst van etablissementen in Les Gets met fitnessruimtes of sportlessen.<\/p>\r\n                                <\/div>\r\n                            <\/a>\r\n                        <\/div>\r\n                                    <\/div>\r\n        <\/div>\r\n    <\/div>\r\n<\/div>","protected":false},"excerpt":{"rendered":"<p>Mountainbike, racefiets, wandelen, trail-running, golf, lopen met honden, watersporten&#8230; Ontdek alle mogelijke sportactiviteiten in les Gets. <\/p>\n","protected":false},"author":4,"featured_media":7747,"parent":16800,"menu_order":0,"comment_status":"closed","ping_status":"closed","template":"","meta":{"_acf_changed":false,"footnotes":""},"class_list":["post-16671","page","type-page","status-publish","has-post-thumbnail","hentry"],"acf":[],"yoast_head":"<!-- This site is optimized with the Yoast SEO plugin v27.3 - https:\/\/yoast.com\/product\/yoast-seo-wordpress\/ -->\n<title>Sporten - alle zomeractiviteiten - Les Gets<\/title>\n<meta name=\"description\" content=\"Mountainbike, racefiets, wandelen, trail-running, golf, lopen met honden, watersporten Ontdek alle mogelijke sportactiviteiten in les Gets.\" \/>\n<meta name=\"robots\" content=\"index, follow, max-snippet:-1, max-image-preview:large, max-video-preview:-1\" \/>\n<link rel=\"canonical\" href=\"https:\/\/www.lesgets.com\/nl\/wat-is-er-te-doen\/zomeractiviteiten\/sporten\/\" \/>\n<meta property=\"og:locale\" content=\"nl_NL\" \/>\n<meta property=\"og:type\" content=\"article\" \/>\n<meta property=\"og:title\" content=\"Sporten - alle zomeractiviteiten - Les Gets\" \/>\n<meta property=\"og:description\" content=\"Mountainbike, racefiets, wandelen, trail-running, golf, lopen met honden, watersporten Ontdek alle mogelijke sportactiviteiten in les Gets.\" \/>\n<meta property=\"og:url\" content=\"https:\/\/www.lesgets.com\/nl\/wat-is-er-te-doen\/zomeractiviteiten\/sporten\/\" \/>\n<meta property=\"og:site_name\" content=\"Les Gets\" \/>\n<meta property=\"article:modified_time\" content=\"2021-08-31T07:42:22+00:00\" \/>\n<meta property=\"og:image\" content=\"https:\/\/www.lesgets.com\/..\/app\/uploads\/2020\/05\/LesGets_2019_traildesGets_MANON_GUENOT_07.jpg\" \/>\n\t<meta property=\"og:image:width\" content=\"1920\" \/>\n\t<meta property=\"og:image:height\" content=\"1281\" \/>\n\t<meta property=\"og:image:type\" content=\"image\/jpeg\" \/>\n<meta name=\"twitter:card\" content=\"summary_large_image\" \/>\n<script type=\"application\/ld+json\" class=\"yoast-schema-graph\">{\"@context\":\"https:\\\/\\\/schema.org\",\"@graph\":[{\"@type\":\"WebPage\",\"@id\":\"https:\\\/\\\/www.lesgets.com\\\/nl\\\/wat-is-er-te-doen\\\/zomeractiviteiten\\\/sporten\\\/\",\"url\":\"https:\\\/\\\/www.lesgets.com\\\/nl\\\/wat-is-er-te-doen\\\/zomeractiviteiten\\\/sporten\\\/\",\"name\":\"Sporten - alle zomeractiviteiten - Les Gets\",\"isPartOf\":{\"@id\":\"https:\\\/\\\/www.lesgets.com\\\/en\\\/#website\"},\"primaryImageOfPage\":{\"@id\":\"https:\\\/\\\/www.lesgets.com\\\/nl\\\/wat-is-er-te-doen\\\/zomeractiviteiten\\\/sporten\\\/#primaryimage\"},\"image\":{\"@id\":\"https:\\\/\\\/www.lesgets.com\\\/nl\\\/wat-is-er-te-doen\\\/zomeractiviteiten\\\/sporten\\\/#primaryimage\"},\"thumbnailUrl\":\"https:\\\/\\\/www.lesgets.com\\\/wp\\\/..\\\/app\\\/uploads\\\/2020\\\/05\\\/LesGets_2019_traildesGets_MANON_GUENOT_07.jpg\",\"datePublished\":\"2020-08-06T15:11:22+00:00\",\"dateModified\":\"2021-08-31T07:42:22+00:00\",\"description\":\"Mountainbike, racefiets, wandelen, trail-running, golf, lopen met honden, watersporten Ontdek alle mogelijke sportactiviteiten in les Gets.\",\"breadcrumb\":{\"@id\":\"https:\\\/\\\/www.lesgets.com\\\/nl\\\/wat-is-er-te-doen\\\/zomeractiviteiten\\\/sporten\\\/#breadcrumb\"},\"inLanguage\":\"nl-NL\",\"potentialAction\":[{\"@type\":\"ReadAction\",\"target\":[\"https:\\\/\\\/www.lesgets.com\\\/nl\\\/wat-is-er-te-doen\\\/zomeractiviteiten\\\/sporten\\\/\"]}]},{\"@type\":\"ImageObject\",\"inLanguage\":\"nl-NL\",\"@id\":\"https:\\\/\\\/www.lesgets.com\\\/nl\\\/wat-is-er-te-doen\\\/zomeractiviteiten\\\/sporten\\\/#primaryimage\",\"url\":\"https:\\\/\\\/www.lesgets.com\\\/wp\\\/..\\\/app\\\/uploads\\\/2020\\\/05\\\/LesGets_2019_traildesGets_MANON_GUENOT_07.jpg\",\"contentUrl\":\"https:\\\/\\\/www.lesgets.com\\\/wp\\\/..\\\/app\\\/uploads\\\/2020\\\/05\\\/LesGets_2019_traildesGets_MANON_GUENOT_07.jpg\",\"width\":1920,\"height\":1281,\"caption\":\"Personnes faisant un trail en \u00e9t\u00e9 en montagne\"},{\"@type\":\"BreadcrumbList\",\"@id\":\"https:\\\/\\\/www.lesgets.com\\\/nl\\\/wat-is-er-te-doen\\\/zomeractiviteiten\\\/sporten\\\/#breadcrumb\",\"itemListElement\":[{\"@type\":\"ListItem\",\"position\":1,\"name\":\"Accueil\",\"item\":\"https:\\\/\\\/www.lesgets.com\\\/nl\\\/\"},{\"@type\":\"ListItem\",\"position\":2,\"name\":\"Wat is er te doen?\",\"item\":\"https:\\\/\\\/www.lesgets.com\\\/nl\\\/wat-is-er-te-doen\\\/\"},{\"@type\":\"ListItem\",\"position\":3,\"name\":\"Zomeractiviteiten\",\"item\":\"https:\\\/\\\/www.lesgets.com\\\/nl\\\/wat-is-er-te-doen\\\/zomeractiviteiten\\\/\"},{\"@type\":\"ListItem\",\"position\":4,\"name\":\"Sporten\"}]},{\"@type\":\"WebSite\",\"@id\":\"https:\\\/\\\/www.lesgets.com\\\/en\\\/#website\",\"url\":\"https:\\\/\\\/www.lesgets.com\\\/en\\\/\",\"name\":\"Les Gets\",\"description\":\"\",\"publisher\":{\"@id\":\"https:\\\/\\\/www.lesgets.com\\\/en\\\/#organization\"},\"potentialAction\":[{\"@type\":\"SearchAction\",\"target\":{\"@type\":\"EntryPoint\",\"urlTemplate\":\"https:\\\/\\\/www.lesgets.com\\\/en\\\/?s={search_term_string}\"},\"query-input\":{\"@type\":\"PropertyValueSpecification\",\"valueRequired\":true,\"valueName\":\"search_term_string\"}}],\"inLanguage\":\"nl-NL\"},{\"@type\":\"Organization\",\"@id\":\"https:\\\/\\\/www.lesgets.com\\\/en\\\/#organization\",\"name\":\"Les Gets\",\"url\":\"https:\\\/\\\/www.lesgets.com\\\/en\\\/\",\"logo\":{\"@type\":\"ImageObject\",\"inLanguage\":\"nl-NL\",\"@id\":\"https:\\\/\\\/www.lesgets.com\\\/en\\\/#\\\/schema\\\/logo\\\/image\\\/\",\"url\":\"https:\\\/\\\/www.lesgets.com\\\/wp\\\/..\\\/app\\\/uploads\\\/2020\\\/06\\\/logo_lesgets.png\",\"contentUrl\":\"https:\\\/\\\/www.lesgets.com\\\/wp\\\/..\\\/app\\\/uploads\\\/2020\\\/06\\\/logo_lesgets.png\",\"width\":136,\"height\":115,\"caption\":\"Les Gets\"},\"image\":{\"@id\":\"https:\\\/\\\/www.lesgets.com\\\/en\\\/#\\\/schema\\\/logo\\\/image\\\/\"}}]}<\/script>\n<!-- \/ Yoast SEO plugin. -->","yoast_head_json":{"title":"Sporten - alle zomeractiviteiten - Les Gets","description":"Mountainbike, racefiets, wandelen, trail-running, golf, lopen met honden, watersporten Ontdek alle mogelijke sportactiviteiten in les Gets.","robots":{"index":"index","follow":"follow","max-snippet":"max-snippet:-1","max-image-preview":"max-image-preview:large","max-video-preview":"max-video-preview:-1"},"canonical":"https:\/\/www.lesgets.com\/nl\/wat-is-er-te-doen\/zomeractiviteiten\/sporten\/","og_locale":"nl_NL","og_type":"article","og_title":"Sporten - alle zomeractiviteiten - Les Gets","og_description":"Mountainbike, racefiets, wandelen, trail-running, golf, lopen met honden, watersporten Ontdek alle mogelijke sportactiviteiten in les Gets.","og_url":"https:\/\/www.lesgets.com\/nl\/wat-is-er-te-doen\/zomeractiviteiten\/sporten\/","og_site_name":"Les Gets","article_modified_time":"2021-08-31T07:42:22+00:00","og_image":[{"width":1920,"height":1281,"url":"https:\/\/www.lesgets.com\/..\/app\/uploads\/2020\/05\/LesGets_2019_traildesGets_MANON_GUENOT_07.jpg","type":"image\/jpeg"}],"twitter_card":"summary_large_image","schema":{"@context":"https:\/\/schema.org","@graph":[{"@type":"WebPage","@id":"https:\/\/www.lesgets.com\/nl\/wat-is-er-te-doen\/zomeractiviteiten\/sporten\/","url":"https:\/\/www.lesgets.com\/nl\/wat-is-er-te-doen\/zomeractiviteiten\/sporten\/","name":"Sporten - alle zomeractiviteiten - Les Gets","isPartOf":{"@id":"https:\/\/www.lesgets.com\/en\/#website"},"primaryImageOfPage":{"@id":"https:\/\/www.lesgets.com\/nl\/wat-is-er-te-doen\/zomeractiviteiten\/sporten\/#primaryimage"},"image":{"@id":"https:\/\/www.lesgets.com\/nl\/wat-is-er-te-doen\/zomeractiviteiten\/sporten\/#primaryimage"},"thumbnailUrl":"https:\/\/www.lesgets.com\/wp\/..\/app\/uploads\/2020\/05\/LesGets_2019_traildesGets_MANON_GUENOT_07.jpg","datePublished":"2020-08-06T15:11:22+00:00","dateModified":"2021-08-31T07:42:22+00:00","description":"Mountainbike, racefiets, wandelen, trail-running, golf, lopen met honden, watersporten Ontdek alle mogelijke sportactiviteiten in les Gets.","breadcrumb":{"@id":"https:\/\/www.lesgets.com\/nl\/wat-is-er-te-doen\/zomeractiviteiten\/sporten\/#breadcrumb"},"inLanguage":"nl-NL","potentialAction":[{"@type":"ReadAction","target":["https:\/\/www.lesgets.com\/nl\/wat-is-er-te-doen\/zomeractiviteiten\/sporten\/"]}]},{"@type":"ImageObject","inLanguage":"nl-NL","@id":"https:\/\/www.lesgets.com\/nl\/wat-is-er-te-doen\/zomeractiviteiten\/sporten\/#primaryimage","url":"https:\/\/www.lesgets.com\/wp\/..\/app\/uploads\/2020\/05\/LesGets_2019_traildesGets_MANON_GUENOT_07.jpg","contentUrl":"https:\/\/www.lesgets.com\/wp\/..\/app\/uploads\/2020\/05\/LesGets_2019_traildesGets_MANON_GUENOT_07.jpg","width":1920,"height":1281,"caption":"Personnes faisant un trail en \u00e9t\u00e9 en montagne"},{"@type":"BreadcrumbList","@id":"https:\/\/www.lesgets.com\/nl\/wat-is-er-te-doen\/zomeractiviteiten\/sporten\/#breadcrumb","itemListElement":[{"@type":"ListItem","position":1,"name":"Accueil","item":"https:\/\/www.lesgets.com\/nl\/"},{"@type":"ListItem","position":2,"name":"Wat is er te doen?","item":"https:\/\/www.lesgets.com\/nl\/wat-is-er-te-doen\/"},{"@type":"ListItem","position":3,"name":"Zomeractiviteiten","item":"https:\/\/www.lesgets.com\/nl\/wat-is-er-te-doen\/zomeractiviteiten\/"},{"@type":"ListItem","position":4,"name":"Sporten"}]},{"@type":"WebSite","@id":"https:\/\/www.lesgets.com\/en\/#website","url":"https:\/\/www.lesgets.com\/en\/","name":"Les Gets","description":"","publisher":{"@id":"https:\/\/www.lesgets.com\/en\/#organization"},"potentialAction":[{"@type":"SearchAction","target":{"@type":"EntryPoint","urlTemplate":"https:\/\/www.lesgets.com\/en\/?s={search_term_string}"},"query-input":{"@type":"PropertyValueSpecification","valueRequired":true,"valueName":"search_term_string"}}],"inLanguage":"nl-NL"},{"@type":"Organization","@id":"https:\/\/www.lesgets.com\/en\/#organization","name":"Les Gets","url":"https:\/\/www.lesgets.com\/en\/","logo":{"@type":"ImageObject","inLanguage":"nl-NL","@id":"https:\/\/www.lesgets.com\/en\/#\/schema\/logo\/image\/","url":"https:\/\/www.lesgets.com\/wp\/..\/app\/uploads\/2020\/06\/logo_lesgets.png","contentUrl":"https:\/\/www.lesgets.com\/wp\/..\/app\/uploads\/2020\/06\/logo_lesgets.png","width":136,"height":115,"caption":"Les Gets"},"image":{"@id":"https:\/\/www.lesgets.com\/en\/#\/schema\/logo\/image\/"}}]}},"featured_image_src":"https:\/\/www.lesgets.com\/wp\/..\/app\/uploads\/2020\/05\/LesGets_2019_traildesGets_MANON_GUENOT_07-600x400.jpg","featured_image_src_square":"https:\/\/www.lesgets.com\/wp\/..\/app\/uploads\/2020\/05\/LesGets_2019_traildesGets_MANON_GUENOT_07-600x600.jpg","_links":{"self":[{"href":"https:\/\/www.lesgets.com\/nl\/wp-json\/wp\/v2\/pages\/16671","targetHints":{"allow":["GET"]}}],"collection":[{"href":"https:\/\/www.lesgets.com\/nl\/wp-json\/wp\/v2\/pages"}],"about":[{"href":"https:\/\/www.lesgets.com\/nl\/wp-json\/wp\/v2\/types\/page"}],"author":[{"embeddable":true,"href":"https:\/\/www.lesgets.com\/nl\/wp-json\/wp\/v2\/users\/4"}],"replies":[{"embeddable":true,"href":"https:\/\/www.lesgets.com\/nl\/wp-json\/wp\/v2\/comments?post=16671"}],"version-history":[{"count":5,"href":"https:\/\/www.lesgets.com\/nl\/wp-json\/wp\/v2\/pages\/16671\/revisions"}],"predecessor-version":[{"id":31729,"href":"https:\/\/www.lesgets.com\/nl\/wp-json\/wp\/v2\/pages\/16671\/revisions\/31729"}],"up":[{"embeddable":true,"href":"https:\/\/www.lesgets.com\/nl\/wp-json\/wp\/v2\/pages\/16800"}],"wp:featuredmedia":[{"embeddable":true,"href":"https:\/\/www.lesgets.com\/nl\/wp-json\/wp\/v2\/media\/7747"}],"wp:attachment":[{"href":"https:\/\/www.lesgets.com\/nl\/wp-json\/wp\/v2\/media?parent=16671"}],"curies":[{"name":"wp","href":"https:\/\/api.w.org\/{rel}","templated":true}]}}