{"id":16768,"date":"2020-08-07T16:49:56","date_gmt":"2020-08-07T14:49:56","guid":{"rendered":"https:\/\/www.lesgets.com\/praktische-informatie\/"},"modified":"2024-12-18T11:04:24","modified_gmt":"2024-12-18T10:04:24","slug":"praktische-informatie","status":"publish","type":"page","link":"https:\/\/www.lesgets.com\/nl\/praktische-informatie\/","title":{"rendered":"Praktische informatie"},"content":{"rendered":"<div class=\"block block-core-spacer\">\n<div style=\"height:30px\" aria-hidden=\"true\" class=\"wp-block-spacer\"><\/div>\n<\/div>\n\n<p>Hier vindt u alle informatie die u nodig heeft om uw vakantie in Les Gets voor te bereiden en om een aangenaam verblijf in het resort te hebben.<\/p>\n\n<div class=\"block block-core-spacer\">\n<div style=\"height:30px\" aria-hidden=\"true\" class=\"wp-block-spacer\"><\/div>\n<\/div>\n\n<div class=\"block block-genesis-custom-blocks-image-texte\">\r\n\t\t    <div class=\"container-fluid full-width image-gauche fond-blanc\">\r\n\t\t\t\t<div class=\"row\">\r\n\t\t\t\t\t<div class=\"col-lg-6\">\r\n\t\t\t\t\t\t<div class=\"image\" style=\"background-image:url('https:\/\/www.lesgets.com\/wp\/..\/app\/uploads\/2020\/05\/Accueil_Office_LesGets-V.Ducrettet-5-960x1080.jpg');\"><\/div>\r\n\t\t\t\t\t<\/div>\r\n\t\t\t\t\t<div class=\"col-lg-6\">\r\n\t\t\t\t\t\t<div class=\"conteneur\">\r\n\t\t\t\t\t\t\t<span class=\"subtitle\">Dienstregeling &amp; contactgegevens<\/span>\r\n\t\t\t\t\t\t\t<h2>VVV-kantoor<\/h2>\r\n\t\t\t\t\t\t\t<div><p><strong><span style=\"text-decoration: underline\">ZOMER<\/span><\/strong><\/p>\n<p>Open elke dag van 08:30 tot 18:30. <\/p>\n<p><strong><span style=\"text-decoration: underline\">HERFST<\/span><\/strong><\/p>\n<p>Van maandag t\/m zaterdag van 09:00 tot 12:00 en van 14:00 tot 18:00. Gesloten op zon- en feestdagen.  <\/p>\n<p><strong><span style=\"text-decoration: underline\">WINTER<\/span><\/strong><\/p>\n<p>Open elke dag van 08:30 tot 18:30.<\/p>\n<p><strong><span style=\"text-decoration: underline\">LENTE<\/span><\/strong><\/p>\n<p>Maandag t\/m vrijdag van 09:00 tot 12:00 en van 14:00 tot 18:00. Zaterdag van 09:00 tot 12:30. Zondags gesloten. <\/p>\n<p><strong>CONTACTGEGEVENS<\/strong><\/p>\n<p><strong>Het receptieteam beantwoordt graag uw vragen.<\/strong> <\/p>\n<p>T\u00e9l. : <strong>+33 (0)4 50 74 74 74<br \/>Mail<\/strong> : <a href=\"mailto:lesgets@lesgets.com\" target=\"_blank\" rel=\"noreferrer noopener\">lesgets@lesgets.com<\/a><\/p>\n<p><a href=\"mailto:lesgets@lesgets.com\" target=\"_blank\" rel=\"noreferrer noopener\"><\/a><\/p>\n<\/div>\r\n                            \t\t\t\t\t\t<\/div>\r\n\t\t\t\t\t<\/div>\r\n\t\t\t\t<\/div>\r\n\t\t\t<\/div>\r\n\t\t\t<\/div>\n\n<div class=\"block block-core-spacer\">\n<div style=\"height:50px\" aria-hidden=\"true\" class=\"wp-block-spacer\"><\/div>\n<\/div>\n\n<div class=\"block block-core-heading\">\n<h3 class=\"wp-block-heading\">Praktische diensten<\/h3>\n<\/div>\n\n<p><span style=\"font-weight: 400;\">Het VVV-kantoor van Les Gets biedt de volgende diensten:<\/span><\/p>\n<ul>\n<li><span style=\"font-weight: 400;\">Een babyverzorgingsruimte<\/span><\/li>\n<li><span style=\"font-weight: 400;\">Gratis Wifi-internettoegang (Les Gets Free Wifi)<br \/><\/span><\/li>\n<li><span style=\"font-weight: 400;\">Verkoop van visvergunningen<\/span><\/li>\n<li><span style=\"font-weight: 400;\">Inschrijving voor diverse activiteiten<\/span><\/li>\n<\/ul>\n\n<div class=\"block block-core-spacer\">\n<div style=\"height:30px\" aria-hidden=\"true\" class=\"wp-block-spacer\"><\/div>\n<\/div>\n\n<div class=\"block block-core-spacer\">\n<div style=\"height:40px\" aria-hidden=\"true\" class=\"wp-block-spacer\"><\/div>\n<\/div>\n\n<div class=\"block block-genesis-custom-blocks-pushs\">    <div class=\"pushs-inside blanc\">\r\n        <div class=\"container\">\r\n            <div class=\"row\">\r\n                                        <div class=\"col-4\">\r\n                            <a href=\"https:\/\/www.lesgets.com\/nl\/wat-is-er-te-doen\/\">\r\n                                <div class=\"img\"><img decoding=\"async\" src=\"https:\/\/www.lesgets.com\/wp\/..\/app\/uploads\/2025\/10\/2022_03_22_sunset_ranfoilly_cpLauraBureau_DSC05379-1920x1080.jpg\" alt=\"Que_faire_les_gets\">\r\n                                <\/div>\r\n                                <div class=\"conteneur\">\r\n                                    <h3>Wat is er te doen?<\/h3>\r\n                                    <p>Les Gets biedt een veelvoud aan zomer- en winteractiviteiten, alleen te doen, met vrienden of met familie, om aan alle wensen en alle leeftijden te voldoen.<\/p>\r\n                                <\/div>\r\n                            <\/a>\r\n                        <\/div>\r\n                                                <div class=\"col-4\">\r\n                            <a href=\"https:\/\/www.lesgets.com\/nl\/waar-te-slapen\/\">\r\n                                <div class=\"img\"><img decoding=\"async\" src=\"https:\/\/www.lesgets.com\/wp\/..\/app\/uploads\/2025\/10\/2021_01_18_village_hotel_marmotte_LD_LesGets_MelCarle_IMG_8191-1920x1080.jpg\" alt=\"ou_dormir_les_gets\">\r\n                                <\/div>\r\n                                <div class=\"conteneur\">\r\n                                    <h3>Waar te slapen?<\/h3>\r\n                                    <p>Chalets, appartementen, residenties, hotels, gastenkamers &#8230; In Les Gets vindt u ongetwijfeld de accommodatie die bij uw budget en uw wensen past.<\/p>\r\n                                <\/div>\r\n                            <\/a>\r\n                        <\/div>\r\n                                                <div class=\"col-4\">\r\n                            <a href=\"https:\/\/www.lesgets.com\/nl\/waar-te-eten-waar-naartoe-tegaan\/\">\r\n                                <div class=\"img\"><img decoding=\"async\" src=\"https:\/\/www.lesgets.com\/wp\/..\/app\/uploads\/2022\/04\/2021_07_29_restaurant_les_chevrelles_terrasse_LD_LesGets_MelCarle_IMG_1558-1920x1080.jpg\" alt=\"\">\r\n                                <\/div>\r\n                                <div class=\"conteneur\">\r\n                                    <h3>Waar te eten ? Waar naartoe te gaan ?<\/h3>\r\n                                    <p>De kunst van het leven in de bergen omvat ook de geneugten van de tafel. Vind onze selectie van restaurants en bars in het dorp en op de bergen.<\/p>\r\n                                <\/div>\r\n                            <\/a>\r\n                        <\/div>\r\n                                    <\/div>\r\n        <\/div>\r\n    <\/div>\r\n<\/div>\n\n<div class=\"block block-genesis-custom-blocks-pushs\">    <div class=\"pushs-inside blanc\">\r\n        <div class=\"container\">\r\n            <div class=\"row\">\r\n                                        <div class=\"col-4\">\r\n                            <a href=\"https:\/\/www.lesgets.com\/nl\/praktische-informatie\/winkels-en-diensten\/\">\r\n                                <div class=\"img\"><img decoding=\"async\" src=\"https:\/\/www.lesgets.com\/wp\/..\/app\/uploads\/2025\/10\/bloc_header_acces-1920x1080.jpg\" alt=\"acc\u00e8s_les_gets \">\r\n                                <\/div>\r\n                                <div class=\"conteneur\">\r\n                                    <h3>Winkels en diensten<\/h3>\r\n                                    <p>Vind hier de lijst met alle winkels en diensten in het resort, die aan uw behoeften en wensen voldoen.<\/p>\r\n                                <\/div>\r\n                            <\/a>\r\n                        <\/div>\r\n                                                <div class=\"col-4\">\r\n                            <a href=\"https:\/\/www.lesgets.com\/nl\/praktische-informatie\/transport-en-mobiliteit\/\">\r\n                                <div class=\"img\"><img decoding=\"async\" src=\"https:\/\/www.lesgets.com\/wp\/..\/app\/uploads\/2025\/10\/2023_02_3_LesGets_bus_cpOTGets_LD-3-1920x1080.jpg\" alt=\"Les Gets_Bus \">\r\n                                <\/div>\r\n                                <div class=\"conteneur\">\r\n                                    <h3>Transport en mobiliteit<\/h3>\r\n                                    <p>Eenmaal aangekomen in Les Gets, laat uw auto dan achter op een parkeerplaats en beweeg u vrij rond te voet, met gratis pendeldiensten, met de kleine trein of met GetsLib&#8217;!<\/p>\r\n                                <\/div>\r\n                            <\/a>\r\n                        <\/div>\r\n                                                <div class=\"col-4\">\r\n                            <a href=\"https:\/\/www.lesgets.com\/nl\/praktische-informatie\/interactieve-map\/\">\r\n                                <div class=\"img\"><img decoding=\"async\" src=\"https:\/\/www.lesgets.com\/wp\/..\/app\/uploads\/2020\/05\/LesGets_2016_village_ete_V.Ducrettet_02-1920x1080.jpg\" alt=\"Rue vieux village des Gets en \u00e9t\u00e9 avec \u00e9glise au fond\">\r\n                                <\/div>\r\n                                <div class=\"conteneur\">\r\n                                    <h3>Interactieve kaart<\/h3>\r\n                                    <p>Vind de restaurants, hotels, winkels of adressen die u intereseren met dank aan de interactieve kaart van Les Gets. <\/p>\r\n                                <\/div>\r\n                            <\/a>\r\n                        <\/div>\r\n                                    <\/div>\r\n        <\/div>\r\n    <\/div>\r\n<\/div>","protected":false},"excerpt":{"rendered":"<p>Hier vindt u alle informatie die u nodig heeft om uw vakantie in Les Gets voor te bereiden en om een aangenaam verblijf in het resort te hebben.<\/p>\n","protected":false},"author":1,"featured_media":77310,"parent":0,"menu_order":0,"comment_status":"closed","ping_status":"closed","template":"","meta":{"_acf_changed":false,"footnotes":""},"class_list":["post-16768","page","type-page","status-publish","has-post-thumbnail","hentry"],"acf":[],"yoast_head":"<!-- This site is optimized with the Yoast SEO plugin v27.2 - https:\/\/yoast.com\/product\/yoast-seo-wordpress\/ -->\n<title>Praktische informatie voor uw vakantie in Les Gets - VVV-kantoor Les Gets<\/title>\n<meta name=\"description\" content=\"Hier vindt u alle informatie die u nodig heeft om uw vakantie in Les Gets voor te bereiden en om een aangenaam verblijf in het resort te hebben.\" \/>\n<meta name=\"robots\" content=\"index, follow, max-snippet:-1, max-image-preview:large, max-video-preview:-1\" \/>\n<link rel=\"canonical\" href=\"https:\/\/www.lesgets.com\/nl\/praktische-informatie\/\" \/>\n<meta property=\"og:locale\" content=\"nl_NL\" \/>\n<meta property=\"og:type\" content=\"article\" \/>\n<meta property=\"og:title\" content=\"Praktische informatie voor uw vakantie in Les Gets - VVV-kantoor Les Gets\" \/>\n<meta property=\"og:description\" content=\"Hier vindt u alle informatie die u nodig heeft om uw vakantie in Les Gets voor te bereiden en om een aangenaam verblijf in het resort te hebben.\" \/>\n<meta property=\"og:url\" content=\"https:\/\/www.lesgets.com\/nl\/praktische-informatie\/\" \/>\n<meta property=\"og:site_name\" content=\"Les Gets\" \/>\n<meta property=\"article:modified_time\" content=\"2024-12-18T10:04:24+00:00\" \/>\n<meta property=\"og:image\" content=\"https:\/\/www.lesgets.com\/wp\/..\/app\/uploads\/2021\/10\/2020_12_03_drone_village_neige_LD_lesgets_Lucas_Stanus_DJI_0824.jpg\" \/>\n\t<meta property=\"og:image:width\" content=\"640\" \/>\n\t<meta property=\"og:image:height\" content=\"426\" \/>\n\t<meta property=\"og:image:type\" content=\"image\/jpeg\" \/>\n<meta name=\"twitter:card\" content=\"summary_large_image\" \/>\n<meta name=\"twitter:label1\" content=\"Est. reading time\" \/>\n\t<meta name=\"twitter:data1\" content=\"1 minute\" \/>\n<script type=\"application\/ld+json\" class=\"yoast-schema-graph\">{\"@context\":\"https:\/\/schema.org\",\"@graph\":[{\"@type\":\"WebPage\",\"@id\":\"https:\/\/www.lesgets.com\/nl\/praktische-informatie\/\",\"url\":\"https:\/\/www.lesgets.com\/nl\/praktische-informatie\/\",\"name\":\"Praktische informatie voor uw vakantie in Les Gets - VVV-kantoor Les Gets\",\"isPartOf\":{\"@id\":\"https:\/\/www.lesgets.com\/en\/#website\"},\"primaryImageOfPage\":{\"@id\":\"https:\/\/www.lesgets.com\/nl\/praktische-informatie\/#primaryimage\"},\"image\":{\"@id\":\"https:\/\/www.lesgets.com\/nl\/praktische-informatie\/#primaryimage\"},\"thumbnailUrl\":\"https:\/\/www.lesgets.com\/wp\/..\/app\/uploads\/2025\/10\/2021_01_18_village_clocher_LD_LesGets_MelCarle_IMG_8224.jpg\",\"datePublished\":\"2020-08-07T14:49:56+00:00\",\"dateModified\":\"2024-12-18T10:04:24+00:00\",\"description\":\"Hier vindt u alle informatie die u nodig heeft om uw vakantie in Les Gets voor te bereiden en om een aangenaam verblijf in het resort te hebben.\",\"breadcrumb\":{\"@id\":\"https:\/\/www.lesgets.com\/nl\/praktische-informatie\/#breadcrumb\"},\"inLanguage\":\"nl-NL\",\"potentialAction\":[{\"@type\":\"ReadAction\",\"target\":[\"https:\/\/www.lesgets.com\/nl\/praktische-informatie\/\"]}]},{\"@type\":\"ImageObject\",\"inLanguage\":\"nl-NL\",\"@id\":\"https:\/\/www.lesgets.com\/nl\/praktische-informatie\/#primaryimage\",\"url\":\"https:\/\/www.lesgets.com\/wp\/..\/app\/uploads\/2025\/10\/2021_01_18_village_clocher_LD_LesGets_MelCarle_IMG_8224.jpg\",\"contentUrl\":\"https:\/\/www.lesgets.com\/wp\/..\/app\/uploads\/2025\/10\/2021_01_18_village_clocher_LD_LesGets_MelCarle_IMG_8224.jpg\",\"width\":1920,\"height\":1280,\"caption\":\"informations_pratiques_les_gets\"},{\"@type\":\"BreadcrumbList\",\"@id\":\"https:\/\/www.lesgets.com\/nl\/praktische-informatie\/#breadcrumb\",\"itemListElement\":[{\"@type\":\"ListItem\",\"position\":1,\"name\":\"Accueil\",\"item\":\"https:\/\/www.lesgets.com\/nl\/\"},{\"@type\":\"ListItem\",\"position\":2,\"name\":\"Praktische informatie\"}]},{\"@type\":\"WebSite\",\"@id\":\"https:\/\/www.lesgets.com\/en\/#website\",\"url\":\"https:\/\/www.lesgets.com\/en\/\",\"name\":\"Les Gets\",\"description\":\"\",\"publisher\":{\"@id\":\"https:\/\/www.lesgets.com\/en\/#organization\"},\"potentialAction\":[{\"@type\":\"SearchAction\",\"target\":{\"@type\":\"EntryPoint\",\"urlTemplate\":\"https:\/\/www.lesgets.com\/en\/?s={search_term_string}\"},\"query-input\":{\"@type\":\"PropertyValueSpecification\",\"valueRequired\":true,\"valueName\":\"search_term_string\"}}],\"inLanguage\":\"nl-NL\"},{\"@type\":\"Organization\",\"@id\":\"https:\/\/www.lesgets.com\/en\/#organization\",\"name\":\"Les Gets\",\"url\":\"https:\/\/www.lesgets.com\/en\/\",\"logo\":{\"@type\":\"ImageObject\",\"inLanguage\":\"nl-NL\",\"@id\":\"https:\/\/www.lesgets.com\/en\/#\/schema\/logo\/image\/\",\"url\":\"https:\/\/www.lesgets.com\/wp\/..\/app\/uploads\/2020\/06\/logo_lesgets.png\",\"contentUrl\":\"https:\/\/www.lesgets.com\/wp\/..\/app\/uploads\/2020\/06\/logo_lesgets.png\",\"width\":136,\"height\":115,\"caption\":\"Les Gets\"},\"image\":{\"@id\":\"https:\/\/www.lesgets.com\/en\/#\/schema\/logo\/image\/\"}}]}<\/script>\n<!-- \/ Yoast SEO plugin. -->","yoast_head_json":{"title":"Praktische informatie voor uw vakantie in Les Gets - VVV-kantoor Les Gets","description":"Hier vindt u alle informatie die u nodig heeft om uw vakantie in Les Gets voor te bereiden en om een aangenaam verblijf in het resort te hebben.","robots":{"index":"index","follow":"follow","max-snippet":"max-snippet:-1","max-image-preview":"max-image-preview:large","max-video-preview":"max-video-preview:-1"},"canonical":"https:\/\/www.lesgets.com\/nl\/praktische-informatie\/","og_locale":"nl_NL","og_type":"article","og_title":"Praktische informatie voor uw vakantie in Les Gets - VVV-kantoor Les Gets","og_description":"Hier vindt u alle informatie die u nodig heeft om uw vakantie in Les Gets voor te bereiden en om een aangenaam verblijf in het resort te hebben.","og_url":"https:\/\/www.lesgets.com\/nl\/praktische-informatie\/","og_site_name":"Les Gets","article_modified_time":"2024-12-18T10:04:24+00:00","og_image":[{"url":"https:\/\/www.lesgets.com\/wp\/..\/app\/uploads\/2021\/10\/2020_12_03_drone_village_neige_LD_lesgets_Lucas_Stanus_DJI_0824.jpg","width":640,"height":426,"type":"image\/jpeg"}],"twitter_card":"summary_large_image","twitter_misc":{"Est. reading time":"1 minute"},"schema":{"@context":"https:\/\/schema.org","@graph":[{"@type":"WebPage","@id":"https:\/\/www.lesgets.com\/nl\/praktische-informatie\/","url":"https:\/\/www.lesgets.com\/nl\/praktische-informatie\/","name":"Praktische informatie voor uw vakantie in Les Gets - VVV-kantoor Les Gets","isPartOf":{"@id":"https:\/\/www.lesgets.com\/en\/#website"},"primaryImageOfPage":{"@id":"https:\/\/www.lesgets.com\/nl\/praktische-informatie\/#primaryimage"},"image":{"@id":"https:\/\/www.lesgets.com\/nl\/praktische-informatie\/#primaryimage"},"thumbnailUrl":"https:\/\/www.lesgets.com\/wp\/..\/app\/uploads\/2025\/10\/2021_01_18_village_clocher_LD_LesGets_MelCarle_IMG_8224.jpg","datePublished":"2020-08-07T14:49:56+00:00","dateModified":"2024-12-18T10:04:24+00:00","description":"Hier vindt u alle informatie die u nodig heeft om uw vakantie in Les Gets voor te bereiden en om een aangenaam verblijf in het resort te hebben.","breadcrumb":{"@id":"https:\/\/www.lesgets.com\/nl\/praktische-informatie\/#breadcrumb"},"inLanguage":"nl-NL","potentialAction":[{"@type":"ReadAction","target":["https:\/\/www.lesgets.com\/nl\/praktische-informatie\/"]}]},{"@type":"ImageObject","inLanguage":"nl-NL","@id":"https:\/\/www.lesgets.com\/nl\/praktische-informatie\/#primaryimage","url":"https:\/\/www.lesgets.com\/wp\/..\/app\/uploads\/2025\/10\/2021_01_18_village_clocher_LD_LesGets_MelCarle_IMG_8224.jpg","contentUrl":"https:\/\/www.lesgets.com\/wp\/..\/app\/uploads\/2025\/10\/2021_01_18_village_clocher_LD_LesGets_MelCarle_IMG_8224.jpg","width":1920,"height":1280,"caption":"informations_pratiques_les_gets"},{"@type":"BreadcrumbList","@id":"https:\/\/www.lesgets.com\/nl\/praktische-informatie\/#breadcrumb","itemListElement":[{"@type":"ListItem","position":1,"name":"Accueil","item":"https:\/\/www.lesgets.com\/nl\/"},{"@type":"ListItem","position":2,"name":"Praktische informatie"}]},{"@type":"WebSite","@id":"https:\/\/www.lesgets.com\/en\/#website","url":"https:\/\/www.lesgets.com\/en\/","name":"Les Gets","description":"","publisher":{"@id":"https:\/\/www.lesgets.com\/en\/#organization"},"potentialAction":[{"@type":"SearchAction","target":{"@type":"EntryPoint","urlTemplate":"https:\/\/www.lesgets.com\/en\/?s={search_term_string}"},"query-input":{"@type":"PropertyValueSpecification","valueRequired":true,"valueName":"search_term_string"}}],"inLanguage":"nl-NL"},{"@type":"Organization","@id":"https:\/\/www.lesgets.com\/en\/#organization","name":"Les Gets","url":"https:\/\/www.lesgets.com\/en\/","logo":{"@type":"ImageObject","inLanguage":"nl-NL","@id":"https:\/\/www.lesgets.com\/en\/#\/schema\/logo\/image\/","url":"https:\/\/www.lesgets.com\/wp\/..\/app\/uploads\/2020\/06\/logo_lesgets.png","contentUrl":"https:\/\/www.lesgets.com\/wp\/..\/app\/uploads\/2020\/06\/logo_lesgets.png","width":136,"height":115,"caption":"Les Gets"},"image":{"@id":"https:\/\/www.lesgets.com\/en\/#\/schema\/logo\/image\/"}}]}},"featured_image_src":"https:\/\/www.lesgets.com\/wp\/..\/app\/uploads\/2025\/10\/2021_01_18_village_clocher_LD_LesGets_MelCarle_IMG_8224-600x400.jpg","featured_image_src_square":"https:\/\/www.lesgets.com\/wp\/..\/app\/uploads\/2025\/10\/2021_01_18_village_clocher_LD_LesGets_MelCarle_IMG_8224-600x600.jpg","_links":{"self":[{"href":"https:\/\/www.lesgets.com\/nl\/wp-json\/wp\/v2\/pages\/16768","targetHints":{"allow":["GET"]}}],"collection":[{"href":"https:\/\/www.lesgets.com\/nl\/wp-json\/wp\/v2\/pages"}],"about":[{"href":"https:\/\/www.lesgets.com\/nl\/wp-json\/wp\/v2\/types\/page"}],"author":[{"embeddable":true,"href":"https:\/\/www.lesgets.com\/nl\/wp-json\/wp\/v2\/users\/1"}],"replies":[{"embeddable":true,"href":"https:\/\/www.lesgets.com\/nl\/wp-json\/wp\/v2\/comments?post=16768"}],"version-history":[{"count":5,"href":"https:\/\/www.lesgets.com\/nl\/wp-json\/wp\/v2\/pages\/16768\/revisions"}],"predecessor-version":[{"id":52199,"href":"https:\/\/www.lesgets.com\/nl\/wp-json\/wp\/v2\/pages\/16768\/revisions\/52199"}],"wp:featuredmedia":[{"embeddable":true,"href":"https:\/\/www.lesgets.com\/nl\/wp-json\/wp\/v2\/media\/77310"}],"wp:attachment":[{"href":"https:\/\/www.lesgets.com\/nl\/wp-json\/wp\/v2\/media?parent=16768"}],"curies":[{"name":"wp","href":"https:\/\/api.w.org\/{rel}","templated":true}]}}