{"id":16775,"date":"2020-08-07T17:10:29","date_gmt":"2020-08-07T15:10:29","guid":{"rendered":"https:\/\/www.lesgets.com\/contact\/"},"modified":"2022-10-14T10:46:30","modified_gmt":"2022-10-14T08:46:30","slug":"contact","status":"publish","type":"page","link":"https:\/\/www.lesgets.com\/nl\/contact\/","title":{"rendered":"Contact"},"content":{"rendered":"<div class=\"block block-core-heading\">\n<h2 class=\"wp-block-heading\"><strong>Contactformulier<\/strong><\/h2>\n<\/div>\n\n<div class=\"block block-core-spacer\">\n<div style=\"height:30px\" aria-hidden=\"true\" class=\"wp-block-spacer\"><\/div>\n<\/div>\n\n<div class=\"block block-core-paragraph\">\n\n<div class=\"wpcf7 no-js\" id=\"wpcf7-f18813-o1\" lang=\"nl-NL\" dir=\"ltr\" data-wpcf7-id=\"18813\">\n<div class=\"screen-reader-response\"><p role=\"status\" aria-live=\"polite\" aria-atomic=\"true\"><\/p> <ul><\/ul><\/div>\n<form action=\"\/nl\/wp-json\/wp\/v2\/pages\/16775#wpcf7-f18813-o1\" method=\"post\" class=\"wpcf7-form init 8494ac647382 cmatic-conn cmatic-aud-23 cmatic-mapd0-0 cmatic-v0978 cmatic-sent-0 cmatic-total-1247\" aria-label=\"Contact form\" novalidate=\"novalidate\" data-status=\"init\">\n<fieldset class=\"hidden-fields-container\"><input type=\"hidden\" name=\"_wpcf7\" value=\"18813\" \/><input type=\"hidden\" name=\"_wpcf7_version\" value=\"6.1.5\" \/><input type=\"hidden\" name=\"_wpcf7_locale\" value=\"nl_NL\" \/><input type=\"hidden\" name=\"_wpcf7_unit_tag\" value=\"wpcf7-f18813-o1\" \/><input type=\"hidden\" name=\"_wpcf7_container_post\" value=\"0\" \/><input type=\"hidden\" name=\"_wpcf7_posted_data_hash\" value=\"\" \/><input type=\"hidden\" name=\"_wpcf7_recaptcha_response\" value=\"\" \/>\n<\/fieldset>\n<p><label> Uw naam (verplicht)<br \/>\n<span class=\"wpcf7-form-control-wrap\" data-name=\"LNAME\"><input size=\"40\" maxlength=\"400\" class=\"wpcf7-form-control wpcf7-text wpcf7-validates-as-required\" aria-required=\"true\" aria-invalid=\"false\" value=\"\" type=\"text\" name=\"LNAME\" \/><\/span> <\/label>\n<\/p>\n<p><label> Uw e-mail (verplicht)<br \/>\n<span class=\"wpcf7-form-control-wrap\" data-name=\"EMAIL\"><input size=\"40\" maxlength=\"400\" class=\"wpcf7-form-control wpcf7-email wpcf7-validates-as-required wpcf7-text wpcf7-validates-as-email\" aria-required=\"true\" aria-invalid=\"false\" value=\"\" type=\"email\" name=\"EMAIL\" \/><\/span> <\/label>\n<\/p>\n<p><label> Onderwerp (verplicht)<br \/>\n<span class=\"wpcf7-form-control-wrap\" data-name=\"your-subject\"><select class=\"wpcf7-form-control wpcf7-select wpcf7-validates-as-required\" aria-required=\"true\" aria-invalid=\"false\" name=\"your-subject\"><option value=\"Skipassen\">Skipassen<\/option><option value=\"Skigebied\">Skigebied<\/option><option value=\"Bikepark\">Bikepark<\/option><option value=\"Accommodatie\">Accommodatie<\/option><option value=\"Evenementen\">Evenementen<\/option><option value=\"Het dorp\">Het dorp<\/option><option value=\"Vervoer\">Vervoer<\/option><option value=\"Brochures ontvangen\">Brochures ontvangen<\/option><option value=\"Overig\">Overig<\/option><\/select><\/span> <\/label>\n<\/p>\n<p><label> Thuisadres (vereist voor het verzenden van brochures)<br \/>\n<span class=\"wpcf7-form-control-wrap\" data-name=\"your-address\"><textarea cols=\"40\" rows=\"10\" maxlength=\"2000\" class=\"wpcf7-form-control wpcf7-textarea\" aria-invalid=\"false\" name=\"your-address\"><\/textarea><\/span> <\/label>\n<\/p>\n<p><label> Uw bericht<br \/>\n<span class=\"wpcf7-form-control-wrap\" data-name=\"your-message\"><textarea cols=\"40\" rows=\"10\" maxlength=\"2000\" class=\"wpcf7-form-control wpcf7-textarea\" aria-invalid=\"false\" name=\"your-message\"><\/textarea><\/span> <\/label>\n<\/p>\n<p><!-- Mailchimp for WordPress v4.12.1 - https:\/\/www.mc4wp.com\/ --><input type=\"hidden\" name=\"_mc4wp_subscribe_contact-form-7\" value=\"0\" \/><span class=\"mc4wp-checkbox mc4wp-checkbox-contact-form-7 \"><label><input type=\"checkbox\" name=\"_mc4wp_subscribe_contact-form-7\" value=\"1\" ><span>Ontvang informatie en tips over Les Gets!<\/span><\/label><\/span><!-- \/ Mailchimp for WordPress -->\n<\/p>\n<p><label>Uw interesses<\/label><br \/>\n<span role=\"alert\" class=\"_mc4wp_lists_error wpcf7-not-valid-tip\">Please choose at least one \u200b\u200binterest.<\/span><br \/>\n<label><input name=\"_mc4wp_lists[]\" type=\"checkbox\" value=\"Ski\" \/> <span>SKIGEBIED<\/span><\/label><br \/>\n<label><input name=\"_mc4wp_lists[]\" type=\"checkbox\" value=\"Bike\" \/> <span>BIKE<\/span><\/label><br \/>\n<label><input name=\"_mc4wp_lists[]\" type=\"checkbox\" value=\"Station\" \/> <span>SKISTATION<\/span><\/label><br \/>\n<label><input name=\"_mc4wp_lists[]\" type=\"checkbox\" value=\"Events\" \/> <span>EVENEMENTEN<\/span><\/label><br \/>\n<label><input name=\"_mc4wp_lists[]\" type=\"checkbox\" value=\"Offres\" \/> <span>VAKANTIE AANBIEDINGEN<\/span><\/label>\n<\/p>\n<p>Door het indienen van dit formulier accepteert u dat de ingevoerde informatie intern wordt gebruikt voor maandelijkse mailings van commerci\u00eble (Sagets) en\/of toeristische (Les Gets Tourisme) informatie.\n<\/p>\n<p>Om uw rechten te kennen en uit te oefenen, in het bijzonder om uw toestemming voor het gebruik van de via dit formulier verzamelde gegevens in te trekken, verzoeken wij u <a href=\"\/en\/privacy-policy\/\" target=\"_blank\"\">consulteren van ons privacybeleid.<br \/>\n<input class=\"wpcf7-form-control wpcf7-submit has-spinner\" type=\"submit\" value=\"Verzenden\" \/><\/a>\n<\/p><div class=\"wpcf7-response-output\" aria-hidden=\"true\"><\/div>\n<\/form>\n<\/div>\n\n<\/div>\n\n<div class=\"block block-core-spacer\">\n<div style=\"height:50px\" aria-hidden=\"true\" class=\"wp-block-spacer\"><\/div>\n<\/div>\n\n<div class=\"block block-core-heading\">\n<h2 class=\"wp-block-heading\"><strong>Of neem direct contact op met de betreffende afdeling<\/strong><\/h2>\n<\/div>\n\n<div class=\"block block-core-spacer\">\n<div style=\"height:30px\" aria-hidden=\"true\" class=\"wp-block-spacer\"><\/div>\n<\/div>\n\n<h4>VVV-kantoor<\/h4>\n<p>T\u00e9l. : <a href=\"tel:+33450747474\"><strong>+33 (0)4 50 74 74 74<\/strong><\/a><br><a href=\"mailto:lesgets@lesgets.com\">lesgets@lesgets.com<\/a><\/p>\n<h3>&nbsp;<\/h3>\n<h4 class=\"title\">Skigebied (Sagets)<\/h4>\n<p class=\"title\">T\u00e9l. : <a href=\"tel:+33450758099\"><strong>+33 (0)4 50 75 80 99<\/strong><\/a><br><a href=\"mailto:info@sagets.com\">info@sagets.fr<\/a><\/p>\n<h3>&nbsp;<\/h3>\n<h4 class=\"title\">Reserveringen (Les Gets r\u00e9servation)<\/h4>\n<p>T\u00e9l. : <a href=\"tel:+33450758051\"><strong>+33 (0)4 50 75 80 51<\/strong><\/a><br><a href=\"mailto:reservation@lesgets.com\">reservation@lesgets.com<\/a><\/p>\n<h3>&nbsp;<\/h3>\n<h4 class=\"title\">Stadhuis (Receptie)<\/h4>\n<p>T\u00e9l. : <a href=\"tel:+33450747474\"><strong>+33 (0)4 50 74 74 65<\/strong><\/a><br><a href=\"mailto:mairie@mairie-les-gets.fr\">mairie@mairie-les-gets.fr<\/a><\/p>\n<h3>&nbsp;<\/h3>\n<h4 class=\"title\">MTB (Bikepark)<\/h4>\n<p>T\u00e9l. : <a href=\"tel:+33450758099\"><strong>+33 (0)4 50 75 80 99<\/strong><\/a><br><a href=\"mailto:info@lesgets.bike\">info@lesgets.bike<\/a><\/p>\n<h3>&nbsp;<\/h3>\n<h4 class=\"title\">Golf (Club house)<\/h4>\n<p>T\u00e9l. : <a href=\"tel:+33450758763\"><strong>+33 (0)4 50 75 87 63<\/strong><\/a><br><a href=\"mailto:info@lesgets.golf\">info@lesgets.golf<\/a><\/p>\n\n<div class=\"block block-core-spacer\">\n<div style=\"height:100px\" aria-hidden=\"true\" class=\"wp-block-spacer\"><\/div>\n<\/div>","protected":false},"excerpt":{"rendered":"<p>Contactformulier Of neem direct contact op met de betreffende afdeling VVV-kantoor T\u00e9l. : +33 (0)4 50 74 74 74lesgets@lesgets.com &nbsp; Skigebied (Sagets) T\u00e9l. : +33 (0)4 50 75 80 99info@sagets.fr &nbsp; Reserveringen (Les Gets r\u00e9servation) T\u00e9l. : +33 (0)4 50 75 80 51reservation@lesgets.com &nbsp; Stadhuis (Receptie) T\u00e9l. : +33 (0)4 50 74 74 65mairie@mairie-les-gets.fr &nbsp; [&hellip;]<\/p>\n","protected":false},"author":1,"featured_media":0,"parent":0,"menu_order":0,"comment_status":"closed","ping_status":"closed","template":"","meta":{"_acf_changed":false,"footnotes":""},"class_list":["post-16775","page","type-page","status-publish","hentry"],"acf":[],"yoast_head":"<!-- This site is optimized with the Yoast SEO plugin v27.3 - https:\/\/yoast.com\/product\/yoast-seo-wordpress\/ -->\n<title>Contact - Les Gets<\/title>\n<meta name=\"robots\" content=\"index, follow, max-snippet:-1, max-image-preview:large, max-video-preview:-1\" \/>\n<link rel=\"canonical\" href=\"https:\/\/www.lesgets.com\/nl\/contact\/\" \/>\n<meta property=\"og:locale\" content=\"nl_NL\" \/>\n<meta property=\"og:type\" content=\"article\" \/>\n<meta property=\"og:title\" content=\"Contact - Les Gets\" \/>\n<meta property=\"og:description\" content=\"Contactformulier Of neem direct contact op met de betreffende afdeling VVV-kantoor T\u00e9l. : +33 (0)4 50 74 74 74lesgets@lesgets.com &nbsp; Skigebied (Sagets) T\u00e9l. : +33 (0)4 50 75 80 99info@sagets.fr &nbsp; Reserveringen (Les Gets r\u00e9servation) T\u00e9l. : +33 (0)4 50 75 80 51reservation@lesgets.com &nbsp; Stadhuis (Receptie) T\u00e9l. : +33 (0)4 50 74 74 65mairie@mairie-les-gets.fr &nbsp; [&hellip;]\" \/>\n<meta property=\"og:url\" content=\"https:\/\/www.lesgets.com\/nl\/contact\/\" \/>\n<meta property=\"og:site_name\" content=\"Les Gets\" \/>\n<meta property=\"article:modified_time\" content=\"2022-10-14T08:46:30+00:00\" \/>\n<meta name=\"twitter:card\" content=\"summary_large_image\" \/>\n<meta name=\"twitter:label1\" content=\"Est. reading time\" \/>\n\t<meta name=\"twitter:data1\" content=\"1 minute\" \/>\n<script type=\"application\/ld+json\" class=\"yoast-schema-graph\">{\"@context\":\"https:\\\/\\\/schema.org\",\"@graph\":[{\"@type\":\"WebPage\",\"@id\":\"https:\\\/\\\/www.lesgets.com\\\/nl\\\/contact\\\/\",\"url\":\"https:\\\/\\\/www.lesgets.com\\\/nl\\\/contact\\\/\",\"name\":\"Contact - Les Gets\",\"isPartOf\":{\"@id\":\"https:\\\/\\\/www.lesgets.com\\\/en\\\/#website\"},\"datePublished\":\"2020-08-07T15:10:29+00:00\",\"dateModified\":\"2022-10-14T08:46:30+00:00\",\"breadcrumb\":{\"@id\":\"https:\\\/\\\/www.lesgets.com\\\/nl\\\/contact\\\/#breadcrumb\"},\"inLanguage\":\"nl-NL\",\"potentialAction\":[{\"@type\":\"ReadAction\",\"target\":[\"https:\\\/\\\/www.lesgets.com\\\/nl\\\/contact\\\/\"]}]},{\"@type\":\"BreadcrumbList\",\"@id\":\"https:\\\/\\\/www.lesgets.com\\\/nl\\\/contact\\\/#breadcrumb\",\"itemListElement\":[{\"@type\":\"ListItem\",\"position\":1,\"name\":\"Accueil\",\"item\":\"https:\\\/\\\/www.lesgets.com\\\/nl\\\/\"},{\"@type\":\"ListItem\",\"position\":2,\"name\":\"Contact\"}]},{\"@type\":\"WebSite\",\"@id\":\"https:\\\/\\\/www.lesgets.com\\\/en\\\/#website\",\"url\":\"https:\\\/\\\/www.lesgets.com\\\/en\\\/\",\"name\":\"Les Gets\",\"description\":\"\",\"publisher\":{\"@id\":\"https:\\\/\\\/www.lesgets.com\\\/en\\\/#organization\"},\"potentialAction\":[{\"@type\":\"SearchAction\",\"target\":{\"@type\":\"EntryPoint\",\"urlTemplate\":\"https:\\\/\\\/www.lesgets.com\\\/en\\\/?s={search_term_string}\"},\"query-input\":{\"@type\":\"PropertyValueSpecification\",\"valueRequired\":true,\"valueName\":\"search_term_string\"}}],\"inLanguage\":\"nl-NL\"},{\"@type\":\"Organization\",\"@id\":\"https:\\\/\\\/www.lesgets.com\\\/en\\\/#organization\",\"name\":\"Les Gets\",\"url\":\"https:\\\/\\\/www.lesgets.com\\\/en\\\/\",\"logo\":{\"@type\":\"ImageObject\",\"inLanguage\":\"nl-NL\",\"@id\":\"https:\\\/\\\/www.lesgets.com\\\/en\\\/#\\\/schema\\\/logo\\\/image\\\/\",\"url\":\"https:\\\/\\\/www.lesgets.com\\\/wp\\\/..\\\/app\\\/uploads\\\/2020\\\/06\\\/logo_lesgets.png\",\"contentUrl\":\"https:\\\/\\\/www.lesgets.com\\\/wp\\\/..\\\/app\\\/uploads\\\/2020\\\/06\\\/logo_lesgets.png\",\"width\":136,\"height\":115,\"caption\":\"Les Gets\"},\"image\":{\"@id\":\"https:\\\/\\\/www.lesgets.com\\\/en\\\/#\\\/schema\\\/logo\\\/image\\\/\"}}]}<\/script>\n<!-- \/ Yoast SEO plugin. -->","yoast_head_json":{"title":"Contact - Les Gets","robots":{"index":"index","follow":"follow","max-snippet":"max-snippet:-1","max-image-preview":"max-image-preview:large","max-video-preview":"max-video-preview:-1"},"canonical":"https:\/\/www.lesgets.com\/nl\/contact\/","og_locale":"nl_NL","og_type":"article","og_title":"Contact - Les Gets","og_description":"Contactformulier Of neem direct contact op met de betreffende afdeling VVV-kantoor T\u00e9l. : +33 (0)4 50 74 74 74lesgets@lesgets.com &nbsp; Skigebied (Sagets) T\u00e9l. : +33 (0)4 50 75 80 99info@sagets.fr &nbsp; Reserveringen (Les Gets r\u00e9servation) T\u00e9l. : +33 (0)4 50 75 80 51reservation@lesgets.com &nbsp; Stadhuis (Receptie) T\u00e9l. : +33 (0)4 50 74 74 65mairie@mairie-les-gets.fr &nbsp; [&hellip;]","og_url":"https:\/\/www.lesgets.com\/nl\/contact\/","og_site_name":"Les Gets","article_modified_time":"2022-10-14T08:46:30+00:00","twitter_card":"summary_large_image","twitter_misc":{"Est. reading time":"1 minute"},"schema":{"@context":"https:\/\/schema.org","@graph":[{"@type":"WebPage","@id":"https:\/\/www.lesgets.com\/nl\/contact\/","url":"https:\/\/www.lesgets.com\/nl\/contact\/","name":"Contact - Les Gets","isPartOf":{"@id":"https:\/\/www.lesgets.com\/en\/#website"},"datePublished":"2020-08-07T15:10:29+00:00","dateModified":"2022-10-14T08:46:30+00:00","breadcrumb":{"@id":"https:\/\/www.lesgets.com\/nl\/contact\/#breadcrumb"},"inLanguage":"nl-NL","potentialAction":[{"@type":"ReadAction","target":["https:\/\/www.lesgets.com\/nl\/contact\/"]}]},{"@type":"BreadcrumbList","@id":"https:\/\/www.lesgets.com\/nl\/contact\/#breadcrumb","itemListElement":[{"@type":"ListItem","position":1,"name":"Accueil","item":"https:\/\/www.lesgets.com\/nl\/"},{"@type":"ListItem","position":2,"name":"Contact"}]},{"@type":"WebSite","@id":"https:\/\/www.lesgets.com\/en\/#website","url":"https:\/\/www.lesgets.com\/en\/","name":"Les Gets","description":"","publisher":{"@id":"https:\/\/www.lesgets.com\/en\/#organization"},"potentialAction":[{"@type":"SearchAction","target":{"@type":"EntryPoint","urlTemplate":"https:\/\/www.lesgets.com\/en\/?s={search_term_string}"},"query-input":{"@type":"PropertyValueSpecification","valueRequired":true,"valueName":"search_term_string"}}],"inLanguage":"nl-NL"},{"@type":"Organization","@id":"https:\/\/www.lesgets.com\/en\/#organization","name":"Les Gets","url":"https:\/\/www.lesgets.com\/en\/","logo":{"@type":"ImageObject","inLanguage":"nl-NL","@id":"https:\/\/www.lesgets.com\/en\/#\/schema\/logo\/image\/","url":"https:\/\/www.lesgets.com\/wp\/..\/app\/uploads\/2020\/06\/logo_lesgets.png","contentUrl":"https:\/\/www.lesgets.com\/wp\/..\/app\/uploads\/2020\/06\/logo_lesgets.png","width":136,"height":115,"caption":"Les Gets"},"image":{"@id":"https:\/\/www.lesgets.com\/en\/#\/schema\/logo\/image\/"}}]}},"featured_image_src":null,"featured_image_src_square":null,"_links":{"self":[{"href":"https:\/\/www.lesgets.com\/nl\/wp-json\/wp\/v2\/pages\/16775","targetHints":{"allow":["GET"]}}],"collection":[{"href":"https:\/\/www.lesgets.com\/nl\/wp-json\/wp\/v2\/pages"}],"about":[{"href":"https:\/\/www.lesgets.com\/nl\/wp-json\/wp\/v2\/types\/page"}],"author":[{"embeddable":true,"href":"https:\/\/www.lesgets.com\/nl\/wp-json\/wp\/v2\/users\/1"}],"replies":[{"embeddable":true,"href":"https:\/\/www.lesgets.com\/nl\/wp-json\/wp\/v2\/comments?post=16775"}],"version-history":[{"count":5,"href":"https:\/\/www.lesgets.com\/nl\/wp-json\/wp\/v2\/pages\/16775\/revisions"}],"predecessor-version":[{"id":38523,"href":"https:\/\/www.lesgets.com\/nl\/wp-json\/wp\/v2\/pages\/16775\/revisions\/38523"}],"wp:attachment":[{"href":"https:\/\/www.lesgets.com\/nl\/wp-json\/wp\/v2\/media?parent=16775"}],"curies":[{"name":"wp","href":"https:\/\/api.w.org\/{rel}","templated":true}]}}