{"id":16784,"date":"2020-08-07T17:27:19","date_gmt":"2020-08-07T15:27:19","guid":{"rendered":"https:\/\/www.lesgets.com\/wat-is-er-te-doen\/hoogtewellness\/ateliers-et-sejours-bien-etre\/"},"modified":"2020-10-01T10:01:11","modified_gmt":"2020-10-01T08:01:11","slug":"workshops-en-wellnessverblijven","status":"publish","type":"page","link":"https:\/\/www.lesgets.com\/nl\/wat-is-er-te-doen\/welzijn-en-ontspanning\/workshops-en-wellnessverblijven\/","title":{"rendered":"Workshops en wellnessverblijven"},"content":{"rendered":"<div class=\"block block-core-spacer\">\n<div style=\"height:30px\" aria-hidden=\"true\" class=\"wp-block-spacer\"><\/div>\n<\/div>\n\n<div class=\"\">\n<h2><strong>Change in the air<\/strong><\/h2>\n<\/div>\n<div class=\"\">\n<div class=\"\">\n<div class=\"\">\n<div class=\"\"><span class=\"\"><span class=\"\">In de rust van de grote tuin, in de zachtheid van de spa en door de orginaliteit en levensvreugde van de gasten, geeft <strong>de zonnige g\u00eete Du Changement dans l&#8217;Air (verandering in de lucht)\u00a0<\/strong>je de sleutels om je dagelijkse leven te verbeteren, met maar \u00e9\u00e9n woord in gedachten: autonomie!\u00a0<\/span><\/span><\/div>\n<div>\u00a0<\/div>\n<\/div>\n<div class=\"\">\n<div class=\"\">Agathe en Barbara moedigen zero waste can en stolen men nieuwe manier van consumeren voor.<\/div>\n<\/div>\n<\/div>\n<\/div>\n<div class=\"\">\n<h3>Verandering in het gerecht<\/h3>\n<\/div>\n<div class=\"\">\n<div class=\"\">Ontdek gezonde en smakelijke vegetarische en veganistische gerechten, die iedereen in korte tijd kan bereiden: idee\u00ebn, technieken, verschillende middelen worden gebruikt zodat je vertrekt met een receptenboek dat je thuis gemakkelijk opnieuw kunt maken!<\/div>\n<\/div>\n<div class=\"\">\n<div class=\"\">\u00a0<\/div>\n<\/div>\n<div class=\"\">\n<h3>Verandering in je leven<\/h3>\n<\/div>\n<div class=\"\">\n<div class=\"\">\n<div class=\"\">\n<div class=\"\"><span class=\"\">Ter gelegenheid van workshops hebben\u00a0<strong>Agathe Le Roux\u00a0<\/strong>, (natuur-geneeskundige<\/span><span class=\"\">) en\u00a0<strong>Barbara Porret<\/strong>\u00a0(yogaleraares, masseuse) zich omringd door professionals die in hart en ni\u00e8rent hun kennis uitwisselen in een geest van delen en gelukszijn!\u00a0<\/span><\/div>\n<div>\u00a0<\/div>\n<div class=\"\">Worshops :\u00a0<i class=\"\">yoga en natuurgeneeskunde, voeding, cosmetica, fototherapie<\/i><\/div>\n<div>\u00a0<\/div>\n<\/div>\n<div class=\"\">\n<div class=\"\">Wellness weken :<em> Lekkere detox &amp; natuur, bergsport &amp; meditatie, fototherapie &amp; wandelen, acroyoga &amp; voeding&#8230;<\/em><\/div>\n<\/div>\n<\/div>\n<\/div>\n\n<div class=\"block block-core-spacer\">\n<div style=\"height:50px\" aria-hidden=\"true\" class=\"wp-block-spacer\"><\/div>\n<\/div>\n\n\n<figure class=\"wp-block-gallery columns-2 is-cropped wp-block-gallery-1 is-layout-flex wp-block-gallery-is-layout-flex\"><ul class=\"blocks-gallery-grid\"><li class=\"blocks-gallery-item\"><figure><img loading=\"lazy\" decoding=\"async\" width=\"2048\" height=\"1386\" src=\"https:\/\/www.lesgets.com\/app\/uploads\/2020\/06\/Agathe_Sarah-Galvan-Photographe-3.jpg\" alt=\"\" data-id=\"14721\" data-full-url=\"https:\/\/www.lesgets.com\/app\/uploads\/2020\/06\/Agathe_Sarah-Galvan-Photographe-3.jpg\" data-link=\"https:\/\/www.lesgets.com\/agathe_sarah-galvan-photographe-3\/\" class=\"wp-image-14721\" srcset=\"https:\/\/www.lesgets.com\/wp\/..\/app\/uploads\/2020\/06\/Agathe_Sarah-Galvan-Photographe-3.jpg 2048w, https:\/\/www.lesgets.com\/wp\/..\/app\/uploads\/2020\/06\/Agathe_Sarah-Galvan-Photographe-3-768x520.jpg 768w, https:\/\/www.lesgets.com\/wp\/..\/app\/uploads\/2020\/06\/Agathe_Sarah-Galvan-Photographe-3-1536x1040.jpg 1536w, https:\/\/www.lesgets.com\/wp\/..\/app\/uploads\/2020\/06\/Agathe_Sarah-Galvan-Photographe-3-960x650.jpg 960w\" sizes=\"auto, (max-width: 2048px) 100vw, 2048px\" \/><\/figure><\/li><li class=\"blocks-gallery-item\"><figure><img loading=\"lazy\" decoding=\"async\" width=\"1920\" height=\"1280\" src=\"https:\/\/www.lesgets.com\/app\/uploads\/2020\/05\/Yoga_ETE_Lac_4_Keolan_Yoga.jpeg\" alt=\"Femme faisant du yoga au bord d'un lac\" data-id=\"10451\" data-full-url=\"https:\/\/www.lesgets.com\/app\/uploads\/2020\/05\/Yoga_ETE_Lac_4_Keolan_Yoga.jpeg\" data-link=\"https:\/\/www.lesgets.com\/yoga_ete_lac_4_keolan_yoga-2\/\" class=\"wp-image-10451\" srcset=\"https:\/\/www.lesgets.com\/wp\/..\/app\/uploads\/2020\/05\/Yoga_ETE_Lac_4_Keolan_Yoga.jpeg 1920w, https:\/\/www.lesgets.com\/wp\/..\/app\/uploads\/2020\/05\/Yoga_ETE_Lac_4_Keolan_Yoga-768x512.jpeg 768w, https:\/\/www.lesgets.com\/wp\/..\/app\/uploads\/2020\/05\/Yoga_ETE_Lac_4_Keolan_Yoga-1536x1024.jpeg 1536w, https:\/\/www.lesgets.com\/wp\/..\/app\/uploads\/2020\/05\/Yoga_ETE_Lac_4_Keolan_Yoga-960x640.jpeg 960w\" sizes=\"auto, (max-width: 1920px) 100vw, 1920px\" \/><\/figure><\/li><\/ul><\/figure>\n\n\n<div class=\"block block-core-spacer\">\n<div style=\"height:30px\" aria-hidden=\"true\" class=\"wp-block-spacer\"><\/div>\n<\/div>\n\n<div class=\"block block-core-heading\">\n<h2 class=\"wp-block-heading\">Contact<\/h2>\n<\/div>\n\n<p class=\"font_8\"><strong>G\u00eete Du Changement dans l&#8217;Air<\/strong><br>915 route de la Turche, 74260 Les Gets<\/p>\n<p>Tel. <a href=\"tel:04%2050%2037%2099%2052\" data-content=\"04 50 37 99 52\" data-type=\"phone\">+33 4 50 37 99 52<\/a> &#8211; <a href=\"tel:06%2085%2013%2039%2098\" data-content=\"06 85 13 39 98\" data-type=\"phone\">+33 6 85 13 39 98<\/a><br>Mail. <a href=\"mailto:bonjour@duchangementdanslair.com\" target=\"_blank\" rel=\"noopener noreferrer\">bonjour@duchangementdanslair.com<\/a> <br><a href=\"http:\/\/www.duchangementdanslair.com\" target=\"_blank\" rel=\"noopener noreferrer\">www.duchangementdanslair.com<\/a><\/p>\n\n<div class=\"block block-core-spacer\">\n<div style=\"height:100px\" aria-hidden=\"true\" class=\"wp-block-spacer\"><\/div>\n<\/div>","protected":false},"excerpt":{"rendered":"<p>Du Changement dans l&#8217;Air : een eco-verantwoord verblijf rond zero waste, natuurgeneeskunde, yoga en natuurlijke behandelingen.<\/p>\n","protected":false},"author":4,"featured_media":14736,"parent":16645,"menu_order":0,"comment_status":"closed","ping_status":"closed","template":"","meta":{"_acf_changed":false,"footnotes":""},"class_list":["post-16784","page","type-page","status-publish","has-post-thumbnail","hentry"],"acf":[],"yoast_head":"<!-- This site is optimized with the Yoast SEO plugin v27.2 - https:\/\/yoast.com\/product\/yoast-seo-wordpress\/ -->\n<title>Workshops en wellnessverblijven - G\u00eete Du Changement dans l&#039;Air - Les Gets<\/title>\n<meta name=\"description\" content=\"Du Changement dans l&#039;Air : een eco-verantwoord verblijf rond zero waste, natuurgeneeskunde, yoga en natuurlijke behandelingen.\" \/>\n<meta name=\"robots\" content=\"index, follow, max-snippet:-1, max-image-preview:large, max-video-preview:-1\" \/>\n<link rel=\"canonical\" href=\"https:\/\/www.lesgets.com\/nl\/wat-is-er-te-doen\/welzijn-en-ontspanning\/workshops-en-wellnessverblijven\/\" \/>\n<meta property=\"og:locale\" content=\"nl_NL\" \/>\n<meta property=\"og:type\" content=\"article\" \/>\n<meta property=\"og:title\" content=\"Workshops en wellnessverblijven - G\u00eete Du Changement dans l&#039;Air - Les Gets\" \/>\n<meta property=\"og:description\" content=\"Du Changement dans l&#039;Air : een eco-verantwoord verblijf rond zero waste, natuurgeneeskunde, yoga en natuurlijke behandelingen.\" \/>\n<meta property=\"og:url\" content=\"https:\/\/www.lesgets.com\/nl\/wat-is-er-te-doen\/welzijn-en-ontspanning\/workshops-en-wellnessverblijven\/\" \/>\n<meta property=\"og:site_name\" content=\"Les Gets\" \/>\n<meta property=\"article:modified_time\" content=\"2020-10-01T08:01:11+00:00\" \/>\n<meta property=\"og:image\" content=\"https:\/\/www.lesgets.com\/wp\/..\/app\/uploads\/2020\/06\/Agathe_Sarah-Galvan-Photographe-50.jpg\" \/>\n\t<meta property=\"og:image:width\" content=\"2048\" \/>\n\t<meta property=\"og:image:height\" content=\"1365\" \/>\n\t<meta property=\"og:image:type\" content=\"image\/jpeg\" \/>\n<meta name=\"twitter:card\" content=\"summary_large_image\" \/>\n<meta name=\"twitter:label1\" content=\"Est. reading time\" \/>\n\t<meta name=\"twitter:data1\" content=\"1 minute\" \/>\n<script type=\"application\/ld+json\" class=\"yoast-schema-graph\">{\"@context\":\"https:\/\/schema.org\",\"@graph\":[{\"@type\":\"WebPage\",\"@id\":\"https:\/\/www.lesgets.com\/nl\/wat-is-er-te-doen\/welzijn-en-ontspanning\/workshops-en-wellnessverblijven\/\",\"url\":\"https:\/\/www.lesgets.com\/nl\/wat-is-er-te-doen\/welzijn-en-ontspanning\/workshops-en-wellnessverblijven\/\",\"name\":\"Workshops en wellnessverblijven - G\u00eete Du Changement dans l'Air - Les Gets\",\"isPartOf\":{\"@id\":\"https:\/\/www.lesgets.com\/en\/#website\"},\"primaryImageOfPage\":{\"@id\":\"https:\/\/www.lesgets.com\/nl\/wat-is-er-te-doen\/welzijn-en-ontspanning\/workshops-en-wellnessverblijven\/#primaryimage\"},\"image\":{\"@id\":\"https:\/\/www.lesgets.com\/nl\/wat-is-er-te-doen\/welzijn-en-ontspanning\/workshops-en-wellnessverblijven\/#primaryimage\"},\"thumbnailUrl\":\"https:\/\/www.lesgets.com\/wp\/..\/app\/uploads\/2020\/06\/Agathe_Sarah-Galvan-Photographe-50.jpg\",\"datePublished\":\"2020-08-07T15:27:19+00:00\",\"dateModified\":\"2020-10-01T08:01:11+00:00\",\"description\":\"Du Changement dans l'Air : een eco-verantwoord verblijf rond zero waste, natuurgeneeskunde, yoga en natuurlijke behandelingen.\",\"breadcrumb\":{\"@id\":\"https:\/\/www.lesgets.com\/nl\/wat-is-er-te-doen\/welzijn-en-ontspanning\/workshops-en-wellnessverblijven\/#breadcrumb\"},\"inLanguage\":\"nl-NL\",\"potentialAction\":[{\"@type\":\"ReadAction\",\"target\":[\"https:\/\/www.lesgets.com\/nl\/wat-is-er-te-doen\/welzijn-en-ontspanning\/workshops-en-wellnessverblijven\/\"]}]},{\"@type\":\"ImageObject\",\"inLanguage\":\"nl-NL\",\"@id\":\"https:\/\/www.lesgets.com\/nl\/wat-is-er-te-doen\/welzijn-en-ontspanning\/workshops-en-wellnessverblijven\/#primaryimage\",\"url\":\"https:\/\/www.lesgets.com\/wp\/..\/app\/uploads\/2020\/06\/Agathe_Sarah-Galvan-Photographe-50.jpg\",\"contentUrl\":\"https:\/\/www.lesgets.com\/wp\/..\/app\/uploads\/2020\/06\/Agathe_Sarah-Galvan-Photographe-50.jpg\",\"width\":2048,\"height\":1365,\"caption\":\"recette v\u00e9g\u00e9tarienne lors d'un atelier bien-\u00eatre au g\u00eete le changement dans l'air\"},{\"@type\":\"BreadcrumbList\",\"@id\":\"https:\/\/www.lesgets.com\/nl\/wat-is-er-te-doen\/welzijn-en-ontspanning\/workshops-en-wellnessverblijven\/#breadcrumb\",\"itemListElement\":[{\"@type\":\"ListItem\",\"position\":1,\"name\":\"Accueil\",\"item\":\"https:\/\/www.lesgets.com\/nl\/\"},{\"@type\":\"ListItem\",\"position\":2,\"name\":\"Wat is er te doen?\",\"item\":\"https:\/\/www.lesgets.com\/nl\/wat-is-er-te-doen\/\"},{\"@type\":\"ListItem\",\"position\":3,\"name\":\"Welzijn en ontspanning\",\"item\":\"https:\/\/www.lesgets.com\/nl\/wat-is-er-te-doen\/welzijn-en-ontspanning\/\"},{\"@type\":\"ListItem\",\"position\":4,\"name\":\"Workshops en wellnessverblijven\"}]},{\"@type\":\"WebSite\",\"@id\":\"https:\/\/www.lesgets.com\/en\/#website\",\"url\":\"https:\/\/www.lesgets.com\/en\/\",\"name\":\"Les Gets\",\"description\":\"\",\"publisher\":{\"@id\":\"https:\/\/www.lesgets.com\/en\/#organization\"},\"potentialAction\":[{\"@type\":\"SearchAction\",\"target\":{\"@type\":\"EntryPoint\",\"urlTemplate\":\"https:\/\/www.lesgets.com\/en\/?s={search_term_string}\"},\"query-input\":{\"@type\":\"PropertyValueSpecification\",\"valueRequired\":true,\"valueName\":\"search_term_string\"}}],\"inLanguage\":\"nl-NL\"},{\"@type\":\"Organization\",\"@id\":\"https:\/\/www.lesgets.com\/en\/#organization\",\"name\":\"Les Gets\",\"url\":\"https:\/\/www.lesgets.com\/en\/\",\"logo\":{\"@type\":\"ImageObject\",\"inLanguage\":\"nl-NL\",\"@id\":\"https:\/\/www.lesgets.com\/en\/#\/schema\/logo\/image\/\",\"url\":\"https:\/\/www.lesgets.com\/wp\/..\/app\/uploads\/2020\/06\/logo_lesgets.png\",\"contentUrl\":\"https:\/\/www.lesgets.com\/wp\/..\/app\/uploads\/2020\/06\/logo_lesgets.png\",\"width\":136,\"height\":115,\"caption\":\"Les Gets\"},\"image\":{\"@id\":\"https:\/\/www.lesgets.com\/en\/#\/schema\/logo\/image\/\"}}]}<\/script>\n<!-- \/ Yoast SEO plugin. -->","yoast_head_json":{"title":"Workshops en wellnessverblijven - G\u00eete Du Changement dans l'Air - Les Gets","description":"Du Changement dans l'Air : een eco-verantwoord verblijf rond zero waste, natuurgeneeskunde, yoga en natuurlijke behandelingen.","robots":{"index":"index","follow":"follow","max-snippet":"max-snippet:-1","max-image-preview":"max-image-preview:large","max-video-preview":"max-video-preview:-1"},"canonical":"https:\/\/www.lesgets.com\/nl\/wat-is-er-te-doen\/welzijn-en-ontspanning\/workshops-en-wellnessverblijven\/","og_locale":"nl_NL","og_type":"article","og_title":"Workshops en wellnessverblijven - G\u00eete Du Changement dans l'Air - Les Gets","og_description":"Du Changement dans l'Air : een eco-verantwoord verblijf rond zero waste, natuurgeneeskunde, yoga en natuurlijke behandelingen.","og_url":"https:\/\/www.lesgets.com\/nl\/wat-is-er-te-doen\/welzijn-en-ontspanning\/workshops-en-wellnessverblijven\/","og_site_name":"Les Gets","article_modified_time":"2020-10-01T08:01:11+00:00","og_image":[{"width":2048,"height":1365,"url":"https:\/\/www.lesgets.com\/wp\/..\/app\/uploads\/2020\/06\/Agathe_Sarah-Galvan-Photographe-50.jpg","type":"image\/jpeg"}],"twitter_card":"summary_large_image","twitter_misc":{"Est. reading time":"1 minute"},"schema":{"@context":"https:\/\/schema.org","@graph":[{"@type":"WebPage","@id":"https:\/\/www.lesgets.com\/nl\/wat-is-er-te-doen\/welzijn-en-ontspanning\/workshops-en-wellnessverblijven\/","url":"https:\/\/www.lesgets.com\/nl\/wat-is-er-te-doen\/welzijn-en-ontspanning\/workshops-en-wellnessverblijven\/","name":"Workshops en wellnessverblijven - G\u00eete Du Changement dans l'Air - Les Gets","isPartOf":{"@id":"https:\/\/www.lesgets.com\/en\/#website"},"primaryImageOfPage":{"@id":"https:\/\/www.lesgets.com\/nl\/wat-is-er-te-doen\/welzijn-en-ontspanning\/workshops-en-wellnessverblijven\/#primaryimage"},"image":{"@id":"https:\/\/www.lesgets.com\/nl\/wat-is-er-te-doen\/welzijn-en-ontspanning\/workshops-en-wellnessverblijven\/#primaryimage"},"thumbnailUrl":"https:\/\/www.lesgets.com\/wp\/..\/app\/uploads\/2020\/06\/Agathe_Sarah-Galvan-Photographe-50.jpg","datePublished":"2020-08-07T15:27:19+00:00","dateModified":"2020-10-01T08:01:11+00:00","description":"Du Changement dans l'Air : een eco-verantwoord verblijf rond zero waste, natuurgeneeskunde, yoga en natuurlijke behandelingen.","breadcrumb":{"@id":"https:\/\/www.lesgets.com\/nl\/wat-is-er-te-doen\/welzijn-en-ontspanning\/workshops-en-wellnessverblijven\/#breadcrumb"},"inLanguage":"nl-NL","potentialAction":[{"@type":"ReadAction","target":["https:\/\/www.lesgets.com\/nl\/wat-is-er-te-doen\/welzijn-en-ontspanning\/workshops-en-wellnessverblijven\/"]}]},{"@type":"ImageObject","inLanguage":"nl-NL","@id":"https:\/\/www.lesgets.com\/nl\/wat-is-er-te-doen\/welzijn-en-ontspanning\/workshops-en-wellnessverblijven\/#primaryimage","url":"https:\/\/www.lesgets.com\/wp\/..\/app\/uploads\/2020\/06\/Agathe_Sarah-Galvan-Photographe-50.jpg","contentUrl":"https:\/\/www.lesgets.com\/wp\/..\/app\/uploads\/2020\/06\/Agathe_Sarah-Galvan-Photographe-50.jpg","width":2048,"height":1365,"caption":"recette v\u00e9g\u00e9tarienne lors d'un atelier bien-\u00eatre au g\u00eete le changement dans l'air"},{"@type":"BreadcrumbList","@id":"https:\/\/www.lesgets.com\/nl\/wat-is-er-te-doen\/welzijn-en-ontspanning\/workshops-en-wellnessverblijven\/#breadcrumb","itemListElement":[{"@type":"ListItem","position":1,"name":"Accueil","item":"https:\/\/www.lesgets.com\/nl\/"},{"@type":"ListItem","position":2,"name":"Wat is er te doen?","item":"https:\/\/www.lesgets.com\/nl\/wat-is-er-te-doen\/"},{"@type":"ListItem","position":3,"name":"Welzijn en ontspanning","item":"https:\/\/www.lesgets.com\/nl\/wat-is-er-te-doen\/welzijn-en-ontspanning\/"},{"@type":"ListItem","position":4,"name":"Workshops en wellnessverblijven"}]},{"@type":"WebSite","@id":"https:\/\/www.lesgets.com\/en\/#website","url":"https:\/\/www.lesgets.com\/en\/","name":"Les Gets","description":"","publisher":{"@id":"https:\/\/www.lesgets.com\/en\/#organization"},"potentialAction":[{"@type":"SearchAction","target":{"@type":"EntryPoint","urlTemplate":"https:\/\/www.lesgets.com\/en\/?s={search_term_string}"},"query-input":{"@type":"PropertyValueSpecification","valueRequired":true,"valueName":"search_term_string"}}],"inLanguage":"nl-NL"},{"@type":"Organization","@id":"https:\/\/www.lesgets.com\/en\/#organization","name":"Les Gets","url":"https:\/\/www.lesgets.com\/en\/","logo":{"@type":"ImageObject","inLanguage":"nl-NL","@id":"https:\/\/www.lesgets.com\/en\/#\/schema\/logo\/image\/","url":"https:\/\/www.lesgets.com\/wp\/..\/app\/uploads\/2020\/06\/logo_lesgets.png","contentUrl":"https:\/\/www.lesgets.com\/wp\/..\/app\/uploads\/2020\/06\/logo_lesgets.png","width":136,"height":115,"caption":"Les Gets"},"image":{"@id":"https:\/\/www.lesgets.com\/en\/#\/schema\/logo\/image\/"}}]}},"featured_image_src":"https:\/\/www.lesgets.com\/wp\/..\/app\/uploads\/2020\/06\/Agathe_Sarah-Galvan-Photographe-50-600x400.jpg","featured_image_src_square":"https:\/\/www.lesgets.com\/wp\/..\/app\/uploads\/2020\/06\/Agathe_Sarah-Galvan-Photographe-50-600x600.jpg","_links":{"self":[{"href":"https:\/\/www.lesgets.com\/nl\/wp-json\/wp\/v2\/pages\/16784","targetHints":{"allow":["GET"]}}],"collection":[{"href":"https:\/\/www.lesgets.com\/nl\/wp-json\/wp\/v2\/pages"}],"about":[{"href":"https:\/\/www.lesgets.com\/nl\/wp-json\/wp\/v2\/types\/page"}],"author":[{"embeddable":true,"href":"https:\/\/www.lesgets.com\/nl\/wp-json\/wp\/v2\/users\/4"}],"replies":[{"embeddable":true,"href":"https:\/\/www.lesgets.com\/nl\/wp-json\/wp\/v2\/comments?post=16784"}],"version-history":[{"count":5,"href":"https:\/\/www.lesgets.com\/nl\/wp-json\/wp\/v2\/pages\/16784\/revisions"}],"predecessor-version":[{"id":20009,"href":"https:\/\/www.lesgets.com\/nl\/wp-json\/wp\/v2\/pages\/16784\/revisions\/20009"}],"up":[{"embeddable":true,"href":"https:\/\/www.lesgets.com\/nl\/wp-json\/wp\/v2\/pages\/16645"}],"wp:featuredmedia":[{"embeddable":true,"href":"https:\/\/www.lesgets.com\/nl\/wp-json\/wp\/v2\/media\/14736"}],"wp:attachment":[{"href":"https:\/\/www.lesgets.com\/nl\/wp-json\/wp\/v2\/media?parent=16784"}],"curies":[{"name":"wp","href":"https:\/\/api.w.org\/{rel}","templated":true}]}}