{"id":16842,"date":"2020-08-10T10:30:45","date_gmt":"2020-08-10T08:30:45","guid":{"rendered":"https:\/\/www.lesgets.com\/customer-focus\/"},"modified":"2021-02-09T18:04:01","modified_gmt":"2021-02-09T17:04:01","slug":"klantfeedback","status":"publish","type":"page","link":"https:\/\/www.lesgets.com\/nl\/klantfeedback\/","title":{"rendered":"Klantfeedback"},"content":{"rendered":"<div class=\"block block-core-heading\">\n<h2 class=\"wp-block-heading\">U wilt een klacht indienen, een suggestie doen of uw tevredenheid delen?<\/h2>\n<\/div>\n\n<div class=\"block block-core-spacer\">\n<div style=\"height:50px\" aria-hidden=\"true\" class=\"wp-block-spacer\"><\/div>\n<\/div>\n\n\n<div class=\"wpcf7 no-js\" id=\"wpcf7-f25636-o1\" lang=\"nl-NL\" dir=\"ltr\" data-wpcf7-id=\"25636\">\n<div class=\"screen-reader-response\"><p role=\"status\" aria-live=\"polite\" aria-atomic=\"true\"><\/p> <ul><\/ul><\/div>\n<form action=\"\/nl\/wp-json\/wp\/v2\/pages\/16842#wpcf7-f25636-o1\" method=\"post\" class=\"wpcf7-form init 8494ac647382 cmatic-conn cmatic-aud-23 cmatic-mapd0-0 cmatic-v0978 cmatic-sent-0 cmatic-total-1247\" aria-label=\"Contact form\" novalidate=\"novalidate\" data-status=\"init\">\n<fieldset class=\"hidden-fields-container\"><input type=\"hidden\" name=\"_wpcf7\" value=\"25636\" \/><input type=\"hidden\" name=\"_wpcf7_version\" value=\"6.1.5\" \/><input type=\"hidden\" name=\"_wpcf7_locale\" value=\"nl_NL\" \/><input type=\"hidden\" name=\"_wpcf7_unit_tag\" value=\"wpcf7-f25636-o1\" \/><input type=\"hidden\" name=\"_wpcf7_container_post\" value=\"0\" \/><input type=\"hidden\" name=\"_wpcf7_posted_data_hash\" value=\"\" \/><input type=\"hidden\" name=\"_wpcf7_recaptcha_response\" value=\"\" \/>\n<\/fieldset>\n<p><label> Your name (required)<br \/>\n<span class=\"wpcf7-form-control-wrap\" data-name=\"your-name\"><input size=\"40\" maxlength=\"400\" class=\"wpcf7-form-control wpcf7-text wpcf7-validates-as-required\" aria-required=\"true\" aria-invalid=\"false\" value=\"\" type=\"text\" name=\"your-name\" \/><\/span> <\/label>\n<\/p>\n<p><label> Your email address (required)<br \/>\n<span class=\"wpcf7-form-control-wrap\" data-name=\"your-email\"><input size=\"40\" maxlength=\"400\" class=\"wpcf7-form-control wpcf7-email wpcf7-validates-as-required wpcf7-text wpcf7-validates-as-email\" aria-required=\"true\" aria-invalid=\"false\" value=\"\" type=\"email\" name=\"your-email\" \/><\/span> <\/label>\n<\/p>\n<p><label> Subject (required)<br \/>\n<span class=\"wpcf7-form-control-wrap\" data-name=\"your-subject\"><select class=\"wpcf7-form-control wpcf7-select wpcf7-validates-as-required\" aria-required=\"true\" aria-invalid=\"false\" name=\"your-subject\"><option value=\"Forfaits\">Forfaits<\/option><option value=\"Domaine skiable\">Domaine skiable<\/option><option value=\"Bikepark\">Bikepark<\/option><option value=\"h\u00e9bergements\">h\u00e9bergements<\/option><option value=\"Ev\u00e9nements\">Ev\u00e9nements<\/option><option value=\"Station\">Station<\/option><option value=\"Services publics\">Services publics<\/option><option value=\"Transports\">Transports<\/option><\/select><\/span> <\/label>\n<\/p>\n<p><label> Your message<br \/>\n<span class=\"wpcf7-form-control-wrap\" data-name=\"your-message\"><textarea cols=\"40\" rows=\"10\" maxlength=\"2000\" class=\"wpcf7-form-control wpcf7-textarea\" aria-invalid=\"false\" name=\"your-message\"><\/textarea><\/span> <\/label>\n<\/p>\n<p>By submitting this form, I agree that the information entered will be used for a period of 36 months in the context of the business relationship that may result.\n<\/p>\n<p>To know and exercise your rights, in particular to withdraw your consent to the use of the data collected by this form, please <a href=\"\/politique-de-confidentialite\/\" target=\"_blank\"\">consult our privacy policy<\/a>.\n<\/p>\n<p><input class=\"wpcf7-form-control wpcf7-submit has-spinner\" type=\"submit\" value=\"Envoyer\" \/>\n<\/p><div class=\"wpcf7-response-output\" aria-hidden=\"true\"><\/div>\n<\/form>\n<\/div>\n\n\n<div class=\"block block-core-spacer\">\n<div style=\"height:100px\" aria-hidden=\"true\" class=\"wp-block-spacer\"><\/div>\n<\/div>","protected":false},"excerpt":{"rendered":"<p>U wilt een klacht indienen, een suggestie doen of uw tevredenheid delen? Stuur ons uw opmerkingen en meningen via het online formulier. <\/p>\n","protected":false},"author":4,"featured_media":10133,"parent":0,"menu_order":0,"comment_status":"closed","ping_status":"closed","template":"","meta":{"_acf_changed":false,"footnotes":""},"class_list":["post-16842","page","type-page","status-publish","has-post-thumbnail","hentry"],"acf":[],"yoast_head":"<!-- This site is optimized with the Yoast SEO plugin v27.2 - https:\/\/yoast.com\/product\/yoast-seo-wordpress\/ -->\n<title>Klantfeedback - Tevredenheidsformulier - Les Gets<\/title>\n<meta name=\"description\" content=\"U wilt een klacht indienen, een suggestie doen of uw tevredenheid delen? Stuur ons uw opmerkingen en meningen via het online formulier.\" \/>\n<meta name=\"robots\" content=\"index, follow, max-snippet:-1, max-image-preview:large, max-video-preview:-1\" \/>\n<link rel=\"canonical\" href=\"https:\/\/www.lesgets.com\/nl\/klantfeedback\/\" \/>\n<meta property=\"og:locale\" content=\"nl_NL\" \/>\n<meta property=\"og:type\" content=\"article\" \/>\n<meta property=\"og:title\" content=\"Klantfeedback - Tevredenheidsformulier - Les Gets\" \/>\n<meta property=\"og:description\" content=\"U wilt een klacht indienen, een suggestie doen of uw tevredenheid delen? Stuur ons uw opmerkingen en meningen via het online formulier.\" \/>\n<meta property=\"og:url\" content=\"https:\/\/www.lesgets.com\/nl\/klantfeedback\/\" \/>\n<meta property=\"og:site_name\" content=\"Les Gets\" \/>\n<meta property=\"article:modified_time\" content=\"2021-02-09T17:04:01+00:00\" \/>\n<meta property=\"og:image\" content=\"https:\/\/www.lesgets.com\/wp\/..\/app\/uploads\/2020\/05\/Accueil_OT_LesGets-\u00a9V.Ducrettet-2.jpg\" \/>\n\t<meta property=\"og:image:width\" content=\"1920\" \/>\n\t<meta property=\"og:image:height\" content=\"1272\" \/>\n\t<meta property=\"og:image:type\" content=\"image\/jpeg\" \/>\n<meta name=\"twitter:card\" content=\"summary_large_image\" \/>\n<script type=\"application\/ld+json\" class=\"yoast-schema-graph\">{\"@context\":\"https:\/\/schema.org\",\"@graph\":[{\"@type\":\"WebPage\",\"@id\":\"https:\/\/www.lesgets.com\/nl\/klantfeedback\/\",\"url\":\"https:\/\/www.lesgets.com\/nl\/klantfeedback\/\",\"name\":\"Klantfeedback - Tevredenheidsformulier - Les Gets\",\"isPartOf\":{\"@id\":\"https:\/\/www.lesgets.com\/en\/#website\"},\"primaryImageOfPage\":{\"@id\":\"https:\/\/www.lesgets.com\/nl\/klantfeedback\/#primaryimage\"},\"image\":{\"@id\":\"https:\/\/www.lesgets.com\/nl\/klantfeedback\/#primaryimage\"},\"thumbnailUrl\":\"https:\/\/www.lesgets.com\/wp\/..\/app\/uploads\/2020\/05\/Accueil_OT_LesGets-\u00a9V.Ducrettet-2.jpg\",\"datePublished\":\"2020-08-10T08:30:45+00:00\",\"dateModified\":\"2021-02-09T17:04:01+00:00\",\"description\":\"U wilt een klacht indienen, een suggestie doen of uw tevredenheid delen? Stuur ons uw opmerkingen en meningen via het online formulier.\",\"breadcrumb\":{\"@id\":\"https:\/\/www.lesgets.com\/nl\/klantfeedback\/#breadcrumb\"},\"inLanguage\":\"nl-NL\",\"potentialAction\":[{\"@type\":\"ReadAction\",\"target\":[\"https:\/\/www.lesgets.com\/nl\/klantfeedback\/\"]}]},{\"@type\":\"ImageObject\",\"inLanguage\":\"nl-NL\",\"@id\":\"https:\/\/www.lesgets.com\/nl\/klantfeedback\/#primaryimage\",\"url\":\"https:\/\/www.lesgets.com\/wp\/..\/app\/uploads\/2020\/05\/Accueil_OT_LesGets-\u00a9V.Ducrettet-2.jpg\",\"contentUrl\":\"https:\/\/www.lesgets.com\/wp\/..\/app\/uploads\/2020\/05\/Accueil_OT_LesGets-\u00a9V.Ducrettet-2.jpg\",\"width\":1920,\"height\":1272,\"caption\":\"Conseill\u00e8re en s\u00e9jour au t\u00e9l\u00e9phone Office de Tourisme\"},{\"@type\":\"BreadcrumbList\",\"@id\":\"https:\/\/www.lesgets.com\/nl\/klantfeedback\/#breadcrumb\",\"itemListElement\":[{\"@type\":\"ListItem\",\"position\":1,\"name\":\"Accueil\",\"item\":\"https:\/\/www.lesgets.com\/nl\/\"},{\"@type\":\"ListItem\",\"position\":2,\"name\":\"Klantfeedback\"}]},{\"@type\":\"WebSite\",\"@id\":\"https:\/\/www.lesgets.com\/en\/#website\",\"url\":\"https:\/\/www.lesgets.com\/en\/\",\"name\":\"Les Gets\",\"description\":\"\",\"publisher\":{\"@id\":\"https:\/\/www.lesgets.com\/en\/#organization\"},\"potentialAction\":[{\"@type\":\"SearchAction\",\"target\":{\"@type\":\"EntryPoint\",\"urlTemplate\":\"https:\/\/www.lesgets.com\/en\/?s={search_term_string}\"},\"query-input\":{\"@type\":\"PropertyValueSpecification\",\"valueRequired\":true,\"valueName\":\"search_term_string\"}}],\"inLanguage\":\"nl-NL\"},{\"@type\":\"Organization\",\"@id\":\"https:\/\/www.lesgets.com\/en\/#organization\",\"name\":\"Les Gets\",\"url\":\"https:\/\/www.lesgets.com\/en\/\",\"logo\":{\"@type\":\"ImageObject\",\"inLanguage\":\"nl-NL\",\"@id\":\"https:\/\/www.lesgets.com\/en\/#\/schema\/logo\/image\/\",\"url\":\"https:\/\/www.lesgets.com\/wp\/..\/app\/uploads\/2020\/06\/logo_lesgets.png\",\"contentUrl\":\"https:\/\/www.lesgets.com\/wp\/..\/app\/uploads\/2020\/06\/logo_lesgets.png\",\"width\":136,\"height\":115,\"caption\":\"Les Gets\"},\"image\":{\"@id\":\"https:\/\/www.lesgets.com\/en\/#\/schema\/logo\/image\/\"}}]}<\/script>\n<!-- \/ Yoast SEO plugin. -->","yoast_head_json":{"title":"Klantfeedback - Tevredenheidsformulier - Les Gets","description":"U wilt een klacht indienen, een suggestie doen of uw tevredenheid delen? Stuur ons uw opmerkingen en meningen via het online formulier.","robots":{"index":"index","follow":"follow","max-snippet":"max-snippet:-1","max-image-preview":"max-image-preview:large","max-video-preview":"max-video-preview:-1"},"canonical":"https:\/\/www.lesgets.com\/nl\/klantfeedback\/","og_locale":"nl_NL","og_type":"article","og_title":"Klantfeedback - Tevredenheidsformulier - Les Gets","og_description":"U wilt een klacht indienen, een suggestie doen of uw tevredenheid delen? Stuur ons uw opmerkingen en meningen via het online formulier.","og_url":"https:\/\/www.lesgets.com\/nl\/klantfeedback\/","og_site_name":"Les Gets","article_modified_time":"2021-02-09T17:04:01+00:00","og_image":[{"width":1920,"height":1272,"url":"https:\/\/www.lesgets.com\/wp\/..\/app\/uploads\/2020\/05\/Accueil_OT_LesGets-\u00a9V.Ducrettet-2.jpg","type":"image\/jpeg"}],"twitter_card":"summary_large_image","schema":{"@context":"https:\/\/schema.org","@graph":[{"@type":"WebPage","@id":"https:\/\/www.lesgets.com\/nl\/klantfeedback\/","url":"https:\/\/www.lesgets.com\/nl\/klantfeedback\/","name":"Klantfeedback - Tevredenheidsformulier - Les Gets","isPartOf":{"@id":"https:\/\/www.lesgets.com\/en\/#website"},"primaryImageOfPage":{"@id":"https:\/\/www.lesgets.com\/nl\/klantfeedback\/#primaryimage"},"image":{"@id":"https:\/\/www.lesgets.com\/nl\/klantfeedback\/#primaryimage"},"thumbnailUrl":"https:\/\/www.lesgets.com\/wp\/..\/app\/uploads\/2020\/05\/Accueil_OT_LesGets-\u00a9V.Ducrettet-2.jpg","datePublished":"2020-08-10T08:30:45+00:00","dateModified":"2021-02-09T17:04:01+00:00","description":"U wilt een klacht indienen, een suggestie doen of uw tevredenheid delen? Stuur ons uw opmerkingen en meningen via het online formulier.","breadcrumb":{"@id":"https:\/\/www.lesgets.com\/nl\/klantfeedback\/#breadcrumb"},"inLanguage":"nl-NL","potentialAction":[{"@type":"ReadAction","target":["https:\/\/www.lesgets.com\/nl\/klantfeedback\/"]}]},{"@type":"ImageObject","inLanguage":"nl-NL","@id":"https:\/\/www.lesgets.com\/nl\/klantfeedback\/#primaryimage","url":"https:\/\/www.lesgets.com\/wp\/..\/app\/uploads\/2020\/05\/Accueil_OT_LesGets-\u00a9V.Ducrettet-2.jpg","contentUrl":"https:\/\/www.lesgets.com\/wp\/..\/app\/uploads\/2020\/05\/Accueil_OT_LesGets-\u00a9V.Ducrettet-2.jpg","width":1920,"height":1272,"caption":"Conseill\u00e8re en s\u00e9jour au t\u00e9l\u00e9phone Office de Tourisme"},{"@type":"BreadcrumbList","@id":"https:\/\/www.lesgets.com\/nl\/klantfeedback\/#breadcrumb","itemListElement":[{"@type":"ListItem","position":1,"name":"Accueil","item":"https:\/\/www.lesgets.com\/nl\/"},{"@type":"ListItem","position":2,"name":"Klantfeedback"}]},{"@type":"WebSite","@id":"https:\/\/www.lesgets.com\/en\/#website","url":"https:\/\/www.lesgets.com\/en\/","name":"Les Gets","description":"","publisher":{"@id":"https:\/\/www.lesgets.com\/en\/#organization"},"potentialAction":[{"@type":"SearchAction","target":{"@type":"EntryPoint","urlTemplate":"https:\/\/www.lesgets.com\/en\/?s={search_term_string}"},"query-input":{"@type":"PropertyValueSpecification","valueRequired":true,"valueName":"search_term_string"}}],"inLanguage":"nl-NL"},{"@type":"Organization","@id":"https:\/\/www.lesgets.com\/en\/#organization","name":"Les Gets","url":"https:\/\/www.lesgets.com\/en\/","logo":{"@type":"ImageObject","inLanguage":"nl-NL","@id":"https:\/\/www.lesgets.com\/en\/#\/schema\/logo\/image\/","url":"https:\/\/www.lesgets.com\/wp\/..\/app\/uploads\/2020\/06\/logo_lesgets.png","contentUrl":"https:\/\/www.lesgets.com\/wp\/..\/app\/uploads\/2020\/06\/logo_lesgets.png","width":136,"height":115,"caption":"Les Gets"},"image":{"@id":"https:\/\/www.lesgets.com\/en\/#\/schema\/logo\/image\/"}}]}},"featured_image_src":"https:\/\/www.lesgets.com\/wp\/..\/app\/uploads\/2020\/05\/Accueil_OT_LesGets-\u00a9V.Ducrettet-2-600x400.jpg","featured_image_src_square":"https:\/\/www.lesgets.com\/wp\/..\/app\/uploads\/2020\/05\/Accueil_OT_LesGets-\u00a9V.Ducrettet-2-600x600.jpg","_links":{"self":[{"href":"https:\/\/www.lesgets.com\/nl\/wp-json\/wp\/v2\/pages\/16842","targetHints":{"allow":["GET"]}}],"collection":[{"href":"https:\/\/www.lesgets.com\/nl\/wp-json\/wp\/v2\/pages"}],"about":[{"href":"https:\/\/www.lesgets.com\/nl\/wp-json\/wp\/v2\/types\/page"}],"author":[{"embeddable":true,"href":"https:\/\/www.lesgets.com\/nl\/wp-json\/wp\/v2\/users\/4"}],"replies":[{"embeddable":true,"href":"https:\/\/www.lesgets.com\/nl\/wp-json\/wp\/v2\/comments?post=16842"}],"version-history":[{"count":3,"href":"https:\/\/www.lesgets.com\/nl\/wp-json\/wp\/v2\/pages\/16842\/revisions"}],"predecessor-version":[{"id":34627,"href":"https:\/\/www.lesgets.com\/nl\/wp-json\/wp\/v2\/pages\/16842\/revisions\/34627"}],"wp:featuredmedia":[{"embeddable":true,"href":"https:\/\/www.lesgets.com\/nl\/wp-json\/wp\/v2\/media\/10133"}],"wp:attachment":[{"href":"https:\/\/www.lesgets.com\/nl\/wp-json\/wp\/v2\/media?parent=16842"}],"curies":[{"name":"wp","href":"https:\/\/api.w.org\/{rel}","templated":true}]}}