{"id":16861,"date":"2020-08-10T10:57:55","date_gmt":"2020-08-10T08:57:55","guid":{"rendered":"https:\/\/www.lesgets.com\/discover-the-accommodation\/residences\/"},"modified":"2021-03-19T15:44:27","modified_gmt":"2021-03-19T14:44:27","slug":"residences","status":"publish","type":"page","link":"https:\/\/www.lesgets.com\/nl\/waar-te-slapen\/ontdek-de-accommodaties\/residences\/","title":{"rendered":"Residenties"},"content":{"rendered":"<div class=\"block block-lba-apidae-selection\"><!--BEGIN FILTER -->\r\n<!--BEGIN FILTER -->\r\n\r\n<!--BEGIN ITEMS APIDAE -->\r\n  <p class=\"alert alert-info\">Aucun \u00e9l\u00e9ment trouv\u00e9..!<\/p>\r\n<!--END ITEMS APIDAE -->\r\n\r\n<!--BEGIN PAGINATOR -->\r\n<!--BEGIN PAGINATOR --><\/div>","protected":false},"excerpt":{"rendered":"<p>Ontdek een selectie van residenties voor uw toekomstige verblijf in Les Gets.<\/p>\n","protected":false},"author":4,"featured_media":0,"parent":15641,"menu_order":2,"comment_status":"closed","ping_status":"closed","template":"","meta":{"_acf_changed":false,"footnotes":""},"class_list":["post-16861","page","type-page","status-publish","hentry"],"acf":[],"yoast_head":"<!-- This site is optimized with the Yoast SEO plugin v27.3 - https:\/\/yoast.com\/product\/yoast-seo-wordpress\/ -->\n<title>Residenties - Accommodatie - Les Gets<\/title>\n<meta name=\"description\" content=\"Ontdek een selectie van residenties voor uw toekomstige verblijf in Les Gets.\" \/>\n<meta name=\"robots\" content=\"index, follow, max-snippet:-1, max-image-preview:large, max-video-preview:-1\" \/>\n<link rel=\"canonical\" href=\"https:\/\/www.lesgets.com\/nl\/waar-te-slapen\/ontdek-de-accommodaties\/residences\/\" \/>\n<meta property=\"og:locale\" content=\"nl_NL\" \/>\n<meta property=\"og:type\" content=\"article\" \/>\n<meta property=\"og:title\" content=\"Residenties - Accommodatie - Les Gets\" \/>\n<meta property=\"og:description\" content=\"Ontdek een selectie van residenties voor uw toekomstige verblijf in Les Gets.\" \/>\n<meta property=\"og:url\" content=\"https:\/\/www.lesgets.com\/nl\/waar-te-slapen\/ontdek-de-accommodaties\/residences\/\" \/>\n<meta property=\"og:site_name\" content=\"Les Gets\" \/>\n<meta property=\"article:modified_time\" content=\"2021-03-19T14:44:27+00:00\" \/>\n<meta name=\"twitter:card\" content=\"summary_large_image\" \/>\n<script type=\"application\/ld+json\" class=\"yoast-schema-graph\">{\"@context\":\"https:\\\/\\\/schema.org\",\"@graph\":[{\"@type\":\"WebPage\",\"@id\":\"https:\\\/\\\/www.lesgets.com\\\/nl\\\/waar-te-slapen\\\/ontdek-de-accommodaties\\\/residences\\\/\",\"url\":\"https:\\\/\\\/www.lesgets.com\\\/nl\\\/waar-te-slapen\\\/ontdek-de-accommodaties\\\/residences\\\/\",\"name\":\"Residenties - Accommodatie - Les Gets\",\"isPartOf\":{\"@id\":\"https:\\\/\\\/www.lesgets.com\\\/en\\\/#website\"},\"datePublished\":\"2020-08-10T08:57:55+00:00\",\"dateModified\":\"2021-03-19T14:44:27+00:00\",\"description\":\"Ontdek een selectie van residenties voor uw toekomstige verblijf in Les Gets.\",\"breadcrumb\":{\"@id\":\"https:\\\/\\\/www.lesgets.com\\\/nl\\\/waar-te-slapen\\\/ontdek-de-accommodaties\\\/residences\\\/#breadcrumb\"},\"inLanguage\":\"nl-NL\",\"potentialAction\":[{\"@type\":\"ReadAction\",\"target\":[\"https:\\\/\\\/www.lesgets.com\\\/nl\\\/waar-te-slapen\\\/ontdek-de-accommodaties\\\/residences\\\/\"]}]},{\"@type\":\"BreadcrumbList\",\"@id\":\"https:\\\/\\\/www.lesgets.com\\\/nl\\\/waar-te-slapen\\\/ontdek-de-accommodaties\\\/residences\\\/#breadcrumb\",\"itemListElement\":[{\"@type\":\"ListItem\",\"position\":1,\"name\":\"Accueil\",\"item\":\"https:\\\/\\\/www.lesgets.com\\\/nl\\\/\"},{\"@type\":\"ListItem\",\"position\":2,\"name\":\"Waar te slapen?\",\"item\":\"https:\\\/\\\/www.lesgets.com\\\/nl\\\/waar-te-slapen\\\/\"},{\"@type\":\"ListItem\",\"position\":3,\"name\":\"Ontdek de accommodaties\",\"item\":\"https:\\\/\\\/www.lesgets.com\\\/nl\\\/waar-te-slapen\\\/ontdek-de-accommodaties\\\/\"},{\"@type\":\"ListItem\",\"position\":4,\"name\":\"Residenties\"}]},{\"@type\":\"WebSite\",\"@id\":\"https:\\\/\\\/www.lesgets.com\\\/en\\\/#website\",\"url\":\"https:\\\/\\\/www.lesgets.com\\\/en\\\/\",\"name\":\"Les Gets\",\"description\":\"\",\"publisher\":{\"@id\":\"https:\\\/\\\/www.lesgets.com\\\/en\\\/#organization\"},\"potentialAction\":[{\"@type\":\"SearchAction\",\"target\":{\"@type\":\"EntryPoint\",\"urlTemplate\":\"https:\\\/\\\/www.lesgets.com\\\/en\\\/?s={search_term_string}\"},\"query-input\":{\"@type\":\"PropertyValueSpecification\",\"valueRequired\":true,\"valueName\":\"search_term_string\"}}],\"inLanguage\":\"nl-NL\"},{\"@type\":\"Organization\",\"@id\":\"https:\\\/\\\/www.lesgets.com\\\/en\\\/#organization\",\"name\":\"Les Gets\",\"url\":\"https:\\\/\\\/www.lesgets.com\\\/en\\\/\",\"logo\":{\"@type\":\"ImageObject\",\"inLanguage\":\"nl-NL\",\"@id\":\"https:\\\/\\\/www.lesgets.com\\\/en\\\/#\\\/schema\\\/logo\\\/image\\\/\",\"url\":\"https:\\\/\\\/www.lesgets.com\\\/wp\\\/..\\\/app\\\/uploads\\\/2020\\\/06\\\/logo_lesgets.png\",\"contentUrl\":\"https:\\\/\\\/www.lesgets.com\\\/wp\\\/..\\\/app\\\/uploads\\\/2020\\\/06\\\/logo_lesgets.png\",\"width\":136,\"height\":115,\"caption\":\"Les Gets\"},\"image\":{\"@id\":\"https:\\\/\\\/www.lesgets.com\\\/en\\\/#\\\/schema\\\/logo\\\/image\\\/\"}}]}<\/script>\n<!-- \/ Yoast SEO plugin. -->","yoast_head_json":{"title":"Residenties - Accommodatie - Les Gets","description":"Ontdek een selectie van residenties voor uw toekomstige verblijf in Les Gets.","robots":{"index":"index","follow":"follow","max-snippet":"max-snippet:-1","max-image-preview":"max-image-preview:large","max-video-preview":"max-video-preview:-1"},"canonical":"https:\/\/www.lesgets.com\/nl\/waar-te-slapen\/ontdek-de-accommodaties\/residences\/","og_locale":"nl_NL","og_type":"article","og_title":"Residenties - Accommodatie - Les Gets","og_description":"Ontdek een selectie van residenties voor uw toekomstige verblijf in Les Gets.","og_url":"https:\/\/www.lesgets.com\/nl\/waar-te-slapen\/ontdek-de-accommodaties\/residences\/","og_site_name":"Les Gets","article_modified_time":"2021-03-19T14:44:27+00:00","twitter_card":"summary_large_image","schema":{"@context":"https:\/\/schema.org","@graph":[{"@type":"WebPage","@id":"https:\/\/www.lesgets.com\/nl\/waar-te-slapen\/ontdek-de-accommodaties\/residences\/","url":"https:\/\/www.lesgets.com\/nl\/waar-te-slapen\/ontdek-de-accommodaties\/residences\/","name":"Residenties - Accommodatie - Les Gets","isPartOf":{"@id":"https:\/\/www.lesgets.com\/en\/#website"},"datePublished":"2020-08-10T08:57:55+00:00","dateModified":"2021-03-19T14:44:27+00:00","description":"Ontdek een selectie van residenties voor uw toekomstige verblijf in Les Gets.","breadcrumb":{"@id":"https:\/\/www.lesgets.com\/nl\/waar-te-slapen\/ontdek-de-accommodaties\/residences\/#breadcrumb"},"inLanguage":"nl-NL","potentialAction":[{"@type":"ReadAction","target":["https:\/\/www.lesgets.com\/nl\/waar-te-slapen\/ontdek-de-accommodaties\/residences\/"]}]},{"@type":"BreadcrumbList","@id":"https:\/\/www.lesgets.com\/nl\/waar-te-slapen\/ontdek-de-accommodaties\/residences\/#breadcrumb","itemListElement":[{"@type":"ListItem","position":1,"name":"Accueil","item":"https:\/\/www.lesgets.com\/nl\/"},{"@type":"ListItem","position":2,"name":"Waar te slapen?","item":"https:\/\/www.lesgets.com\/nl\/waar-te-slapen\/"},{"@type":"ListItem","position":3,"name":"Ontdek de accommodaties","item":"https:\/\/www.lesgets.com\/nl\/waar-te-slapen\/ontdek-de-accommodaties\/"},{"@type":"ListItem","position":4,"name":"Residenties"}]},{"@type":"WebSite","@id":"https:\/\/www.lesgets.com\/en\/#website","url":"https:\/\/www.lesgets.com\/en\/","name":"Les Gets","description":"","publisher":{"@id":"https:\/\/www.lesgets.com\/en\/#organization"},"potentialAction":[{"@type":"SearchAction","target":{"@type":"EntryPoint","urlTemplate":"https:\/\/www.lesgets.com\/en\/?s={search_term_string}"},"query-input":{"@type":"PropertyValueSpecification","valueRequired":true,"valueName":"search_term_string"}}],"inLanguage":"nl-NL"},{"@type":"Organization","@id":"https:\/\/www.lesgets.com\/en\/#organization","name":"Les Gets","url":"https:\/\/www.lesgets.com\/en\/","logo":{"@type":"ImageObject","inLanguage":"nl-NL","@id":"https:\/\/www.lesgets.com\/en\/#\/schema\/logo\/image\/","url":"https:\/\/www.lesgets.com\/wp\/..\/app\/uploads\/2020\/06\/logo_lesgets.png","contentUrl":"https:\/\/www.lesgets.com\/wp\/..\/app\/uploads\/2020\/06\/logo_lesgets.png","width":136,"height":115,"caption":"Les Gets"},"image":{"@id":"https:\/\/www.lesgets.com\/en\/#\/schema\/logo\/image\/"}}]}},"featured_image_src":null,"featured_image_src_square":null,"_links":{"self":[{"href":"https:\/\/www.lesgets.com\/nl\/wp-json\/wp\/v2\/pages\/16861","targetHints":{"allow":["GET"]}}],"collection":[{"href":"https:\/\/www.lesgets.com\/nl\/wp-json\/wp\/v2\/pages"}],"about":[{"href":"https:\/\/www.lesgets.com\/nl\/wp-json\/wp\/v2\/types\/page"}],"author":[{"embeddable":true,"href":"https:\/\/www.lesgets.com\/nl\/wp-json\/wp\/v2\/users\/4"}],"replies":[{"embeddable":true,"href":"https:\/\/www.lesgets.com\/nl\/wp-json\/wp\/v2\/comments?post=16861"}],"version-history":[{"count":5,"href":"https:\/\/www.lesgets.com\/nl\/wp-json\/wp\/v2\/pages\/16861\/revisions"}],"predecessor-version":[{"id":27127,"href":"https:\/\/www.lesgets.com\/nl\/wp-json\/wp\/v2\/pages\/16861\/revisions\/27127"}],"up":[{"embeddable":true,"href":"https:\/\/www.lesgets.com\/nl\/wp-json\/wp\/v2\/pages\/15641"}],"wp:attachment":[{"href":"https:\/\/www.lesgets.com\/nl\/wp-json\/wp\/v2\/media?parent=16861"}],"curies":[{"name":"wp","href":"https:\/\/api.w.org\/{rel}","templated":true}]}}