{"id":16928,"date":"2020-08-10T16:27:56","date_gmt":"2020-08-10T14:27:56","guid":{"rendered":"https:\/\/www.lesgets.com\/decouvrir-la-station\/mountain-resort\/miva-toerisme\/activiteiten\/winter-activiteiten\/"},"modified":"2021-03-17T17:22:32","modified_gmt":"2021-03-17T16:22:32","slug":"winteractiviteiten","status":"publish","type":"page","link":"https:\/\/www.lesgets.com\/nl\/ontdek-het-skigebied\/bergstation\/miva-toerisme\/activiteiten\/winteractiviteiten\/","title":{"rendered":"Winter activiteiten"},"content":{"rendered":"<div class=\"block block-core-spacer\">\n<div style=\"height:50px\" aria-hidden=\"true\" class=\"wp-block-spacer\"><\/div>\n<\/div>\n\n<div class=\"block block-core-heading\">\n<h2 class=\"wp-block-heading\">Parapente vluchten voor beginners<\/h2>\n<\/div>\n\n<div class=\"block block-lba-apidae-selection\"><!--BEGIN FILTER -->\r\n<!--BEGIN FILTER -->\r\n\r\n<!--BEGIN ITEMS APIDAE -->\r\n  <div class=\"selection-mode-default\">\r\n          <div class=\"card 0-3places 0-3pieces\">\r\n        <div class=\"row\">\r\n          <div class=\"col-md-3\">\r\n            <img decoding=\"async\" src=\"https:\/\/static.apidae-tourisme.com\/filestore\/objets-touristiques\/images\/159\/148\/4953247-fiche.jpg\" class=\"w-100\"\r\n                 alt=\"Image 34072410946_a9a93f17b1_o\">\r\n          <\/div>\r\n          <div class=\"col-md-7\">\r\n            <div class=\"card-block px-1\">\r\n              <h2 class=\"card-title\">\r\n                                    <a href=\"https:\/\/www.lesgets.com\/nl\/details\/paraglide-eerste-vlucht-ontdekkingsvluchten-194702-Nl\/\">Paraglide eerste vlucht \/  Ontdekkingsvluchten<\/a>\r\n                              <\/h2>\r\n              <p class=\"classement\"><\/p>\r\n              <p class=\"card-text\">Twee kleuren, de blauwe lucht en witte glinsterende bergen en het dorp Les Gets onder je voeten.\r\nHet decor: De Mont-Blanc, de Chablais, Aravis, Les Gets.\r\n\r\nTandem paragliding &#8211; mont ch\u00e9ry vlucht, zonder lawaai of hoogtevrees<\/p>\r\n            <\/div>\r\n          <\/div>\r\n          <div class=\"col-md-2\">\r\n                            <a href=\"https:\/\/www.lesgets.com\/nl\/details\/paraglide-eerste-vlucht-ontdekkingsvluchten-194702-Nl\/\" class=\"btn\">Meer zien<\/a>\r\n                      <\/div>\r\n        <\/div>\r\n      <\/div>\r\n      <\/div>\r\n<!--END ITEMS APIDAE -->\r\n\r\n<!--BEGIN PAGINATOR -->\r\n<!--BEGIN PAGINATOR --><\/div>\n\n<div class=\"block block-core-heading\">\n<h2 class=\"wp-block-heading\">Thermaalbaden<\/h2>\n<\/div>\n\n<div class=\"block block-lba-apidae-selection\"><!--BEGIN FILTER -->\r\n<!--BEGIN FILTER -->\r\n\r\n<!--BEGIN ITEMS APIDAE -->\r\n  <div class=\"selection-mode-default\">\r\n          <div class=\"card 0-3places 0-3pieces\">\r\n        <div class=\"row\">\r\n          <div class=\"col-md-3\">\r\n            <img decoding=\"async\" src=\"https:\/\/static.apidae-tourisme.com\/filestore\/objets-touristiques\/images\/225\/39\/19671009-fiche.jpg\" class=\"w-100\"\r\n                 alt=\"Image Kinabalu-Les_Gets-Sapana_Spa-079\">\r\n          <\/div>\r\n          <div class=\"col-md-7\">\r\n            <div class=\"card-block px-1\">\r\n              <h2 class=\"card-title\">\r\n                                    <a href=\"https:\/\/www.lesgets.com\/nl\/details\/spa-kinabalu-5702886-Nl\/\">Spa Kinabalu<\/a>\r\n                              <\/h2>\r\n              <p class=\"classement\"><\/p>\r\n              <p class=\"card-text\">Spa en wellnessruimte in het hart van de residentie Kinabulu<\/p>\r\n            <\/div>\r\n          <\/div>\r\n          <div class=\"col-md-2\">\r\n                            <a href=\"https:\/\/www.lesgets.com\/nl\/details\/spa-kinabalu-5702886-Nl\/\" class=\"btn\">Meer zien<\/a>\r\n                      <\/div>\r\n        <\/div>\r\n      <\/div>\r\n          <div class=\"card 0-3places 0-3pieces\">\r\n        <div class=\"row\">\r\n          <div class=\"col-md-3\">\r\n            <img decoding=\"async\" src=\"https:\/\/static.apidae-tourisme.com\/filestore\/objets-touristiques\/images\/51\/30\/9117235-fiche.jpg\" class=\"w-100\"\r\n                 alt=\"Image spa-ehd\">\r\n          <\/div>\r\n          <div class=\"col-md-7\">\r\n            <div class=\"card-block px-1\">\r\n              <h2 class=\"card-title\">\r\n                                    <a href=\"https:\/\/www.lesgets.com\/nl\/details\/sereni-cimes-588280-Nl\/\">S\u00e9r\u00e9ni-C\u00eemes<\/a>\r\n                              <\/h2>\r\n              <p class=\"classement\"><\/p>\r\n              <p class=\"card-text\">Een filosofie van welzijn in de gezellige sfeer van een authentiek bergchalet.<\/p>\r\n            <\/div>\r\n          <\/div>\r\n          <div class=\"col-md-2\">\r\n                            <a href=\"https:\/\/www.lesgets.com\/nl\/details\/sereni-cimes-588280-Nl\/\" class=\"btn\">Meer zien<\/a>\r\n                      <\/div>\r\n        <\/div>\r\n      <\/div>\r\n      <\/div>\r\n<!--END ITEMS APIDAE -->\r\n\r\n<!--BEGIN PAGINATOR -->\r\n<!--BEGIN PAGINATOR --><\/div>\n\n<div class=\"block block-core-heading\">\n<h2 class=\"wp-block-heading\">Museum voor Mechanische Muziek<\/h2>\n<\/div>\n\n<div class=\"block block-lba-apidae-fiche\"><!-- BEGIN TEMPLATE fiche.php -->\n    <div class=\"row\">\n        <div class=\"col-md-3 col-sm-12\">\n            <a href=\"https:\/\/www.lesgets.com\/nl\/details\/museum-van-mechanische-muziek-191340-Nl\/\">\n                <img decoding=\"async\" src=\"https:\/\/static.apidae-tourisme.com\/filestore\/objets-touristiques\/images\/54\/190\/30916150-diaporama.jpg\" class=\"w-100\" alt=\"Image b902fd5a5093f7f4f242\">\n            <\/a>\n        <\/div>\n        <div class=\"col-md-7 col-sm-12\">\n            <div class=\"card-block px-1\">\n                <h2 class=\"card-title\">\n                    <a href=\"https:\/\/www.lesgets.com\/nl\/details\/museum-van-mechanische-muziek-191340-Nl\/\">Museum van Mechanische Muziek<\/a>\n                <\/h2>\n                <p class=\"classement\"><\/p>\n                <p class=\"card-text\">Kom en ontdek de ongelooflijke collectie mechanische instrumenten van het museum. Er worden meer dan 1000 stukken tentoongesteld: klokkenspelen, klokken, speeldozen, orchestrions, mechanische piano&#8217;s, snaarinstrumenten, draaiorgels, automaten, fonografen&#8230;<\/p>\n            <\/div>\n        <\/div>\n        <div class=\"col-md-2 col-sm-12\">\n            <a href=\"https:\/\/www.lesgets.com\/nl\/details\/museum-van-mechanische-muziek-191340-Nl\/\" class=\"btn\">Meer zien<\/a>\n        <\/div>\n    <\/div>\n<!-- END TEMPLATE fiche.php -->\n\n<\/div>\n\n<div class=\"block block-core-heading\">\n<h2 class=\"wp-block-heading\">Galerie Art&#8217;N&#8217;Chery<\/h2>\n<\/div>\n\n<div class=\"block block-lba-apidae-fiche\"><!-- BEGIN TEMPLATE fiche.php -->\n<!-- END TEMPLATE fiche.php -->\n\n<\/div>\n\n<div class=\"block block-core-spacer\">\n<div style=\"height:100px\" aria-hidden=\"true\" class=\"wp-block-spacer\"><\/div>\n<\/div>","protected":false},"excerpt":{"rendered":"<p>Hier vindt u de lijst van wintersport-, ludieke, culturele en welzijnsactiviteiten die toegankelijk zijn voor mensen met een handicap.<\/p>\n","protected":false},"author":4,"featured_media":8748,"parent":16082,"menu_order":3,"comment_status":"closed","ping_status":"closed","template":"","meta":{"_acf_changed":false,"footnotes":""},"class_list":["post-16928","page","type-page","status-publish","has-post-thumbnail","hentry"],"acf":[],"yoast_head":"<!-- This site is optimized with the Yoast SEO plugin v27.3 - https:\/\/yoast.com\/product\/yoast-seo-wordpress\/ -->\n<title>Winteractiviteiten - MiVa toerisme - Les Gets<\/title>\n<meta name=\"description\" content=\"Hier vindt u de lijst van wintersport-, ludieke, culturele en welzijnsactiviteiten die toegankelijk zijn voor mensen met een handicap.\" \/>\n<meta name=\"robots\" content=\"index, follow, max-snippet:-1, max-image-preview:large, max-video-preview:-1\" \/>\n<link rel=\"canonical\" href=\"https:\/\/www.lesgets.com\/nl\/ontdek-het-skigebied\/bergstation\/miva-toerisme\/activiteiten\/winteractiviteiten\/\" \/>\n<meta property=\"og:locale\" content=\"nl_NL\" \/>\n<meta property=\"og:type\" content=\"article\" \/>\n<meta property=\"og:title\" content=\"Winteractiviteiten - MiVa toerisme - Les Gets\" \/>\n<meta property=\"og:description\" content=\"Hier vindt u de lijst van wintersport-, ludieke, culturele en welzijnsactiviteiten die toegankelijk zijn voor mensen met een handicap.\" \/>\n<meta property=\"og:url\" content=\"https:\/\/www.lesgets.com\/nl\/ontdek-het-skigebied\/bergstation\/miva-toerisme\/activiteiten\/winteractiviteiten\/\" \/>\n<meta property=\"og:site_name\" content=\"Les Gets\" \/>\n<meta property=\"article:modified_time\" content=\"2021-03-17T16:22:32+00:00\" \/>\n<meta property=\"og:image\" content=\"https:\/\/www.lesgets.com\/wp\/..\/app\/uploads\/2020\/05\/2017_paysages_hiver_V.Ducrettet-10.jpg\" \/>\n\t<meta property=\"og:image:width\" content=\"1920\" \/>\n\t<meta property=\"og:image:height\" content=\"1282\" \/>\n\t<meta property=\"og:image:type\" content=\"image\/jpeg\" \/>\n<meta name=\"twitter:card\" content=\"summary_large_image\" \/>\n<script type=\"application\/ld+json\" class=\"yoast-schema-graph\">{\"@context\":\"https:\\\/\\\/schema.org\",\"@graph\":[{\"@type\":\"WebPage\",\"@id\":\"https:\\\/\\\/www.lesgets.com\\\/nl\\\/ontdek-het-skigebied\\\/bergstation\\\/miva-toerisme\\\/activiteiten\\\/winteractiviteiten\\\/\",\"url\":\"https:\\\/\\\/www.lesgets.com\\\/nl\\\/ontdek-het-skigebied\\\/bergstation\\\/miva-toerisme\\\/activiteiten\\\/winteractiviteiten\\\/\",\"name\":\"Winteractiviteiten - MiVa toerisme - Les Gets\",\"isPartOf\":{\"@id\":\"https:\\\/\\\/www.lesgets.com\\\/en\\\/#website\"},\"primaryImageOfPage\":{\"@id\":\"https:\\\/\\\/www.lesgets.com\\\/nl\\\/ontdek-het-skigebied\\\/bergstation\\\/miva-toerisme\\\/activiteiten\\\/winteractiviteiten\\\/#primaryimage\"},\"image\":{\"@id\":\"https:\\\/\\\/www.lesgets.com\\\/nl\\\/ontdek-het-skigebied\\\/bergstation\\\/miva-toerisme\\\/activiteiten\\\/winteractiviteiten\\\/#primaryimage\"},\"thumbnailUrl\":\"https:\\\/\\\/www.lesgets.com\\\/wp\\\/..\\\/app\\\/uploads\\\/2020\\\/05\\\/2017_paysages_hiver_V.Ducrettet-10.jpg\",\"datePublished\":\"2020-08-10T14:27:56+00:00\",\"dateModified\":\"2021-03-17T16:22:32+00:00\",\"description\":\"Hier vindt u de lijst van wintersport-, ludieke, culturele en welzijnsactiviteiten die toegankelijk zijn voor mensen met een handicap.\",\"breadcrumb\":{\"@id\":\"https:\\\/\\\/www.lesgets.com\\\/nl\\\/ontdek-het-skigebied\\\/bergstation\\\/miva-toerisme\\\/activiteiten\\\/winteractiviteiten\\\/#breadcrumb\"},\"inLanguage\":\"nl-NL\",\"potentialAction\":[{\"@type\":\"ReadAction\",\"target\":[\"https:\\\/\\\/www.lesgets.com\\\/nl\\\/ontdek-het-skigebied\\\/bergstation\\\/miva-toerisme\\\/activiteiten\\\/winteractiviteiten\\\/\"]}]},{\"@type\":\"ImageObject\",\"inLanguage\":\"nl-NL\",\"@id\":\"https:\\\/\\\/www.lesgets.com\\\/nl\\\/ontdek-het-skigebied\\\/bergstation\\\/miva-toerisme\\\/activiteiten\\\/winteractiviteiten\\\/#primaryimage\",\"url\":\"https:\\\/\\\/www.lesgets.com\\\/wp\\\/..\\\/app\\\/uploads\\\/2020\\\/05\\\/2017_paysages_hiver_V.Ducrettet-10.jpg\",\"contentUrl\":\"https:\\\/\\\/www.lesgets.com\\\/wp\\\/..\\\/app\\\/uploads\\\/2020\\\/05\\\/2017_paysages_hiver_V.Ducrettet-10.jpg\",\"width\":1920,\"height\":1282,\"caption\":\"Paysage de montagne en hiver avec remont\u00e9es m\u00e9caniques\"},{\"@type\":\"BreadcrumbList\",\"@id\":\"https:\\\/\\\/www.lesgets.com\\\/nl\\\/ontdek-het-skigebied\\\/bergstation\\\/miva-toerisme\\\/activiteiten\\\/winteractiviteiten\\\/#breadcrumb\",\"itemListElement\":[{\"@type\":\"ListItem\",\"position\":1,\"name\":\"Accueil\",\"item\":\"https:\\\/\\\/www.lesgets.com\\\/nl\\\/\"},{\"@type\":\"ListItem\",\"position\":2,\"name\":\"Ontdek het resort\",\"item\":\"https:\\\/\\\/www.lesgets.com\\\/nl\\\/ontdek-het-skigebied\\\/\"},{\"@type\":\"ListItem\",\"position\":3,\"name\":\"Charming station &amp; village\",\"item\":\"https:\\\/\\\/www.lesgets.com\\\/nl\\\/ontdek-het-skigebied\\\/bergstation\\\/\"},{\"@type\":\"ListItem\",\"position\":4,\"name\":\"MiVa toerisme\",\"item\":\"https:\\\/\\\/www.lesgets.com\\\/nl\\\/ontdek-het-skigebied\\\/bergstation\\\/miva-toerisme\\\/\"},{\"@type\":\"ListItem\",\"position\":5,\"name\":\"Activiteiten\",\"item\":\"https:\\\/\\\/www.lesgets.com\\\/nl\\\/ontdek-het-skigebied\\\/bergstation\\\/miva-toerisme\\\/activiteiten\\\/\"},{\"@type\":\"ListItem\",\"position\":6,\"name\":\"Winter activiteiten\"}]},{\"@type\":\"WebSite\",\"@id\":\"https:\\\/\\\/www.lesgets.com\\\/en\\\/#website\",\"url\":\"https:\\\/\\\/www.lesgets.com\\\/en\\\/\",\"name\":\"Les Gets\",\"description\":\"\",\"publisher\":{\"@id\":\"https:\\\/\\\/www.lesgets.com\\\/en\\\/#organization\"},\"potentialAction\":[{\"@type\":\"SearchAction\",\"target\":{\"@type\":\"EntryPoint\",\"urlTemplate\":\"https:\\\/\\\/www.lesgets.com\\\/en\\\/?s={search_term_string}\"},\"query-input\":{\"@type\":\"PropertyValueSpecification\",\"valueRequired\":true,\"valueName\":\"search_term_string\"}}],\"inLanguage\":\"nl-NL\"},{\"@type\":\"Organization\",\"@id\":\"https:\\\/\\\/www.lesgets.com\\\/en\\\/#organization\",\"name\":\"Les Gets\",\"url\":\"https:\\\/\\\/www.lesgets.com\\\/en\\\/\",\"logo\":{\"@type\":\"ImageObject\",\"inLanguage\":\"nl-NL\",\"@id\":\"https:\\\/\\\/www.lesgets.com\\\/en\\\/#\\\/schema\\\/logo\\\/image\\\/\",\"url\":\"https:\\\/\\\/www.lesgets.com\\\/wp\\\/..\\\/app\\\/uploads\\\/2020\\\/06\\\/logo_lesgets.png\",\"contentUrl\":\"https:\\\/\\\/www.lesgets.com\\\/wp\\\/..\\\/app\\\/uploads\\\/2020\\\/06\\\/logo_lesgets.png\",\"width\":136,\"height\":115,\"caption\":\"Les Gets\"},\"image\":{\"@id\":\"https:\\\/\\\/www.lesgets.com\\\/en\\\/#\\\/schema\\\/logo\\\/image\\\/\"}}]}<\/script>\n<!-- \/ Yoast SEO plugin. -->","yoast_head_json":{"title":"Winteractiviteiten - MiVa toerisme - Les Gets","description":"Hier vindt u de lijst van wintersport-, ludieke, culturele en welzijnsactiviteiten die toegankelijk zijn voor mensen met een handicap.","robots":{"index":"index","follow":"follow","max-snippet":"max-snippet:-1","max-image-preview":"max-image-preview:large","max-video-preview":"max-video-preview:-1"},"canonical":"https:\/\/www.lesgets.com\/nl\/ontdek-het-skigebied\/bergstation\/miva-toerisme\/activiteiten\/winteractiviteiten\/","og_locale":"nl_NL","og_type":"article","og_title":"Winteractiviteiten - MiVa toerisme - Les Gets","og_description":"Hier vindt u de lijst van wintersport-, ludieke, culturele en welzijnsactiviteiten die toegankelijk zijn voor mensen met een handicap.","og_url":"https:\/\/www.lesgets.com\/nl\/ontdek-het-skigebied\/bergstation\/miva-toerisme\/activiteiten\/winteractiviteiten\/","og_site_name":"Les Gets","article_modified_time":"2021-03-17T16:22:32+00:00","og_image":[{"width":1920,"height":1282,"url":"https:\/\/www.lesgets.com\/wp\/..\/app\/uploads\/2020\/05\/2017_paysages_hiver_V.Ducrettet-10.jpg","type":"image\/jpeg"}],"twitter_card":"summary_large_image","schema":{"@context":"https:\/\/schema.org","@graph":[{"@type":"WebPage","@id":"https:\/\/www.lesgets.com\/nl\/ontdek-het-skigebied\/bergstation\/miva-toerisme\/activiteiten\/winteractiviteiten\/","url":"https:\/\/www.lesgets.com\/nl\/ontdek-het-skigebied\/bergstation\/miva-toerisme\/activiteiten\/winteractiviteiten\/","name":"Winteractiviteiten - MiVa toerisme - Les Gets","isPartOf":{"@id":"https:\/\/www.lesgets.com\/en\/#website"},"primaryImageOfPage":{"@id":"https:\/\/www.lesgets.com\/nl\/ontdek-het-skigebied\/bergstation\/miva-toerisme\/activiteiten\/winteractiviteiten\/#primaryimage"},"image":{"@id":"https:\/\/www.lesgets.com\/nl\/ontdek-het-skigebied\/bergstation\/miva-toerisme\/activiteiten\/winteractiviteiten\/#primaryimage"},"thumbnailUrl":"https:\/\/www.lesgets.com\/wp\/..\/app\/uploads\/2020\/05\/2017_paysages_hiver_V.Ducrettet-10.jpg","datePublished":"2020-08-10T14:27:56+00:00","dateModified":"2021-03-17T16:22:32+00:00","description":"Hier vindt u de lijst van wintersport-, ludieke, culturele en welzijnsactiviteiten die toegankelijk zijn voor mensen met een handicap.","breadcrumb":{"@id":"https:\/\/www.lesgets.com\/nl\/ontdek-het-skigebied\/bergstation\/miva-toerisme\/activiteiten\/winteractiviteiten\/#breadcrumb"},"inLanguage":"nl-NL","potentialAction":[{"@type":"ReadAction","target":["https:\/\/www.lesgets.com\/nl\/ontdek-het-skigebied\/bergstation\/miva-toerisme\/activiteiten\/winteractiviteiten\/"]}]},{"@type":"ImageObject","inLanguage":"nl-NL","@id":"https:\/\/www.lesgets.com\/nl\/ontdek-het-skigebied\/bergstation\/miva-toerisme\/activiteiten\/winteractiviteiten\/#primaryimage","url":"https:\/\/www.lesgets.com\/wp\/..\/app\/uploads\/2020\/05\/2017_paysages_hiver_V.Ducrettet-10.jpg","contentUrl":"https:\/\/www.lesgets.com\/wp\/..\/app\/uploads\/2020\/05\/2017_paysages_hiver_V.Ducrettet-10.jpg","width":1920,"height":1282,"caption":"Paysage de montagne en hiver avec remont\u00e9es m\u00e9caniques"},{"@type":"BreadcrumbList","@id":"https:\/\/www.lesgets.com\/nl\/ontdek-het-skigebied\/bergstation\/miva-toerisme\/activiteiten\/winteractiviteiten\/#breadcrumb","itemListElement":[{"@type":"ListItem","position":1,"name":"Accueil","item":"https:\/\/www.lesgets.com\/nl\/"},{"@type":"ListItem","position":2,"name":"Ontdek het resort","item":"https:\/\/www.lesgets.com\/nl\/ontdek-het-skigebied\/"},{"@type":"ListItem","position":3,"name":"Charming station &amp; village","item":"https:\/\/www.lesgets.com\/nl\/ontdek-het-skigebied\/bergstation\/"},{"@type":"ListItem","position":4,"name":"MiVa toerisme","item":"https:\/\/www.lesgets.com\/nl\/ontdek-het-skigebied\/bergstation\/miva-toerisme\/"},{"@type":"ListItem","position":5,"name":"Activiteiten","item":"https:\/\/www.lesgets.com\/nl\/ontdek-het-skigebied\/bergstation\/miva-toerisme\/activiteiten\/"},{"@type":"ListItem","position":6,"name":"Winter activiteiten"}]},{"@type":"WebSite","@id":"https:\/\/www.lesgets.com\/en\/#website","url":"https:\/\/www.lesgets.com\/en\/","name":"Les Gets","description":"","publisher":{"@id":"https:\/\/www.lesgets.com\/en\/#organization"},"potentialAction":[{"@type":"SearchAction","target":{"@type":"EntryPoint","urlTemplate":"https:\/\/www.lesgets.com\/en\/?s={search_term_string}"},"query-input":{"@type":"PropertyValueSpecification","valueRequired":true,"valueName":"search_term_string"}}],"inLanguage":"nl-NL"},{"@type":"Organization","@id":"https:\/\/www.lesgets.com\/en\/#organization","name":"Les Gets","url":"https:\/\/www.lesgets.com\/en\/","logo":{"@type":"ImageObject","inLanguage":"nl-NL","@id":"https:\/\/www.lesgets.com\/en\/#\/schema\/logo\/image\/","url":"https:\/\/www.lesgets.com\/wp\/..\/app\/uploads\/2020\/06\/logo_lesgets.png","contentUrl":"https:\/\/www.lesgets.com\/wp\/..\/app\/uploads\/2020\/06\/logo_lesgets.png","width":136,"height":115,"caption":"Les Gets"},"image":{"@id":"https:\/\/www.lesgets.com\/en\/#\/schema\/logo\/image\/"}}]}},"featured_image_src":"https:\/\/www.lesgets.com\/wp\/..\/app\/uploads\/2020\/05\/2017_paysages_hiver_V.Ducrettet-10-600x400.jpg","featured_image_src_square":"https:\/\/www.lesgets.com\/wp\/..\/app\/uploads\/2020\/05\/2017_paysages_hiver_V.Ducrettet-10-600x600.jpg","_links":{"self":[{"href":"https:\/\/www.lesgets.com\/nl\/wp-json\/wp\/v2\/pages\/16928","targetHints":{"allow":["GET"]}}],"collection":[{"href":"https:\/\/www.lesgets.com\/nl\/wp-json\/wp\/v2\/pages"}],"about":[{"href":"https:\/\/www.lesgets.com\/nl\/wp-json\/wp\/v2\/types\/page"}],"author":[{"embeddable":true,"href":"https:\/\/www.lesgets.com\/nl\/wp-json\/wp\/v2\/users\/4"}],"replies":[{"embeddable":true,"href":"https:\/\/www.lesgets.com\/nl\/wp-json\/wp\/v2\/comments?post=16928"}],"version-history":[{"count":5,"href":"https:\/\/www.lesgets.com\/nl\/wp-json\/wp\/v2\/pages\/16928\/revisions"}],"predecessor-version":[{"id":26850,"href":"https:\/\/www.lesgets.com\/nl\/wp-json\/wp\/v2\/pages\/16928\/revisions\/26850"}],"up":[{"embeddable":true,"href":"https:\/\/www.lesgets.com\/nl\/wp-json\/wp\/v2\/pages\/16082"}],"wp:featuredmedia":[{"embeddable":true,"href":"https:\/\/www.lesgets.com\/nl\/wp-json\/wp\/v2\/media\/8748"}],"wp:attachment":[{"href":"https:\/\/www.lesgets.com\/nl\/wp-json\/wp\/v2\/media?parent=16928"}],"curies":[{"name":"wp","href":"https:\/\/api.w.org\/{rel}","templated":true}]}}