{"id":17901,"date":"2020-08-25T17:14:27","date_gmt":"2020-08-25T15:14:27","guid":{"rendered":"https:\/\/www.lesgets.com\/wat-is-er-te-doen\/winter-activiteiten\/sporten\/wandelen-sneeuwschoen\/list-of-winter-marked-trails\/"},"modified":"2021-03-19T11:57:33","modified_gmt":"2021-03-19T10:57:33","slug":"winter-wandelroutes","status":"publish","type":"page","link":"https:\/\/www.lesgets.com\/nl\/wat-is-er-te-doen\/winter-activiteiten\/sporten\/wandelen-sneeuwschoen\/winter-wandelroutes\/","title":{"rendered":"Winter wandelroutes"},"content":{"rendered":"<div class=\"block block-lba-apidae-selection\"><!--BEGIN FILTER -->\r\n<!--BEGIN FILTER -->\r\n\r\n<!--BEGIN ITEMS APIDAE -->\r\n  <div class=\"selection-mode-default\">\r\n          <div class=\"card 0-3places 0-3pieces\">\r\n        <div class=\"row\">\r\n          <div class=\"col-md-3\">\r\n            <img decoding=\"async\" src=\"https:\/\/static.apidae-tourisme.com\/filestore\/objets-touristiques\/images\/108\/194\/7848556-fiche.jpg\" class=\"w-100\"\r\n                 alt=\"Image Raquettes_MC_005_\u00a9C.Martelet_OTLesGets\">\r\n          <\/div>\r\n          <div class=\"col-md-7\">\r\n            <div class=\"card-block px-1\">\r\n              <h2 class=\"card-title\">\r\n                                    <a href=\"https:\/\/www.lesgets.com\/nl\/details\/belvedere-des-nauchets-en-raquettes-5531441-Nl\/\">Belv\u00e9d\u00e8re des Nauchets en raquettes<\/a>\r\n                              <\/h2>\r\n              <p class=\"classement\"><\/p>\r\n              <p class=\"card-text\">Sentier facile, adapt\u00e9 pour les familles accompagn\u00e9s d&#8217;enfants en bas \u00e2ges, id\u00e9al pour un go\u00fbter.<\/p>\r\n            <\/div>\r\n          <\/div>\r\n          <div class=\"col-md-2\">\r\n                            <a href=\"https:\/\/www.lesgets.com\/nl\/details\/belvedere-des-nauchets-en-raquettes-5531441-Nl\/\" class=\"btn\">Meer zien<\/a>\r\n                      <\/div>\r\n        <\/div>\r\n      <\/div>\r\n          <div class=\"card 0-3places 0-3pieces\">\r\n        <div class=\"row\">\r\n          <div class=\"col-md-3\">\r\n            <img decoding=\"async\" src=\"https:\/\/static.apidae-tourisme.com\/filestore\/objets-touristiques\/images\/175\/215\/26269615-fiche.jpg\" class=\"w-100\"\r\n                 alt=\"Image 16247904848_4baae44dfe_k\">\r\n          <\/div>\r\n          <div class=\"col-md-7\">\r\n            <div class=\"card-block px-1\">\r\n              <h2 class=\"card-title\">\r\n                                    <a href=\"https:\/\/www.lesgets.com\/nl\/details\/la-combe-via-mont-caly-131112-Nl\/\">La Combe via Mont Caly<\/a>\r\n                              <\/h2>\r\n              <p class=\"classement\"><\/p>\r\n              <p class=\"card-text\">Promenez vous en admirant la cha\u00eene du Mont Blanc, le domaine des Chavannes puis les Aravis.<\/p>\r\n            <\/div>\r\n          <\/div>\r\n          <div class=\"col-md-2\">\r\n                            <a href=\"https:\/\/www.lesgets.com\/nl\/details\/la-combe-via-mont-caly-131112-Nl\/\" class=\"btn\">Meer zien<\/a>\r\n                      <\/div>\r\n        <\/div>\r\n      <\/div>\r\n          <div class=\"card 0-3places 0-3pieces\">\r\n        <div class=\"row\">\r\n          <div class=\"col-md-3\">\r\n            <img decoding=\"async\" src=\"https:\/\/static.apidae-tourisme.com\/filestore\/objets-touristiques\/images\/195\/215\/26269635-fiche.jpg\" class=\"w-100\"\r\n                 alt=\"Image 15488629018_5bdbd390fa_k\">\r\n          <\/div>\r\n          <div class=\"col-md-7\">\r\n            <div class=\"card-block px-1\">\r\n              <h2 class=\"card-title\">\r\n                                    <a href=\"https:\/\/www.lesgets.com\/nl\/details\/la-mouille-ronde-en-raquettes-hiver-5531444-Nl\/\">La Mouille Ronde en raquettes hiver<\/a>\r\n                              <\/h2>\r\n              <p class=\"classement\"><\/p>\r\n              <p class=\"card-text\">D\u00e9nivellation n\u00e9gative : 350 m<\/p>\r\n            <\/div>\r\n          <\/div>\r\n          <div class=\"col-md-2\">\r\n                            <a href=\"https:\/\/www.lesgets.com\/nl\/details\/la-mouille-ronde-en-raquettes-hiver-5531444-Nl\/\" class=\"btn\">Meer zien<\/a>\r\n                      <\/div>\r\n        <\/div>\r\n      <\/div>\r\n          <div class=\"card 0-3places 0-3pieces\">\r\n        <div class=\"row\">\r\n          <div class=\"col-md-3\">\r\n            <img decoding=\"async\" src=\"https:\/\/static.apidae-tourisme.com\/filestore\/objets-touristiques\/images\/204\/215\/26269644-fiche.jpg\" class=\"w-100\"\r\n                 alt=\"Image 15489538210_b69919b3c2_k\">\r\n          <\/div>\r\n          <div class=\"col-md-7\">\r\n            <div class=\"card-block px-1\">\r\n              <h2 class=\"card-title\">\r\n                                    <a href=\"https:\/\/www.lesgets.com\/nl\/details\/lassare-variante-raquettes-hiver-131013-Nl\/\">Lassare (+ variante raquettes) hiver<\/a>\r\n                              <\/h2>\r\n              <p class=\"classement\"><\/p>\r\n              <p class=\"card-text\">Sur ce sentier vous pourrez d\u00e9couvrir des sculptures sur bois et vous arr\u00eatez \u00e0 la Bergerie\/Poterie artisanale des Gets. De plus cette randonn\u00e9e vous offrira un magnifique panorama sur le Roc d&#8217;Enfer, la C\u00f4te d&#8217;Arbroz et Nantaux.<\/p>\r\n            <\/div>\r\n          <\/div>\r\n          <div class=\"col-md-2\">\r\n                            <a href=\"https:\/\/www.lesgets.com\/nl\/details\/lassare-variante-raquettes-hiver-131013-Nl\/\" class=\"btn\">Meer zien<\/a>\r\n                      <\/div>\r\n        <\/div>\r\n      <\/div>\r\n          <div class=\"card 0-3places 0-3pieces\">\r\n        <div class=\"row\">\r\n          <div class=\"col-md-3\">\r\n            <img decoding=\"async\" src=\"https:\/\/static.apidae-tourisme.com\/filestore\/objets-touristiques\/images\/27\/216\/26269723-fiche.jpg\" class=\"w-100\"\r\n                 alt=\"Image ski_de_fond_gets\">\r\n          <\/div>\r\n          <div class=\"col-md-7\">\r\n            <div class=\"card-block px-1\">\r\n              <h2 class=\"card-title\">\r\n                                    <a href=\"https:\/\/www.lesgets.com\/nl\/details\/le-bouchet-raquettes-hiver-5531435-Nl\/\">Le Bouchet raquettes hiver<\/a>\r\n                              <\/h2>\r\n              <p class=\"classement\"><\/p>\r\n              <p class=\"card-text\">Sentier sympathique parcourant le petit hameau du Bouchet avec une jolie vue sur les Chavannes, la Turche et les  Perri\u00e8res.<\/p>\r\n            <\/div>\r\n          <\/div>\r\n          <div class=\"col-md-2\">\r\n                            <a href=\"https:\/\/www.lesgets.com\/nl\/details\/le-bouchet-raquettes-hiver-5531435-Nl\/\" class=\"btn\">Meer zien<\/a>\r\n                      <\/div>\r\n        <\/div>\r\n      <\/div>\r\n          <div class=\"card 0-3places 0-3pieces\">\r\n        <div class=\"row\">\r\n          <div class=\"col-md-3\">\r\n            <img decoding=\"async\" src=\"https:\/\/static.apidae-tourisme.com\/filestore\/objets-touristiques\/images\/231\/93\/16408039-fiche.jpg\" class=\"w-100\"\r\n                 alt=\"Image pleney morzine\">\r\n          <\/div>\r\n          <div class=\"col-md-7\">\r\n            <div class=\"card-block px-1\">\r\n              <h2 class=\"card-title\">\r\n                                    <a href=\"https:\/\/www.lesgets.com\/nl\/details\/sneeuwschoenwandelen-in-le-pleney-5531442-Nl\/\">Sneeuwschoenwandelen in Le Pleney<\/a>\r\n                              <\/h2>\r\n              <p class=\"classement\"><\/p>\r\n              <p class=\"card-text\">Promenade offrant un magnifique panorama sur la vall\u00e9e de Morzine et de la Manche, le plateau de Nyon et la station d&#8217;Avoriaz.<\/p>\r\n            <\/div>\r\n          <\/div>\r\n          <div class=\"col-md-2\">\r\n                            <a href=\"https:\/\/www.lesgets.com\/nl\/details\/sneeuwschoenwandelen-in-le-pleney-5531442-Nl\/\" class=\"btn\">Meer zien<\/a>\r\n                      <\/div>\r\n        <\/div>\r\n      <\/div>\r\n          <div class=\"card 0-3places 0-3pieces\">\r\n        <div class=\"row\">\r\n          <div class=\"col-md-3\">\r\n            <img decoding=\"async\" src=\"https:\/\/static.apidae-tourisme.com\/filestore\/objets-touristiques\/images\/10\/216\/26269706-fiche.jpg\" class=\"w-100\"\r\n                 alt=\"Image 15489154717_3379d6c618_k\">\r\n          <\/div>\r\n          <div class=\"col-md-7\">\r\n            <div class=\"card-block px-1\">\r\n              <h2 class=\"card-title\">\r\n                                    <a href=\"https:\/\/www.lesgets.com\/nl\/details\/le-tour-du-golf-hiver-131095-Nl\/\">Le Tour du Golf hiver<\/a>\r\n                              <\/h2>\r\n              <p class=\"classement\"><\/p>\r\n              <p class=\"card-text\">A proximit\u00e9 des Lacs du Golf, magnifique sentier entre clairi\u00e8res et for\u00eats.<\/p>\r\n            <\/div>\r\n          <\/div>\r\n          <div class=\"col-md-2\">\r\n                            <a href=\"https:\/\/www.lesgets.com\/nl\/details\/le-tour-du-golf-hiver-131095-Nl\/\" class=\"btn\">Meer zien<\/a>\r\n                      <\/div>\r\n        <\/div>\r\n      <\/div>\r\n          <div class=\"card 0-3places 0-3pieces\">\r\n        <div class=\"row\">\r\n          <div class=\"col-md-3\">\r\n            <img decoding=\"async\" src=\"https:\/\/static.apidae-tourisme.com\/filestore\/objets-touristiques\/images\/8\/216\/26269704-fiche.jpg\" class=\"w-100\"\r\n                 alt=\"Image 2021_03_13_Ben_Expedition_Zero_LD_DSC_2130\">\r\n          <\/div>\r\n          <div class=\"col-md-7\">\r\n            <div class=\"card-block px-1\">\r\n              <h2 class=\"card-title\">\r\n                                    <a href=\"https:\/\/www.lesgets.com\/nl\/details\/lenvers-du-mont-chery-hiver-131024-Nl\/\">L&#8217;envers du Mont Chery hiver<\/a>\r\n                              <\/h2>\r\n              <p class=\"classement\"><\/p>\r\n              <p class=\"card-text\">Au-dessus de la for\u00eat, vous traverserez de grandes \u00e9tendues enneig\u00e9es pour revenir au charmant village d&#8217;alpage de Mont-Caly avec une magnifique vue sur la cha\u00eene du Mont-Blanc.<\/p>\r\n            <\/div>\r\n          <\/div>\r\n          <div class=\"col-md-2\">\r\n                            <a href=\"https:\/\/www.lesgets.com\/nl\/details\/lenvers-du-mont-chery-hiver-131024-Nl\/\" class=\"btn\">Meer zien<\/a>\r\n                      <\/div>\r\n        <\/div>\r\n      <\/div>\r\n          <div class=\"card 0-3places 0-3pieces\">\r\n        <div class=\"row\">\r\n          <div class=\"col-md-3\">\r\n            <img decoding=\"async\" src=\"https:\/\/static.apidae-tourisme.com\/filestore\/objets-touristiques\/images\/92\/214\/26269276-fiche.jpg\" class=\"w-100\"\r\n                 alt=\"Image 15900290170_046ce052f8_k\">\r\n          <\/div>\r\n          <div class=\"col-md-7\">\r\n            <div class=\"card-block px-1\">\r\n              <h2 class=\"card-title\">\r\n                                    <a href=\"https:\/\/www.lesgets.com\/nl\/details\/mont-caly-en-raquettes-hiver-5531448-Nl\/\">Mont Caly en raquettes hiver<\/a>\r\n                              <\/h2>\r\n              <p class=\"classement\"><\/p>\r\n              <p class=\"card-text\">Vous d\u00e9couvrirez une magnifique vue sur le massif du Mont Blanc. Plus loin, l&#8217;alpage du Mont Caly vous ravira par son charme et son calme.<\/p>\r\n            <\/div>\r\n          <\/div>\r\n          <div class=\"col-md-2\">\r\n                            <a href=\"https:\/\/www.lesgets.com\/nl\/details\/mont-caly-en-raquettes-hiver-5531448-Nl\/\" class=\"btn\">Meer zien<\/a>\r\n                      <\/div>\r\n        <\/div>\r\n      <\/div>\r\n          <div class=\"card 0-3places 0-3pieces\">\r\n        <div class=\"row\">\r\n          <div class=\"col-md-3\">\r\n            <img decoding=\"async\" src=\"https:\/\/static.apidae-tourisme.com\/filestore\/objets-touristiques\/images\/91\/215\/26269531-fiche.jpg\" class=\"w-100\"\r\n                 alt=\"Image 465097_292870070780277_234747116_o\">\r\n          <\/div>\r\n          <div class=\"col-md-7\">\r\n            <div class=\"card-block px-1\">\r\n              <h2 class=\"card-title\">\r\n                                    <a href=\"https:\/\/www.lesgets.com\/nl\/details\/sous-le-ranfoilly-en-raquettes-5531449-Nl\/\">Sous le Ranfoilly en raquettes<\/a>\r\n                              <\/h2>\r\n              <p class=\"classement\"><\/p>\r\n              <p class=\"card-text\">Agr\u00e9able balade sur un large chemin dam\u00e9 o\u00f9 se trouvent des bancs et une superbe vue. Id\u00e9al pour un pique-nique ou pour se retrouver avec des skieurs.<\/p>\r\n            <\/div>\r\n          <\/div>\r\n          <div class=\"col-md-2\">\r\n                            <a href=\"https:\/\/www.lesgets.com\/nl\/details\/sous-le-ranfoilly-en-raquettes-5531449-Nl\/\" class=\"btn\">Meer zien<\/a>\r\n                      <\/div>\r\n        <\/div>\r\n      <\/div>\r\n      <\/div>\r\n<!--END ITEMS APIDAE -->\r\n\r\n<!--BEGIN PAGINATOR -->\r\n  \r\n<nav>\r\n    <ul class=\"pagination text-center\">\r\n        <li class=\"page-item disabled\">\r\n            <a class=\"page-link\" href=\"https:\/\/www.lesgets.com\/nl\/wp-json\/wp\/v2\/pages\/17901\/\" tabindex=\"-1\">Pr\u00e9c\u00e9dent<\/a>\r\n        <\/li>\r\n                                    <li class=\"page-item active\">\r\n                    <a class=\"page-link\" href=\"https:\/\/www.lesgets.com\/nl\/wp-json\/wp\/v2\/pages\/17901\/\">1                        <span class=\"sr-only\">(current)<\/span>\r\n                    <\/a>\r\n                <\/li>\r\n                                                <li class=\"page-item\">\r\n                    <a class=\"page-link\" href=\"https:\/\/www.lesgets.com\/nl\/wp-json\/wp\/v2\/pages\/17901\/?paged=2\">2<\/a>\r\n                <\/li>\r\n                    \r\n        <li class=\"page-item \">\r\n            <a class=\"page-link\" href=\"https:\/\/www.lesgets.com\/nl\/wp-json\/wp\/v2\/pages\/17901\/?paged=2\">Suivant<\/a>\r\n        <\/li>\r\n\r\n    <\/ul>\r\n<\/nav><!--BEGIN PAGINATOR --><\/div>","protected":false},"excerpt":{"rendered":"<p>Find the list of marked trails for your winter or snowshoe hikes in Les Gets. <\/p>\n","protected":false},"author":4,"featured_media":0,"parent":16691,"menu_order":0,"comment_status":"closed","ping_status":"closed","template":"","meta":{"_acf_changed":false,"footnotes":""},"class_list":["post-17901","page","type-page","status-publish","hentry"],"acf":[],"yoast_head":"<!-- This site is optimized with the Yoast SEO plugin v27.3 - https:\/\/yoast.com\/product\/yoast-seo-wordpress\/ -->\n<title>Winter wandelroutes - All winter activities - Les Gets<\/title>\n<meta name=\"description\" content=\"Vind de lijst met gemarkeerde routes voor uw winter- of sneeuwschoenwandelingen in Les Gets.\" \/>\n<meta name=\"robots\" content=\"index, follow, max-snippet:-1, max-image-preview:large, max-video-preview:-1\" \/>\n<link rel=\"canonical\" href=\"https:\/\/www.lesgets.com\/nl\/wat-is-er-te-doen\/winter-activiteiten\/sporten\/wandelen-sneeuwschoen\/winter-wandelroutes\/\" \/>\n<meta property=\"og:locale\" content=\"nl_NL\" \/>\n<meta property=\"og:type\" content=\"article\" \/>\n<meta property=\"og:title\" content=\"Winter wandelroutes - All winter activities - Les Gets\" \/>\n<meta property=\"og:description\" content=\"Vind de lijst met gemarkeerde routes voor uw winter- of sneeuwschoenwandelingen in Les Gets.\" \/>\n<meta property=\"og:url\" content=\"https:\/\/www.lesgets.com\/nl\/wat-is-er-te-doen\/winter-activiteiten\/sporten\/wandelen-sneeuwschoen\/winter-wandelroutes\/\" \/>\n<meta property=\"og:site_name\" content=\"Les Gets\" \/>\n<meta property=\"article:modified_time\" content=\"2021-03-19T10:57:33+00:00\" \/>\n<meta name=\"twitter:card\" content=\"summary_large_image\" \/>\n<script type=\"application\/ld+json\" class=\"yoast-schema-graph\">{\"@context\":\"https:\\\/\\\/schema.org\",\"@graph\":[{\"@type\":\"WebPage\",\"@id\":\"https:\\\/\\\/www.lesgets.com\\\/nl\\\/wat-is-er-te-doen\\\/winter-activiteiten\\\/sporten\\\/wandelen-sneeuwschoen\\\/winter-wandelroutes\\\/\",\"url\":\"https:\\\/\\\/www.lesgets.com\\\/nl\\\/wat-is-er-te-doen\\\/winter-activiteiten\\\/sporten\\\/wandelen-sneeuwschoen\\\/winter-wandelroutes\\\/\",\"name\":\"Winter wandelroutes - All winter activities - Les Gets\",\"isPartOf\":{\"@id\":\"https:\\\/\\\/www.lesgets.com\\\/en\\\/#website\"},\"datePublished\":\"2020-08-25T15:14:27+00:00\",\"dateModified\":\"2021-03-19T10:57:33+00:00\",\"description\":\"Vind de lijst met gemarkeerde routes voor uw winter- of sneeuwschoenwandelingen in Les Gets.\",\"breadcrumb\":{\"@id\":\"https:\\\/\\\/www.lesgets.com\\\/nl\\\/wat-is-er-te-doen\\\/winter-activiteiten\\\/sporten\\\/wandelen-sneeuwschoen\\\/winter-wandelroutes\\\/#breadcrumb\"},\"inLanguage\":\"nl-NL\",\"potentialAction\":[{\"@type\":\"ReadAction\",\"target\":[\"https:\\\/\\\/www.lesgets.com\\\/nl\\\/wat-is-er-te-doen\\\/winter-activiteiten\\\/sporten\\\/wandelen-sneeuwschoen\\\/winter-wandelroutes\\\/\"]}]},{\"@type\":\"BreadcrumbList\",\"@id\":\"https:\\\/\\\/www.lesgets.com\\\/nl\\\/wat-is-er-te-doen\\\/winter-activiteiten\\\/sporten\\\/wandelen-sneeuwschoen\\\/winter-wandelroutes\\\/#breadcrumb\",\"itemListElement\":[{\"@type\":\"ListItem\",\"position\":1,\"name\":\"Accueil\",\"item\":\"https:\\\/\\\/www.lesgets.com\\\/nl\\\/\"},{\"@type\":\"ListItem\",\"position\":2,\"name\":\"Wat is er te doen?\",\"item\":\"https:\\\/\\\/www.lesgets.com\\\/nl\\\/wat-is-er-te-doen\\\/\"},{\"@type\":\"ListItem\",\"position\":3,\"name\":\"Winter activiteiten\",\"item\":\"https:\\\/\\\/www.lesgets.com\\\/nl\\\/wat-is-er-te-doen\\\/winter-activiteiten\\\/\"},{\"@type\":\"ListItem\",\"position\":4,\"name\":\"Sporten\",\"item\":\"https:\\\/\\\/www.lesgets.com\\\/nl\\\/wat-is-er-te-doen\\\/winter-activiteiten\\\/sporten\\\/\"},{\"@type\":\"ListItem\",\"position\":5,\"name\":\"Wandelen &#038; sneeuwschoen wandeltochten\",\"item\":\"https:\\\/\\\/www.lesgets.com\\\/nl\\\/wat-is-er-te-doen\\\/winter-activiteiten\\\/sporten\\\/wandelen-sneeuwschoen\\\/\"},{\"@type\":\"ListItem\",\"position\":6,\"name\":\"Winter wandelroutes\"}]},{\"@type\":\"WebSite\",\"@id\":\"https:\\\/\\\/www.lesgets.com\\\/en\\\/#website\",\"url\":\"https:\\\/\\\/www.lesgets.com\\\/en\\\/\",\"name\":\"Les Gets\",\"description\":\"\",\"publisher\":{\"@id\":\"https:\\\/\\\/www.lesgets.com\\\/en\\\/#organization\"},\"potentialAction\":[{\"@type\":\"SearchAction\",\"target\":{\"@type\":\"EntryPoint\",\"urlTemplate\":\"https:\\\/\\\/www.lesgets.com\\\/en\\\/?s={search_term_string}\"},\"query-input\":{\"@type\":\"PropertyValueSpecification\",\"valueRequired\":true,\"valueName\":\"search_term_string\"}}],\"inLanguage\":\"nl-NL\"},{\"@type\":\"Organization\",\"@id\":\"https:\\\/\\\/www.lesgets.com\\\/en\\\/#organization\",\"name\":\"Les Gets\",\"url\":\"https:\\\/\\\/www.lesgets.com\\\/en\\\/\",\"logo\":{\"@type\":\"ImageObject\",\"inLanguage\":\"nl-NL\",\"@id\":\"https:\\\/\\\/www.lesgets.com\\\/en\\\/#\\\/schema\\\/logo\\\/image\\\/\",\"url\":\"https:\\\/\\\/www.lesgets.com\\\/wp\\\/..\\\/app\\\/uploads\\\/2020\\\/06\\\/logo_lesgets.png\",\"contentUrl\":\"https:\\\/\\\/www.lesgets.com\\\/wp\\\/..\\\/app\\\/uploads\\\/2020\\\/06\\\/logo_lesgets.png\",\"width\":136,\"height\":115,\"caption\":\"Les Gets\"},\"image\":{\"@id\":\"https:\\\/\\\/www.lesgets.com\\\/en\\\/#\\\/schema\\\/logo\\\/image\\\/\"}}]}<\/script>\n<!-- \/ Yoast SEO plugin. -->","yoast_head_json":{"title":"Winter wandelroutes - All winter activities - Les Gets","description":"Vind de lijst met gemarkeerde routes voor uw winter- of sneeuwschoenwandelingen in Les Gets.","robots":{"index":"index","follow":"follow","max-snippet":"max-snippet:-1","max-image-preview":"max-image-preview:large","max-video-preview":"max-video-preview:-1"},"canonical":"https:\/\/www.lesgets.com\/nl\/wat-is-er-te-doen\/winter-activiteiten\/sporten\/wandelen-sneeuwschoen\/winter-wandelroutes\/","og_locale":"nl_NL","og_type":"article","og_title":"Winter wandelroutes - All winter activities - Les Gets","og_description":"Vind de lijst met gemarkeerde routes voor uw winter- of sneeuwschoenwandelingen in Les Gets.","og_url":"https:\/\/www.lesgets.com\/nl\/wat-is-er-te-doen\/winter-activiteiten\/sporten\/wandelen-sneeuwschoen\/winter-wandelroutes\/","og_site_name":"Les Gets","article_modified_time":"2021-03-19T10:57:33+00:00","twitter_card":"summary_large_image","schema":{"@context":"https:\/\/schema.org","@graph":[{"@type":"WebPage","@id":"https:\/\/www.lesgets.com\/nl\/wat-is-er-te-doen\/winter-activiteiten\/sporten\/wandelen-sneeuwschoen\/winter-wandelroutes\/","url":"https:\/\/www.lesgets.com\/nl\/wat-is-er-te-doen\/winter-activiteiten\/sporten\/wandelen-sneeuwschoen\/winter-wandelroutes\/","name":"Winter wandelroutes - All winter activities - Les Gets","isPartOf":{"@id":"https:\/\/www.lesgets.com\/en\/#website"},"datePublished":"2020-08-25T15:14:27+00:00","dateModified":"2021-03-19T10:57:33+00:00","description":"Vind de lijst met gemarkeerde routes voor uw winter- of sneeuwschoenwandelingen in Les Gets.","breadcrumb":{"@id":"https:\/\/www.lesgets.com\/nl\/wat-is-er-te-doen\/winter-activiteiten\/sporten\/wandelen-sneeuwschoen\/winter-wandelroutes\/#breadcrumb"},"inLanguage":"nl-NL","potentialAction":[{"@type":"ReadAction","target":["https:\/\/www.lesgets.com\/nl\/wat-is-er-te-doen\/winter-activiteiten\/sporten\/wandelen-sneeuwschoen\/winter-wandelroutes\/"]}]},{"@type":"BreadcrumbList","@id":"https:\/\/www.lesgets.com\/nl\/wat-is-er-te-doen\/winter-activiteiten\/sporten\/wandelen-sneeuwschoen\/winter-wandelroutes\/#breadcrumb","itemListElement":[{"@type":"ListItem","position":1,"name":"Accueil","item":"https:\/\/www.lesgets.com\/nl\/"},{"@type":"ListItem","position":2,"name":"Wat is er te doen?","item":"https:\/\/www.lesgets.com\/nl\/wat-is-er-te-doen\/"},{"@type":"ListItem","position":3,"name":"Winter activiteiten","item":"https:\/\/www.lesgets.com\/nl\/wat-is-er-te-doen\/winter-activiteiten\/"},{"@type":"ListItem","position":4,"name":"Sporten","item":"https:\/\/www.lesgets.com\/nl\/wat-is-er-te-doen\/winter-activiteiten\/sporten\/"},{"@type":"ListItem","position":5,"name":"Wandelen &#038; sneeuwschoen wandeltochten","item":"https:\/\/www.lesgets.com\/nl\/wat-is-er-te-doen\/winter-activiteiten\/sporten\/wandelen-sneeuwschoen\/"},{"@type":"ListItem","position":6,"name":"Winter wandelroutes"}]},{"@type":"WebSite","@id":"https:\/\/www.lesgets.com\/en\/#website","url":"https:\/\/www.lesgets.com\/en\/","name":"Les Gets","description":"","publisher":{"@id":"https:\/\/www.lesgets.com\/en\/#organization"},"potentialAction":[{"@type":"SearchAction","target":{"@type":"EntryPoint","urlTemplate":"https:\/\/www.lesgets.com\/en\/?s={search_term_string}"},"query-input":{"@type":"PropertyValueSpecification","valueRequired":true,"valueName":"search_term_string"}}],"inLanguage":"nl-NL"},{"@type":"Organization","@id":"https:\/\/www.lesgets.com\/en\/#organization","name":"Les Gets","url":"https:\/\/www.lesgets.com\/en\/","logo":{"@type":"ImageObject","inLanguage":"nl-NL","@id":"https:\/\/www.lesgets.com\/en\/#\/schema\/logo\/image\/","url":"https:\/\/www.lesgets.com\/wp\/..\/app\/uploads\/2020\/06\/logo_lesgets.png","contentUrl":"https:\/\/www.lesgets.com\/wp\/..\/app\/uploads\/2020\/06\/logo_lesgets.png","width":136,"height":115,"caption":"Les Gets"},"image":{"@id":"https:\/\/www.lesgets.com\/en\/#\/schema\/logo\/image\/"}}]}},"featured_image_src":null,"featured_image_src_square":null,"_links":{"self":[{"href":"https:\/\/www.lesgets.com\/nl\/wp-json\/wp\/v2\/pages\/17901","targetHints":{"allow":["GET"]}}],"collection":[{"href":"https:\/\/www.lesgets.com\/nl\/wp-json\/wp\/v2\/pages"}],"about":[{"href":"https:\/\/www.lesgets.com\/nl\/wp-json\/wp\/v2\/types\/page"}],"author":[{"embeddable":true,"href":"https:\/\/www.lesgets.com\/nl\/wp-json\/wp\/v2\/users\/4"}],"replies":[{"embeddable":true,"href":"https:\/\/www.lesgets.com\/nl\/wp-json\/wp\/v2\/comments?post=17901"}],"version-history":[{"count":5,"href":"https:\/\/www.lesgets.com\/nl\/wp-json\/wp\/v2\/pages\/17901\/revisions"}],"predecessor-version":[{"id":27028,"href":"https:\/\/www.lesgets.com\/nl\/wp-json\/wp\/v2\/pages\/17901\/revisions\/27028"}],"up":[{"embeddable":true,"href":"https:\/\/www.lesgets.com\/nl\/wp-json\/wp\/v2\/pages\/16691"}],"wp:attachment":[{"href":"https:\/\/www.lesgets.com\/nl\/wp-json\/wp\/v2\/media?parent=17901"}],"curies":[{"name":"wp","href":"https:\/\/api.w.org\/{rel}","templated":true}]}}