{"id":1959,"date":"2020-04-22T15:45:28","date_gmt":"2020-04-22T13:45:28","guid":{"rendered":"http:\/\/les-gets.votre-projet.com\/les-gets-morzine-ski-area\/"},"modified":"2022-10-17T15:57:02","modified_gmt":"2022-10-17T13:57:02","slug":"skigebied","status":"publish","type":"page","link":"https:\/\/www.lesgets.com\/nl\/ontdek-het-skigebied\/skien-wintersporten\/skigebied\/","title":{"rendered":"Skigebied"},"content":{"rendered":"<div class=\"block block-core-heading\">\n<h2 class=\"wp-block-heading\">Een uitzonderlijk <strong>speelveld<\/strong><\/h2>\n<\/div>\n\n<div class=\"block block-core-paragraph\">\n<p>Met uitzonderlijke zonneschijn, sneeuwzekerheid en een panoramisch uitzicht heeft het skiresort Les Gets zoveel te bieden! Op minder dan een uur van Gen\u00e8ve, tussen het meer van Gen\u00e8ve en de Mont-Blanc, biedt dit kleine hoekje van het paradijs unieke mogelijkheden in het hart van het fantastische Portes du Soleil gebied. Het resort biedt een uitzonderlijke speeltuin voor alle ski\u00ebrs met 650 km aan pistes die geschikt zijn voor alle niveaus.<\/p>\n<\/div>\n\n<div class=\"block block-core-paragraph\">\n<p>Het skigebied Les Gets-Morzine biedt 120 km gemarkeerde pistes, 71 pistes en 47 liften en 15 funpistes.<\/p>\n<\/div>\n\n<div class=\"block block-core-button\">\n<div class=\"wp-block-button\"><a class=\"wp-block-button__link\" href=\"https:\/\/www.lesgets.com\/nl\/ontdek-het-skigebied\/skien-wintersporten\/pisteplattegrond\/\">Pisteplattegrond<\/a><\/div>\n<\/div>\n\n<div class=\"block block-core-paragraph\">\n<p>Maar er is ook een <a href=\"https:\/\/www.lesgets.com\/nl\/ontdek-de-skigebied\/skien-wintersporten\/speelplaatsen-speelgebieden\/een-stap-in-de-leegte\/\">&#8220;een stap in de leegte\u201d<\/a> &#8211; en een <a href=\"https:\/\/www.lesgets.com\/nl\/ontdek-de-skigebied\/skien-wintersporten\/speelplaatsen-speelgebieden\/de-nauchets-uitkijkpost\/\">picknick<\/a> platform met panoramisch uitzicht &#8211; <a href=\"https:\/\/www.lesgets.com\/nl\/mappys-zone\/\">een gratis beginnershoekje<\/a> <a href=\"https:\/\/www.lesgets.com\/nl\/ontdek-de-skigebied\/skien-wintersporten\/speelplaatsen-speelgebieden\/\">met veel speelruimtes<\/a> (<a href=\"https:\/\/www.lesgets.com\/nl\/ontdek-de-skigebied\/skien-wintersporten\/speelplaatsen-speelgebieden\/videopark\/\">videopark<\/a>, <a href=\"https:\/\/www.lesgets.com\/nl\/ontdek-de-skigebied\/skien-wintersporten\/speelplaatsen-speelgebieden\/parallelle-slalom\/\">slalom met tijdwaarneming<\/a>, <a href=\"https:\/\/www.lesgets.com\/nl\/ontdek-de-skigebied\/skien-wintersporten\/speelplaatsen-speelgebieden\/sneeuwpark-les-chavannes\/\">sneeuwpark,<\/a> <a href=\"https:\/\/www.lesgets.com\/nl\/ontdek-de-skigebied\/skien-wintersporten\/speelplaatsen-speelgebieden\/boardercross\/\">Boardercross<\/a>&#8230;).<\/p>\n<\/div>\n\n<div class=\"block block-core-paragraph\">\n<p>Voor het plezier van de kinderen is er het <a href=\"https:\/\/www.lesgets.com\/nl\/ontdek-de-skigebied\/skien-wintersporten\/speelplaatsen-speelgebieden\/het-grand-cry-territorium\/\">Grand Cry Territorium,<\/a> een ruimte voor ski\u00ebrs en snowboarders voor diverse attracties met als thema Indianen.<\/p>\n<\/div>\n\n<div class=\"block block-core-paragraph\">\n<p>En als het op eten aankomt: er zijn veel hooggelegen restaurants in het gebied. Voor alle smaken en voor elke portemonnee<\/p>\n<\/div>\n\n<div class=\"block block-core-spacer\">\n<div style=\"height:30px\" aria-hidden=\"true\" class=\"wp-block-spacer\"><\/div>\n<\/div>\n\n<div class=\"block block-genesis-custom-blocks-activite\">\t\t<!-- Modal -->\r\n\t\t<div class=\"modal fade\" id=\"videoActivite-39AVBJ9aTb4\" role=\"dialog\">\r\n\t\t  <div class=\"modal-dialog\" role=\"document\">\r\n\t\t    <div class=\"modal-content\">\r\n\t\t      <div class=\"modal-header\">\r\n\t\t        <button type=\"button\" class=\"close\" data-dismiss=\"modal\" aria-label=\"Close\"><\/button>\r\n\t\t      <\/div>\r\n\t\t      <div class=\"modal-body\">\r\n\t\t        <iframe width=\"560\" height=\"315\" data-requires-vendor-consent=\"Youtube\" data-src=\"https:\/\/www.youtube.com\/embed\/39AVBJ9aTb4?rel=0;\" frameborder=\"0\" allowfullscreen><\/iframe>\r\n\t\t      <\/div>\r\n\t\t    <\/div>\r\n\t\t  <\/div>\r\n\t\t<\/div>\r\n\t\t<script>\r\n\t\t\t$(\"#videoActivite-39AVBJ9aTb4\").on('hidden.bs.modal', function (e) {\r\n\t\t        $(\"#videoActivite-39AVBJ9aTb4 iframe\").attr(\"src\", $(\"#videoActivite-39AVBJ9aTb4 iframe\").attr(\"src\"));\r\n\t\t    });\r\n\t\t<\/script>\r\n\t\t<div class=\"container-fluid\">\r\n\t\t\t<div class=\"fond-image video\" style=\"background-image:url('https:\/\/www.lesgets.com\/wp\/..\/app\/uploads\/2020\/05\/LesGets_2019_ski_amis_Keno_Derleyn_06-1920x1080.jpg');\">\r\n\t\t\t<iframe width=\"560\" height=\"315\" data-requires-vendor-consent=\"Youtube\" data-src=\"https:\/\/www.youtube.com\/embed\/39AVBJ9aTb4?rel=0;&#038;autoplay=1&#038;start=3&#038;mute=1&#038;controls=0&#038;loop=1&#038;playlist=39AVBJ9aTb4\" frameborder=\"0\" allowfullscreen><\/iframe>\r\n\t\t\t\t<div class=\"container\">\r\n\t\t\t\t\t<div class=\"row\">\r\n\t\t\t\t\t\t<div class=\"col-sm-12\">\r\n\t\t\t\t\t\t\t<span class=\"subtitle\">Les Gets skigebied<\/span>\r\n\t\t\t\t\t\t\t<h2>A day #MadeInLesGets, Ski, Friends &amp; Sun<\/h2>\r\n\t\t\t\t\t\t\t<button type=\"button\" class=\"video-btn btn btn-primary hvr-outline-out\" data-toggle=\"modal\" data-target=\"#videoActivite-39AVBJ9aTb4\">See the video<\/button>\r\n\t\t\t\t\t\t<\/div>\r\n\t\t\t\t\t<\/div>\r\n\t\t\t\t<\/div>\r\n\t\t\t<\/div>\r\n\t\t<\/div>\r\n\t\t<\/div>\n\n<div class=\"block block-core-spacer\">\n<div style=\"height:50px\" aria-hidden=\"true\" class=\"wp-block-spacer\"><\/div>\n<\/div>\n\n<div class=\"block block-core-heading\">\n<h2 class=\"wp-block-heading\">Een skigebied midden in <strong>de Portes du Soleil<\/strong><\/h2>\n<\/div>\n\n<div class=\"block block-core-paragraph\">\n<p>Vanaf les Gets heeft u direct toegang tot een van de grootste skigebieden ter wereld: <a href=\"https:\/\/www.lesgets.com\/nl\/ontdek-het-skigebied\/bergstation\/welkom-bij-de-portes-du-soleil\/\"><strong>De Portes du Soleil<\/strong><\/a>. <\/p>\n<\/div>\n\n<div class=\"block block-core-list\">\n<ul class=\"wp-block-list\"><li> 2&nbsp;landen<\/li><li>12&nbsp;skistations<\/li><li>600km piste<\/li><li>90&nbsp;restaurants in de bergen <\/li><li>199&nbsp;skiliften<\/li><li>30&nbsp;ruimtes om te snowboarden<\/li><\/ul>\n<\/div>\n\n<div class=\"block block-core-spacer\">\n<div style=\"height:20px\" aria-hidden=\"true\" class=\"wp-block-spacer\"><\/div>\n<\/div>\n\n\n<figure class=\"wp-block-gallery columns-3 is-cropped wp-block-gallery-1 is-layout-flex wp-block-gallery-is-layout-flex\"><ul class=\"blocks-gallery-grid\"><li class=\"blocks-gallery-item\"><figure><img loading=\"lazy\" decoding=\"async\" width=\"1500\" height=\"1000\" src=\"https:\/\/www.lesgets.com\/app\/uploads\/2020\/04\/DSC02411.jpg\" alt=\"Les Gets Domaine Skiable \" data-id=\"1758\" data-full-url=\"https:\/\/www.lesgets.com\/app\/uploads\/2020\/04\/DSC02411.jpg\" data-link=\"https:\/\/www.lesgets.com\/decouvrir-la-station\/ski-sports-dhiver\/le-domaine-skiable-les-gets-morzine\/dsc02411\/\" class=\"wp-image-1759\" srcset=\"https:\/\/www.lesgets.com\/wp\/..\/app\/uploads\/2020\/04\/DSC02411.jpg 1500w, https:\/\/www.lesgets.com\/wp\/..\/app\/uploads\/2020\/04\/DSC02411-768x512.jpg 768w, https:\/\/www.lesgets.com\/wp\/..\/app\/uploads\/2020\/04\/DSC02411-600x400.jpg 600w, https:\/\/www.lesgets.com\/wp\/..\/app\/uploads\/2020\/04\/DSC02411-960x640.jpg 960w\" sizes=\"auto, (max-width: 1500px) 100vw, 1500px\" \/><\/figure><\/li><li class=\"blocks-gallery-item\"><figure><img decoding=\"async\" src=\"https:\/\/www.lesgets.com\/app\/uploads\/2020\/04\/DSC07923-1.jpg\" alt=\"Domaine Enneig\u00e9 es Gets Avec T\u00e9l\u00e9cabine\" data-id=\"1734\" data-full-url=\"https:\/\/www.lesgets.com\/app\/uploads\/2020\/04\/DSC07923-1.jpg\" data-link=\"https:\/\/www.lesgets.com\/decouvrir-la-station\/ski-sports-dhiver\/le-domaine-skiable-les-gets-morzine\/dsc07923-2\/\" class=\"wp-image-1734\"\/><\/figure><\/li><li class=\"blocks-gallery-item\"><figure><img loading=\"lazy\" decoding=\"async\" width=\"1667\" height=\"2500\" src=\"https:\/\/www.lesgets.com\/app\/uploads\/2020\/04\/domine_skiable_les_gets_piste.jpg\" alt=\"domaine skiable les Gets\" data-id=\"3334\" data-full-url=\"https:\/\/www.lesgets.com\/app\/uploads\/2020\/04\/domine_skiable_les_gets_piste.jpg\" data-link=\"https:\/\/www.lesgets.com\/decouvrir-la-station\/ski-sports-dhiver\/le-domaine-skiable-les-gets-morzine\/domine_skiable_les_gets_piste\/\" class=\"wp-image-3335\" srcset=\"https:\/\/www.lesgets.com\/wp\/..\/app\/uploads\/2020\/04\/domine_skiable_les_gets_piste.jpg 1667w, https:\/\/www.lesgets.com\/wp\/..\/app\/uploads\/2020\/04\/domine_skiable_les_gets_piste-768x1152.jpg 768w, https:\/\/www.lesgets.com\/wp\/..\/app\/uploads\/2020\/04\/domine_skiable_les_gets_piste-1024x1536.jpg 1024w, https:\/\/www.lesgets.com\/wp\/..\/app\/uploads\/2020\/04\/domine_skiable_les_gets_piste-1366x2048.jpg 1366w, https:\/\/www.lesgets.com\/wp\/..\/app\/uploads\/2020\/04\/domine_skiable_les_gets_piste-960x1440.jpg 960w\" sizes=\"auto, (max-width: 1667px) 100vw, 1667px\" \/><\/figure><\/li><\/ul><\/figure>\n\n\n<div class=\"block block-core-spacer\">\n<div style=\"height:50px\" aria-hidden=\"true\" class=\"wp-block-spacer\"><\/div>\n<\/div>\n\n<div class=\"block block-core-heading\">\n<h2 class=\"wp-block-heading\">Interactieve kaart van de Portes du Soleil<\/h2>\n<\/div>\n\n<div class=\"block block-lba-lumiplan-plan\"><div class=\"container\">\r\n  <div class=\"row\">\r\n    <div class=\"col-12\">\r\n      <iframe loading=\"lazy\" name=\"iframe\" border=\"0\" allowfullscreen=\"\" src=\"https:\/\/winter.intermaps.com\/portes_du_soleil?pos=4000_0_16.8\" width=\"100%\" height=\"800px\" align=\"middle\" frameborder=\"0\" scrolling=\"no\" style=\"\"><\/iframe>\r\n      <p>\r\n        <a href=\"https:\/\/winter.intermaps.com\/portes_du_soleil\" target=\"_blank\" rel=\"noopener noreferrer\">Open de interactieve kaart in een nieuwe pagina<\/a>\r\n      <\/p>\r\n    <\/div>\r\n  <\/div>\r\n<\/div><\/div>\n\n<div class=\"block block-lba-forfait-forfait-widget\">  <h2>Buy or reload your lift pass<\/h2>\r\n<div id=\"eplwidget-\" class=\"eplwidget\" data-url=\"https:\/\/pass.lesgets.com\/\" data-conf=\"lang=en&#038;conf%5Bcss%5D=https:\/\/www.lesgets.com\/nl\/app\/themes\/les-gets\/css\/widget_xsalto.css&#038;requestOffer=&#038;version=full&#038;id=eplwidget-&#038;season=\"><\/div>\r\n<script src=\"https:\/\/pass.lesgets.com\/epasslibre\/js\/eplwidget.js\" type=\"text\/javascript\" id=\"eplwidgetjs\" charset=\"UTF-8\"><\/script>\r\n<\/div>","protected":false},"excerpt":{"rendered":"<p>Les Gets ligt in het hart van Les Portes du Soleil, een van &#8216;s werelds grootste skigebieden, dat 12 Franse en Zwitserse skioorden en 600 kilometer aan pistes met elkaar verbindt.<\/p>\n","protected":false},"author":5,"featured_media":1486,"parent":16579,"menu_order":3,"comment_status":"closed","ping_status":"closed","template":"","meta":{"_acf_changed":false,"footnotes":""},"class_list":["post-1959","page","type-page","status-publish","has-post-thumbnail","hentry"],"acf":[],"yoast_head":"<!-- This site is optimized with the Yoast SEO plugin v27.2 - https:\/\/yoast.com\/product\/yoast-seo-wordpress\/ -->\n<title>Ontdek Les Gets-Morzine en Portes du Soleil skigebieden<\/title>\n<meta name=\"description\" content=\"Les Gets ligt in het hart van Les Portes du Soleil, een van &#039;s werelds grootste skigebieden, dat 12 Franse en Zwitserse skioorden en 600 kilometer aan pistes met elkaar verbindt.\" \/>\n<meta name=\"robots\" content=\"index, follow, max-snippet:-1, max-image-preview:large, max-video-preview:-1\" \/>\n<link rel=\"canonical\" href=\"https:\/\/www.lesgets.com\/nl\/ontdek-het-skigebied\/skien-wintersporten\/skigebied\/\" \/>\n<meta property=\"og:locale\" content=\"nl_NL\" \/>\n<meta property=\"og:type\" content=\"article\" \/>\n<meta property=\"og:title\" content=\"Ontdek Les Gets-Morzine en Portes du Soleil skigebieden\" \/>\n<meta property=\"og:description\" content=\"Les Gets ligt in het hart van Les Portes du Soleil, een van &#039;s werelds grootste skigebieden, dat 12 Franse en Zwitserse skioorden en 600 kilometer aan pistes met elkaar verbindt.\" \/>\n<meta property=\"og:url\" content=\"https:\/\/www.lesgets.com\/nl\/ontdek-het-skigebied\/skien-wintersporten\/skigebied\/\" \/>\n<meta property=\"og:site_name\" content=\"Les Gets\" \/>\n<meta property=\"article:modified_time\" content=\"2022-10-17T13:57:02+00:00\" \/>\n<meta property=\"og:image\" content=\"https:\/\/www.lesgets.com\/..\/app\/uploads\/2020\/04\/2020_01_20_ski_resto_altitude_LD_\u00a9MelCarle_IMG_2440.jpg\" \/>\n\t<meta property=\"og:image:width\" content=\"1300\" \/>\n\t<meta property=\"og:image:height\" content=\"866\" \/>\n\t<meta property=\"og:image:type\" content=\"image\/jpeg\" \/>\n<meta name=\"twitter:card\" content=\"summary_large_image\" \/>\n<meta name=\"twitter:label1\" content=\"Est. reading time\" \/>\n\t<meta name=\"twitter:data1\" content=\"2 minutes\" \/>\n<script type=\"application\/ld+json\" class=\"yoast-schema-graph\">{\"@context\":\"https:\/\/schema.org\",\"@graph\":[{\"@type\":\"WebPage\",\"@id\":\"https:\/\/www.lesgets.com\/nl\/ontdek-het-skigebied\/skien-wintersporten\/skigebied\/\",\"url\":\"https:\/\/www.lesgets.com\/nl\/ontdek-het-skigebied\/skien-wintersporten\/skigebied\/\",\"name\":\"Ontdek Les Gets-Morzine en Portes du Soleil skigebieden\",\"isPartOf\":{\"@id\":\"https:\/\/www.lesgets.com\/en\/#website\"},\"primaryImageOfPage\":{\"@id\":\"https:\/\/www.lesgets.com\/nl\/ontdek-het-skigebied\/skien-wintersporten\/skigebied\/#primaryimage\"},\"image\":{\"@id\":\"https:\/\/www.lesgets.com\/nl\/ontdek-het-skigebied\/skien-wintersporten\/skigebied\/#primaryimage\"},\"thumbnailUrl\":\"https:\/\/www.lesgets.com\/wp\/..\/app\/uploads\/2020\/04\/2020_01_20_ski_resto_altitude_LD_\u00a9MelCarle_IMG_2440.jpg\",\"datePublished\":\"2020-04-22T13:45:28+00:00\",\"dateModified\":\"2022-10-17T13:57:02+00:00\",\"description\":\"Les Gets ligt in het hart van Les Portes du Soleil, een van 's werelds grootste skigebieden, dat 12 Franse en Zwitserse skioorden en 600 kilometer aan pistes met elkaar verbindt.\",\"breadcrumb\":{\"@id\":\"https:\/\/www.lesgets.com\/nl\/ontdek-het-skigebied\/skien-wintersporten\/skigebied\/#breadcrumb\"},\"inLanguage\":\"nl-NL\",\"potentialAction\":[{\"@type\":\"ReadAction\",\"target\":[\"https:\/\/www.lesgets.com\/nl\/ontdek-het-skigebied\/skien-wintersporten\/skigebied\/\"]}]},{\"@type\":\"ImageObject\",\"inLanguage\":\"nl-NL\",\"@id\":\"https:\/\/www.lesgets.com\/nl\/ontdek-het-skigebied\/skien-wintersporten\/skigebied\/#primaryimage\",\"url\":\"https:\/\/www.lesgets.com\/wp\/..\/app\/uploads\/2020\/04\/2020_01_20_ski_resto_altitude_LD_\u00a9MelCarle_IMG_2440.jpg\",\"contentUrl\":\"https:\/\/www.lesgets.com\/wp\/..\/app\/uploads\/2020\/04\/2020_01_20_ski_resto_altitude_LD_\u00a9MelCarle_IMG_2440.jpg\",\"width\":1300,\"height\":866,\"caption\":\"Ski Les Gets, Hiver Versant Mont Ch\u00e9ry\"},{\"@type\":\"BreadcrumbList\",\"@id\":\"https:\/\/www.lesgets.com\/nl\/ontdek-het-skigebied\/skien-wintersporten\/skigebied\/#breadcrumb\",\"itemListElement\":[{\"@type\":\"ListItem\",\"position\":1,\"name\":\"Accueil\",\"item\":\"https:\/\/www.lesgets.com\/nl\/\"},{\"@type\":\"ListItem\",\"position\":2,\"name\":\"Ontdek het resort\",\"item\":\"https:\/\/www.lesgets.com\/nl\/ontdek-het-skigebied\/\"},{\"@type\":\"ListItem\",\"position\":3,\"name\":\"Ski\u00ebn &#8211; wintersporten\",\"item\":\"https:\/\/www.lesgets.com\/nl\/ontdek-het-skigebied\/skien-wintersporten\/\"},{\"@type\":\"ListItem\",\"position\":4,\"name\":\"Skigebied\"}]},{\"@type\":\"WebSite\",\"@id\":\"https:\/\/www.lesgets.com\/en\/#website\",\"url\":\"https:\/\/www.lesgets.com\/en\/\",\"name\":\"Les Gets\",\"description\":\"\",\"publisher\":{\"@id\":\"https:\/\/www.lesgets.com\/en\/#organization\"},\"potentialAction\":[{\"@type\":\"SearchAction\",\"target\":{\"@type\":\"EntryPoint\",\"urlTemplate\":\"https:\/\/www.lesgets.com\/en\/?s={search_term_string}\"},\"query-input\":{\"@type\":\"PropertyValueSpecification\",\"valueRequired\":true,\"valueName\":\"search_term_string\"}}],\"inLanguage\":\"nl-NL\"},{\"@type\":\"Organization\",\"@id\":\"https:\/\/www.lesgets.com\/en\/#organization\",\"name\":\"Les Gets\",\"url\":\"https:\/\/www.lesgets.com\/en\/\",\"logo\":{\"@type\":\"ImageObject\",\"inLanguage\":\"nl-NL\",\"@id\":\"https:\/\/www.lesgets.com\/en\/#\/schema\/logo\/image\/\",\"url\":\"https:\/\/www.lesgets.com\/wp\/..\/app\/uploads\/2020\/06\/logo_lesgets.png\",\"contentUrl\":\"https:\/\/www.lesgets.com\/wp\/..\/app\/uploads\/2020\/06\/logo_lesgets.png\",\"width\":136,\"height\":115,\"caption\":\"Les Gets\"},\"image\":{\"@id\":\"https:\/\/www.lesgets.com\/en\/#\/schema\/logo\/image\/\"}}]}<\/script>\n<!-- \/ Yoast SEO plugin. -->","yoast_head_json":{"title":"Ontdek Les Gets-Morzine en Portes du Soleil skigebieden","description":"Les Gets ligt in het hart van Les Portes du Soleil, een van 's werelds grootste skigebieden, dat 12 Franse en Zwitserse skioorden en 600 kilometer aan pistes met elkaar verbindt.","robots":{"index":"index","follow":"follow","max-snippet":"max-snippet:-1","max-image-preview":"max-image-preview:large","max-video-preview":"max-video-preview:-1"},"canonical":"https:\/\/www.lesgets.com\/nl\/ontdek-het-skigebied\/skien-wintersporten\/skigebied\/","og_locale":"nl_NL","og_type":"article","og_title":"Ontdek Les Gets-Morzine en Portes du Soleil skigebieden","og_description":"Les Gets ligt in het hart van Les Portes du Soleil, een van 's werelds grootste skigebieden, dat 12 Franse en Zwitserse skioorden en 600 kilometer aan pistes met elkaar verbindt.","og_url":"https:\/\/www.lesgets.com\/nl\/ontdek-het-skigebied\/skien-wintersporten\/skigebied\/","og_site_name":"Les Gets","article_modified_time":"2022-10-17T13:57:02+00:00","og_image":[{"width":1300,"height":866,"url":"https:\/\/www.lesgets.com\/..\/app\/uploads\/2020\/04\/2020_01_20_ski_resto_altitude_LD_\u00a9MelCarle_IMG_2440.jpg","type":"image\/jpeg"}],"twitter_card":"summary_large_image","twitter_misc":{"Est. reading time":"2 minutes"},"schema":{"@context":"https:\/\/schema.org","@graph":[{"@type":"WebPage","@id":"https:\/\/www.lesgets.com\/nl\/ontdek-het-skigebied\/skien-wintersporten\/skigebied\/","url":"https:\/\/www.lesgets.com\/nl\/ontdek-het-skigebied\/skien-wintersporten\/skigebied\/","name":"Ontdek Les Gets-Morzine en Portes du Soleil skigebieden","isPartOf":{"@id":"https:\/\/www.lesgets.com\/en\/#website"},"primaryImageOfPage":{"@id":"https:\/\/www.lesgets.com\/nl\/ontdek-het-skigebied\/skien-wintersporten\/skigebied\/#primaryimage"},"image":{"@id":"https:\/\/www.lesgets.com\/nl\/ontdek-het-skigebied\/skien-wintersporten\/skigebied\/#primaryimage"},"thumbnailUrl":"https:\/\/www.lesgets.com\/wp\/..\/app\/uploads\/2020\/04\/2020_01_20_ski_resto_altitude_LD_\u00a9MelCarle_IMG_2440.jpg","datePublished":"2020-04-22T13:45:28+00:00","dateModified":"2022-10-17T13:57:02+00:00","description":"Les Gets ligt in het hart van Les Portes du Soleil, een van 's werelds grootste skigebieden, dat 12 Franse en Zwitserse skioorden en 600 kilometer aan pistes met elkaar verbindt.","breadcrumb":{"@id":"https:\/\/www.lesgets.com\/nl\/ontdek-het-skigebied\/skien-wintersporten\/skigebied\/#breadcrumb"},"inLanguage":"nl-NL","potentialAction":[{"@type":"ReadAction","target":["https:\/\/www.lesgets.com\/nl\/ontdek-het-skigebied\/skien-wintersporten\/skigebied\/"]}]},{"@type":"ImageObject","inLanguage":"nl-NL","@id":"https:\/\/www.lesgets.com\/nl\/ontdek-het-skigebied\/skien-wintersporten\/skigebied\/#primaryimage","url":"https:\/\/www.lesgets.com\/wp\/..\/app\/uploads\/2020\/04\/2020_01_20_ski_resto_altitude_LD_\u00a9MelCarle_IMG_2440.jpg","contentUrl":"https:\/\/www.lesgets.com\/wp\/..\/app\/uploads\/2020\/04\/2020_01_20_ski_resto_altitude_LD_\u00a9MelCarle_IMG_2440.jpg","width":1300,"height":866,"caption":"Ski Les Gets, Hiver Versant Mont Ch\u00e9ry"},{"@type":"BreadcrumbList","@id":"https:\/\/www.lesgets.com\/nl\/ontdek-het-skigebied\/skien-wintersporten\/skigebied\/#breadcrumb","itemListElement":[{"@type":"ListItem","position":1,"name":"Accueil","item":"https:\/\/www.lesgets.com\/nl\/"},{"@type":"ListItem","position":2,"name":"Ontdek het resort","item":"https:\/\/www.lesgets.com\/nl\/ontdek-het-skigebied\/"},{"@type":"ListItem","position":3,"name":"Ski\u00ebn &#8211; wintersporten","item":"https:\/\/www.lesgets.com\/nl\/ontdek-het-skigebied\/skien-wintersporten\/"},{"@type":"ListItem","position":4,"name":"Skigebied"}]},{"@type":"WebSite","@id":"https:\/\/www.lesgets.com\/en\/#website","url":"https:\/\/www.lesgets.com\/en\/","name":"Les Gets","description":"","publisher":{"@id":"https:\/\/www.lesgets.com\/en\/#organization"},"potentialAction":[{"@type":"SearchAction","target":{"@type":"EntryPoint","urlTemplate":"https:\/\/www.lesgets.com\/en\/?s={search_term_string}"},"query-input":{"@type":"PropertyValueSpecification","valueRequired":true,"valueName":"search_term_string"}}],"inLanguage":"nl-NL"},{"@type":"Organization","@id":"https:\/\/www.lesgets.com\/en\/#organization","name":"Les Gets","url":"https:\/\/www.lesgets.com\/en\/","logo":{"@type":"ImageObject","inLanguage":"nl-NL","@id":"https:\/\/www.lesgets.com\/en\/#\/schema\/logo\/image\/","url":"https:\/\/www.lesgets.com\/wp\/..\/app\/uploads\/2020\/06\/logo_lesgets.png","contentUrl":"https:\/\/www.lesgets.com\/wp\/..\/app\/uploads\/2020\/06\/logo_lesgets.png","width":136,"height":115,"caption":"Les Gets"},"image":{"@id":"https:\/\/www.lesgets.com\/en\/#\/schema\/logo\/image\/"}}]}},"featured_image_src":"https:\/\/www.lesgets.com\/wp\/..\/app\/uploads\/2020\/04\/2020_01_20_ski_resto_altitude_LD_\u00a9MelCarle_IMG_2440-600x400.jpg","featured_image_src_square":"https:\/\/www.lesgets.com\/wp\/..\/app\/uploads\/2020\/04\/2020_01_20_ski_resto_altitude_LD_\u00a9MelCarle_IMG_2440-600x600.jpg","_links":{"self":[{"href":"https:\/\/www.lesgets.com\/nl\/wp-json\/wp\/v2\/pages\/1959","targetHints":{"allow":["GET"]}}],"collection":[{"href":"https:\/\/www.lesgets.com\/nl\/wp-json\/wp\/v2\/pages"}],"about":[{"href":"https:\/\/www.lesgets.com\/nl\/wp-json\/wp\/v2\/types\/page"}],"author":[{"embeddable":true,"href":"https:\/\/www.lesgets.com\/nl\/wp-json\/wp\/v2\/users\/5"}],"replies":[{"embeddable":true,"href":"https:\/\/www.lesgets.com\/nl\/wp-json\/wp\/v2\/comments?post=1959"}],"version-history":[{"count":5,"href":"https:\/\/www.lesgets.com\/nl\/wp-json\/wp\/v2\/pages\/1959\/revisions"}],"predecessor-version":[{"id":38587,"href":"https:\/\/www.lesgets.com\/nl\/wp-json\/wp\/v2\/pages\/1959\/revisions\/38587"}],"up":[{"embeddable":true,"href":"https:\/\/www.lesgets.com\/nl\/wp-json\/wp\/v2\/pages\/16579"}],"wp:featuredmedia":[{"embeddable":true,"href":"https:\/\/www.lesgets.com\/nl\/wp-json\/wp\/v2\/media\/1486"}],"wp:attachment":[{"href":"https:\/\/www.lesgets.com\/nl\/wp-json\/wp\/v2\/media?parent=1959"}],"curies":[{"name":"wp","href":"https:\/\/api.w.org\/{rel}","templated":true}]}}