{"id":23536,"date":"2020-12-09T10:22:32","date_gmt":"2020-12-09T09:22:32","guid":{"rendered":"https:\/\/www.lesgets.com\/wat-is-er-te-doen\/winter-activiteiten\/sportactiviteiten\/elektrische-sneeuwscooters\/"},"modified":"2020-12-09T10:24:33","modified_gmt":"2020-12-09T09:24:33","slug":"elektrische-sneeuwscooters","status":"publish","type":"page","link":"https:\/\/www.lesgets.com\/nl\/wat-is-er-te-doen\/winter-activiteiten\/sportactiviteiten\/elektrische-sneeuwscooters\/","title":{"rendered":"Elektrische sneeuwscooters"},"content":{"rendered":"<div class=\"block block-lba-apidae-selection\"><!--BEGIN FILTER -->\r\n<!--BEGIN FILTER -->\r\n\r\n<!--BEGIN ITEMS APIDAE -->\r\n  <p class=\"alert alert-info\">Aucun \u00e9l\u00e9ment trouv\u00e9..!<\/p>\r\n<!--END ITEMS APIDAE -->\r\n\r\n<!--BEGIN PAGINATOR -->\r\n<!--BEGIN PAGINATOR --><\/div>","protected":false},"excerpt":{"rendered":"<p>Ontdek nieuwe glijsensaties met elektrische sneeuwscooters en andere gemotoriseerde sneeuwactiviteiten in Les Gets. <\/p>\n","protected":false},"author":4,"featured_media":24277,"parent":16701,"menu_order":0,"comment_status":"closed","ping_status":"closed","template":"","meta":{"_acf_changed":false,"footnotes":""},"class_list":["post-23536","page","type-page","status-publish","has-post-thumbnail","hentry"],"acf":[],"yoast_head":"<!-- This site is optimized with the Yoast SEO plugin v27.3 - https:\/\/yoast.com\/product\/yoast-seo-wordpress\/ -->\n<title>Elektrische sneeuwscooters - Alle winteractiviteiten - Les Gets<\/title>\n<meta name=\"description\" content=\"Ontdek nieuwe glijsensaties met elektrische sneeuwscooters en andere gemotoriseerde sneeuwactiviteiten in Les Gets.\" \/>\n<meta name=\"robots\" content=\"index, follow, max-snippet:-1, max-image-preview:large, max-video-preview:-1\" \/>\n<link rel=\"canonical\" href=\"https:\/\/www.lesgets.com\/nl\/wat-is-er-te-doen\/winter-activiteiten\/sportactiviteiten\/elektrische-sneeuwscooters\/\" \/>\n<meta property=\"og:locale\" content=\"nl_NL\" \/>\n<meta property=\"og:type\" content=\"article\" \/>\n<meta property=\"og:title\" content=\"Elektrische sneeuwscooters - Alle winteractiviteiten - Les Gets\" \/>\n<meta property=\"og:description\" content=\"Ontdek nieuwe glijsensaties met elektrische sneeuwscooters en andere gemotoriseerde sneeuwactiviteiten in Les Gets.\" \/>\n<meta property=\"og:url\" content=\"https:\/\/www.lesgets.com\/nl\/wat-is-er-te-doen\/winter-activiteiten\/sportactiviteiten\/elektrische-sneeuwscooters\/\" \/>\n<meta property=\"og:site_name\" content=\"Les Gets\" \/>\n<meta property=\"article:modified_time\" content=\"2020-12-09T09:24:33+00:00\" \/>\n<meta property=\"og:image\" content=\"https:\/\/www.lesgets.com\/..\/app\/uploads\/2021\/01\/2018_03_05_Motoneige_electrique_enfants_Lesgets_Keno_Photographie_1130.jpg\" \/>\n\t<meta property=\"og:image:width\" content=\"2250\" \/>\n\t<meta property=\"og:image:height\" content=\"1500\" \/>\n\t<meta property=\"og:image:type\" content=\"image\/jpeg\" \/>\n<meta name=\"twitter:card\" content=\"summary_large_image\" \/>\n<script type=\"application\/ld+json\" class=\"yoast-schema-graph\">{\"@context\":\"https:\\\/\\\/schema.org\",\"@graph\":[{\"@type\":\"WebPage\",\"@id\":\"https:\\\/\\\/www.lesgets.com\\\/nl\\\/wat-is-er-te-doen\\\/winter-activiteiten\\\/sportactiviteiten\\\/elektrische-sneeuwscooters\\\/\",\"url\":\"https:\\\/\\\/www.lesgets.com\\\/nl\\\/wat-is-er-te-doen\\\/winter-activiteiten\\\/sportactiviteiten\\\/elektrische-sneeuwscooters\\\/\",\"name\":\"Elektrische sneeuwscooters - Alle winteractiviteiten - Les Gets\",\"isPartOf\":{\"@id\":\"https:\\\/\\\/www.lesgets.com\\\/en\\\/#website\"},\"primaryImageOfPage\":{\"@id\":\"https:\\\/\\\/www.lesgets.com\\\/nl\\\/wat-is-er-te-doen\\\/winter-activiteiten\\\/sportactiviteiten\\\/elektrische-sneeuwscooters\\\/#primaryimage\"},\"image\":{\"@id\":\"https:\\\/\\\/www.lesgets.com\\\/nl\\\/wat-is-er-te-doen\\\/winter-activiteiten\\\/sportactiviteiten\\\/elektrische-sneeuwscooters\\\/#primaryimage\"},\"thumbnailUrl\":\"https:\\\/\\\/www.lesgets.com\\\/wp\\\/..\\\/app\\\/uploads\\\/2021\\\/01\\\/2018_03_05_Motoneige_electrique_enfants_Lesgets_Keno_Photographie_1130.jpg\",\"datePublished\":\"2020-12-09T09:22:32+00:00\",\"dateModified\":\"2020-12-09T09:24:33+00:00\",\"description\":\"Ontdek nieuwe glijsensaties met elektrische sneeuwscooters en andere gemotoriseerde sneeuwactiviteiten in Les Gets.\",\"breadcrumb\":{\"@id\":\"https:\\\/\\\/www.lesgets.com\\\/nl\\\/wat-is-er-te-doen\\\/winter-activiteiten\\\/sportactiviteiten\\\/elektrische-sneeuwscooters\\\/#breadcrumb\"},\"inLanguage\":\"nl-NL\",\"potentialAction\":[{\"@type\":\"ReadAction\",\"target\":[\"https:\\\/\\\/www.lesgets.com\\\/nl\\\/wat-is-er-te-doen\\\/winter-activiteiten\\\/sportactiviteiten\\\/elektrische-sneeuwscooters\\\/\"]}]},{\"@type\":\"ImageObject\",\"inLanguage\":\"nl-NL\",\"@id\":\"https:\\\/\\\/www.lesgets.com\\\/nl\\\/wat-is-er-te-doen\\\/winter-activiteiten\\\/sportactiviteiten\\\/elektrische-sneeuwscooters\\\/#primaryimage\",\"url\":\"https:\\\/\\\/www.lesgets.com\\\/wp\\\/..\\\/app\\\/uploads\\\/2021\\\/01\\\/2018_03_05_Motoneige_electrique_enfants_Lesgets_Keno_Photographie_1130.jpg\",\"contentUrl\":\"https:\\\/\\\/www.lesgets.com\\\/wp\\\/..\\\/app\\\/uploads\\\/2021\\\/01\\\/2018_03_05_Motoneige_electrique_enfants_Lesgets_Keno_Photographie_1130.jpg\",\"width\":2250,\"height\":1500,\"caption\":\"Motoneige electrique\"},{\"@type\":\"BreadcrumbList\",\"@id\":\"https:\\\/\\\/www.lesgets.com\\\/nl\\\/wat-is-er-te-doen\\\/winter-activiteiten\\\/sportactiviteiten\\\/elektrische-sneeuwscooters\\\/#breadcrumb\",\"itemListElement\":[{\"@type\":\"ListItem\",\"position\":1,\"name\":\"Accueil\",\"item\":\"https:\\\/\\\/www.lesgets.com\\\/nl\\\/\"},{\"@type\":\"ListItem\",\"position\":2,\"name\":\"Wat is er te doen?\",\"item\":\"https:\\\/\\\/www.lesgets.com\\\/nl\\\/wat-is-er-te-doen\\\/\"},{\"@type\":\"ListItem\",\"position\":3,\"name\":\"Winter activiteiten\",\"item\":\"https:\\\/\\\/www.lesgets.com\\\/nl\\\/wat-is-er-te-doen\\\/winter-activiteiten\\\/\"},{\"@type\":\"ListItem\",\"position\":4,\"name\":\"Sportactiviteiten\",\"item\":\"https:\\\/\\\/www.lesgets.com\\\/nl\\\/wat-is-er-te-doen\\\/winter-activiteiten\\\/sportactiviteiten\\\/\"},{\"@type\":\"ListItem\",\"position\":5,\"name\":\"Elektrische sneeuwscooters\"}]},{\"@type\":\"WebSite\",\"@id\":\"https:\\\/\\\/www.lesgets.com\\\/en\\\/#website\",\"url\":\"https:\\\/\\\/www.lesgets.com\\\/en\\\/\",\"name\":\"Les Gets\",\"description\":\"\",\"publisher\":{\"@id\":\"https:\\\/\\\/www.lesgets.com\\\/en\\\/#organization\"},\"potentialAction\":[{\"@type\":\"SearchAction\",\"target\":{\"@type\":\"EntryPoint\",\"urlTemplate\":\"https:\\\/\\\/www.lesgets.com\\\/en\\\/?s={search_term_string}\"},\"query-input\":{\"@type\":\"PropertyValueSpecification\",\"valueRequired\":true,\"valueName\":\"search_term_string\"}}],\"inLanguage\":\"nl-NL\"},{\"@type\":\"Organization\",\"@id\":\"https:\\\/\\\/www.lesgets.com\\\/en\\\/#organization\",\"name\":\"Les Gets\",\"url\":\"https:\\\/\\\/www.lesgets.com\\\/en\\\/\",\"logo\":{\"@type\":\"ImageObject\",\"inLanguage\":\"nl-NL\",\"@id\":\"https:\\\/\\\/www.lesgets.com\\\/en\\\/#\\\/schema\\\/logo\\\/image\\\/\",\"url\":\"https:\\\/\\\/www.lesgets.com\\\/wp\\\/..\\\/app\\\/uploads\\\/2020\\\/06\\\/logo_lesgets.png\",\"contentUrl\":\"https:\\\/\\\/www.lesgets.com\\\/wp\\\/..\\\/app\\\/uploads\\\/2020\\\/06\\\/logo_lesgets.png\",\"width\":136,\"height\":115,\"caption\":\"Les Gets\"},\"image\":{\"@id\":\"https:\\\/\\\/www.lesgets.com\\\/en\\\/#\\\/schema\\\/logo\\\/image\\\/\"}}]}<\/script>\n<!-- \/ Yoast SEO plugin. -->","yoast_head_json":{"title":"Elektrische sneeuwscooters - Alle winteractiviteiten - Les Gets","description":"Ontdek nieuwe glijsensaties met elektrische sneeuwscooters en andere gemotoriseerde sneeuwactiviteiten in Les Gets.","robots":{"index":"index","follow":"follow","max-snippet":"max-snippet:-1","max-image-preview":"max-image-preview:large","max-video-preview":"max-video-preview:-1"},"canonical":"https:\/\/www.lesgets.com\/nl\/wat-is-er-te-doen\/winter-activiteiten\/sportactiviteiten\/elektrische-sneeuwscooters\/","og_locale":"nl_NL","og_type":"article","og_title":"Elektrische sneeuwscooters - Alle winteractiviteiten - Les Gets","og_description":"Ontdek nieuwe glijsensaties met elektrische sneeuwscooters en andere gemotoriseerde sneeuwactiviteiten in Les Gets.","og_url":"https:\/\/www.lesgets.com\/nl\/wat-is-er-te-doen\/winter-activiteiten\/sportactiviteiten\/elektrische-sneeuwscooters\/","og_site_name":"Les Gets","article_modified_time":"2020-12-09T09:24:33+00:00","og_image":[{"width":2250,"height":1500,"url":"https:\/\/www.lesgets.com\/..\/app\/uploads\/2021\/01\/2018_03_05_Motoneige_electrique_enfants_Lesgets_Keno_Photographie_1130.jpg","type":"image\/jpeg"}],"twitter_card":"summary_large_image","schema":{"@context":"https:\/\/schema.org","@graph":[{"@type":"WebPage","@id":"https:\/\/www.lesgets.com\/nl\/wat-is-er-te-doen\/winter-activiteiten\/sportactiviteiten\/elektrische-sneeuwscooters\/","url":"https:\/\/www.lesgets.com\/nl\/wat-is-er-te-doen\/winter-activiteiten\/sportactiviteiten\/elektrische-sneeuwscooters\/","name":"Elektrische sneeuwscooters - Alle winteractiviteiten - Les Gets","isPartOf":{"@id":"https:\/\/www.lesgets.com\/en\/#website"},"primaryImageOfPage":{"@id":"https:\/\/www.lesgets.com\/nl\/wat-is-er-te-doen\/winter-activiteiten\/sportactiviteiten\/elektrische-sneeuwscooters\/#primaryimage"},"image":{"@id":"https:\/\/www.lesgets.com\/nl\/wat-is-er-te-doen\/winter-activiteiten\/sportactiviteiten\/elektrische-sneeuwscooters\/#primaryimage"},"thumbnailUrl":"https:\/\/www.lesgets.com\/wp\/..\/app\/uploads\/2021\/01\/2018_03_05_Motoneige_electrique_enfants_Lesgets_Keno_Photographie_1130.jpg","datePublished":"2020-12-09T09:22:32+00:00","dateModified":"2020-12-09T09:24:33+00:00","description":"Ontdek nieuwe glijsensaties met elektrische sneeuwscooters en andere gemotoriseerde sneeuwactiviteiten in Les Gets.","breadcrumb":{"@id":"https:\/\/www.lesgets.com\/nl\/wat-is-er-te-doen\/winter-activiteiten\/sportactiviteiten\/elektrische-sneeuwscooters\/#breadcrumb"},"inLanguage":"nl-NL","potentialAction":[{"@type":"ReadAction","target":["https:\/\/www.lesgets.com\/nl\/wat-is-er-te-doen\/winter-activiteiten\/sportactiviteiten\/elektrische-sneeuwscooters\/"]}]},{"@type":"ImageObject","inLanguage":"nl-NL","@id":"https:\/\/www.lesgets.com\/nl\/wat-is-er-te-doen\/winter-activiteiten\/sportactiviteiten\/elektrische-sneeuwscooters\/#primaryimage","url":"https:\/\/www.lesgets.com\/wp\/..\/app\/uploads\/2021\/01\/2018_03_05_Motoneige_electrique_enfants_Lesgets_Keno_Photographie_1130.jpg","contentUrl":"https:\/\/www.lesgets.com\/wp\/..\/app\/uploads\/2021\/01\/2018_03_05_Motoneige_electrique_enfants_Lesgets_Keno_Photographie_1130.jpg","width":2250,"height":1500,"caption":"Motoneige electrique"},{"@type":"BreadcrumbList","@id":"https:\/\/www.lesgets.com\/nl\/wat-is-er-te-doen\/winter-activiteiten\/sportactiviteiten\/elektrische-sneeuwscooters\/#breadcrumb","itemListElement":[{"@type":"ListItem","position":1,"name":"Accueil","item":"https:\/\/www.lesgets.com\/nl\/"},{"@type":"ListItem","position":2,"name":"Wat is er te doen?","item":"https:\/\/www.lesgets.com\/nl\/wat-is-er-te-doen\/"},{"@type":"ListItem","position":3,"name":"Winter activiteiten","item":"https:\/\/www.lesgets.com\/nl\/wat-is-er-te-doen\/winter-activiteiten\/"},{"@type":"ListItem","position":4,"name":"Sportactiviteiten","item":"https:\/\/www.lesgets.com\/nl\/wat-is-er-te-doen\/winter-activiteiten\/sportactiviteiten\/"},{"@type":"ListItem","position":5,"name":"Elektrische sneeuwscooters"}]},{"@type":"WebSite","@id":"https:\/\/www.lesgets.com\/en\/#website","url":"https:\/\/www.lesgets.com\/en\/","name":"Les Gets","description":"","publisher":{"@id":"https:\/\/www.lesgets.com\/en\/#organization"},"potentialAction":[{"@type":"SearchAction","target":{"@type":"EntryPoint","urlTemplate":"https:\/\/www.lesgets.com\/en\/?s={search_term_string}"},"query-input":{"@type":"PropertyValueSpecification","valueRequired":true,"valueName":"search_term_string"}}],"inLanguage":"nl-NL"},{"@type":"Organization","@id":"https:\/\/www.lesgets.com\/en\/#organization","name":"Les Gets","url":"https:\/\/www.lesgets.com\/en\/","logo":{"@type":"ImageObject","inLanguage":"nl-NL","@id":"https:\/\/www.lesgets.com\/en\/#\/schema\/logo\/image\/","url":"https:\/\/www.lesgets.com\/wp\/..\/app\/uploads\/2020\/06\/logo_lesgets.png","contentUrl":"https:\/\/www.lesgets.com\/wp\/..\/app\/uploads\/2020\/06\/logo_lesgets.png","width":136,"height":115,"caption":"Les Gets"},"image":{"@id":"https:\/\/www.lesgets.com\/en\/#\/schema\/logo\/image\/"}}]}},"featured_image_src":"https:\/\/www.lesgets.com\/wp\/..\/app\/uploads\/2021\/01\/2018_03_05_Motoneige_electrique_enfants_Lesgets_Keno_Photographie_1130-600x400.jpg","featured_image_src_square":"https:\/\/www.lesgets.com\/wp\/..\/app\/uploads\/2021\/01\/2018_03_05_Motoneige_electrique_enfants_Lesgets_Keno_Photographie_1130-600x600.jpg","_links":{"self":[{"href":"https:\/\/www.lesgets.com\/nl\/wp-json\/wp\/v2\/pages\/23536","targetHints":{"allow":["GET"]}}],"collection":[{"href":"https:\/\/www.lesgets.com\/nl\/wp-json\/wp\/v2\/pages"}],"about":[{"href":"https:\/\/www.lesgets.com\/nl\/wp-json\/wp\/v2\/types\/page"}],"author":[{"embeddable":true,"href":"https:\/\/www.lesgets.com\/nl\/wp-json\/wp\/v2\/users\/4"}],"replies":[{"embeddable":true,"href":"https:\/\/www.lesgets.com\/nl\/wp-json\/wp\/v2\/comments?post=23536"}],"version-history":[{"count":5,"href":"https:\/\/www.lesgets.com\/nl\/wp-json\/wp\/v2\/pages\/23536\/revisions"}],"predecessor-version":[{"id":23543,"href":"https:\/\/www.lesgets.com\/nl\/wp-json\/wp\/v2\/pages\/23536\/revisions\/23543"}],"up":[{"embeddable":true,"href":"https:\/\/www.lesgets.com\/nl\/wp-json\/wp\/v2\/pages\/16701"}],"wp:featuredmedia":[{"embeddable":true,"href":"https:\/\/www.lesgets.com\/nl\/wp-json\/wp\/v2\/media\/24277"}],"wp:attachment":[{"href":"https:\/\/www.lesgets.com\/nl\/wp-json\/wp\/v2\/media?parent=23536"}],"curies":[{"name":"wp","href":"https:\/\/api.w.org\/{rel}","templated":true}]}}