{"id":27915,"date":"2021-04-15T12:04:55","date_gmt":"2021-04-15T10:04:55","guid":{"rendered":"https:\/\/www.lesgets.com\/ontdek-het-skigebied\/bergstation\/onze-ambassadeurs\/sebastien-varlet-freeride\/"},"modified":"2022-05-18T10:01:53","modified_gmt":"2022-05-18T08:01:53","slug":"sebastien-varlet-freeride","status":"publish","type":"page","link":"https:\/\/www.lesgets.com\/nl\/ontdek-het-skigebied\/bergstation\/onze-ambassadeurs\/sebastien-varlet-freeride\/","title":{"rendered":"S\u00e9bastien Varlet &#8211; Freerider"},"content":{"rendered":"<p>S\u00e9bastien begon op 5-jarige leeftijd met ski\u00ebn in Bellevaux, een nabijgelegen skioord in de &#8220;Alpes du L\u00e9man&#8221;. De trainingen en wedstrijden hebben geleidelijk zijn karakter gevormd en in hem een sterke wil ontwikeld.<\/p>\n<p>Op 17-jarige leeftijd besloot hij les te gaan geven en werd skileraar bij de ESF in Les Gets. Maar zijn echte passie is freeriden.<\/p>\n<p>In Les Portes du Soleil ontdekte hij een veel groter gebied, met diverse gezichten, bergkammen en -gangen om te verkennen!<\/p>\n<blockquote>\n<p>\u00ab <em>De Portes Du Soleil is een prachtig skigebied. Met een beetje wandelen, ski&#8217;s op je rug, kom je al snel op terecht bij de ongerepte pistes. Er zijn veel nieuwe afdalingen, nieuwe terreinen te ontdekken. Je hoeft niet te vechten om de eerste te zijn die je sporen maakt. U kunt de tijd nemen om naar de berg te kijken, om de afdaling voor te stellen, de route en bovenal om de omstandigheden te analyseren om veilig af te dalen.<\/em> \u00bb<\/p>\n<\/blockquote>\n<p>Op 22-jarige leeftijd, met zijn BTS en zijn ski BE op zak, koos hij er in 2013 voor om te gaan reizen. Dus reisde hij de wereld rond en bleef een seizoen in Nieuw-Zeeland om skiles te geven. Dat is wanneer hij het idee kreeg om op zoek te gaan naar de mooiste bergtoppen om vanaf te ski\u00ebn!<\/p>\n<blockquote>\n<p>\u00ab <em>Met de gezondheidscrisis is het moeilijk om plannen op korte termijn te maken. Deze winter heb ik me geconcentreerd op het Chablaisgebergte en heb ik bergen kunnen verkennen die ik nog niet kende en waar ik al sinds mijn jeugd rondloop, zoals Le Biat (met uitzicht op het Meer van Gen\u00e8ve) of de Roc d&#8217;Enfer en andere toppen in de buurt van Avoriaz. Ik heb hier veel plezier aan beleefd, en het helpt me om me voor te bereiden op de komende freeride wedstrijden die ons altijd naar nieuwe plaatsen brengen.&#8221; <br><\/em><\/p>\n<\/blockquote>\n<p>Nu hij deelneemt aan de European Freeride World Qualifier 3* en 4*, is zijn doel om de Freeride World Tour te bereiken, een 5* wereldbeker circuit, waar de beste freeriders van de wereld aan deelnemen.<\/p>\n<p>Naast de wedstrijden vermaakt S\u00e9bastien zich met een persoonlijk project waarin hij zijn twee passies (freeriden en video&#8217;s) combineert in een <strong>web-serie genaamd &#8220;Hunt Your Line&#8221;.<\/strong> <\/p>\n<blockquote>\n<p>\u00ab <em>Elke aflevering vertelt het verhaal van een trektocht met vrienden waarbij we een mooie lijn afgaan. Het doel is plezier te maken en te laten zien dat alles bereikbaar is als je goed voorbereid bent en steun van je omgeving hebt.<\/em>&#8221; <\/p>\n<\/blockquote>\n\n<div class=\"block block-core-spacer\">\n<div style=\"height:10px\" aria-hidden=\"true\" class=\"wp-block-spacer\"><\/div>\n<\/div>\n\n\n<figure class=\"wp-block-gallery has-nested-images columns-2 is-cropped wp-block-gallery-1 is-layout-flex wp-block-gallery-is-layout-flex\">\n<figure class=\"wp-block-image size-large\"><img loading=\"lazy\" decoding=\"async\" width=\"1920\" height=\"1097\" data-id=\"36633\" src=\"https:\/\/www.lesgets.com\/app\/uploads\/2022\/05\/2021_Sebastien_Varlet_LesGets_LD_A7_09469.jpg\" alt=\"\" class=\"wp-image-36633\" srcset=\"https:\/\/www.lesgets.com\/wp\/..\/app\/uploads\/2022\/05\/2021_Sebastien_Varlet_LesGets_LD_A7_09469.jpg 1920w, https:\/\/www.lesgets.com\/wp\/..\/app\/uploads\/2022\/05\/2021_Sebastien_Varlet_LesGets_LD_A7_09469-768x439.jpg 768w, https:\/\/www.lesgets.com\/wp\/..\/app\/uploads\/2022\/05\/2021_Sebastien_Varlet_LesGets_LD_A7_09469-1536x878.jpg 1536w, https:\/\/www.lesgets.com\/wp\/..\/app\/uploads\/2022\/05\/2021_Sebastien_Varlet_LesGets_LD_A7_09469-960x549.jpg 960w\" sizes=\"auto, (max-width: 1920px) 100vw, 1920px\" \/><\/figure>\n\n\n\n<figure class=\"wp-block-image size-large\"><img loading=\"lazy\" decoding=\"async\" width=\"1920\" height=\"1280\" data-id=\"36627\" src=\"https:\/\/www.lesgets.com\/app\/uploads\/2022\/05\/2021_Sebastien_Varlet_LesGets_LD_A7_01114.jpg\" alt=\"\" class=\"wp-image-36627\" srcset=\"https:\/\/www.lesgets.com\/wp\/..\/app\/uploads\/2022\/05\/2021_Sebastien_Varlet_LesGets_LD_A7_01114.jpg 1920w, https:\/\/www.lesgets.com\/wp\/..\/app\/uploads\/2022\/05\/2021_Sebastien_Varlet_LesGets_LD_A7_01114-768x512.jpg 768w, https:\/\/www.lesgets.com\/wp\/..\/app\/uploads\/2022\/05\/2021_Sebastien_Varlet_LesGets_LD_A7_01114-1536x1024.jpg 1536w, https:\/\/www.lesgets.com\/wp\/..\/app\/uploads\/2022\/05\/2021_Sebastien_Varlet_LesGets_LD_A7_01114-600x400.jpg 600w, https:\/\/www.lesgets.com\/wp\/..\/app\/uploads\/2022\/05\/2021_Sebastien_Varlet_LesGets_LD_A7_01114-960x640.jpg 960w\" sizes=\"auto, (max-width: 1920px) 100vw, 1920px\" \/><\/figure>\n\n\n\n<figure class=\"wp-block-image size-large\"><img loading=\"lazy\" decoding=\"async\" width=\"1920\" height=\"1280\" data-id=\"36624\" src=\"https:\/\/www.lesgets.com\/app\/uploads\/2022\/05\/2021_Sebastien_Varlet_LesGets_LD_A7_00855.jpg\" alt=\"\" class=\"wp-image-36624\" srcset=\"https:\/\/www.lesgets.com\/wp\/..\/app\/uploads\/2022\/05\/2021_Sebastien_Varlet_LesGets_LD_A7_00855.jpg 1920w, https:\/\/www.lesgets.com\/wp\/..\/app\/uploads\/2022\/05\/2021_Sebastien_Varlet_LesGets_LD_A7_00855-768x512.jpg 768w, https:\/\/www.lesgets.com\/wp\/..\/app\/uploads\/2022\/05\/2021_Sebastien_Varlet_LesGets_LD_A7_00855-1536x1024.jpg 1536w, https:\/\/www.lesgets.com\/wp\/..\/app\/uploads\/2022\/05\/2021_Sebastien_Varlet_LesGets_LD_A7_00855-600x400.jpg 600w, https:\/\/www.lesgets.com\/wp\/..\/app\/uploads\/2022\/05\/2021_Sebastien_Varlet_LesGets_LD_A7_00855-960x640.jpg 960w\" sizes=\"auto, (max-width: 1920px) 100vw, 1920px\" \/><\/figure>\n\n\n\n<figure class=\"wp-block-image size-large\"><img loading=\"lazy\" decoding=\"async\" width=\"768\" height=\"1024\" data-id=\"36621\" src=\"https:\/\/www.lesgets.com\/app\/uploads\/2022\/05\/2022_04_ambassadeur_sebastien_varlet_Verbier-FWQ4.jpg\" alt=\"\" class=\"wp-image-36621\"\/><figcaption>3\u00e8me place FWQ 4* \u00e0 Verbier<\/figcaption><\/figure>\n<\/figure>\n\n\n<div class=\"block block-core-spacer\">\n<div style=\"height:20px\" aria-hidden=\"true\" class=\"wp-block-spacer\"><\/div>\n<\/div>\n\n<div class=\"block block-core-heading\">\n<h2 class=\"wp-block-heading\">Belangrijkste resultaten<\/h2>\n<\/div>\n\n<p><strong>2021-2022<\/strong><br \/>3de &#8211; FWQ 4* in Verbier (Zwitserland)<br \/>6de &#8211; FWQ 4* in La Rosi\u00e8re (Frankrijk)<br \/>11de &#8211; FWQ 4* in Nendaz (Zwitserland)<br \/>15de &#8211; FWQ 4* in Jasna (Slowakije)<\/p>\n<p><strong>2020-2021<\/strong><br \/>3de &#8211; FWQ 4* Silvaplana<br \/>16de &#8211; FWQ 4* Silvaplana<br \/>19de &#8211; FWQ 4* Nendaz<br \/>Hij eindigde 11de in het algemene FWQ 4* klassement<\/p>\n<p><strong>2019-2020\u00a0<\/strong><br \/>4de \u2013 FWQ 4* Kicking Horse, Canada<br \/>9de \u2013 FWQ 4* La Rosi\u00e8re, France<br \/>13de \u2013 FWQ 4* Montafon, Austria<\/p>\n<p>Het seizoen 2019-2020 was verkort in verband met covid.\u00a0<\/p>\n<p><strong>2018-2019<\/strong><br \/>Geen deelname aan wedstrijden wegens blessure net voor de winter.\u00a0<\/p>\n<p><b>2017-2018 <\/b><b><br \/><\/b>2de in de FWQ 4 * Jasna in Sloveni\u00eb\u00a0<\/p>\n<p><i>Freeride wedstrijd punten = de 1* \u00e0 5*<br \/><\/i><i>1* et 2*= nationale wedstrijd<br \/><\/i><i>3* et 4* = europese wedstrijd<br \/><\/i><i>5*= Wereld tour, wereldcircuit. <\/i><\/p>\n\n<div class=\"block block-core-button\">\n<div class=\"wp-block-button\"><a class=\"wp-block-button__link\" href=\"https:\/\/www.sebastienvarlet.com\/\" target=\"_blank\" rel=\"noreferrer noopener\">Volg S\u00e9bastien<\/a><\/div>\n<\/div>\n\n<div class=\"block block-core-spacer\">\n<div style=\"height:30px\" aria-hidden=\"true\" class=\"wp-block-spacer\"><\/div>\n<\/div>\n\n<div class=\"block block-genesis-custom-blocks-activite\">\t\t<!-- Modal -->\r\n\t\t<div class=\"modal fade\" id=\"videoActivite-8OnOqboOvs4\" role=\"dialog\">\r\n\t\t  <div class=\"modal-dialog\" role=\"document\">\r\n\t\t    <div class=\"modal-content\">\r\n\t\t      <div class=\"modal-header\">\r\n\t\t        <button type=\"button\" class=\"close\" data-dismiss=\"modal\" aria-label=\"Close\"><\/button>\r\n\t\t      <\/div>\r\n\t\t      <div class=\"modal-body\">\r\n\t\t        <iframe width=\"560\" height=\"315\" data-requires-vendor-consent=\"Youtube\" data-src=\"https:\/\/www.youtube.com\/embed\/8OnOqboOvs4?rel=0;\" frameborder=\"0\" allowfullscreen><\/iframe>\r\n\t\t      <\/div>\r\n\t\t    <\/div>\r\n\t\t  <\/div>\r\n\t\t<\/div>\r\n\t\t<script>\r\n\t\t\t$(\"#videoActivite-8OnOqboOvs4\").on('hidden.bs.modal', function (e) {\r\n\t\t        $(\"#videoActivite-8OnOqboOvs4 iframe\").attr(\"src\", $(\"#videoActivite-8OnOqboOvs4 iframe\").attr(\"src\"));\r\n\t\t    });\r\n\t\t<\/script>\r\n\t\t<div class=\"container-fluid\">\r\n\t\t\t<div class=\"fond-image video\" style=\"background-image:url('https:\/\/www.lesgets.com\/wp\/..\/app\/uploads\/2020\/04\/Seb-Varlet-bis.jpg');\">\r\n\t\t\t<iframe width=\"560\" height=\"315\" data-requires-vendor-consent=\"Youtube\" data-src=\"https:\/\/www.youtube.com\/embed\/8OnOqboOvs4?rel=0;&#038;autoplay=1&#038;mute=1&#038;controls=0&#038;loop=1&#038;playlist=8OnOqboOvs4\" frameborder=\"0\" allowfullscreen><\/iframe>\r\n\t\t\t\t<div class=\"container\">\r\n\t\t\t\t\t<div class=\"row\">\r\n\t\t\t\t\t\t<div class=\"col-sm-12\">\r\n\t\t\t\t\t\t\t<span class=\"subtitle\">Hunt Your Line #1<\/span>\r\n\t\t\t\t\t\t\t<h2>Pyramids &#8211; 2019<\/h2>\r\n\t\t\t\t\t\t\t<button type=\"button\" class=\"video-btn btn btn-primary hvr-outline-out\" data-toggle=\"modal\" data-target=\"#videoActivite-8OnOqboOvs4\">See the video<\/button>\r\n\t\t\t\t\t\t<\/div>\r\n\t\t\t\t\t<\/div>\r\n\t\t\t\t<\/div>\r\n\t\t\t<\/div>\r\n\t\t<\/div>\r\n\t\t<\/div>","protected":false},"excerpt":{"rendered":"<p>Ontdek het portret van onze ambassadeur S\u00e9bastien Varlet: zijn passie voor freeriden, zijn carri\u00e8re en resultaten en zijn toekomstige projecten&#8230;<\/p>\n","protected":false},"author":4,"featured_media":36630,"parent":16174,"menu_order":0,"comment_status":"closed","ping_status":"closed","template":"","meta":{"_acf_changed":false,"footnotes":""},"class_list":["post-27915","page","type-page","status-publish","has-post-thumbnail","hentry"],"acf":[],"yoast_head":"<!-- This site is optimized with the Yoast SEO plugin v27.3 - https:\/\/yoast.com\/product\/yoast-seo-wordpress\/ -->\n<title>S\u00e9bastien Varlet - Freerider - Onze ambassadeurs - Les Gets<\/title>\n<meta name=\"description\" content=\"Ontdek het portret van onze ambassadeur S\u00e9bastien Varlet: zijn passie voor freeriden, zijn carri\u00e8re en resultaten en zijn toekomstige projecten...\" \/>\n<meta name=\"robots\" content=\"index, follow, max-snippet:-1, max-image-preview:large, max-video-preview:-1\" \/>\n<link rel=\"canonical\" href=\"https:\/\/www.lesgets.com\/nl\/ontdek-het-skigebied\/bergstation\/onze-ambassadeurs\/sebastien-varlet-freeride\/\" \/>\n<meta property=\"og:locale\" content=\"nl_NL\" \/>\n<meta property=\"og:type\" content=\"article\" \/>\n<meta property=\"og:title\" content=\"S\u00e9bastien Varlet - Freerider - Onze ambassadeurs - Les Gets\" \/>\n<meta property=\"og:description\" content=\"Ontdek het portret van onze ambassadeur S\u00e9bastien Varlet: zijn passie voor freeriden, zijn carri\u00e8re en resultaten en zijn toekomstige projecten...\" \/>\n<meta property=\"og:url\" content=\"https:\/\/www.lesgets.com\/nl\/ontdek-het-skigebied\/bergstation\/onze-ambassadeurs\/sebastien-varlet-freeride\/\" \/>\n<meta property=\"og:site_name\" content=\"Les Gets\" \/>\n<meta property=\"article:modified_time\" content=\"2022-05-18T08:01:53+00:00\" \/>\n<meta property=\"og:image\" content=\"https:\/\/www.lesgets.com\/wp\/..\/app\/uploads\/2022\/05\/2021_Sebastien_Varlet_LesGets_LD_A7_09393.jpg\" \/>\n\t<meta property=\"og:image:width\" content=\"1920\" \/>\n\t<meta property=\"og:image:height\" content=\"1280\" \/>\n\t<meta property=\"og:image:type\" content=\"image\/jpeg\" \/>\n<meta name=\"twitter:card\" content=\"summary_large_image\" \/>\n<meta name=\"twitter:label1\" content=\"Est. reading time\" \/>\n\t<meta name=\"twitter:data1\" content=\"4 minutes\" \/>\n<script type=\"application\/ld+json\" class=\"yoast-schema-graph\">{\"@context\":\"https:\\\/\\\/schema.org\",\"@graph\":[{\"@type\":\"WebPage\",\"@id\":\"https:\\\/\\\/www.lesgets.com\\\/nl\\\/ontdek-het-skigebied\\\/bergstation\\\/onze-ambassadeurs\\\/sebastien-varlet-freeride\\\/\",\"url\":\"https:\\\/\\\/www.lesgets.com\\\/nl\\\/ontdek-het-skigebied\\\/bergstation\\\/onze-ambassadeurs\\\/sebastien-varlet-freeride\\\/\",\"name\":\"S\u00e9bastien Varlet - Freerider - Onze ambassadeurs - Les Gets\",\"isPartOf\":{\"@id\":\"https:\\\/\\\/www.lesgets.com\\\/en\\\/#website\"},\"primaryImageOfPage\":{\"@id\":\"https:\\\/\\\/www.lesgets.com\\\/nl\\\/ontdek-het-skigebied\\\/bergstation\\\/onze-ambassadeurs\\\/sebastien-varlet-freeride\\\/#primaryimage\"},\"image\":{\"@id\":\"https:\\\/\\\/www.lesgets.com\\\/nl\\\/ontdek-het-skigebied\\\/bergstation\\\/onze-ambassadeurs\\\/sebastien-varlet-freeride\\\/#primaryimage\"},\"thumbnailUrl\":\"https:\\\/\\\/www.lesgets.com\\\/wp\\\/..\\\/app\\\/uploads\\\/2022\\\/05\\\/2021_Sebastien_Varlet_LesGets_LD_A7_09393.jpg\",\"datePublished\":\"2021-04-15T10:04:55+00:00\",\"dateModified\":\"2022-05-18T08:01:53+00:00\",\"description\":\"Ontdek het portret van onze ambassadeur S\u00e9bastien Varlet: zijn passie voor freeriden, zijn carri\u00e8re en resultaten en zijn toekomstige projecten...\",\"breadcrumb\":{\"@id\":\"https:\\\/\\\/www.lesgets.com\\\/nl\\\/ontdek-het-skigebied\\\/bergstation\\\/onze-ambassadeurs\\\/sebastien-varlet-freeride\\\/#breadcrumb\"},\"inLanguage\":\"nl-NL\",\"potentialAction\":[{\"@type\":\"ReadAction\",\"target\":[\"https:\\\/\\\/www.lesgets.com\\\/nl\\\/ontdek-het-skigebied\\\/bergstation\\\/onze-ambassadeurs\\\/sebastien-varlet-freeride\\\/\"]}]},{\"@type\":\"ImageObject\",\"inLanguage\":\"nl-NL\",\"@id\":\"https:\\\/\\\/www.lesgets.com\\\/nl\\\/ontdek-het-skigebied\\\/bergstation\\\/onze-ambassadeurs\\\/sebastien-varlet-freeride\\\/#primaryimage\",\"url\":\"https:\\\/\\\/www.lesgets.com\\\/wp\\\/..\\\/app\\\/uploads\\\/2022\\\/05\\\/2021_Sebastien_Varlet_LesGets_LD_A7_09393.jpg\",\"contentUrl\":\"https:\\\/\\\/www.lesgets.com\\\/wp\\\/..\\\/app\\\/uploads\\\/2022\\\/05\\\/2021_Sebastien_Varlet_LesGets_LD_A7_09393.jpg\",\"width\":1920,\"height\":1280},{\"@type\":\"BreadcrumbList\",\"@id\":\"https:\\\/\\\/www.lesgets.com\\\/nl\\\/ontdek-het-skigebied\\\/bergstation\\\/onze-ambassadeurs\\\/sebastien-varlet-freeride\\\/#breadcrumb\",\"itemListElement\":[{\"@type\":\"ListItem\",\"position\":1,\"name\":\"Accueil\",\"item\":\"https:\\\/\\\/www.lesgets.com\\\/nl\\\/\"},{\"@type\":\"ListItem\",\"position\":2,\"name\":\"Ontdek het resort\",\"item\":\"https:\\\/\\\/www.lesgets.com\\\/nl\\\/ontdek-het-skigebied\\\/\"},{\"@type\":\"ListItem\",\"position\":3,\"name\":\"Charming station &amp; village\",\"item\":\"https:\\\/\\\/www.lesgets.com\\\/nl\\\/ontdek-het-skigebied\\\/bergstation\\\/\"},{\"@type\":\"ListItem\",\"position\":4,\"name\":\"Onze ambassadeurs\",\"item\":\"https:\\\/\\\/www.lesgets.com\\\/nl\\\/ontdek-het-skigebied\\\/bergstation\\\/onze-ambassadeurs\\\/\"},{\"@type\":\"ListItem\",\"position\":5,\"name\":\"S\u00e9bastien Varlet &#8211; Freerider\"}]},{\"@type\":\"WebSite\",\"@id\":\"https:\\\/\\\/www.lesgets.com\\\/en\\\/#website\",\"url\":\"https:\\\/\\\/www.lesgets.com\\\/en\\\/\",\"name\":\"Les Gets\",\"description\":\"\",\"publisher\":{\"@id\":\"https:\\\/\\\/www.lesgets.com\\\/en\\\/#organization\"},\"potentialAction\":[{\"@type\":\"SearchAction\",\"target\":{\"@type\":\"EntryPoint\",\"urlTemplate\":\"https:\\\/\\\/www.lesgets.com\\\/en\\\/?s={search_term_string}\"},\"query-input\":{\"@type\":\"PropertyValueSpecification\",\"valueRequired\":true,\"valueName\":\"search_term_string\"}}],\"inLanguage\":\"nl-NL\"},{\"@type\":\"Organization\",\"@id\":\"https:\\\/\\\/www.lesgets.com\\\/en\\\/#organization\",\"name\":\"Les Gets\",\"url\":\"https:\\\/\\\/www.lesgets.com\\\/en\\\/\",\"logo\":{\"@type\":\"ImageObject\",\"inLanguage\":\"nl-NL\",\"@id\":\"https:\\\/\\\/www.lesgets.com\\\/en\\\/#\\\/schema\\\/logo\\\/image\\\/\",\"url\":\"https:\\\/\\\/www.lesgets.com\\\/wp\\\/..\\\/app\\\/uploads\\\/2020\\\/06\\\/logo_lesgets.png\",\"contentUrl\":\"https:\\\/\\\/www.lesgets.com\\\/wp\\\/..\\\/app\\\/uploads\\\/2020\\\/06\\\/logo_lesgets.png\",\"width\":136,\"height\":115,\"caption\":\"Les Gets\"},\"image\":{\"@id\":\"https:\\\/\\\/www.lesgets.com\\\/en\\\/#\\\/schema\\\/logo\\\/image\\\/\"}}]}<\/script>\n<!-- \/ Yoast SEO plugin. -->","yoast_head_json":{"title":"S\u00e9bastien Varlet - Freerider - Onze ambassadeurs - Les Gets","description":"Ontdek het portret van onze ambassadeur S\u00e9bastien Varlet: zijn passie voor freeriden, zijn carri\u00e8re en resultaten en zijn toekomstige projecten...","robots":{"index":"index","follow":"follow","max-snippet":"max-snippet:-1","max-image-preview":"max-image-preview:large","max-video-preview":"max-video-preview:-1"},"canonical":"https:\/\/www.lesgets.com\/nl\/ontdek-het-skigebied\/bergstation\/onze-ambassadeurs\/sebastien-varlet-freeride\/","og_locale":"nl_NL","og_type":"article","og_title":"S\u00e9bastien Varlet - Freerider - Onze ambassadeurs - Les Gets","og_description":"Ontdek het portret van onze ambassadeur S\u00e9bastien Varlet: zijn passie voor freeriden, zijn carri\u00e8re en resultaten en zijn toekomstige projecten...","og_url":"https:\/\/www.lesgets.com\/nl\/ontdek-het-skigebied\/bergstation\/onze-ambassadeurs\/sebastien-varlet-freeride\/","og_site_name":"Les Gets","article_modified_time":"2022-05-18T08:01:53+00:00","og_image":[{"width":1920,"height":1280,"url":"https:\/\/www.lesgets.com\/wp\/..\/app\/uploads\/2022\/05\/2021_Sebastien_Varlet_LesGets_LD_A7_09393.jpg","type":"image\/jpeg"}],"twitter_card":"summary_large_image","twitter_misc":{"Est. reading time":"4 minutes"},"schema":{"@context":"https:\/\/schema.org","@graph":[{"@type":"WebPage","@id":"https:\/\/www.lesgets.com\/nl\/ontdek-het-skigebied\/bergstation\/onze-ambassadeurs\/sebastien-varlet-freeride\/","url":"https:\/\/www.lesgets.com\/nl\/ontdek-het-skigebied\/bergstation\/onze-ambassadeurs\/sebastien-varlet-freeride\/","name":"S\u00e9bastien Varlet - Freerider - Onze ambassadeurs - Les Gets","isPartOf":{"@id":"https:\/\/www.lesgets.com\/en\/#website"},"primaryImageOfPage":{"@id":"https:\/\/www.lesgets.com\/nl\/ontdek-het-skigebied\/bergstation\/onze-ambassadeurs\/sebastien-varlet-freeride\/#primaryimage"},"image":{"@id":"https:\/\/www.lesgets.com\/nl\/ontdek-het-skigebied\/bergstation\/onze-ambassadeurs\/sebastien-varlet-freeride\/#primaryimage"},"thumbnailUrl":"https:\/\/www.lesgets.com\/wp\/..\/app\/uploads\/2022\/05\/2021_Sebastien_Varlet_LesGets_LD_A7_09393.jpg","datePublished":"2021-04-15T10:04:55+00:00","dateModified":"2022-05-18T08:01:53+00:00","description":"Ontdek het portret van onze ambassadeur S\u00e9bastien Varlet: zijn passie voor freeriden, zijn carri\u00e8re en resultaten en zijn toekomstige projecten...","breadcrumb":{"@id":"https:\/\/www.lesgets.com\/nl\/ontdek-het-skigebied\/bergstation\/onze-ambassadeurs\/sebastien-varlet-freeride\/#breadcrumb"},"inLanguage":"nl-NL","potentialAction":[{"@type":"ReadAction","target":["https:\/\/www.lesgets.com\/nl\/ontdek-het-skigebied\/bergstation\/onze-ambassadeurs\/sebastien-varlet-freeride\/"]}]},{"@type":"ImageObject","inLanguage":"nl-NL","@id":"https:\/\/www.lesgets.com\/nl\/ontdek-het-skigebied\/bergstation\/onze-ambassadeurs\/sebastien-varlet-freeride\/#primaryimage","url":"https:\/\/www.lesgets.com\/wp\/..\/app\/uploads\/2022\/05\/2021_Sebastien_Varlet_LesGets_LD_A7_09393.jpg","contentUrl":"https:\/\/www.lesgets.com\/wp\/..\/app\/uploads\/2022\/05\/2021_Sebastien_Varlet_LesGets_LD_A7_09393.jpg","width":1920,"height":1280},{"@type":"BreadcrumbList","@id":"https:\/\/www.lesgets.com\/nl\/ontdek-het-skigebied\/bergstation\/onze-ambassadeurs\/sebastien-varlet-freeride\/#breadcrumb","itemListElement":[{"@type":"ListItem","position":1,"name":"Accueil","item":"https:\/\/www.lesgets.com\/nl\/"},{"@type":"ListItem","position":2,"name":"Ontdek het resort","item":"https:\/\/www.lesgets.com\/nl\/ontdek-het-skigebied\/"},{"@type":"ListItem","position":3,"name":"Charming station &amp; village","item":"https:\/\/www.lesgets.com\/nl\/ontdek-het-skigebied\/bergstation\/"},{"@type":"ListItem","position":4,"name":"Onze ambassadeurs","item":"https:\/\/www.lesgets.com\/nl\/ontdek-het-skigebied\/bergstation\/onze-ambassadeurs\/"},{"@type":"ListItem","position":5,"name":"S\u00e9bastien Varlet &#8211; Freerider"}]},{"@type":"WebSite","@id":"https:\/\/www.lesgets.com\/en\/#website","url":"https:\/\/www.lesgets.com\/en\/","name":"Les Gets","description":"","publisher":{"@id":"https:\/\/www.lesgets.com\/en\/#organization"},"potentialAction":[{"@type":"SearchAction","target":{"@type":"EntryPoint","urlTemplate":"https:\/\/www.lesgets.com\/en\/?s={search_term_string}"},"query-input":{"@type":"PropertyValueSpecification","valueRequired":true,"valueName":"search_term_string"}}],"inLanguage":"nl-NL"},{"@type":"Organization","@id":"https:\/\/www.lesgets.com\/en\/#organization","name":"Les Gets","url":"https:\/\/www.lesgets.com\/en\/","logo":{"@type":"ImageObject","inLanguage":"nl-NL","@id":"https:\/\/www.lesgets.com\/en\/#\/schema\/logo\/image\/","url":"https:\/\/www.lesgets.com\/wp\/..\/app\/uploads\/2020\/06\/logo_lesgets.png","contentUrl":"https:\/\/www.lesgets.com\/wp\/..\/app\/uploads\/2020\/06\/logo_lesgets.png","width":136,"height":115,"caption":"Les Gets"},"image":{"@id":"https:\/\/www.lesgets.com\/en\/#\/schema\/logo\/image\/"}}]}},"featured_image_src":"https:\/\/www.lesgets.com\/wp\/..\/app\/uploads\/2022\/05\/2021_Sebastien_Varlet_LesGets_LD_A7_09393-600x400.jpg","featured_image_src_square":"https:\/\/www.lesgets.com\/wp\/..\/app\/uploads\/2022\/05\/2021_Sebastien_Varlet_LesGets_LD_A7_09393-600x600.jpg","_links":{"self":[{"href":"https:\/\/www.lesgets.com\/nl\/wp-json\/wp\/v2\/pages\/27915","targetHints":{"allow":["GET"]}}],"collection":[{"href":"https:\/\/www.lesgets.com\/nl\/wp-json\/wp\/v2\/pages"}],"about":[{"href":"https:\/\/www.lesgets.com\/nl\/wp-json\/wp\/v2\/types\/page"}],"author":[{"embeddable":true,"href":"https:\/\/www.lesgets.com\/nl\/wp-json\/wp\/v2\/users\/4"}],"replies":[{"embeddable":true,"href":"https:\/\/www.lesgets.com\/nl\/wp-json\/wp\/v2\/comments?post=27915"}],"version-history":[{"count":5,"href":"https:\/\/www.lesgets.com\/nl\/wp-json\/wp\/v2\/pages\/27915\/revisions"}],"predecessor-version":[{"id":36639,"href":"https:\/\/www.lesgets.com\/nl\/wp-json\/wp\/v2\/pages\/27915\/revisions\/36639"}],"up":[{"embeddable":true,"href":"https:\/\/www.lesgets.com\/nl\/wp-json\/wp\/v2\/pages\/16174"}],"wp:featuredmedia":[{"embeddable":true,"href":"https:\/\/www.lesgets.com\/nl\/wp-json\/wp\/v2\/media\/36630"}],"wp:attachment":[{"href":"https:\/\/www.lesgets.com\/nl\/wp-json\/wp\/v2\/media?parent=27915"}],"curies":[{"name":"wp","href":"https:\/\/api.w.org\/{rel}","templated":true}]}}