{"id":28000,"date":"2021-04-20T13:33:17","date_gmt":"2021-04-20T11:33:17","guid":{"rendered":"https:\/\/www.lesgets.com\/ontdek-het-skigebied\/bergstation\/onze-ambassadeurs\/mia-clerc-alpineskien\/"},"modified":"2022-05-18T11:14:24","modified_gmt":"2022-05-18T09:14:24","slug":"mia-clerc-alpineskien","status":"publish","type":"page","link":"https:\/\/www.lesgets.com\/nl\/ontdek-het-skigebied\/bergstation\/onze-ambassadeurs\/mia-clerc-alpineskien\/","title":{"rendered":"Mia Clerc &#8211; Alpineski\u00ebn"},"content":{"rendered":"<p>Mia, van oorsprong uit Madagaskar, bond op haar vijfde voor het eerst ski\u2019s om op de pistes van Les Gets, waar ze opgroeide. Haar liefde voor de bergen en glijsporten zorgde ervoor dat ze op haar 9e lid werd van de skiclub van Annemasse.<\/p>\n<blockquote>\n<p>\u00ab <em>\u201cIk begon op mijn 8e met wedstrijdski\u00ebn om een nieuwe sport te ontdekken en het werd al gauw een passie. Topsport is een hele andere wereld. Ik houd van de sfeer die er bij de wedstrijden hangt. e leert steeds weer iets nieuws over je lichaam, je mentale kracht&#8230; Mijn favoriete glijsport? Giant slalom. Hier voel ik me goed bij en vorder ik het beste. \u201d<\/em> \u00bb<\/p>\n<\/blockquote>\n<p>Sindsdien zorgt haar passie voor sport en wedstrijdski\u00ebn ervoor dat ze steeds haar grenzen verlegt en een beter skiniveau krijgt. Op haar 16e besluit ze haar land van herkomst te vertegenwoordigen: Madagaskar. Ze wordt lid van de skifederatie van Madagaskar.<\/p>\n<p>Dankzij haar deelname aan wedstrijden van de internationale skibond (FIS), onder de vlag van Madagaskar, wordt ze geselecteerd voor de Olympische Spelen van PyeongChang in 2018, voor slalom en giant slalom. Mia is de 1e vrouw die Madagaskar vertegenwoordigde bij de Olympische Winterspelen van 2018<\/p>\n<blockquote>\n<p>\u00ab <em>\u201cHet was een fantastische ervaring. Ik was nog jong dus ik deed niet echt mee om te winnen. Mijn doel was vooral om de helling goed af te dalen. Daarbij was ik de 1e vrouw uit een land van de Indische Oceaan die meedeed met de Olympische winterspelen en ik had de eer om de vlag van Madagaskar te dragen. Ik was dubbel trots want ik wilde graag de ontwikkeling van vrouwen promoten en de vrouwensport in Madagaskar. \u201d<\/em> \u00bb<\/p>\n<\/blockquote>\n\n<div class=\"block block-core-spacer\">\n<div style=\"height:30px\" aria-hidden=\"true\" class=\"wp-block-spacer\"><\/div>\n<\/div>\n\n\n<figure class=\"wp-block-gallery has-nested-images columns-2 is-cropped wp-block-gallery-1 is-layout-flex wp-block-gallery-is-layout-flex\">\n<figure class=\"wp-block-image size-large\"><img loading=\"lazy\" decoding=\"async\" width=\"1920\" height=\"1280\" data-id=\"35062\" src=\"https:\/\/www.lesgets.com\/app\/uploads\/2022\/03\/2022_02_24_ambassadeur_MiaClerc_JO_beijing_00345.jpeg\" alt=\"\" class=\"wp-image-35062\" srcset=\"https:\/\/www.lesgets.com\/wp\/..\/app\/uploads\/2022\/03\/2022_02_24_ambassadeur_MiaClerc_JO_beijing_00345.jpeg 1920w, https:\/\/www.lesgets.com\/wp\/..\/app\/uploads\/2022\/03\/2022_02_24_ambassadeur_MiaClerc_JO_beijing_00345-768x512.jpeg 768w, https:\/\/www.lesgets.com\/wp\/..\/app\/uploads\/2022\/03\/2022_02_24_ambassadeur_MiaClerc_JO_beijing_00345-1536x1024.jpeg 1536w, https:\/\/www.lesgets.com\/wp\/..\/app\/uploads\/2022\/03\/2022_02_24_ambassadeur_MiaClerc_JO_beijing_00345-600x400.jpeg 600w, https:\/\/www.lesgets.com\/wp\/..\/app\/uploads\/2022\/03\/2022_02_24_ambassadeur_MiaClerc_JO_beijing_00345-960x640.jpeg 960w\" sizes=\"auto, (max-width: 1920px) 100vw, 1920px\" \/><\/figure>\n\n\n\n<figure class=\"wp-block-image size-large\"><img loading=\"lazy\" decoding=\"async\" width=\"2560\" height=\"1706\" data-id=\"35056\" src=\"https:\/\/www.lesgets.com\/app\/uploads\/2022\/03\/2022_02_24_ambassadeur_MiaClerc_JO_beijing_00335-copie-scaled.jpeg\" alt=\"\" class=\"wp-image-35056\" srcset=\"https:\/\/www.lesgets.com\/wp\/..\/app\/uploads\/2022\/03\/2022_02_24_ambassadeur_MiaClerc_JO_beijing_00335-copie-scaled.jpeg 2560w, https:\/\/www.lesgets.com\/wp\/..\/app\/uploads\/2022\/03\/2022_02_24_ambassadeur_MiaClerc_JO_beijing_00335-copie-768x512.jpeg 768w, https:\/\/www.lesgets.com\/wp\/..\/app\/uploads\/2022\/03\/2022_02_24_ambassadeur_MiaClerc_JO_beijing_00335-copie-1536x1024.jpeg 1536w, https:\/\/www.lesgets.com\/wp\/..\/app\/uploads\/2022\/03\/2022_02_24_ambassadeur_MiaClerc_JO_beijing_00335-copie-2048x1365.jpeg 2048w, https:\/\/www.lesgets.com\/wp\/..\/app\/uploads\/2022\/03\/2022_02_24_ambassadeur_MiaClerc_JO_beijing_00335-copie-600x400.jpeg 600w, https:\/\/www.lesgets.com\/wp\/..\/app\/uploads\/2022\/03\/2022_02_24_ambassadeur_MiaClerc_JO_beijing_00335-copie-960x640.jpeg 960w\" sizes=\"auto, (max-width: 2560px) 100vw, 2560px\" \/><\/figure>\n\n\n\n<figure class=\"wp-block-image size-large\"><img loading=\"lazy\" decoding=\"async\" width=\"2560\" height=\"1920\" data-id=\"35053\" src=\"https:\/\/www.lesgets.com\/app\/uploads\/2022\/03\/2022_02_24_ambassadeur_MiaClerc_JO_beijing_00332-scaled.jpeg\" alt=\"\" class=\"wp-image-35053\" srcset=\"https:\/\/www.lesgets.com\/wp\/..\/app\/uploads\/2022\/03\/2022_02_24_ambassadeur_MiaClerc_JO_beijing_00332-scaled.jpeg 2560w, https:\/\/www.lesgets.com\/wp\/..\/app\/uploads\/2022\/03\/2022_02_24_ambassadeur_MiaClerc_JO_beijing_00332-768x576.jpeg 768w, https:\/\/www.lesgets.com\/wp\/..\/app\/uploads\/2022\/03\/2022_02_24_ambassadeur_MiaClerc_JO_beijing_00332-1536x1152.jpeg 1536w, https:\/\/www.lesgets.com\/wp\/..\/app\/uploads\/2022\/03\/2022_02_24_ambassadeur_MiaClerc_JO_beijing_00332-2048x1536.jpeg 2048w, https:\/\/www.lesgets.com\/wp\/..\/app\/uploads\/2022\/03\/2022_02_24_ambassadeur_MiaClerc_JO_beijing_00332-960x720.jpeg 960w\" sizes=\"auto, (max-width: 2560px) 100vw, 2560px\" \/><\/figure>\n\n\n\n<figure class=\"wp-block-image size-large\"><img loading=\"lazy\" decoding=\"async\" width=\"800\" height=\"1200\" data-id=\"34561\" src=\"https:\/\/www.lesgets.com\/app\/uploads\/2022\/01\/2022_01_26_ambassadeur_MiaClerc_\u00a9LauraBureau_-34.jpg\" alt=\"\" class=\"wp-image-34561\" srcset=\"https:\/\/www.lesgets.com\/wp\/..\/app\/uploads\/2022\/01\/2022_01_26_ambassadeur_MiaClerc_\u00a9LauraBureau_-34.jpg 800w, https:\/\/www.lesgets.com\/wp\/..\/app\/uploads\/2022\/01\/2022_01_26_ambassadeur_MiaClerc_\u00a9LauraBureau_-34-768x1152.jpg 768w\" sizes=\"auto, (max-width: 800px) 100vw, 800px\" \/><\/figure>\n<\/figure>\n\n\n<div class=\"block block-core-spacer\">\n<div style=\"height:20px\" aria-hidden=\"true\" class=\"wp-block-spacer\"><\/div>\n<\/div>\n\n<div class=\"block block-core-heading\">\n<h2 class=\"wp-block-heading\">Belangrijkste resultaten<\/h2>\n<\/div>\n\n<p><strong>2021-2022:<\/strong><\/p>\n<p>\u00a0<\/p>\n<p>&#8211; 2022 Olympische Spelen van Peking: 41e plaats in reuzenslalom en 43e plaats in de slalom<br \/>&#8211; 2 FIS podiums<\/p>\n<p><strong>2019-2020 :<\/strong><\/p>\n<p>&#8211; World Cup WC: Giant slalom in Courchevel (Frankrijk).<br data-rich-text-line-break=\"true\" \/>&#8211; European Cup EC: 10 EC wedstrijden (2 Finish &#8211; 6 DNF &#8211; 2 DNQ) <br data-rich-text-line-break=\"true\" \/>&#8211; South American Cup SAC: Winnares slalom algemeen<\/p>\n<p><strong>2018-2019<\/strong> :<\/p>\n<p>&#8211; Wereldkampioenschap WSC (Zweden): 40<sup>e<\/sup> plaats bij de slalom en 50<sup>e<\/sup> plaats bij de giant slalom.<br data-rich-text-line-break=\"true\" \/>&#8211; Wereldkampioenschap Junior JWSC (Itali\u00eb): 56<sup>e<\/sup> plaats bij de giant slalom en afgehaakt bij de slalom (blessure)\u00a0<br data-rich-text-line-break=\"true\" \/>&#8211; World Cup WC: Giant slalom en slalom in Courchevel (Frankrijk) en giant slalom in S\u00f6lden (Oostenrijk) \u00a0 <strong>\u00a0\u00a0\u00a0\u00a0\u00a0\u00a0\u00a0\u00a0\u00a0\u00a0\u00a0\u00a0\u00a0\u00a0\u00a0\u00a0\u00a0\u00a0\u00a0\u00a0\u00a0\u00a0\u00a0\u00a0\u00a0\u00a0\u00a0\u00a0\u00a0\u00a0 <\/strong><\/p>\n<p><strong>2017-2018<\/strong> :<\/p>\n<p>Olympische winterspelen van PyeongChang (Zuid Korea): 47<sup>e<\/sup> plaats bij de slalom en 48<sup>e<\/sup> plaats bij de giant slalom.<\/p>\n\n<div class=\"block block-core-button\">\n<div class=\"wp-block-button\"><a class=\"wp-block-button__link\" href=\"https:\/\/www.facebook.com\/miaclercski74\/\" target=\"_blank\" rel=\"noreferrer noopener\">Volg Mia<\/a><\/div>\n<\/div>\n\n<div class=\"block block-core-spacer\">\n<div style=\"height:49px\" aria-hidden=\"true\" class=\"wp-block-spacer\"><\/div>\n<\/div>","protected":false},"excerpt":{"rendered":"<p>Ontdek het portret van onze ambassadrice Mia Clerc: haar passie voor alpineski\u00ebn, haar carri\u00e8re, resultaten en haar toekomstige projecten&#8230;<\/p>\n","protected":false},"author":4,"featured_media":24826,"parent":16174,"menu_order":0,"comment_status":"closed","ping_status":"closed","template":"","meta":{"_acf_changed":false,"footnotes":""},"class_list":["post-28000","page","type-page","status-publish","has-post-thumbnail","hentry"],"acf":[],"yoast_head":"<!-- This site is optimized with the Yoast SEO plugin v27.2 - https:\/\/yoast.com\/product\/yoast-seo-wordpress\/ -->\n<title>Mia Clerc - Alpineski\u00ebn - Les Gets<\/title>\n<meta name=\"description\" content=\"Ontdek het portret van onze ambassadrice Mia Clerc: haar passie voor alpineski\u00ebn, haar carri\u00e8re, resultaten en haar toekomstige projecten...\" \/>\n<meta name=\"robots\" content=\"index, follow, max-snippet:-1, max-image-preview:large, max-video-preview:-1\" \/>\n<link rel=\"canonical\" href=\"https:\/\/www.lesgets.com\/nl\/ontdek-het-skigebied\/bergstation\/onze-ambassadeurs\/mia-clerc-alpineskien\/\" \/>\n<meta property=\"og:locale\" content=\"nl_NL\" \/>\n<meta property=\"og:type\" content=\"article\" \/>\n<meta property=\"og:title\" content=\"Mia Clerc - Alpineski\u00ebn - Les Gets\" \/>\n<meta property=\"og:description\" content=\"Ontdek het portret van onze ambassadrice Mia Clerc: haar passie voor alpineski\u00ebn, haar carri\u00e8re, resultaten en haar toekomstige projecten...\" \/>\n<meta property=\"og:url\" content=\"https:\/\/www.lesgets.com\/nl\/ontdek-het-skigebied\/bergstation\/onze-ambassadeurs\/mia-clerc-alpineskien\/\" \/>\n<meta property=\"og:site_name\" content=\"Les Gets\" \/>\n<meta property=\"article:modified_time\" content=\"2022-05-18T09:14:24+00:00\" \/>\n<meta property=\"og:image\" content=\"https:\/\/www.lesgets.com\/wp\/..\/app\/uploads\/2021\/01\/2020_06_15_Mia_Clerc_Lesgets_009.jpeg\" \/>\n\t<meta property=\"og:image:width\" content=\"2304\" \/>\n\t<meta property=\"og:image:height\" content=\"1536\" \/>\n\t<meta property=\"og:image:type\" content=\"image\/jpeg\" \/>\n<meta name=\"twitter:card\" content=\"summary_large_image\" \/>\n<meta name=\"twitter:label1\" content=\"Est. reading time\" \/>\n\t<meta name=\"twitter:data1\" content=\"3 minutes\" \/>\n<script type=\"application\/ld+json\" class=\"yoast-schema-graph\">{\"@context\":\"https:\/\/schema.org\",\"@graph\":[{\"@type\":\"WebPage\",\"@id\":\"https:\/\/www.lesgets.com\/nl\/ontdek-het-skigebied\/bergstation\/onze-ambassadeurs\/mia-clerc-alpineskien\/\",\"url\":\"https:\/\/www.lesgets.com\/nl\/ontdek-het-skigebied\/bergstation\/onze-ambassadeurs\/mia-clerc-alpineskien\/\",\"name\":\"Mia Clerc - Alpineski\u00ebn - Les Gets\",\"isPartOf\":{\"@id\":\"https:\/\/www.lesgets.com\/en\/#website\"},\"primaryImageOfPage\":{\"@id\":\"https:\/\/www.lesgets.com\/nl\/ontdek-het-skigebied\/bergstation\/onze-ambassadeurs\/mia-clerc-alpineskien\/#primaryimage\"},\"image\":{\"@id\":\"https:\/\/www.lesgets.com\/nl\/ontdek-het-skigebied\/bergstation\/onze-ambassadeurs\/mia-clerc-alpineskien\/#primaryimage\"},\"thumbnailUrl\":\"https:\/\/www.lesgets.com\/wp\/..\/app\/uploads\/2021\/01\/2020_06_15_Mia_Clerc_Lesgets_009.jpeg\",\"datePublished\":\"2021-04-20T11:33:17+00:00\",\"dateModified\":\"2022-05-18T09:14:24+00:00\",\"description\":\"Ontdek het portret van onze ambassadrice Mia Clerc: haar passie voor alpineski\u00ebn, haar carri\u00e8re, resultaten en haar toekomstige projecten...\",\"breadcrumb\":{\"@id\":\"https:\/\/www.lesgets.com\/nl\/ontdek-het-skigebied\/bergstation\/onze-ambassadeurs\/mia-clerc-alpineskien\/#breadcrumb\"},\"inLanguage\":\"nl-NL\",\"potentialAction\":[{\"@type\":\"ReadAction\",\"target\":[\"https:\/\/www.lesgets.com\/nl\/ontdek-het-skigebied\/bergstation\/onze-ambassadeurs\/mia-clerc-alpineskien\/\"]}]},{\"@type\":\"ImageObject\",\"inLanguage\":\"nl-NL\",\"@id\":\"https:\/\/www.lesgets.com\/nl\/ontdek-het-skigebied\/bergstation\/onze-ambassadeurs\/mia-clerc-alpineskien\/#primaryimage\",\"url\":\"https:\/\/www.lesgets.com\/wp\/..\/app\/uploads\/2021\/01\/2020_06_15_Mia_Clerc_Lesgets_009.jpeg\",\"contentUrl\":\"https:\/\/www.lesgets.com\/wp\/..\/app\/uploads\/2021\/01\/2020_06_15_Mia_Clerc_Lesgets_009.jpeg\",\"width\":2304,\"height\":1536},{\"@type\":\"BreadcrumbList\",\"@id\":\"https:\/\/www.lesgets.com\/nl\/ontdek-het-skigebied\/bergstation\/onze-ambassadeurs\/mia-clerc-alpineskien\/#breadcrumb\",\"itemListElement\":[{\"@type\":\"ListItem\",\"position\":1,\"name\":\"Accueil\",\"item\":\"https:\/\/www.lesgets.com\/nl\/\"},{\"@type\":\"ListItem\",\"position\":2,\"name\":\"Ontdek het resort\",\"item\":\"https:\/\/www.lesgets.com\/nl\/ontdek-het-skigebied\/\"},{\"@type\":\"ListItem\",\"position\":3,\"name\":\"Charming station &amp; village\",\"item\":\"https:\/\/www.lesgets.com\/nl\/ontdek-het-skigebied\/bergstation\/\"},{\"@type\":\"ListItem\",\"position\":4,\"name\":\"Onze ambassadeurs\",\"item\":\"https:\/\/www.lesgets.com\/nl\/ontdek-het-skigebied\/bergstation\/onze-ambassadeurs\/\"},{\"@type\":\"ListItem\",\"position\":5,\"name\":\"Mia Clerc &#8211; Alpineski\u00ebn\"}]},{\"@type\":\"WebSite\",\"@id\":\"https:\/\/www.lesgets.com\/en\/#website\",\"url\":\"https:\/\/www.lesgets.com\/en\/\",\"name\":\"Les Gets\",\"description\":\"\",\"publisher\":{\"@id\":\"https:\/\/www.lesgets.com\/en\/#organization\"},\"potentialAction\":[{\"@type\":\"SearchAction\",\"target\":{\"@type\":\"EntryPoint\",\"urlTemplate\":\"https:\/\/www.lesgets.com\/en\/?s={search_term_string}\"},\"query-input\":{\"@type\":\"PropertyValueSpecification\",\"valueRequired\":true,\"valueName\":\"search_term_string\"}}],\"inLanguage\":\"nl-NL\"},{\"@type\":\"Organization\",\"@id\":\"https:\/\/www.lesgets.com\/en\/#organization\",\"name\":\"Les Gets\",\"url\":\"https:\/\/www.lesgets.com\/en\/\",\"logo\":{\"@type\":\"ImageObject\",\"inLanguage\":\"nl-NL\",\"@id\":\"https:\/\/www.lesgets.com\/en\/#\/schema\/logo\/image\/\",\"url\":\"https:\/\/www.lesgets.com\/wp\/..\/app\/uploads\/2020\/06\/logo_lesgets.png\",\"contentUrl\":\"https:\/\/www.lesgets.com\/wp\/..\/app\/uploads\/2020\/06\/logo_lesgets.png\",\"width\":136,\"height\":115,\"caption\":\"Les Gets\"},\"image\":{\"@id\":\"https:\/\/www.lesgets.com\/en\/#\/schema\/logo\/image\/\"}}]}<\/script>\n<!-- \/ Yoast SEO plugin. -->","yoast_head_json":{"title":"Mia Clerc - Alpineski\u00ebn - Les Gets","description":"Ontdek het portret van onze ambassadrice Mia Clerc: haar passie voor alpineski\u00ebn, haar carri\u00e8re, resultaten en haar toekomstige projecten...","robots":{"index":"index","follow":"follow","max-snippet":"max-snippet:-1","max-image-preview":"max-image-preview:large","max-video-preview":"max-video-preview:-1"},"canonical":"https:\/\/www.lesgets.com\/nl\/ontdek-het-skigebied\/bergstation\/onze-ambassadeurs\/mia-clerc-alpineskien\/","og_locale":"nl_NL","og_type":"article","og_title":"Mia Clerc - Alpineski\u00ebn - Les Gets","og_description":"Ontdek het portret van onze ambassadrice Mia Clerc: haar passie voor alpineski\u00ebn, haar carri\u00e8re, resultaten en haar toekomstige projecten...","og_url":"https:\/\/www.lesgets.com\/nl\/ontdek-het-skigebied\/bergstation\/onze-ambassadeurs\/mia-clerc-alpineskien\/","og_site_name":"Les Gets","article_modified_time":"2022-05-18T09:14:24+00:00","og_image":[{"width":2304,"height":1536,"url":"https:\/\/www.lesgets.com\/wp\/..\/app\/uploads\/2021\/01\/2020_06_15_Mia_Clerc_Lesgets_009.jpeg","type":"image\/jpeg"}],"twitter_card":"summary_large_image","twitter_misc":{"Est. reading time":"3 minutes"},"schema":{"@context":"https:\/\/schema.org","@graph":[{"@type":"WebPage","@id":"https:\/\/www.lesgets.com\/nl\/ontdek-het-skigebied\/bergstation\/onze-ambassadeurs\/mia-clerc-alpineskien\/","url":"https:\/\/www.lesgets.com\/nl\/ontdek-het-skigebied\/bergstation\/onze-ambassadeurs\/mia-clerc-alpineskien\/","name":"Mia Clerc - Alpineski\u00ebn - Les Gets","isPartOf":{"@id":"https:\/\/www.lesgets.com\/en\/#website"},"primaryImageOfPage":{"@id":"https:\/\/www.lesgets.com\/nl\/ontdek-het-skigebied\/bergstation\/onze-ambassadeurs\/mia-clerc-alpineskien\/#primaryimage"},"image":{"@id":"https:\/\/www.lesgets.com\/nl\/ontdek-het-skigebied\/bergstation\/onze-ambassadeurs\/mia-clerc-alpineskien\/#primaryimage"},"thumbnailUrl":"https:\/\/www.lesgets.com\/wp\/..\/app\/uploads\/2021\/01\/2020_06_15_Mia_Clerc_Lesgets_009.jpeg","datePublished":"2021-04-20T11:33:17+00:00","dateModified":"2022-05-18T09:14:24+00:00","description":"Ontdek het portret van onze ambassadrice Mia Clerc: haar passie voor alpineski\u00ebn, haar carri\u00e8re, resultaten en haar toekomstige projecten...","breadcrumb":{"@id":"https:\/\/www.lesgets.com\/nl\/ontdek-het-skigebied\/bergstation\/onze-ambassadeurs\/mia-clerc-alpineskien\/#breadcrumb"},"inLanguage":"nl-NL","potentialAction":[{"@type":"ReadAction","target":["https:\/\/www.lesgets.com\/nl\/ontdek-het-skigebied\/bergstation\/onze-ambassadeurs\/mia-clerc-alpineskien\/"]}]},{"@type":"ImageObject","inLanguage":"nl-NL","@id":"https:\/\/www.lesgets.com\/nl\/ontdek-het-skigebied\/bergstation\/onze-ambassadeurs\/mia-clerc-alpineskien\/#primaryimage","url":"https:\/\/www.lesgets.com\/wp\/..\/app\/uploads\/2021\/01\/2020_06_15_Mia_Clerc_Lesgets_009.jpeg","contentUrl":"https:\/\/www.lesgets.com\/wp\/..\/app\/uploads\/2021\/01\/2020_06_15_Mia_Clerc_Lesgets_009.jpeg","width":2304,"height":1536},{"@type":"BreadcrumbList","@id":"https:\/\/www.lesgets.com\/nl\/ontdek-het-skigebied\/bergstation\/onze-ambassadeurs\/mia-clerc-alpineskien\/#breadcrumb","itemListElement":[{"@type":"ListItem","position":1,"name":"Accueil","item":"https:\/\/www.lesgets.com\/nl\/"},{"@type":"ListItem","position":2,"name":"Ontdek het resort","item":"https:\/\/www.lesgets.com\/nl\/ontdek-het-skigebied\/"},{"@type":"ListItem","position":3,"name":"Charming station &amp; village","item":"https:\/\/www.lesgets.com\/nl\/ontdek-het-skigebied\/bergstation\/"},{"@type":"ListItem","position":4,"name":"Onze ambassadeurs","item":"https:\/\/www.lesgets.com\/nl\/ontdek-het-skigebied\/bergstation\/onze-ambassadeurs\/"},{"@type":"ListItem","position":5,"name":"Mia Clerc &#8211; Alpineski\u00ebn"}]},{"@type":"WebSite","@id":"https:\/\/www.lesgets.com\/en\/#website","url":"https:\/\/www.lesgets.com\/en\/","name":"Les Gets","description":"","publisher":{"@id":"https:\/\/www.lesgets.com\/en\/#organization"},"potentialAction":[{"@type":"SearchAction","target":{"@type":"EntryPoint","urlTemplate":"https:\/\/www.lesgets.com\/en\/?s={search_term_string}"},"query-input":{"@type":"PropertyValueSpecification","valueRequired":true,"valueName":"search_term_string"}}],"inLanguage":"nl-NL"},{"@type":"Organization","@id":"https:\/\/www.lesgets.com\/en\/#organization","name":"Les Gets","url":"https:\/\/www.lesgets.com\/en\/","logo":{"@type":"ImageObject","inLanguage":"nl-NL","@id":"https:\/\/www.lesgets.com\/en\/#\/schema\/logo\/image\/","url":"https:\/\/www.lesgets.com\/wp\/..\/app\/uploads\/2020\/06\/logo_lesgets.png","contentUrl":"https:\/\/www.lesgets.com\/wp\/..\/app\/uploads\/2020\/06\/logo_lesgets.png","width":136,"height":115,"caption":"Les Gets"},"image":{"@id":"https:\/\/www.lesgets.com\/en\/#\/schema\/logo\/image\/"}}]}},"featured_image_src":"https:\/\/www.lesgets.com\/wp\/..\/app\/uploads\/2021\/01\/2020_06_15_Mia_Clerc_Lesgets_009-600x400.jpeg","featured_image_src_square":"https:\/\/www.lesgets.com\/wp\/..\/app\/uploads\/2021\/01\/2020_06_15_Mia_Clerc_Lesgets_009-600x600.jpeg","_links":{"self":[{"href":"https:\/\/www.lesgets.com\/nl\/wp-json\/wp\/v2\/pages\/28000","targetHints":{"allow":["GET"]}}],"collection":[{"href":"https:\/\/www.lesgets.com\/nl\/wp-json\/wp\/v2\/pages"}],"about":[{"href":"https:\/\/www.lesgets.com\/nl\/wp-json\/wp\/v2\/types\/page"}],"author":[{"embeddable":true,"href":"https:\/\/www.lesgets.com\/nl\/wp-json\/wp\/v2\/users\/4"}],"replies":[{"embeddable":true,"href":"https:\/\/www.lesgets.com\/nl\/wp-json\/wp\/v2\/comments?post=28000"}],"version-history":[{"count":5,"href":"https:\/\/www.lesgets.com\/nl\/wp-json\/wp\/v2\/pages\/28000\/revisions"}],"predecessor-version":[{"id":36684,"href":"https:\/\/www.lesgets.com\/nl\/wp-json\/wp\/v2\/pages\/28000\/revisions\/36684"}],"up":[{"embeddable":true,"href":"https:\/\/www.lesgets.com\/nl\/wp-json\/wp\/v2\/pages\/16174"}],"wp:featuredmedia":[{"embeddable":true,"href":"https:\/\/www.lesgets.com\/nl\/wp-json\/wp\/v2\/media\/24826"}],"wp:attachment":[{"href":"https:\/\/www.lesgets.com\/nl\/wp-json\/wp\/v2\/media?parent=28000"}],"curies":[{"name":"wp","href":"https:\/\/api.w.org\/{rel}","templated":true}]}}