{"id":28010,"date":"2021-04-20T13:40:52","date_gmt":"2021-04-20T11:40:52","guid":{"rendered":"https:\/\/www.lesgets.com\/ontdek-het-skigebied\/bergstation\/onze-ambassadeurs\/jacques-jefferies-biathlon\/"},"modified":"2021-04-20T13:42:13","modified_gmt":"2021-04-20T11:42:13","slug":"jacques-jefferies-biathlon","status":"publish","type":"page","link":"https:\/\/www.lesgets.com\/nl\/ontdek-het-skigebied\/bergstation\/onze-ambassadeurs\/jacques-jefferies-biathlon\/","title":{"rendered":"Jacques Jefferies &#8211; biathlon"},"content":{"rendered":"<p>Jacques is geboren en getogen in Saint-Jean-d\u2019Aulps. Hij leerde al vroeg ski\u00ebn van zijn ouders en op zijn 6e wordt hij lid van de skiclub in zijn dorp. <\/p>\n<p>Na een paar wedstrijden op lokaal niveau merkt hij al gauw dat alpineski\u00ebn niet zijn favoriete sport is. In 2011 kiest hij dan ook voor Noords ski\u00ebn. Hij begint met langlaufen en richt zich vervolgens op biatlon. Hij komt in het team van Les Gets Ski Competition en wint diverse podiumplaatsen bij departementale wedstrijden en een 3e plaats in het algemeen klassement van de Franse Kampioenschappen voor kinderen onder 14 jaar, in januari 2016.<\/p>\n<p>Buiten de lichamelijke vaardigheden die nodig zijn voor biatlon houdt Jacques van de bruisende sfeer rond deze sport.<\/p>\n<blockquote>\n<p><em>\u201cBiatlon is d\u00e9 sport bij uitstek waarbij je als toeschouwer kunt genieten van een bijzonder schouwspel. Bij elk karabijnschot wordt het publiek opgeschud. Om het maar niet te hebben over de plotselinge wendingen in een wedstrijd waardoor het tot het einde spannend blijft&#8230;Echt fantastisch! De afwezigheid van publiek dit jaar is wat me het zwaarste weegt.\u201d<\/em><\/p>\n<\/blockquote>\n<p>In 2017 wordt hij lid van het Regionale Comit\u00e9 van de Mont Blanc, een organisatie waarbij jonge atleten ski\u00ebn kunnen combineren met een studie. Hij wil naar de Universiteit van Savoie Mont Blanc in Chamb\u00e9ry om te beginnen aan een master informatica en communicatie.<\/p>\n<p>Jacques zit ook niet stil qua vrije tijdsbesteding. \u2018s Zomers zwemt hij graag en doet hij aan cross-country fietsen in zijn geboortestreek. Verder is hij lid van een muziekband, de \u201cbass band\u201d van Saint-Jean-d\u2019Aulps, waarmee hij speelt tijdens festivals en concerten&#8230; Zowel op de pistes als op de b\u00fchne is Jacques een echte showman!<\/p>\n<p>Wat zijn je doelen voor dit seizoen en de komende jaren?<\/p>\n<blockquote>\n<p><em>\u201cIk zou graag lid worden van het Franse jeugdteam voor biatlon. Mogelijk aan het einde van dit seizoen, naar gelang mijn resultaten. En over 2, 3 jaar zou ik bij het Franse B-team terecht willen komen en Europacupwedstrijden doen. Dit seizoen en komende winter zijn bepalend voor mij om bij het Franse team terecht te kunnen komen. \u201d<\/em><\/p>\n<\/blockquote>\n\n<div class=\"block block-core-spacer\">\n<div style=\"height:30px\" aria-hidden=\"true\" class=\"wp-block-spacer\"><\/div>\n<\/div>\n\n<div class=\"block block-core-columns\">\n<div class=\"wp-block-columns is-layout-flex wp-container-core-columns-is-layout-9d6595d7 wp-block-columns-is-layout-flex\"><div class=\"block block-core-column\">\n<div class=\"wp-block-column is-layout-flow wp-block-column-is-layout-flow\" style=\"flex-basis:40%\">\n<figure class=\"wp-block-image size-large\"><img loading=\"lazy\" decoding=\"async\" width=\"1280\" height=\"1920\" src=\"https:\/\/www.lesgets.com\/..\/app\/uploads\/2021\/02\/2021_02_01_athletes_ambassadeurs_jacques_jefferies_LD_LesGets_MelCarle_IMG_8572.jpg\" alt=\"\" class=\"wp-image-25666\" srcset=\"https:\/\/www.lesgets.com\/wp\/..\/app\/uploads\/2021\/02\/2021_02_01_athletes_ambassadeurs_jacques_jefferies_LD_LesGets_MelCarle_IMG_8572.jpg 1280w, https:\/\/www.lesgets.com\/wp\/..\/app\/uploads\/2021\/02\/2021_02_01_athletes_ambassadeurs_jacques_jefferies_LD_LesGets_MelCarle_IMG_8572-768x1152.jpg 768w, https:\/\/www.lesgets.com\/wp\/..\/app\/uploads\/2021\/02\/2021_02_01_athletes_ambassadeurs_jacques_jefferies_LD_LesGets_MelCarle_IMG_8572-1024x1536.jpg 1024w, https:\/\/www.lesgets.com\/wp\/..\/app\/uploads\/2021\/02\/2021_02_01_athletes_ambassadeurs_jacques_jefferies_LD_LesGets_MelCarle_IMG_8572-960x1440.jpg 960w\" sizes=\"auto, (max-width: 1280px) 100vw, 1280px\" \/><\/figure>\n<\/div>\n<\/div>\n\n<div class=\"block block-core-column\">\n<div class=\"wp-block-column is-layout-flow wp-block-column-is-layout-flow\" style=\"flex-basis:60%\">\n<figure class=\"wp-block-image size-large\"><img loading=\"lazy\" decoding=\"async\" width=\"1386\" height=\"1041\" src=\"https:\/\/www.lesgets.com\/..\/app\/uploads\/2021\/01\/2019-2020_ambassadeurs_Lesgets_Jacques_Jefferies_Jeanne_richard.jpg\" alt=\"\" class=\"wp-image-24848\" srcset=\"https:\/\/www.lesgets.com\/wp\/..\/app\/uploads\/2021\/01\/2019-2020_ambassadeurs_Lesgets_Jacques_Jefferies_Jeanne_richard.jpg 1386w, https:\/\/www.lesgets.com\/wp\/..\/app\/uploads\/2021\/01\/2019-2020_ambassadeurs_Lesgets_Jacques_Jefferies_Jeanne_richard-768x577.jpg 768w, https:\/\/www.lesgets.com\/wp\/..\/app\/uploads\/2021\/01\/2019-2020_ambassadeurs_Lesgets_Jacques_Jefferies_Jeanne_richard-960x721.jpg 960w\" sizes=\"auto, (max-width: 1386px) 100vw, 1386px\" \/><\/figure>\n<\/div>\n<\/div><\/div>\n<\/div>\n\n<div class=\"block block-core-spacer\">\n<div style=\"height:30px\" aria-hidden=\"true\" class=\"wp-block-spacer\"><\/div>\n<\/div>\n\n<div class=\"block block-core-heading\">\n<h2 class=\"wp-block-heading\">Belangrijkste resultaten<\/h2>\n<\/div>\n\n<p><strong>2019-2020 :<\/strong><\/p>\n<p>&#8211; 2 Grand Prix<br data-rich-text-line-break=\"true\">&#8211; 13 Samse National Tour<br data-rich-text-line-break=\"true\">&#8211; National Summer Tour<br data-rich-text-line-break=\"true\">&#8211; 2 selectiewedstrijden voor de Olympische Jeugdspelen<br data-rich-text-line-break=\"true\">&#8211; 7<sup>e<\/sup> plaats bij het algemeen klassement van de Samse National Tour Biatlon U19<br data-rich-text-line-break=\"true\">&#8211; 2<sup>e<\/sup> plaats bij een van de selectiewedstrijden voor de Olympische Jeugdspelen<br data-rich-text-line-break=\"true\">&#8211; 2<sup>e<\/sup> plaats U19 bij de sprint &#8211; Frans kampioen U19 bij de achtervolging&nbsp;<\/p>\n<p><strong>2018-2019:<\/strong><\/p>\n<p>&#8211; 2e plaats U16 bij het nationaal circuit langlaufen&nbsp;<br data-rich-text-line-break=\"true\">&#8211; 2e plaats estafette bij de Europese kampioenschappen in Itali\u00eb<\/p>\n\n<div class=\"block block-core-spacer\">\n<div style=\"height:100px\" aria-hidden=\"true\" class=\"wp-block-spacer\"><\/div>\n<\/div>","protected":false},"excerpt":{"rendered":"<p>Ontdek het portret van onze ambassadeur Jacques Jefferies: zijn passie voor biatlon, zijn carri\u00e8re, resultaten en zijn toekomstige projecten&#8230;<\/p>\n","protected":false},"author":4,"featured_media":36371,"parent":16174,"menu_order":0,"comment_status":"closed","ping_status":"closed","template":"","meta":{"_acf_changed":false,"footnotes":""},"class_list":["post-28010","page","type-page","status-publish","has-post-thumbnail","hentry"],"acf":[],"yoast_head":"<!-- This site is optimized with the Yoast SEO plugin v27.2 - https:\/\/yoast.com\/product\/yoast-seo-wordpress\/ -->\n<title>Jacques Jefferies - biathlon - De ambassadeurs van Les Gets<\/title>\n<meta name=\"description\" content=\"Ontdek het portret van onze ambassadeur Jacques Jefferies: zijn passie voor biatlon, zijn carri\u00e8re, resultaten en zijn toekomstige projecten...\" \/>\n<meta name=\"robots\" content=\"index, follow, max-snippet:-1, max-image-preview:large, max-video-preview:-1\" \/>\n<link rel=\"canonical\" href=\"https:\/\/www.lesgets.com\/nl\/ontdek-het-skigebied\/bergstation\/onze-ambassadeurs\/jacques-jefferies-biathlon\/\" \/>\n<meta property=\"og:locale\" content=\"nl_NL\" \/>\n<meta property=\"og:type\" content=\"article\" \/>\n<meta property=\"og:title\" content=\"Jacques Jefferies - biathlon - De ambassadeurs van Les Gets\" \/>\n<meta property=\"og:description\" content=\"Ontdek het portret van onze ambassadeur Jacques Jefferies: zijn passie voor biatlon, zijn carri\u00e8re, resultaten en zijn toekomstige projecten...\" \/>\n<meta property=\"og:url\" content=\"https:\/\/www.lesgets.com\/nl\/ontdek-het-skigebied\/bergstation\/onze-ambassadeurs\/jacques-jefferies-biathlon\/\" \/>\n<meta property=\"og:site_name\" content=\"Les Gets\" \/>\n<meta property=\"article:modified_time\" content=\"2021-04-20T11:42:13+00:00\" \/>\n<meta property=\"og:image\" content=\"https:\/\/www.lesgets.com\/wp\/..\/app\/uploads\/2022\/05\/2022_04_20_Jacques_Jefferies_cpNoaBarrau_DSC04416.jpg\" \/>\n\t<meta property=\"og:image:width\" content=\"2048\" \/>\n\t<meta property=\"og:image:height\" content=\"1365\" \/>\n\t<meta property=\"og:image:type\" content=\"image\/jpeg\" \/>\n<meta name=\"twitter:card\" content=\"summary_large_image\" \/>\n<meta name=\"twitter:label1\" content=\"Est. reading time\" \/>\n\t<meta name=\"twitter:data1\" content=\"2 minutes\" \/>\n<script type=\"application\/ld+json\" class=\"yoast-schema-graph\">{\"@context\":\"https:\/\/schema.org\",\"@graph\":[{\"@type\":\"WebPage\",\"@id\":\"https:\/\/www.lesgets.com\/nl\/ontdek-het-skigebied\/bergstation\/onze-ambassadeurs\/jacques-jefferies-biathlon\/\",\"url\":\"https:\/\/www.lesgets.com\/nl\/ontdek-het-skigebied\/bergstation\/onze-ambassadeurs\/jacques-jefferies-biathlon\/\",\"name\":\"Jacques Jefferies - biathlon - De ambassadeurs van Les Gets\",\"isPartOf\":{\"@id\":\"https:\/\/www.lesgets.com\/en\/#website\"},\"primaryImageOfPage\":{\"@id\":\"https:\/\/www.lesgets.com\/nl\/ontdek-het-skigebied\/bergstation\/onze-ambassadeurs\/jacques-jefferies-biathlon\/#primaryimage\"},\"image\":{\"@id\":\"https:\/\/www.lesgets.com\/nl\/ontdek-het-skigebied\/bergstation\/onze-ambassadeurs\/jacques-jefferies-biathlon\/#primaryimage\"},\"thumbnailUrl\":\"https:\/\/www.lesgets.com\/wp\/..\/app\/uploads\/2022\/05\/2022_04_20_Jacques_Jefferies_cpNoaBarrau_DSC04416.jpg\",\"datePublished\":\"2021-04-20T11:40:52+00:00\",\"dateModified\":\"2021-04-20T11:42:13+00:00\",\"description\":\"Ontdek het portret van onze ambassadeur Jacques Jefferies: zijn passie voor biatlon, zijn carri\u00e8re, resultaten en zijn toekomstige projecten...\",\"breadcrumb\":{\"@id\":\"https:\/\/www.lesgets.com\/nl\/ontdek-het-skigebied\/bergstation\/onze-ambassadeurs\/jacques-jefferies-biathlon\/#breadcrumb\"},\"inLanguage\":\"nl-NL\",\"potentialAction\":[{\"@type\":\"ReadAction\",\"target\":[\"https:\/\/www.lesgets.com\/nl\/ontdek-het-skigebied\/bergstation\/onze-ambassadeurs\/jacques-jefferies-biathlon\/\"]}]},{\"@type\":\"ImageObject\",\"inLanguage\":\"nl-NL\",\"@id\":\"https:\/\/www.lesgets.com\/nl\/ontdek-het-skigebied\/bergstation\/onze-ambassadeurs\/jacques-jefferies-biathlon\/#primaryimage\",\"url\":\"https:\/\/www.lesgets.com\/wp\/..\/app\/uploads\/2022\/05\/2022_04_20_Jacques_Jefferies_cpNoaBarrau_DSC04416.jpg\",\"contentUrl\":\"https:\/\/www.lesgets.com\/wp\/..\/app\/uploads\/2022\/05\/2022_04_20_Jacques_Jefferies_cpNoaBarrau_DSC04416.jpg\",\"width\":2048,\"height\":1365},{\"@type\":\"BreadcrumbList\",\"@id\":\"https:\/\/www.lesgets.com\/nl\/ontdek-het-skigebied\/bergstation\/onze-ambassadeurs\/jacques-jefferies-biathlon\/#breadcrumb\",\"itemListElement\":[{\"@type\":\"ListItem\",\"position\":1,\"name\":\"Accueil\",\"item\":\"https:\/\/www.lesgets.com\/nl\/\"},{\"@type\":\"ListItem\",\"position\":2,\"name\":\"Ontdek het resort\",\"item\":\"https:\/\/www.lesgets.com\/nl\/ontdek-het-skigebied\/\"},{\"@type\":\"ListItem\",\"position\":3,\"name\":\"Charming station &amp; village\",\"item\":\"https:\/\/www.lesgets.com\/nl\/ontdek-het-skigebied\/bergstation\/\"},{\"@type\":\"ListItem\",\"position\":4,\"name\":\"Onze ambassadeurs\",\"item\":\"https:\/\/www.lesgets.com\/nl\/ontdek-het-skigebied\/bergstation\/onze-ambassadeurs\/\"},{\"@type\":\"ListItem\",\"position\":5,\"name\":\"Jacques Jefferies &#8211; biathlon\"}]},{\"@type\":\"WebSite\",\"@id\":\"https:\/\/www.lesgets.com\/en\/#website\",\"url\":\"https:\/\/www.lesgets.com\/en\/\",\"name\":\"Les Gets\",\"description\":\"\",\"publisher\":{\"@id\":\"https:\/\/www.lesgets.com\/en\/#organization\"},\"potentialAction\":[{\"@type\":\"SearchAction\",\"target\":{\"@type\":\"EntryPoint\",\"urlTemplate\":\"https:\/\/www.lesgets.com\/en\/?s={search_term_string}\"},\"query-input\":{\"@type\":\"PropertyValueSpecification\",\"valueRequired\":true,\"valueName\":\"search_term_string\"}}],\"inLanguage\":\"nl-NL\"},{\"@type\":\"Organization\",\"@id\":\"https:\/\/www.lesgets.com\/en\/#organization\",\"name\":\"Les Gets\",\"url\":\"https:\/\/www.lesgets.com\/en\/\",\"logo\":{\"@type\":\"ImageObject\",\"inLanguage\":\"nl-NL\",\"@id\":\"https:\/\/www.lesgets.com\/en\/#\/schema\/logo\/image\/\",\"url\":\"https:\/\/www.lesgets.com\/wp\/..\/app\/uploads\/2020\/06\/logo_lesgets.png\",\"contentUrl\":\"https:\/\/www.lesgets.com\/wp\/..\/app\/uploads\/2020\/06\/logo_lesgets.png\",\"width\":136,\"height\":115,\"caption\":\"Les Gets\"},\"image\":{\"@id\":\"https:\/\/www.lesgets.com\/en\/#\/schema\/logo\/image\/\"}}]}<\/script>\n<!-- \/ Yoast SEO plugin. -->","yoast_head_json":{"title":"Jacques Jefferies - biathlon - De ambassadeurs van Les Gets","description":"Ontdek het portret van onze ambassadeur Jacques Jefferies: zijn passie voor biatlon, zijn carri\u00e8re, resultaten en zijn toekomstige projecten...","robots":{"index":"index","follow":"follow","max-snippet":"max-snippet:-1","max-image-preview":"max-image-preview:large","max-video-preview":"max-video-preview:-1"},"canonical":"https:\/\/www.lesgets.com\/nl\/ontdek-het-skigebied\/bergstation\/onze-ambassadeurs\/jacques-jefferies-biathlon\/","og_locale":"nl_NL","og_type":"article","og_title":"Jacques Jefferies - biathlon - De ambassadeurs van Les Gets","og_description":"Ontdek het portret van onze ambassadeur Jacques Jefferies: zijn passie voor biatlon, zijn carri\u00e8re, resultaten en zijn toekomstige projecten...","og_url":"https:\/\/www.lesgets.com\/nl\/ontdek-het-skigebied\/bergstation\/onze-ambassadeurs\/jacques-jefferies-biathlon\/","og_site_name":"Les Gets","article_modified_time":"2021-04-20T11:42:13+00:00","og_image":[{"width":2048,"height":1365,"url":"https:\/\/www.lesgets.com\/wp\/..\/app\/uploads\/2022\/05\/2022_04_20_Jacques_Jefferies_cpNoaBarrau_DSC04416.jpg","type":"image\/jpeg"}],"twitter_card":"summary_large_image","twitter_misc":{"Est. reading time":"2 minutes"},"schema":{"@context":"https:\/\/schema.org","@graph":[{"@type":"WebPage","@id":"https:\/\/www.lesgets.com\/nl\/ontdek-het-skigebied\/bergstation\/onze-ambassadeurs\/jacques-jefferies-biathlon\/","url":"https:\/\/www.lesgets.com\/nl\/ontdek-het-skigebied\/bergstation\/onze-ambassadeurs\/jacques-jefferies-biathlon\/","name":"Jacques Jefferies - biathlon - De ambassadeurs van Les Gets","isPartOf":{"@id":"https:\/\/www.lesgets.com\/en\/#website"},"primaryImageOfPage":{"@id":"https:\/\/www.lesgets.com\/nl\/ontdek-het-skigebied\/bergstation\/onze-ambassadeurs\/jacques-jefferies-biathlon\/#primaryimage"},"image":{"@id":"https:\/\/www.lesgets.com\/nl\/ontdek-het-skigebied\/bergstation\/onze-ambassadeurs\/jacques-jefferies-biathlon\/#primaryimage"},"thumbnailUrl":"https:\/\/www.lesgets.com\/wp\/..\/app\/uploads\/2022\/05\/2022_04_20_Jacques_Jefferies_cpNoaBarrau_DSC04416.jpg","datePublished":"2021-04-20T11:40:52+00:00","dateModified":"2021-04-20T11:42:13+00:00","description":"Ontdek het portret van onze ambassadeur Jacques Jefferies: zijn passie voor biatlon, zijn carri\u00e8re, resultaten en zijn toekomstige projecten...","breadcrumb":{"@id":"https:\/\/www.lesgets.com\/nl\/ontdek-het-skigebied\/bergstation\/onze-ambassadeurs\/jacques-jefferies-biathlon\/#breadcrumb"},"inLanguage":"nl-NL","potentialAction":[{"@type":"ReadAction","target":["https:\/\/www.lesgets.com\/nl\/ontdek-het-skigebied\/bergstation\/onze-ambassadeurs\/jacques-jefferies-biathlon\/"]}]},{"@type":"ImageObject","inLanguage":"nl-NL","@id":"https:\/\/www.lesgets.com\/nl\/ontdek-het-skigebied\/bergstation\/onze-ambassadeurs\/jacques-jefferies-biathlon\/#primaryimage","url":"https:\/\/www.lesgets.com\/wp\/..\/app\/uploads\/2022\/05\/2022_04_20_Jacques_Jefferies_cpNoaBarrau_DSC04416.jpg","contentUrl":"https:\/\/www.lesgets.com\/wp\/..\/app\/uploads\/2022\/05\/2022_04_20_Jacques_Jefferies_cpNoaBarrau_DSC04416.jpg","width":2048,"height":1365},{"@type":"BreadcrumbList","@id":"https:\/\/www.lesgets.com\/nl\/ontdek-het-skigebied\/bergstation\/onze-ambassadeurs\/jacques-jefferies-biathlon\/#breadcrumb","itemListElement":[{"@type":"ListItem","position":1,"name":"Accueil","item":"https:\/\/www.lesgets.com\/nl\/"},{"@type":"ListItem","position":2,"name":"Ontdek het resort","item":"https:\/\/www.lesgets.com\/nl\/ontdek-het-skigebied\/"},{"@type":"ListItem","position":3,"name":"Charming station &amp; village","item":"https:\/\/www.lesgets.com\/nl\/ontdek-het-skigebied\/bergstation\/"},{"@type":"ListItem","position":4,"name":"Onze ambassadeurs","item":"https:\/\/www.lesgets.com\/nl\/ontdek-het-skigebied\/bergstation\/onze-ambassadeurs\/"},{"@type":"ListItem","position":5,"name":"Jacques Jefferies &#8211; biathlon"}]},{"@type":"WebSite","@id":"https:\/\/www.lesgets.com\/en\/#website","url":"https:\/\/www.lesgets.com\/en\/","name":"Les Gets","description":"","publisher":{"@id":"https:\/\/www.lesgets.com\/en\/#organization"},"potentialAction":[{"@type":"SearchAction","target":{"@type":"EntryPoint","urlTemplate":"https:\/\/www.lesgets.com\/en\/?s={search_term_string}"},"query-input":{"@type":"PropertyValueSpecification","valueRequired":true,"valueName":"search_term_string"}}],"inLanguage":"nl-NL"},{"@type":"Organization","@id":"https:\/\/www.lesgets.com\/en\/#organization","name":"Les Gets","url":"https:\/\/www.lesgets.com\/en\/","logo":{"@type":"ImageObject","inLanguage":"nl-NL","@id":"https:\/\/www.lesgets.com\/en\/#\/schema\/logo\/image\/","url":"https:\/\/www.lesgets.com\/wp\/..\/app\/uploads\/2020\/06\/logo_lesgets.png","contentUrl":"https:\/\/www.lesgets.com\/wp\/..\/app\/uploads\/2020\/06\/logo_lesgets.png","width":136,"height":115,"caption":"Les Gets"},"image":{"@id":"https:\/\/www.lesgets.com\/en\/#\/schema\/logo\/image\/"}}]}},"featured_image_src":"https:\/\/www.lesgets.com\/wp\/..\/app\/uploads\/2022\/05\/2022_04_20_Jacques_Jefferies_cpNoaBarrau_DSC04416-600x400.jpg","featured_image_src_square":"https:\/\/www.lesgets.com\/wp\/..\/app\/uploads\/2022\/05\/2022_04_20_Jacques_Jefferies_cpNoaBarrau_DSC04416-600x600.jpg","_links":{"self":[{"href":"https:\/\/www.lesgets.com\/nl\/wp-json\/wp\/v2\/pages\/28010","targetHints":{"allow":["GET"]}}],"collection":[{"href":"https:\/\/www.lesgets.com\/nl\/wp-json\/wp\/v2\/pages"}],"about":[{"href":"https:\/\/www.lesgets.com\/nl\/wp-json\/wp\/v2\/types\/page"}],"author":[{"embeddable":true,"href":"https:\/\/www.lesgets.com\/nl\/wp-json\/wp\/v2\/users\/4"}],"replies":[{"embeddable":true,"href":"https:\/\/www.lesgets.com\/nl\/wp-json\/wp\/v2\/comments?post=28010"}],"version-history":[{"count":5,"href":"https:\/\/www.lesgets.com\/nl\/wp-json\/wp\/v2\/pages\/28010\/revisions"}],"predecessor-version":[{"id":28017,"href":"https:\/\/www.lesgets.com\/nl\/wp-json\/wp\/v2\/pages\/28010\/revisions\/28017"}],"up":[{"embeddable":true,"href":"https:\/\/www.lesgets.com\/nl\/wp-json\/wp\/v2\/pages\/16174"}],"wp:featuredmedia":[{"embeddable":true,"href":"https:\/\/www.lesgets.com\/nl\/wp-json\/wp\/v2\/media\/36371"}],"wp:attachment":[{"href":"https:\/\/www.lesgets.com\/nl\/wp-json\/wp\/v2\/media?parent=28010"}],"curies":[{"name":"wp","href":"https:\/\/api.w.org\/{rel}","templated":true}]}}