{"id":28018,"date":"2021-04-20T13:56:05","date_gmt":"2021-04-20T11:56:05","guid":{"rendered":"https:\/\/www.lesgets.com\/ontdek-het-skigebied\/bergstation\/onze-ambassadeurs\/felix-cottet-puinel-biathlon\/"},"modified":"2021-04-20T13:56:53","modified_gmt":"2021-04-20T11:56:53","slug":"felix-cottet-puinel-biathlon","status":"publish","type":"page","link":"https:\/\/www.lesgets.com\/nl\/ontdek-het-skigebied\/bergstation\/onze-ambassadeurs\/felix-cottet-puinel-biathlon\/","title":{"rendered":"F\u00e9lix Cottet-Puinel &#8211; Biathlon"},"content":{"rendered":"<p>Deze 24 jarige biatleet uit Morzine heeft gevoel voor inspanning en glijsport! <\/p>\n<blockquote>\n<p><em>&#8220;Als kind, deed ik veel aan sport: tennis, zwemmen, ijshockey&#8230; Ik hou van sporten die vastberadenheid vergen, die fysiek zijn en tegelijk leuk. Door de combinatie van glijden, uithoudingsvermogen en de natuur, was Noords ski\u00ebn precies goed voor mij.&#8221;<\/em><\/p>\n<\/blockquote>\n<p>F\u00e9lix is sinds zijn jeugd al gefascineerd door biatlon, een fantastische sport die langlaufen combineert met karabijnschieten.<\/p>\n<blockquote>\n<p>\u201c<em> \u201cJezelf overtreffen met langlaufen en meteen daarna karabijnschieten terwijl je hart 170 keer per minuut klopt: er zijn maar weinig sporten waar zoveel beheersing en inzet voor nodig is\u201d, vertelt F\u00e9lix.<\/em>\u201d<\/p>\n<\/blockquote>\n<p>In 2006 begint hij in Les Gets met Noords ski\u00ebn. Met een aantal jaren ijshockey ervaring is het voor F\u00e9lix makkelijk om skating te leren. Een groot voordeel voor het langlaufen! De echte doorbraak voor biatlon kwam er in 2010 tijdens de Spelen van Vancouver: <\/p>\n<blockquote>\n<p><em>&#8220;Ik begon resultaten te behalen in het langlaufen, en ik volgde de biatlon op de voet tijdens de Spelen van Vancouver. Ik vond het een mooie en leuke sport met veel potentieel die van de grond begon te komen. Dus besloot ik het avontuur te proberen. \u00bb <\/em><\/p>\n<\/blockquote>\n<p>In 2011 wordt hij met biatlon lid van het Mont-Blanc comit\u00e9. Jaar na jaar worden zijn inspanningen beloond: hij wordt Frans kampioen in alle categorie\u00ebn jonger dan senioren en is tot 2017 lid van het Franse juniorenteam. <\/p>\n<p>Met een sportlerarendiploma van de universiteit van Grenoble op zak wil F\u00e9lix naast het biatlon ook andere dingen met zijn leven gaan doen. Hij is ge\u00efnteresseerd in journalistiek en zou graag voor een jaar naar de Verenigde Staten gaan om aan de universiteit te studeren. <\/p>\n<p>Voor nu is zijn doel: meedoen met de Europacup en daar goede resultaten behalen om bij het Franse B team terecht te komen, om vervolgens voor het eerst mee te kunnen doen met de Wereldbeker.<\/p>\n\n<div class=\"block block-core-spacer\">\n<div style=\"height:30px\" aria-hidden=\"true\" class=\"wp-block-spacer\"><\/div>\n<\/div>\n\n\n<figure class=\"wp-block-image size-large\"><img loading=\"lazy\" decoding=\"async\" width=\"1028\" height=\"461\" src=\"https:\/\/www.lesgets.com\/app\/uploads\/2021\/01\/2019-2020_ambassadeurs_Lesgets_Felix_Cottet_Puinel-2.jpg\" alt=\"\" class=\"wp-image-25409\" srcset=\"https:\/\/www.lesgets.com\/wp\/..\/app\/uploads\/2021\/01\/2019-2020_ambassadeurs_Lesgets_Felix_Cottet_Puinel-2.jpg 1028w, https:\/\/www.lesgets.com\/wp\/..\/app\/uploads\/2021\/01\/2019-2020_ambassadeurs_Lesgets_Felix_Cottet_Puinel-2-768x344.jpg 768w, https:\/\/www.lesgets.com\/wp\/..\/app\/uploads\/2021\/01\/2019-2020_ambassadeurs_Lesgets_Felix_Cottet_Puinel-2-960x431.jpg 960w\" sizes=\"auto, (max-width: 1028px) 100vw, 1028px\" \/><\/figure>\n\n\n<div class=\"block block-core-spacer\">\n<div style=\"height:30px\" aria-hidden=\"true\" class=\"wp-block-spacer\"><\/div>\n<\/div>\n\n<div class=\"block block-core-heading\">\n<h2 class=\"wp-block-heading\">Belangrijkste resultaten<\/h2>\n<\/div>\n\n<ul>\n<li aria-level=\"1\">2 bronzen medailles bij de Universiades van Krasnoyarsk 2019 (individueel en estafette)<\/li>\n<li aria-level=\"1\">Winnaar algemeen klassement van de Samse National Tour (Frans circuit)<\/li>\n<li aria-level=\"1\">Frans kampioen estafette<\/li>\n<li aria-level=\"1\">Bronzen medaille bij de Wereldkampioenschappen Junior estafette<\/li>\n<li aria-level=\"1\">Frans kampioen Jeugd massa start<\/li>\n<li aria-level=\"1\">Frans kampioen junioren<\/li>\n<\/ul>\n\n<div class=\"block block-core-spacer\">\n<div style=\"height:100px\" aria-hidden=\"true\" class=\"wp-block-spacer\"><\/div>\n<\/div>","protected":false},"excerpt":{"rendered":"<p>Ontdek het portret van onze ambassadeur F\u00e9lix Cottet-Puinel: zijn passie voor biatlon, zijn carri\u00e8re, resultaten en zijn toekomstige projecten&#8230;<\/p>\n","protected":false},"author":4,"featured_media":25280,"parent":16174,"menu_order":0,"comment_status":"closed","ping_status":"closed","template":"","meta":{"_acf_changed":false,"footnotes":""},"class_list":["post-28018","page","type-page","status-publish","has-post-thumbnail","hentry"],"acf":[],"yoast_head":"<!-- This site is optimized with the Yoast SEO plugin v27.3 - https:\/\/yoast.com\/product\/yoast-seo-wordpress\/ -->\n<title>F\u00e9lix Cottet-Puinel - Biathlon - De ambassadeurs van Les Gets<\/title>\n<meta name=\"description\" content=\"Ontdek het portret van onze ambassadeur F\u00e9lix Cottet-Puinel: zijn passie voor biatlon, zijn carri\u00e8re, resultaten en zijn toekomstige projecten...\" \/>\n<meta name=\"robots\" content=\"index, follow, max-snippet:-1, max-image-preview:large, max-video-preview:-1\" \/>\n<link rel=\"canonical\" href=\"https:\/\/www.lesgets.com\/nl\/ontdek-het-skigebied\/bergstation\/onze-ambassadeurs\/felix-cottet-puinel-biathlon\/\" \/>\n<meta property=\"og:locale\" content=\"nl_NL\" \/>\n<meta property=\"og:type\" content=\"article\" \/>\n<meta property=\"og:title\" content=\"F\u00e9lix Cottet-Puinel - Biathlon - De ambassadeurs van Les Gets\" \/>\n<meta property=\"og:description\" content=\"Ontdek het portret van onze ambassadeur F\u00e9lix Cottet-Puinel: zijn passie voor biatlon, zijn carri\u00e8re, resultaten en zijn toekomstige projecten...\" \/>\n<meta property=\"og:url\" content=\"https:\/\/www.lesgets.com\/nl\/ontdek-het-skigebied\/bergstation\/onze-ambassadeurs\/felix-cottet-puinel-biathlon\/\" \/>\n<meta property=\"og:site_name\" content=\"Les Gets\" \/>\n<meta property=\"article:modified_time\" content=\"2021-04-20T11:56:53+00:00\" \/>\n<meta property=\"og:image\" content=\"https:\/\/www.lesgets.com\/..\/app\/uploads\/2021\/01\/2019-2020_ambassadeurs_Lesgets_Felix_Cottet_Puinel-1.jpg\" \/>\n\t<meta property=\"og:image:width\" content=\"807\" \/>\n\t<meta property=\"og:image:height\" content=\"538\" \/>\n\t<meta property=\"og:image:type\" content=\"image\/jpeg\" \/>\n<meta name=\"twitter:card\" content=\"summary_large_image\" \/>\n<meta name=\"twitter:label1\" content=\"Est. reading time\" \/>\n\t<meta name=\"twitter:data1\" content=\"2 minutes\" \/>\n<script type=\"application\/ld+json\" class=\"yoast-schema-graph\">{\"@context\":\"https:\\\/\\\/schema.org\",\"@graph\":[{\"@type\":\"WebPage\",\"@id\":\"https:\\\/\\\/www.lesgets.com\\\/nl\\\/ontdek-het-skigebied\\\/bergstation\\\/onze-ambassadeurs\\\/felix-cottet-puinel-biathlon\\\/\",\"url\":\"https:\\\/\\\/www.lesgets.com\\\/nl\\\/ontdek-het-skigebied\\\/bergstation\\\/onze-ambassadeurs\\\/felix-cottet-puinel-biathlon\\\/\",\"name\":\"F\u00e9lix Cottet-Puinel - Biathlon - De ambassadeurs van Les Gets\",\"isPartOf\":{\"@id\":\"https:\\\/\\\/www.lesgets.com\\\/en\\\/#website\"},\"primaryImageOfPage\":{\"@id\":\"https:\\\/\\\/www.lesgets.com\\\/nl\\\/ontdek-het-skigebied\\\/bergstation\\\/onze-ambassadeurs\\\/felix-cottet-puinel-biathlon\\\/#primaryimage\"},\"image\":{\"@id\":\"https:\\\/\\\/www.lesgets.com\\\/nl\\\/ontdek-het-skigebied\\\/bergstation\\\/onze-ambassadeurs\\\/felix-cottet-puinel-biathlon\\\/#primaryimage\"},\"thumbnailUrl\":\"https:\\\/\\\/www.lesgets.com\\\/wp\\\/..\\\/app\\\/uploads\\\/2021\\\/01\\\/2019-2020_ambassadeurs_Lesgets_Felix_Cottet_Puinel-1.jpg\",\"datePublished\":\"2021-04-20T11:56:05+00:00\",\"dateModified\":\"2021-04-20T11:56:53+00:00\",\"description\":\"Ontdek het portret van onze ambassadeur F\u00e9lix Cottet-Puinel: zijn passie voor biatlon, zijn carri\u00e8re, resultaten en zijn toekomstige projecten...\",\"breadcrumb\":{\"@id\":\"https:\\\/\\\/www.lesgets.com\\\/nl\\\/ontdek-het-skigebied\\\/bergstation\\\/onze-ambassadeurs\\\/felix-cottet-puinel-biathlon\\\/#breadcrumb\"},\"inLanguage\":\"nl-NL\",\"potentialAction\":[{\"@type\":\"ReadAction\",\"target\":[\"https:\\\/\\\/www.lesgets.com\\\/nl\\\/ontdek-het-skigebied\\\/bergstation\\\/onze-ambassadeurs\\\/felix-cottet-puinel-biathlon\\\/\"]}]},{\"@type\":\"ImageObject\",\"inLanguage\":\"nl-NL\",\"@id\":\"https:\\\/\\\/www.lesgets.com\\\/nl\\\/ontdek-het-skigebied\\\/bergstation\\\/onze-ambassadeurs\\\/felix-cottet-puinel-biathlon\\\/#primaryimage\",\"url\":\"https:\\\/\\\/www.lesgets.com\\\/wp\\\/..\\\/app\\\/uploads\\\/2021\\\/01\\\/2019-2020_ambassadeurs_Lesgets_Felix_Cottet_Puinel-1.jpg\",\"contentUrl\":\"https:\\\/\\\/www.lesgets.com\\\/wp\\\/..\\\/app\\\/uploads\\\/2021\\\/01\\\/2019-2020_ambassadeurs_Lesgets_Felix_Cottet_Puinel-1.jpg\",\"width\":807,\"height\":538},{\"@type\":\"BreadcrumbList\",\"@id\":\"https:\\\/\\\/www.lesgets.com\\\/nl\\\/ontdek-het-skigebied\\\/bergstation\\\/onze-ambassadeurs\\\/felix-cottet-puinel-biathlon\\\/#breadcrumb\",\"itemListElement\":[{\"@type\":\"ListItem\",\"position\":1,\"name\":\"Accueil\",\"item\":\"https:\\\/\\\/www.lesgets.com\\\/nl\\\/\"},{\"@type\":\"ListItem\",\"position\":2,\"name\":\"Ontdek het resort\",\"item\":\"https:\\\/\\\/www.lesgets.com\\\/nl\\\/ontdek-het-skigebied\\\/\"},{\"@type\":\"ListItem\",\"position\":3,\"name\":\"Charming station &amp; village\",\"item\":\"https:\\\/\\\/www.lesgets.com\\\/nl\\\/ontdek-het-skigebied\\\/bergstation\\\/\"},{\"@type\":\"ListItem\",\"position\":4,\"name\":\"Onze ambassadeurs\",\"item\":\"https:\\\/\\\/www.lesgets.com\\\/nl\\\/ontdek-het-skigebied\\\/bergstation\\\/onze-ambassadeurs\\\/\"},{\"@type\":\"ListItem\",\"position\":5,\"name\":\"F\u00e9lix Cottet-Puinel &#8211; Biathlon\"}]},{\"@type\":\"WebSite\",\"@id\":\"https:\\\/\\\/www.lesgets.com\\\/en\\\/#website\",\"url\":\"https:\\\/\\\/www.lesgets.com\\\/en\\\/\",\"name\":\"Les Gets\",\"description\":\"\",\"publisher\":{\"@id\":\"https:\\\/\\\/www.lesgets.com\\\/en\\\/#organization\"},\"potentialAction\":[{\"@type\":\"SearchAction\",\"target\":{\"@type\":\"EntryPoint\",\"urlTemplate\":\"https:\\\/\\\/www.lesgets.com\\\/en\\\/?s={search_term_string}\"},\"query-input\":{\"@type\":\"PropertyValueSpecification\",\"valueRequired\":true,\"valueName\":\"search_term_string\"}}],\"inLanguage\":\"nl-NL\"},{\"@type\":\"Organization\",\"@id\":\"https:\\\/\\\/www.lesgets.com\\\/en\\\/#organization\",\"name\":\"Les Gets\",\"url\":\"https:\\\/\\\/www.lesgets.com\\\/en\\\/\",\"logo\":{\"@type\":\"ImageObject\",\"inLanguage\":\"nl-NL\",\"@id\":\"https:\\\/\\\/www.lesgets.com\\\/en\\\/#\\\/schema\\\/logo\\\/image\\\/\",\"url\":\"https:\\\/\\\/www.lesgets.com\\\/wp\\\/..\\\/app\\\/uploads\\\/2020\\\/06\\\/logo_lesgets.png\",\"contentUrl\":\"https:\\\/\\\/www.lesgets.com\\\/wp\\\/..\\\/app\\\/uploads\\\/2020\\\/06\\\/logo_lesgets.png\",\"width\":136,\"height\":115,\"caption\":\"Les Gets\"},\"image\":{\"@id\":\"https:\\\/\\\/www.lesgets.com\\\/en\\\/#\\\/schema\\\/logo\\\/image\\\/\"}}]}<\/script>\n<!-- \/ Yoast SEO plugin. -->","yoast_head_json":{"title":"F\u00e9lix Cottet-Puinel - Biathlon - De ambassadeurs van Les Gets","description":"Ontdek het portret van onze ambassadeur F\u00e9lix Cottet-Puinel: zijn passie voor biatlon, zijn carri\u00e8re, resultaten en zijn toekomstige projecten...","robots":{"index":"index","follow":"follow","max-snippet":"max-snippet:-1","max-image-preview":"max-image-preview:large","max-video-preview":"max-video-preview:-1"},"canonical":"https:\/\/www.lesgets.com\/nl\/ontdek-het-skigebied\/bergstation\/onze-ambassadeurs\/felix-cottet-puinel-biathlon\/","og_locale":"nl_NL","og_type":"article","og_title":"F\u00e9lix Cottet-Puinel - Biathlon - De ambassadeurs van Les Gets","og_description":"Ontdek het portret van onze ambassadeur F\u00e9lix Cottet-Puinel: zijn passie voor biatlon, zijn carri\u00e8re, resultaten en zijn toekomstige projecten...","og_url":"https:\/\/www.lesgets.com\/nl\/ontdek-het-skigebied\/bergstation\/onze-ambassadeurs\/felix-cottet-puinel-biathlon\/","og_site_name":"Les Gets","article_modified_time":"2021-04-20T11:56:53+00:00","og_image":[{"width":807,"height":538,"url":"https:\/\/www.lesgets.com\/..\/app\/uploads\/2021\/01\/2019-2020_ambassadeurs_Lesgets_Felix_Cottet_Puinel-1.jpg","type":"image\/jpeg"}],"twitter_card":"summary_large_image","twitter_misc":{"Est. reading time":"2 minutes"},"schema":{"@context":"https:\/\/schema.org","@graph":[{"@type":"WebPage","@id":"https:\/\/www.lesgets.com\/nl\/ontdek-het-skigebied\/bergstation\/onze-ambassadeurs\/felix-cottet-puinel-biathlon\/","url":"https:\/\/www.lesgets.com\/nl\/ontdek-het-skigebied\/bergstation\/onze-ambassadeurs\/felix-cottet-puinel-biathlon\/","name":"F\u00e9lix Cottet-Puinel - Biathlon - De ambassadeurs van Les Gets","isPartOf":{"@id":"https:\/\/www.lesgets.com\/en\/#website"},"primaryImageOfPage":{"@id":"https:\/\/www.lesgets.com\/nl\/ontdek-het-skigebied\/bergstation\/onze-ambassadeurs\/felix-cottet-puinel-biathlon\/#primaryimage"},"image":{"@id":"https:\/\/www.lesgets.com\/nl\/ontdek-het-skigebied\/bergstation\/onze-ambassadeurs\/felix-cottet-puinel-biathlon\/#primaryimage"},"thumbnailUrl":"https:\/\/www.lesgets.com\/wp\/..\/app\/uploads\/2021\/01\/2019-2020_ambassadeurs_Lesgets_Felix_Cottet_Puinel-1.jpg","datePublished":"2021-04-20T11:56:05+00:00","dateModified":"2021-04-20T11:56:53+00:00","description":"Ontdek het portret van onze ambassadeur F\u00e9lix Cottet-Puinel: zijn passie voor biatlon, zijn carri\u00e8re, resultaten en zijn toekomstige projecten...","breadcrumb":{"@id":"https:\/\/www.lesgets.com\/nl\/ontdek-het-skigebied\/bergstation\/onze-ambassadeurs\/felix-cottet-puinel-biathlon\/#breadcrumb"},"inLanguage":"nl-NL","potentialAction":[{"@type":"ReadAction","target":["https:\/\/www.lesgets.com\/nl\/ontdek-het-skigebied\/bergstation\/onze-ambassadeurs\/felix-cottet-puinel-biathlon\/"]}]},{"@type":"ImageObject","inLanguage":"nl-NL","@id":"https:\/\/www.lesgets.com\/nl\/ontdek-het-skigebied\/bergstation\/onze-ambassadeurs\/felix-cottet-puinel-biathlon\/#primaryimage","url":"https:\/\/www.lesgets.com\/wp\/..\/app\/uploads\/2021\/01\/2019-2020_ambassadeurs_Lesgets_Felix_Cottet_Puinel-1.jpg","contentUrl":"https:\/\/www.lesgets.com\/wp\/..\/app\/uploads\/2021\/01\/2019-2020_ambassadeurs_Lesgets_Felix_Cottet_Puinel-1.jpg","width":807,"height":538},{"@type":"BreadcrumbList","@id":"https:\/\/www.lesgets.com\/nl\/ontdek-het-skigebied\/bergstation\/onze-ambassadeurs\/felix-cottet-puinel-biathlon\/#breadcrumb","itemListElement":[{"@type":"ListItem","position":1,"name":"Accueil","item":"https:\/\/www.lesgets.com\/nl\/"},{"@type":"ListItem","position":2,"name":"Ontdek het resort","item":"https:\/\/www.lesgets.com\/nl\/ontdek-het-skigebied\/"},{"@type":"ListItem","position":3,"name":"Charming station &amp; village","item":"https:\/\/www.lesgets.com\/nl\/ontdek-het-skigebied\/bergstation\/"},{"@type":"ListItem","position":4,"name":"Onze ambassadeurs","item":"https:\/\/www.lesgets.com\/nl\/ontdek-het-skigebied\/bergstation\/onze-ambassadeurs\/"},{"@type":"ListItem","position":5,"name":"F\u00e9lix Cottet-Puinel &#8211; Biathlon"}]},{"@type":"WebSite","@id":"https:\/\/www.lesgets.com\/en\/#website","url":"https:\/\/www.lesgets.com\/en\/","name":"Les Gets","description":"","publisher":{"@id":"https:\/\/www.lesgets.com\/en\/#organization"},"potentialAction":[{"@type":"SearchAction","target":{"@type":"EntryPoint","urlTemplate":"https:\/\/www.lesgets.com\/en\/?s={search_term_string}"},"query-input":{"@type":"PropertyValueSpecification","valueRequired":true,"valueName":"search_term_string"}}],"inLanguage":"nl-NL"},{"@type":"Organization","@id":"https:\/\/www.lesgets.com\/en\/#organization","name":"Les Gets","url":"https:\/\/www.lesgets.com\/en\/","logo":{"@type":"ImageObject","inLanguage":"nl-NL","@id":"https:\/\/www.lesgets.com\/en\/#\/schema\/logo\/image\/","url":"https:\/\/www.lesgets.com\/wp\/..\/app\/uploads\/2020\/06\/logo_lesgets.png","contentUrl":"https:\/\/www.lesgets.com\/wp\/..\/app\/uploads\/2020\/06\/logo_lesgets.png","width":136,"height":115,"caption":"Les Gets"},"image":{"@id":"https:\/\/www.lesgets.com\/en\/#\/schema\/logo\/image\/"}}]}},"featured_image_src":"https:\/\/www.lesgets.com\/wp\/..\/app\/uploads\/2021\/01\/2019-2020_ambassadeurs_Lesgets_Felix_Cottet_Puinel-1-600x400.jpg","featured_image_src_square":"https:\/\/www.lesgets.com\/wp\/..\/app\/uploads\/2021\/01\/2019-2020_ambassadeurs_Lesgets_Felix_Cottet_Puinel-1-600x538.jpg","_links":{"self":[{"href":"https:\/\/www.lesgets.com\/nl\/wp-json\/wp\/v2\/pages\/28018","targetHints":{"allow":["GET"]}}],"collection":[{"href":"https:\/\/www.lesgets.com\/nl\/wp-json\/wp\/v2\/pages"}],"about":[{"href":"https:\/\/www.lesgets.com\/nl\/wp-json\/wp\/v2\/types\/page"}],"author":[{"embeddable":true,"href":"https:\/\/www.lesgets.com\/nl\/wp-json\/wp\/v2\/users\/4"}],"replies":[{"embeddable":true,"href":"https:\/\/www.lesgets.com\/nl\/wp-json\/wp\/v2\/comments?post=28018"}],"version-history":[{"count":2,"href":"https:\/\/www.lesgets.com\/nl\/wp-json\/wp\/v2\/pages\/28018\/revisions"}],"predecessor-version":[{"id":28021,"href":"https:\/\/www.lesgets.com\/nl\/wp-json\/wp\/v2\/pages\/28018\/revisions\/28021"}],"up":[{"embeddable":true,"href":"https:\/\/www.lesgets.com\/nl\/wp-json\/wp\/v2\/pages\/16174"}],"wp:featuredmedia":[{"embeddable":true,"href":"https:\/\/www.lesgets.com\/nl\/wp-json\/wp\/v2\/media\/25280"}],"wp:attachment":[{"href":"https:\/\/www.lesgets.com\/nl\/wp-json\/wp\/v2\/media?parent=28018"}],"curies":[{"name":"wp","href":"https:\/\/api.w.org\/{rel}","templated":true}]}}