{"id":28029,"date":"2021-04-20T14:11:38","date_gmt":"2021-04-20T12:11:38","guid":{"rendered":"https:\/\/www.lesgets.com\/ontdek-het-skigebied\/bergstation\/onze-ambassadeurs\/leo-coppel-ski-alpin\/"},"modified":"2022-05-18T12:20:21","modified_gmt":"2022-05-18T10:20:21","slug":"leo-coppel-ski-alpin","status":"publish","type":"page","link":"https:\/\/www.lesgets.com\/nl\/ontdek-het-skigebied\/bergstation\/onze-ambassadeurs\/leo-coppel-ski-alpin\/","title":{"rendered":"L\u00e9o Coppel &#8211; Alpineski\u00ebn"},"content":{"rendered":"<p>Zoals alle kinderen uit de streek begon L\u00e9o op zijn 6e met alpineski\u00ebn. Daarnaast speelde hij ijshockey op hoog niveau.<\/p>\n<p>Omdat hij net zo graag op de ski\u2019s stond als op de schaats, moest L\u00e9o kiezen: \u201c<i>Om door te kunnen gaan met ijshockeyen op hoog niveau moest ik naar het buitenland vertrekken. Ik wilde in Frankrijk blijven en daarom heb ik voor ski\u00ebn gekozen. Ik heb geen spijt van mijn keuze want ik houd van glijsporten.\u201d<\/i>\u201d.&nbsp;<\/p>\n<p>ALLE glijsporten, want zodra het zomer wordt is L\u00e9o vaak te vinden langs de westkust van Frankrijk, waar hij graag surft of wakeboard. En als hij weer in Les Gets is, komt hij mountainbiken in het Bikepark, voor een afdaling met vrienden.&nbsp; <b>&nbsp;<\/b><b>&nbsp;&nbsp;&nbsp; <\/b> <b>&nbsp;&nbsp;&nbsp; <\/b><b>&nbsp;&nbsp;&nbsp; <\/b> <b>&nbsp;&nbsp;&nbsp; <\/b> <b>&nbsp;&nbsp;&nbsp; <\/b><b>&nbsp;&nbsp;&nbsp; <\/b><\/p>\n<p>In 2018 werd L\u00e9o lid van de FIS en maakt daarmee deel uit van de elite van het Mont Blanc comit\u00e9. &nbsp; zijn ambitie voor het seizoen 2020-2021: goed scoren bij het klassement U18 om mee te kunnen doen met de Franse kampioenschappen U18 en waarom niet de overwinning proberen te halen. We wensen het hem van harte!<\/p>\n<p>Voor zijn opleiding heeft L\u00e9o gekozen voor het Centre National d\u2019Entrainment van Albertville om zijn middelbare schooldiploma binnen 4 jaar te kunnen behalen.<\/p>\n\n<div class=\"block block-core-spacer\">\n<div style=\"height:30px\" aria-hidden=\"true\" class=\"wp-block-spacer\"><\/div>\n<\/div>\n\n\n<figure class=\"wp-block-gallery has-nested-images columns-2 is-cropped wp-block-gallery-1 is-layout-flex wp-block-gallery-is-layout-flex\">\n<figure class=\"wp-block-image size-large\"><img loading=\"lazy\" decoding=\"async\" width=\"942\" height=\"602\" data-id=\"36295\" src=\"https:\/\/www.lesgets.com\/wp\/..\/app\/uploads\/2022\/05\/2022_03_26_Leo_Coppel_Isola_2000_champion_u21.png\" alt=\"\" class=\"wp-image-36295\" srcset=\"https:\/\/www.lesgets.com\/wp\/..\/app\/uploads\/2022\/05\/2022_03_26_Leo_Coppel_Isola_2000_champion_u21.png 942w, https:\/\/www.lesgets.com\/wp\/..\/app\/uploads\/2022\/05\/2022_03_26_Leo_Coppel_Isola_2000_champion_u21-768x491.png 768w\" sizes=\"auto, (max-width: 942px) 100vw, 942px\" \/><\/figure>\n\n\n\n<figure class=\"wp-block-image size-large\"><img loading=\"lazy\" decoding=\"async\" width=\"1920\" height=\"1280\" data-id=\"28143\" src=\"https:\/\/www.lesgets.com\/wp\/..\/app\/uploads\/2021\/04\/2021_02_08_leo_coppel_fis_perrieres_ski_competition_slalom_geant_LD_LesGets_MelCarle_IMG_8655.jpg\" alt=\"\" class=\"wp-image-28143\" srcset=\"https:\/\/www.lesgets.com\/wp\/..\/app\/uploads\/2021\/04\/2021_02_08_leo_coppel_fis_perrieres_ski_competition_slalom_geant_LD_LesGets_MelCarle_IMG_8655.jpg 1920w, https:\/\/www.lesgets.com\/wp\/..\/app\/uploads\/2021\/04\/2021_02_08_leo_coppel_fis_perrieres_ski_competition_slalom_geant_LD_LesGets_MelCarle_IMG_8655-768x512.jpg 768w, https:\/\/www.lesgets.com\/wp\/..\/app\/uploads\/2021\/04\/2021_02_08_leo_coppel_fis_perrieres_ski_competition_slalom_geant_LD_LesGets_MelCarle_IMG_8655-1536x1024.jpg 1536w, https:\/\/www.lesgets.com\/wp\/..\/app\/uploads\/2021\/04\/2021_02_08_leo_coppel_fis_perrieres_ski_competition_slalom_geant_LD_LesGets_MelCarle_IMG_8655-600x400.jpg 600w, https:\/\/www.lesgets.com\/wp\/..\/app\/uploads\/2021\/04\/2021_02_08_leo_coppel_fis_perrieres_ski_competition_slalom_geant_LD_LesGets_MelCarle_IMG_8655-960x640.jpg 960w\" sizes=\"auto, (max-width: 1920px) 100vw, 1920px\" \/><\/figure>\n<\/figure>\n\n\n<div class=\"block block-core-spacer\">\n<div style=\"height:20px\" aria-hidden=\"true\" class=\"wp-block-spacer\"><\/div>\n<\/div>\n\n<div class=\"block block-core-heading\">\n<h2 class=\"wp-block-heading\">Belangrijkste resultaten<\/h2>\n<\/div>\n\n<p><strong>2021\/2022:<\/strong><\/p>\n<ul>\n<li>Algemeen klassement: 1st Frans in Super-G en Downhill, 2de Frans in Giant en AC<\/li>\n<li>Frans U21 kampioen reuzenslalom<\/li>\n<li>2de en 4e bij de Franse kampioenschappen in Parallel Giant<\/li>\n<li>60 FIS wedstrijden: 12 podiumplaatsen en 4 overwinningen<\/li>\n<\/ul>\n<p><b>2019\/2020 :<\/b><\/p>\n<ul>\n<li>21 wedstrijden van de FIS (SL-GS-SG), 3 podiums U18, 1 overwinning U18<\/li>\n<li>4e Fransman bij de giant slalom<\/li>\n<li>5e Fransman bij de slalom<\/li>\n<li>6e Fransman bij de SG<\/li>\n<li>29e plaats bij de leeftijdsklassering voor GS<\/li>\n<\/ul>\n<p><b>2018\/2019 : <\/b>\u00a0\u00a0\u00a0 \u00a0\u00a0\u00a0 \u00a0\u00a0\u00a0 \u00a0\u00a0\u00a0 \u00a0\u00a0\u00a0 \u00a0\u00a0\u00a0 \u00a0\u00a0\u00a0<\/p>\n<ul>\n<li>Winnaar algemeen klassement van de Mont Blanc<\/li>\n<li>Winnaar algemeen klassement van de zilveren bekers<\/li>\n<li>Top 10 algemeen klassement van de gouden eekhoorns (Franse kampioenschappen)<\/li>\n<li>3e plaats in teams bij de Whistler Cup (Canada)<\/li>\n<\/ul>\n\n<div class=\"block block-core-spacer\">\n<div style=\"height:100px\" aria-hidden=\"true\" class=\"wp-block-spacer\"><\/div>\n<\/div>","protected":false},"excerpt":{"rendered":"<p>Ontdek het portret van onze ambassadeur L\u00e9o Coppel: zijn passie voor alpineski\u00ebn, zijn carri\u00e8re, zijn resultaten en zijn toekomstige projecten&#8230;<\/p>\n","protected":false},"author":4,"featured_media":40015,"parent":16174,"menu_order":0,"comment_status":"closed","ping_status":"closed","template":"","meta":{"_acf_changed":false,"footnotes":""},"class_list":["post-28029","page","type-page","status-publish","has-post-thumbnail","hentry"],"acf":[],"yoast_head":"<!-- This site is optimized with the Yoast SEO plugin v27.3 - https:\/\/yoast.com\/product\/yoast-seo-wordpress\/ -->\n<title>L\u00e9o Coppel - Alpineski\u00ebn - De ambassadeurs van Les Gets<\/title>\n<meta name=\"description\" content=\"Ontdek het portret van onze ambassadeur L\u00e9o Coppel: zijn passie voor alpineski\u00ebn, zijn carri\u00e8re, zijn resultaten en zijn toekomstige projecten...\" \/>\n<meta name=\"robots\" content=\"index, follow, max-snippet:-1, max-image-preview:large, max-video-preview:-1\" \/>\n<link rel=\"canonical\" href=\"https:\/\/www.lesgets.com\/nl\/ontdek-het-skigebied\/bergstation\/onze-ambassadeurs\/leo-coppel-ski-alpin\/\" \/>\n<meta property=\"og:locale\" content=\"nl_NL\" \/>\n<meta property=\"og:type\" content=\"article\" \/>\n<meta property=\"og:title\" content=\"L\u00e9o Coppel - Alpineski\u00ebn - De ambassadeurs van Les Gets\" \/>\n<meta property=\"og:description\" content=\"Ontdek het portret van onze ambassadeur L\u00e9o Coppel: zijn passie voor alpineski\u00ebn, zijn carri\u00e8re, zijn resultaten en zijn toekomstige projecten...\" \/>\n<meta property=\"og:url\" content=\"https:\/\/www.lesgets.com\/nl\/ontdek-het-skigebied\/bergstation\/onze-ambassadeurs\/leo-coppel-ski-alpin\/\" \/>\n<meta property=\"og:site_name\" content=\"Les Gets\" \/>\n<meta property=\"article:modified_time\" content=\"2022-05-18T10:20:21+00:00\" \/>\n<meta property=\"og:image\" content=\"https:\/\/www.lesgets.com\/wp\/..\/app\/uploads\/2023\/02\/2021_02_08_leo_coppel_fis_perrieres_ski_competition_slalom_geant_LD_LesGets_MelCarle_IMG_8655.jpg\" \/>\n\t<meta property=\"og:image:width\" content=\"1920\" \/>\n\t<meta property=\"og:image:height\" content=\"1280\" \/>\n\t<meta property=\"og:image:type\" content=\"image\/jpeg\" \/>\n<meta name=\"twitter:card\" content=\"summary_large_image\" \/>\n<meta name=\"twitter:label1\" content=\"Est. reading time\" \/>\n\t<meta name=\"twitter:data1\" content=\"3 minutes\" \/>\n<script type=\"application\/ld+json\" class=\"yoast-schema-graph\">{\"@context\":\"https:\\\/\\\/schema.org\",\"@graph\":[{\"@type\":\"WebPage\",\"@id\":\"https:\\\/\\\/www.lesgets.com\\\/nl\\\/ontdek-het-skigebied\\\/bergstation\\\/onze-ambassadeurs\\\/leo-coppel-ski-alpin\\\/\",\"url\":\"https:\\\/\\\/www.lesgets.com\\\/nl\\\/ontdek-het-skigebied\\\/bergstation\\\/onze-ambassadeurs\\\/leo-coppel-ski-alpin\\\/\",\"name\":\"L\u00e9o Coppel - Alpineski\u00ebn - De ambassadeurs van Les Gets\",\"isPartOf\":{\"@id\":\"https:\\\/\\\/www.lesgets.com\\\/en\\\/#website\"},\"primaryImageOfPage\":{\"@id\":\"https:\\\/\\\/www.lesgets.com\\\/nl\\\/ontdek-het-skigebied\\\/bergstation\\\/onze-ambassadeurs\\\/leo-coppel-ski-alpin\\\/#primaryimage\"},\"image\":{\"@id\":\"https:\\\/\\\/www.lesgets.com\\\/nl\\\/ontdek-het-skigebied\\\/bergstation\\\/onze-ambassadeurs\\\/leo-coppel-ski-alpin\\\/#primaryimage\"},\"thumbnailUrl\":\"https:\\\/\\\/www.lesgets.com\\\/wp\\\/..\\\/app\\\/uploads\\\/2023\\\/02\\\/2021_02_08_leo_coppel_fis_perrieres_ski_competition_slalom_geant_LD_LesGets_MelCarle_IMG_8655.jpg\",\"datePublished\":\"2021-04-20T12:11:38+00:00\",\"dateModified\":\"2022-05-18T10:20:21+00:00\",\"description\":\"Ontdek het portret van onze ambassadeur L\u00e9o Coppel: zijn passie voor alpineski\u00ebn, zijn carri\u00e8re, zijn resultaten en zijn toekomstige projecten...\",\"breadcrumb\":{\"@id\":\"https:\\\/\\\/www.lesgets.com\\\/nl\\\/ontdek-het-skigebied\\\/bergstation\\\/onze-ambassadeurs\\\/leo-coppel-ski-alpin\\\/#breadcrumb\"},\"inLanguage\":\"nl-NL\",\"potentialAction\":[{\"@type\":\"ReadAction\",\"target\":[\"https:\\\/\\\/www.lesgets.com\\\/nl\\\/ontdek-het-skigebied\\\/bergstation\\\/onze-ambassadeurs\\\/leo-coppel-ski-alpin\\\/\"]}]},{\"@type\":\"ImageObject\",\"inLanguage\":\"nl-NL\",\"@id\":\"https:\\\/\\\/www.lesgets.com\\\/nl\\\/ontdek-het-skigebied\\\/bergstation\\\/onze-ambassadeurs\\\/leo-coppel-ski-alpin\\\/#primaryimage\",\"url\":\"https:\\\/\\\/www.lesgets.com\\\/wp\\\/..\\\/app\\\/uploads\\\/2023\\\/02\\\/2021_02_08_leo_coppel_fis_perrieres_ski_competition_slalom_geant_LD_LesGets_MelCarle_IMG_8655.jpg\",\"contentUrl\":\"https:\\\/\\\/www.lesgets.com\\\/wp\\\/..\\\/app\\\/uploads\\\/2023\\\/02\\\/2021_02_08_leo_coppel_fis_perrieres_ski_competition_slalom_geant_LD_LesGets_MelCarle_IMG_8655.jpg\",\"width\":1920,\"height\":1280},{\"@type\":\"BreadcrumbList\",\"@id\":\"https:\\\/\\\/www.lesgets.com\\\/nl\\\/ontdek-het-skigebied\\\/bergstation\\\/onze-ambassadeurs\\\/leo-coppel-ski-alpin\\\/#breadcrumb\",\"itemListElement\":[{\"@type\":\"ListItem\",\"position\":1,\"name\":\"Accueil\",\"item\":\"https:\\\/\\\/www.lesgets.com\\\/nl\\\/\"},{\"@type\":\"ListItem\",\"position\":2,\"name\":\"Ontdek het resort\",\"item\":\"https:\\\/\\\/www.lesgets.com\\\/nl\\\/ontdek-het-skigebied\\\/\"},{\"@type\":\"ListItem\",\"position\":3,\"name\":\"Charming station &amp; village\",\"item\":\"https:\\\/\\\/www.lesgets.com\\\/nl\\\/ontdek-het-skigebied\\\/bergstation\\\/\"},{\"@type\":\"ListItem\",\"position\":4,\"name\":\"Onze ambassadeurs\",\"item\":\"https:\\\/\\\/www.lesgets.com\\\/nl\\\/ontdek-het-skigebied\\\/bergstation\\\/onze-ambassadeurs\\\/\"},{\"@type\":\"ListItem\",\"position\":5,\"name\":\"L\u00e9o Coppel &#8211; Alpineski\u00ebn\"}]},{\"@type\":\"WebSite\",\"@id\":\"https:\\\/\\\/www.lesgets.com\\\/en\\\/#website\",\"url\":\"https:\\\/\\\/www.lesgets.com\\\/en\\\/\",\"name\":\"Les Gets\",\"description\":\"\",\"publisher\":{\"@id\":\"https:\\\/\\\/www.lesgets.com\\\/en\\\/#organization\"},\"potentialAction\":[{\"@type\":\"SearchAction\",\"target\":{\"@type\":\"EntryPoint\",\"urlTemplate\":\"https:\\\/\\\/www.lesgets.com\\\/en\\\/?s={search_term_string}\"},\"query-input\":{\"@type\":\"PropertyValueSpecification\",\"valueRequired\":true,\"valueName\":\"search_term_string\"}}],\"inLanguage\":\"nl-NL\"},{\"@type\":\"Organization\",\"@id\":\"https:\\\/\\\/www.lesgets.com\\\/en\\\/#organization\",\"name\":\"Les Gets\",\"url\":\"https:\\\/\\\/www.lesgets.com\\\/en\\\/\",\"logo\":{\"@type\":\"ImageObject\",\"inLanguage\":\"nl-NL\",\"@id\":\"https:\\\/\\\/www.lesgets.com\\\/en\\\/#\\\/schema\\\/logo\\\/image\\\/\",\"url\":\"https:\\\/\\\/www.lesgets.com\\\/wp\\\/..\\\/app\\\/uploads\\\/2020\\\/06\\\/logo_lesgets.png\",\"contentUrl\":\"https:\\\/\\\/www.lesgets.com\\\/wp\\\/..\\\/app\\\/uploads\\\/2020\\\/06\\\/logo_lesgets.png\",\"width\":136,\"height\":115,\"caption\":\"Les Gets\"},\"image\":{\"@id\":\"https:\\\/\\\/www.lesgets.com\\\/en\\\/#\\\/schema\\\/logo\\\/image\\\/\"}}]}<\/script>\n<!-- \/ Yoast SEO plugin. -->","yoast_head_json":{"title":"L\u00e9o Coppel - Alpineski\u00ebn - De ambassadeurs van Les Gets","description":"Ontdek het portret van onze ambassadeur L\u00e9o Coppel: zijn passie voor alpineski\u00ebn, zijn carri\u00e8re, zijn resultaten en zijn toekomstige projecten...","robots":{"index":"index","follow":"follow","max-snippet":"max-snippet:-1","max-image-preview":"max-image-preview:large","max-video-preview":"max-video-preview:-1"},"canonical":"https:\/\/www.lesgets.com\/nl\/ontdek-het-skigebied\/bergstation\/onze-ambassadeurs\/leo-coppel-ski-alpin\/","og_locale":"nl_NL","og_type":"article","og_title":"L\u00e9o Coppel - Alpineski\u00ebn - De ambassadeurs van Les Gets","og_description":"Ontdek het portret van onze ambassadeur L\u00e9o Coppel: zijn passie voor alpineski\u00ebn, zijn carri\u00e8re, zijn resultaten en zijn toekomstige projecten...","og_url":"https:\/\/www.lesgets.com\/nl\/ontdek-het-skigebied\/bergstation\/onze-ambassadeurs\/leo-coppel-ski-alpin\/","og_site_name":"Les Gets","article_modified_time":"2022-05-18T10:20:21+00:00","og_image":[{"width":1920,"height":1280,"url":"https:\/\/www.lesgets.com\/wp\/..\/app\/uploads\/2023\/02\/2021_02_08_leo_coppel_fis_perrieres_ski_competition_slalom_geant_LD_LesGets_MelCarle_IMG_8655.jpg","type":"image\/jpeg"}],"twitter_card":"summary_large_image","twitter_misc":{"Est. reading time":"3 minutes"},"schema":{"@context":"https:\/\/schema.org","@graph":[{"@type":"WebPage","@id":"https:\/\/www.lesgets.com\/nl\/ontdek-het-skigebied\/bergstation\/onze-ambassadeurs\/leo-coppel-ski-alpin\/","url":"https:\/\/www.lesgets.com\/nl\/ontdek-het-skigebied\/bergstation\/onze-ambassadeurs\/leo-coppel-ski-alpin\/","name":"L\u00e9o Coppel - Alpineski\u00ebn - De ambassadeurs van Les Gets","isPartOf":{"@id":"https:\/\/www.lesgets.com\/en\/#website"},"primaryImageOfPage":{"@id":"https:\/\/www.lesgets.com\/nl\/ontdek-het-skigebied\/bergstation\/onze-ambassadeurs\/leo-coppel-ski-alpin\/#primaryimage"},"image":{"@id":"https:\/\/www.lesgets.com\/nl\/ontdek-het-skigebied\/bergstation\/onze-ambassadeurs\/leo-coppel-ski-alpin\/#primaryimage"},"thumbnailUrl":"https:\/\/www.lesgets.com\/wp\/..\/app\/uploads\/2023\/02\/2021_02_08_leo_coppel_fis_perrieres_ski_competition_slalom_geant_LD_LesGets_MelCarle_IMG_8655.jpg","datePublished":"2021-04-20T12:11:38+00:00","dateModified":"2022-05-18T10:20:21+00:00","description":"Ontdek het portret van onze ambassadeur L\u00e9o Coppel: zijn passie voor alpineski\u00ebn, zijn carri\u00e8re, zijn resultaten en zijn toekomstige projecten...","breadcrumb":{"@id":"https:\/\/www.lesgets.com\/nl\/ontdek-het-skigebied\/bergstation\/onze-ambassadeurs\/leo-coppel-ski-alpin\/#breadcrumb"},"inLanguage":"nl-NL","potentialAction":[{"@type":"ReadAction","target":["https:\/\/www.lesgets.com\/nl\/ontdek-het-skigebied\/bergstation\/onze-ambassadeurs\/leo-coppel-ski-alpin\/"]}]},{"@type":"ImageObject","inLanguage":"nl-NL","@id":"https:\/\/www.lesgets.com\/nl\/ontdek-het-skigebied\/bergstation\/onze-ambassadeurs\/leo-coppel-ski-alpin\/#primaryimage","url":"https:\/\/www.lesgets.com\/wp\/..\/app\/uploads\/2023\/02\/2021_02_08_leo_coppel_fis_perrieres_ski_competition_slalom_geant_LD_LesGets_MelCarle_IMG_8655.jpg","contentUrl":"https:\/\/www.lesgets.com\/wp\/..\/app\/uploads\/2023\/02\/2021_02_08_leo_coppel_fis_perrieres_ski_competition_slalom_geant_LD_LesGets_MelCarle_IMG_8655.jpg","width":1920,"height":1280},{"@type":"BreadcrumbList","@id":"https:\/\/www.lesgets.com\/nl\/ontdek-het-skigebied\/bergstation\/onze-ambassadeurs\/leo-coppel-ski-alpin\/#breadcrumb","itemListElement":[{"@type":"ListItem","position":1,"name":"Accueil","item":"https:\/\/www.lesgets.com\/nl\/"},{"@type":"ListItem","position":2,"name":"Ontdek het resort","item":"https:\/\/www.lesgets.com\/nl\/ontdek-het-skigebied\/"},{"@type":"ListItem","position":3,"name":"Charming station &amp; village","item":"https:\/\/www.lesgets.com\/nl\/ontdek-het-skigebied\/bergstation\/"},{"@type":"ListItem","position":4,"name":"Onze ambassadeurs","item":"https:\/\/www.lesgets.com\/nl\/ontdek-het-skigebied\/bergstation\/onze-ambassadeurs\/"},{"@type":"ListItem","position":5,"name":"L\u00e9o Coppel &#8211; Alpineski\u00ebn"}]},{"@type":"WebSite","@id":"https:\/\/www.lesgets.com\/en\/#website","url":"https:\/\/www.lesgets.com\/en\/","name":"Les Gets","description":"","publisher":{"@id":"https:\/\/www.lesgets.com\/en\/#organization"},"potentialAction":[{"@type":"SearchAction","target":{"@type":"EntryPoint","urlTemplate":"https:\/\/www.lesgets.com\/en\/?s={search_term_string}"},"query-input":{"@type":"PropertyValueSpecification","valueRequired":true,"valueName":"search_term_string"}}],"inLanguage":"nl-NL"},{"@type":"Organization","@id":"https:\/\/www.lesgets.com\/en\/#organization","name":"Les Gets","url":"https:\/\/www.lesgets.com\/en\/","logo":{"@type":"ImageObject","inLanguage":"nl-NL","@id":"https:\/\/www.lesgets.com\/en\/#\/schema\/logo\/image\/","url":"https:\/\/www.lesgets.com\/wp\/..\/app\/uploads\/2020\/06\/logo_lesgets.png","contentUrl":"https:\/\/www.lesgets.com\/wp\/..\/app\/uploads\/2020\/06\/logo_lesgets.png","width":136,"height":115,"caption":"Les Gets"},"image":{"@id":"https:\/\/www.lesgets.com\/en\/#\/schema\/logo\/image\/"}}]}},"featured_image_src":"https:\/\/www.lesgets.com\/wp\/..\/app\/uploads\/2023\/02\/2021_02_08_leo_coppel_fis_perrieres_ski_competition_slalom_geant_LD_LesGets_MelCarle_IMG_8655-600x400.jpg","featured_image_src_square":"https:\/\/www.lesgets.com\/wp\/..\/app\/uploads\/2023\/02\/2021_02_08_leo_coppel_fis_perrieres_ski_competition_slalom_geant_LD_LesGets_MelCarle_IMG_8655-600x600.jpg","_links":{"self":[{"href":"https:\/\/www.lesgets.com\/nl\/wp-json\/wp\/v2\/pages\/28029","targetHints":{"allow":["GET"]}}],"collection":[{"href":"https:\/\/www.lesgets.com\/nl\/wp-json\/wp\/v2\/pages"}],"about":[{"href":"https:\/\/www.lesgets.com\/nl\/wp-json\/wp\/v2\/types\/page"}],"author":[{"embeddable":true,"href":"https:\/\/www.lesgets.com\/nl\/wp-json\/wp\/v2\/users\/4"}],"replies":[{"embeddable":true,"href":"https:\/\/www.lesgets.com\/nl\/wp-json\/wp\/v2\/comments?post=28029"}],"version-history":[{"count":5,"href":"https:\/\/www.lesgets.com\/nl\/wp-json\/wp\/v2\/pages\/28029\/revisions"}],"predecessor-version":[{"id":36717,"href":"https:\/\/www.lesgets.com\/nl\/wp-json\/wp\/v2\/pages\/28029\/revisions\/36717"}],"up":[{"embeddable":true,"href":"https:\/\/www.lesgets.com\/nl\/wp-json\/wp\/v2\/pages\/16174"}],"wp:featuredmedia":[{"embeddable":true,"href":"https:\/\/www.lesgets.com\/nl\/wp-json\/wp\/v2\/media\/40015"}],"wp:attachment":[{"href":"https:\/\/www.lesgets.com\/nl\/wp-json\/wp\/v2\/media?parent=28029"}],"curies":[{"name":"wp","href":"https:\/\/api.w.org\/{rel}","templated":true}]}}