{"id":31456,"date":"2021-07-26T11:57:24","date_gmt":"2021-07-26T09:57:24","guid":{"rendered":"https:\/\/www.lesgets.com\/waar-te-eten-waar-naartoe-tegaan\/belvedere-des-nauchets\/"},"modified":"2021-08-31T09:42:34","modified_gmt":"2021-08-31T07:42:34","slug":"belvedere-des-nauchets","status":"publish","type":"page","link":"https:\/\/www.lesgets.com\/nl\/waar-te-eten-waar-naartoe-tegaan\/belvedere-des-nauchets\/","title":{"rendered":"Belv\u00e9d\u00e8re des Nauchets"},"content":{"rendered":"<div class=\"block block-core-spacer\">\n<div style=\"height:50px\" aria-hidden=\"true\" class=\"wp-block-spacer\"><\/div>\n<\/div>\n\n<div class=\"block block-genesis-custom-blocks-image-texte\">\r\n\t\t\t<div class=\"container-fluid full-width image-droite fond-blanc\">\r\n\t\t\t\t<div class=\"row\">\r\n\t\t\t\t\t<div class=\"col-lg-6\">\r\n\t\t\t\t\t\t<div class=\"conteneur\">\r\n\t\t\t\t\t\t\t<span class=\"subtitle\">Picknick platform<\/span>\r\n\t\t\t\t\t\t\t<h2>117m\u00b2 gewijd aan ontspanning<\/h2>\r\n\t\t\t\t\t\t\t<div><p>Op zoek naar een picknickplek met het comfort van een terras? <\/p>\n<p> Ga naar het Belv\u00e9d\u00e8re des Nauchets, de picknickplaats die u niet mag missen, zomer of winter!<\/p>\n<p> U kunt picknicken aan een van de 6 houten tafels met ingebouwde banken, of genieten van een moment van ontspanning op een van de 10 ligbedden.<\/p>\n<p> Voor uw gemak zijn er elektrische en USB-stopcontacten beschikbaar om uw smartphone op te laden, evenals een wifi-hotspot. <\/p>\n<\/div>\r\n                            \t\t\t\t\t\t<\/div>\r\n\t\t\t\t\t<\/div>\r\n\t\t\t\t\t<div class=\"col-lg-6\">\r\n\t\t\t\t\t\t<div class=\"image\" style=\"background-image:url('https:\/\/www.lesgets.com\/wp\/..\/app\/uploads\/2021\/07\/2020_08_05_Pique_Nique_Amis_Belvedere_Nauchets_Les_Gets_Keno_Derleyn_01585_LD-1-960x1080.jpg');\"><\/div>\r\n\t\t\t\t\t<\/div>\r\n\t\t\t\t<\/div>\r\n\t\t\t<\/div>\r\n\t\t\t<\/div>\n\n<div class=\"block block-core-spacer\">\n<div style=\"height:40px\" aria-hidden=\"true\" class=\"wp-block-spacer\"><\/div>\n<\/div>\n\n<div class=\"block block-core-heading\">\n<h2 class=\"wp-block-heading\">DE picknick spot om niet te missen!<\/h2>\n<\/div>\n\n<div class=\"block block-core-paragraph\">\n<p>In de zomer en in de winter (het platform is het hele jaar toegankelijk) kunt u van het uitgeruste platform gebruik maken om te picknicken.<\/p>\n<\/div>\n\n\n<figure class=\"wp-block-gallery columns-3 is-cropped wp-block-gallery-1 is-layout-flex wp-block-gallery-is-layout-flex\"><ul class=\"blocks-gallery-grid\"><li class=\"blocks-gallery-item\"><figure><img loading=\"lazy\" decoding=\"async\" width=\"1920\" height=\"1280\" src=\"https:\/\/www.lesgets.com\/app\/uploads\/2021\/07\/2020_08_05_Pique_Nique_Amis_Belvedere_Nauchets_Les_Gets_Keno_Derleyn_01608_LD.jpg\" alt=\"\" data-id=\"29889\" data-full-url=\"https:\/\/www.lesgets.com\/app\/uploads\/2021\/07\/2020_08_05_Pique_Nique_Amis_Belvedere_Nauchets_Les_Gets_Keno_Derleyn_01608_LD.jpg\" data-link=\"https:\/\/www.lesgets.com\/?attachment_id=29889\" class=\"wp-image-29890\" srcset=\"https:\/\/www.lesgets.com\/wp\/..\/app\/uploads\/2021\/07\/2020_08_05_Pique_Nique_Amis_Belvedere_Nauchets_Les_Gets_Keno_Derleyn_01608_LD.jpg 1920w, https:\/\/www.lesgets.com\/wp\/..\/app\/uploads\/2021\/07\/2020_08_05_Pique_Nique_Amis_Belvedere_Nauchets_Les_Gets_Keno_Derleyn_01608_LD-768x512.jpg 768w, https:\/\/www.lesgets.com\/wp\/..\/app\/uploads\/2021\/07\/2020_08_05_Pique_Nique_Amis_Belvedere_Nauchets_Les_Gets_Keno_Derleyn_01608_LD-1536x1024.jpg 1536w, https:\/\/www.lesgets.com\/wp\/..\/app\/uploads\/2021\/07\/2020_08_05_Pique_Nique_Amis_Belvedere_Nauchets_Les_Gets_Keno_Derleyn_01608_LD-600x400.jpg 600w, https:\/\/www.lesgets.com\/wp\/..\/app\/uploads\/2021\/07\/2020_08_05_Pique_Nique_Amis_Belvedere_Nauchets_Les_Gets_Keno_Derleyn_01608_LD-960x640.jpg 960w\" sizes=\"auto, (max-width: 1920px) 100vw, 1920px\" \/><\/figure><\/li><li class=\"blocks-gallery-item\"><figure><img loading=\"lazy\" decoding=\"async\" width=\"1920\" height=\"1280\" src=\"https:\/\/www.lesgets.com\/app\/uploads\/2021\/07\/2020_08_05_Pique_Nique_Amis_Belvedere_Nauchets_Les_Gets_Keno_Derleyn_01620_LD.jpg\" alt=\"\" data-id=\"29892\" data-full-url=\"https:\/\/www.lesgets.com\/app\/uploads\/2021\/07\/2020_08_05_Pique_Nique_Amis_Belvedere_Nauchets_Les_Gets_Keno_Derleyn_01620_LD.jpg\" data-link=\"https:\/\/www.lesgets.com\/?attachment_id=29892\" class=\"wp-image-29893\" srcset=\"https:\/\/www.lesgets.com\/wp\/..\/app\/uploads\/2021\/07\/2020_08_05_Pique_Nique_Amis_Belvedere_Nauchets_Les_Gets_Keno_Derleyn_01620_LD.jpg 1920w, https:\/\/www.lesgets.com\/wp\/..\/app\/uploads\/2021\/07\/2020_08_05_Pique_Nique_Amis_Belvedere_Nauchets_Les_Gets_Keno_Derleyn_01620_LD-768x512.jpg 768w, https:\/\/www.lesgets.com\/wp\/..\/app\/uploads\/2021\/07\/2020_08_05_Pique_Nique_Amis_Belvedere_Nauchets_Les_Gets_Keno_Derleyn_01620_LD-1536x1024.jpg 1536w, https:\/\/www.lesgets.com\/wp\/..\/app\/uploads\/2021\/07\/2020_08_05_Pique_Nique_Amis_Belvedere_Nauchets_Les_Gets_Keno_Derleyn_01620_LD-600x400.jpg 600w, https:\/\/www.lesgets.com\/wp\/..\/app\/uploads\/2021\/07\/2020_08_05_Pique_Nique_Amis_Belvedere_Nauchets_Les_Gets_Keno_Derleyn_01620_LD-960x640.jpg 960w\" sizes=\"auto, (max-width: 1920px) 100vw, 1920px\" \/><\/figure><\/li><li class=\"blocks-gallery-item\"><figure><img loading=\"lazy\" decoding=\"async\" width=\"1920\" height=\"1280\" src=\"https:\/\/www.lesgets.com\/app\/uploads\/2021\/07\/2020_08_05_Pique_Nique_Amis_Belvedere_Nauchets_Les_Gets_Keno_Derleyn_01544_LD.jpg\" alt=\"\" data-id=\"29883\" data-full-url=\"https:\/\/www.lesgets.com\/app\/uploads\/2021\/07\/2020_08_05_Pique_Nique_Amis_Belvedere_Nauchets_Les_Gets_Keno_Derleyn_01544_LD.jpg\" data-link=\"https:\/\/www.lesgets.com\/?attachment_id=29883\" class=\"wp-image-29884\" srcset=\"https:\/\/www.lesgets.com\/wp\/..\/app\/uploads\/2021\/07\/2020_08_05_Pique_Nique_Amis_Belvedere_Nauchets_Les_Gets_Keno_Derleyn_01544_LD.jpg 1920w, https:\/\/www.lesgets.com\/wp\/..\/app\/uploads\/2021\/07\/2020_08_05_Pique_Nique_Amis_Belvedere_Nauchets_Les_Gets_Keno_Derleyn_01544_LD-768x512.jpg 768w, https:\/\/www.lesgets.com\/wp\/..\/app\/uploads\/2021\/07\/2020_08_05_Pique_Nique_Amis_Belvedere_Nauchets_Les_Gets_Keno_Derleyn_01544_LD-1536x1024.jpg 1536w, https:\/\/www.lesgets.com\/wp\/..\/app\/uploads\/2021\/07\/2020_08_05_Pique_Nique_Amis_Belvedere_Nauchets_Les_Gets_Keno_Derleyn_01544_LD-600x400.jpg 600w, https:\/\/www.lesgets.com\/wp\/..\/app\/uploads\/2021\/07\/2020_08_05_Pique_Nique_Amis_Belvedere_Nauchets_Les_Gets_Keno_Derleyn_01544_LD-960x640.jpg 960w\" sizes=\"auto, (max-width: 1920px) 100vw, 1920px\" \/><\/figure><\/li><\/ul><\/figure>\n\n\n<div class=\"block block-core-spacer\">\n<div style=\"height:50px\" aria-hidden=\"true\" class=\"wp-block-spacer\"><\/div>\n<\/div>\n\n<div class=\"block block-core-heading\">\n<h2 class=\"wp-block-heading\">Toegang<\/h2>\n<\/div>\n\n<div class=\"block block-core-paragraph\">\n<p>In de zomer kruisen het wandelpad \u201cLe Tour des Mouilles\u201d en de mountainbike piste l\u2019Encape elkaar hier.<\/p>\n<\/div>\n\n\n<figure class=\"wp-block-image size-large is-resized\"><img loading=\"lazy\" decoding=\"async\" src=\"https:\/\/www.lesgets.com\/app\/uploads\/2021\/07\/Bel\u00e9d\u00e8re-des-Nauchets-2.jpg\" alt=\"\" class=\"wp-image-29874\" width=\"638\" height=\"517\" srcset=\"https:\/\/www.lesgets.com\/wp\/..\/app\/uploads\/2021\/07\/Bel\u00e9d\u00e8re-des-Nauchets-2.jpg 851w, https:\/\/www.lesgets.com\/wp\/..\/app\/uploads\/2021\/07\/Bel\u00e9d\u00e8re-des-Nauchets-2-768x622.jpg 768w\" sizes=\"auto, (max-width: 638px) 100vw, 638px\" \/><figcaption>Toegang met MTB<\/figcaption><\/figure>\n\n\n<div class=\"block block-core-spacer\">\n<div style=\"height:50px\" aria-hidden=\"true\" class=\"wp-block-spacer\"><\/div>\n<\/div>\n\n\n<figure class=\"wp-block-image size-large is-resized\"><img loading=\"lazy\" decoding=\"async\" src=\"https:\/\/www.lesgets.com\/app\/uploads\/2021\/07\/Belv\u00e9d\u00e8re-des-nauchets.jpg\" alt=\"\" class=\"wp-image-29867\" width=\"785\" height=\"498\" srcset=\"https:\/\/www.lesgets.com\/wp\/..\/app\/uploads\/2021\/07\/Belv\u00e9d\u00e8re-des-nauchets.jpg 1047w, https:\/\/www.lesgets.com\/wp\/..\/app\/uploads\/2021\/07\/Belv\u00e9d\u00e8re-des-nauchets-768x487.jpg 768w, https:\/\/www.lesgets.com\/wp\/..\/app\/uploads\/2021\/07\/Belv\u00e9d\u00e8re-des-nauchets-960x609.jpg 960w\" sizes=\"auto, (max-width: 785px) 100vw, 785px\" \/><figcaption>Toegang voetgangers<\/figcaption><\/figure>\n\n\n<div class=\"block block-core-spacer\">\n<div style=\"height:40px\" aria-hidden=\"true\" class=\"wp-block-spacer\"><\/div>\n<\/div>","protected":false},"excerpt":{"rendered":"<p>Kom naar de Belv\u00e9d\u00e8re des Nauchets, de picknickplaats die u niet mag missen, zomer of winter!<\/p>\n","protected":false},"author":5,"featured_media":29884,"parent":16909,"menu_order":0,"comment_status":"closed","ping_status":"closed","template":"","meta":{"_acf_changed":false,"footnotes":""},"class_list":["post-31456","page","type-page","status-publish","has-post-thumbnail","hentry"],"acf":[],"yoast_head":"<!-- This site is optimized with the Yoast SEO plugin v27.3 - https:\/\/yoast.com\/product\/yoast-seo-wordpress\/ -->\n<title>Belv\u00e9d\u00e8re des Nauchets - Les Gets<\/title>\n<meta name=\"robots\" content=\"index, follow, max-snippet:-1, max-image-preview:large, max-video-preview:-1\" \/>\n<link rel=\"canonical\" href=\"https:\/\/www.lesgets.com\/nl\/waar-te-eten-waar-naartoe-tegaan\/belvedere-des-nauchets\/\" \/>\n<meta property=\"og:locale\" content=\"nl_NL\" \/>\n<meta property=\"og:type\" content=\"article\" \/>\n<meta property=\"og:title\" content=\"Belv\u00e9d\u00e8re des Nauchets - Les Gets\" \/>\n<meta property=\"og:description\" content=\"Kom naar de Belv\u00e9d\u00e8re des Nauchets, de picknickplaats die u niet mag missen, zomer of winter!\" \/>\n<meta property=\"og:url\" content=\"https:\/\/www.lesgets.com\/nl\/waar-te-eten-waar-naartoe-tegaan\/belvedere-des-nauchets\/\" \/>\n<meta property=\"og:site_name\" content=\"Les Gets\" \/>\n<meta property=\"article:modified_time\" content=\"2021-08-31T07:42:34+00:00\" \/>\n<meta property=\"og:image\" content=\"https:\/\/www.lesgets.com\/wp\/..\/app\/uploads\/2021\/07\/2020_08_05_Pique_Nique_Amis_Belvedere_Nauchets_Les_Gets_Keno_Derleyn_01544_LD.jpg\" \/>\n\t<meta property=\"og:image:width\" content=\"640\" \/>\n\t<meta property=\"og:image:height\" content=\"427\" \/>\n\t<meta property=\"og:image:type\" content=\"image\/jpeg\" \/>\n<meta name=\"twitter:card\" content=\"summary_large_image\" \/>\n<script type=\"application\/ld+json\" class=\"yoast-schema-graph\">{\"@context\":\"https:\\\/\\\/schema.org\",\"@graph\":[{\"@type\":\"WebPage\",\"@id\":\"https:\\\/\\\/www.lesgets.com\\\/nl\\\/waar-te-eten-waar-naartoe-tegaan\\\/belvedere-des-nauchets\\\/\",\"url\":\"https:\\\/\\\/www.lesgets.com\\\/nl\\\/waar-te-eten-waar-naartoe-tegaan\\\/belvedere-des-nauchets\\\/\",\"name\":\"Belv\u00e9d\u00e8re des Nauchets - Les Gets\",\"isPartOf\":{\"@id\":\"https:\\\/\\\/www.lesgets.com\\\/en\\\/#website\"},\"primaryImageOfPage\":{\"@id\":\"https:\\\/\\\/www.lesgets.com\\\/nl\\\/waar-te-eten-waar-naartoe-tegaan\\\/belvedere-des-nauchets\\\/#primaryimage\"},\"image\":{\"@id\":\"https:\\\/\\\/www.lesgets.com\\\/nl\\\/waar-te-eten-waar-naartoe-tegaan\\\/belvedere-des-nauchets\\\/#primaryimage\"},\"thumbnailUrl\":\"https:\\\/\\\/www.lesgets.com\\\/wp\\\/..\\\/app\\\/uploads\\\/2021\\\/07\\\/2020_08_05_Pique_Nique_Amis_Belvedere_Nauchets_Les_Gets_Keno_Derleyn_01544_LD.jpg\",\"datePublished\":\"2021-07-26T09:57:24+00:00\",\"dateModified\":\"2021-08-31T07:42:34+00:00\",\"breadcrumb\":{\"@id\":\"https:\\\/\\\/www.lesgets.com\\\/nl\\\/waar-te-eten-waar-naartoe-tegaan\\\/belvedere-des-nauchets\\\/#breadcrumb\"},\"inLanguage\":\"nl-NL\",\"potentialAction\":[{\"@type\":\"ReadAction\",\"target\":[\"https:\\\/\\\/www.lesgets.com\\\/nl\\\/waar-te-eten-waar-naartoe-tegaan\\\/belvedere-des-nauchets\\\/\"]}]},{\"@type\":\"ImageObject\",\"inLanguage\":\"nl-NL\",\"@id\":\"https:\\\/\\\/www.lesgets.com\\\/nl\\\/waar-te-eten-waar-naartoe-tegaan\\\/belvedere-des-nauchets\\\/#primaryimage\",\"url\":\"https:\\\/\\\/www.lesgets.com\\\/wp\\\/..\\\/app\\\/uploads\\\/2021\\\/07\\\/2020_08_05_Pique_Nique_Amis_Belvedere_Nauchets_Les_Gets_Keno_Derleyn_01544_LD.jpg\",\"contentUrl\":\"https:\\\/\\\/www.lesgets.com\\\/wp\\\/..\\\/app\\\/uploads\\\/2021\\\/07\\\/2020_08_05_Pique_Nique_Amis_Belvedere_Nauchets_Les_Gets_Keno_Derleyn_01544_LD.jpg\",\"width\":1920,\"height\":1280},{\"@type\":\"BreadcrumbList\",\"@id\":\"https:\\\/\\\/www.lesgets.com\\\/nl\\\/waar-te-eten-waar-naartoe-tegaan\\\/belvedere-des-nauchets\\\/#breadcrumb\",\"itemListElement\":[{\"@type\":\"ListItem\",\"position\":1,\"name\":\"Accueil\",\"item\":\"https:\\\/\\\/www.lesgets.com\\\/nl\\\/\"},{\"@type\":\"ListItem\",\"position\":2,\"name\":\"Waar te eten ? Waar naartoe te gaan ?\",\"item\":\"https:\\\/\\\/www.lesgets.com\\\/nl\\\/waar-te-eten-waar-naartoe-tegaan\\\/\"},{\"@type\":\"ListItem\",\"position\":3,\"name\":\"Belv\u00e9d\u00e8re des Nauchets\"}]},{\"@type\":\"WebSite\",\"@id\":\"https:\\\/\\\/www.lesgets.com\\\/en\\\/#website\",\"url\":\"https:\\\/\\\/www.lesgets.com\\\/en\\\/\",\"name\":\"Les Gets\",\"description\":\"\",\"publisher\":{\"@id\":\"https:\\\/\\\/www.lesgets.com\\\/en\\\/#organization\"},\"potentialAction\":[{\"@type\":\"SearchAction\",\"target\":{\"@type\":\"EntryPoint\",\"urlTemplate\":\"https:\\\/\\\/www.lesgets.com\\\/en\\\/?s={search_term_string}\"},\"query-input\":{\"@type\":\"PropertyValueSpecification\",\"valueRequired\":true,\"valueName\":\"search_term_string\"}}],\"inLanguage\":\"nl-NL\"},{\"@type\":\"Organization\",\"@id\":\"https:\\\/\\\/www.lesgets.com\\\/en\\\/#organization\",\"name\":\"Les Gets\",\"url\":\"https:\\\/\\\/www.lesgets.com\\\/en\\\/\",\"logo\":{\"@type\":\"ImageObject\",\"inLanguage\":\"nl-NL\",\"@id\":\"https:\\\/\\\/www.lesgets.com\\\/en\\\/#\\\/schema\\\/logo\\\/image\\\/\",\"url\":\"https:\\\/\\\/www.lesgets.com\\\/wp\\\/..\\\/app\\\/uploads\\\/2020\\\/06\\\/logo_lesgets.png\",\"contentUrl\":\"https:\\\/\\\/www.lesgets.com\\\/wp\\\/..\\\/app\\\/uploads\\\/2020\\\/06\\\/logo_lesgets.png\",\"width\":136,\"height\":115,\"caption\":\"Les Gets\"},\"image\":{\"@id\":\"https:\\\/\\\/www.lesgets.com\\\/en\\\/#\\\/schema\\\/logo\\\/image\\\/\"}}]}<\/script>\n<!-- \/ Yoast SEO plugin. -->","yoast_head_json":{"title":"Belv\u00e9d\u00e8re des Nauchets - Les Gets","robots":{"index":"index","follow":"follow","max-snippet":"max-snippet:-1","max-image-preview":"max-image-preview:large","max-video-preview":"max-video-preview:-1"},"canonical":"https:\/\/www.lesgets.com\/nl\/waar-te-eten-waar-naartoe-tegaan\/belvedere-des-nauchets\/","og_locale":"nl_NL","og_type":"article","og_title":"Belv\u00e9d\u00e8re des Nauchets - Les Gets","og_description":"Kom naar de Belv\u00e9d\u00e8re des Nauchets, de picknickplaats die u niet mag missen, zomer of winter!","og_url":"https:\/\/www.lesgets.com\/nl\/waar-te-eten-waar-naartoe-tegaan\/belvedere-des-nauchets\/","og_site_name":"Les Gets","article_modified_time":"2021-08-31T07:42:34+00:00","og_image":[{"url":"https:\/\/www.lesgets.com\/wp\/..\/app\/uploads\/2021\/07\/2020_08_05_Pique_Nique_Amis_Belvedere_Nauchets_Les_Gets_Keno_Derleyn_01544_LD.jpg","width":640,"height":427,"type":"image\/jpeg"}],"twitter_card":"summary_large_image","schema":{"@context":"https:\/\/schema.org","@graph":[{"@type":"WebPage","@id":"https:\/\/www.lesgets.com\/nl\/waar-te-eten-waar-naartoe-tegaan\/belvedere-des-nauchets\/","url":"https:\/\/www.lesgets.com\/nl\/waar-te-eten-waar-naartoe-tegaan\/belvedere-des-nauchets\/","name":"Belv\u00e9d\u00e8re des Nauchets - Les Gets","isPartOf":{"@id":"https:\/\/www.lesgets.com\/en\/#website"},"primaryImageOfPage":{"@id":"https:\/\/www.lesgets.com\/nl\/waar-te-eten-waar-naartoe-tegaan\/belvedere-des-nauchets\/#primaryimage"},"image":{"@id":"https:\/\/www.lesgets.com\/nl\/waar-te-eten-waar-naartoe-tegaan\/belvedere-des-nauchets\/#primaryimage"},"thumbnailUrl":"https:\/\/www.lesgets.com\/wp\/..\/app\/uploads\/2021\/07\/2020_08_05_Pique_Nique_Amis_Belvedere_Nauchets_Les_Gets_Keno_Derleyn_01544_LD.jpg","datePublished":"2021-07-26T09:57:24+00:00","dateModified":"2021-08-31T07:42:34+00:00","breadcrumb":{"@id":"https:\/\/www.lesgets.com\/nl\/waar-te-eten-waar-naartoe-tegaan\/belvedere-des-nauchets\/#breadcrumb"},"inLanguage":"nl-NL","potentialAction":[{"@type":"ReadAction","target":["https:\/\/www.lesgets.com\/nl\/waar-te-eten-waar-naartoe-tegaan\/belvedere-des-nauchets\/"]}]},{"@type":"ImageObject","inLanguage":"nl-NL","@id":"https:\/\/www.lesgets.com\/nl\/waar-te-eten-waar-naartoe-tegaan\/belvedere-des-nauchets\/#primaryimage","url":"https:\/\/www.lesgets.com\/wp\/..\/app\/uploads\/2021\/07\/2020_08_05_Pique_Nique_Amis_Belvedere_Nauchets_Les_Gets_Keno_Derleyn_01544_LD.jpg","contentUrl":"https:\/\/www.lesgets.com\/wp\/..\/app\/uploads\/2021\/07\/2020_08_05_Pique_Nique_Amis_Belvedere_Nauchets_Les_Gets_Keno_Derleyn_01544_LD.jpg","width":1920,"height":1280},{"@type":"BreadcrumbList","@id":"https:\/\/www.lesgets.com\/nl\/waar-te-eten-waar-naartoe-tegaan\/belvedere-des-nauchets\/#breadcrumb","itemListElement":[{"@type":"ListItem","position":1,"name":"Accueil","item":"https:\/\/www.lesgets.com\/nl\/"},{"@type":"ListItem","position":2,"name":"Waar te eten ? Waar naartoe te gaan ?","item":"https:\/\/www.lesgets.com\/nl\/waar-te-eten-waar-naartoe-tegaan\/"},{"@type":"ListItem","position":3,"name":"Belv\u00e9d\u00e8re des Nauchets"}]},{"@type":"WebSite","@id":"https:\/\/www.lesgets.com\/en\/#website","url":"https:\/\/www.lesgets.com\/en\/","name":"Les Gets","description":"","publisher":{"@id":"https:\/\/www.lesgets.com\/en\/#organization"},"potentialAction":[{"@type":"SearchAction","target":{"@type":"EntryPoint","urlTemplate":"https:\/\/www.lesgets.com\/en\/?s={search_term_string}"},"query-input":{"@type":"PropertyValueSpecification","valueRequired":true,"valueName":"search_term_string"}}],"inLanguage":"nl-NL"},{"@type":"Organization","@id":"https:\/\/www.lesgets.com\/en\/#organization","name":"Les Gets","url":"https:\/\/www.lesgets.com\/en\/","logo":{"@type":"ImageObject","inLanguage":"nl-NL","@id":"https:\/\/www.lesgets.com\/en\/#\/schema\/logo\/image\/","url":"https:\/\/www.lesgets.com\/wp\/..\/app\/uploads\/2020\/06\/logo_lesgets.png","contentUrl":"https:\/\/www.lesgets.com\/wp\/..\/app\/uploads\/2020\/06\/logo_lesgets.png","width":136,"height":115,"caption":"Les Gets"},"image":{"@id":"https:\/\/www.lesgets.com\/en\/#\/schema\/logo\/image\/"}}]}},"featured_image_src":"https:\/\/www.lesgets.com\/wp\/..\/app\/uploads\/2021\/07\/2020_08_05_Pique_Nique_Amis_Belvedere_Nauchets_Les_Gets_Keno_Derleyn_01544_LD-600x400.jpg","featured_image_src_square":"https:\/\/www.lesgets.com\/wp\/..\/app\/uploads\/2021\/07\/2020_08_05_Pique_Nique_Amis_Belvedere_Nauchets_Les_Gets_Keno_Derleyn_01544_LD-600x600.jpg","_links":{"self":[{"href":"https:\/\/www.lesgets.com\/nl\/wp-json\/wp\/v2\/pages\/31456","targetHints":{"allow":["GET"]}}],"collection":[{"href":"https:\/\/www.lesgets.com\/nl\/wp-json\/wp\/v2\/pages"}],"about":[{"href":"https:\/\/www.lesgets.com\/nl\/wp-json\/wp\/v2\/types\/page"}],"author":[{"embeddable":true,"href":"https:\/\/www.lesgets.com\/nl\/wp-json\/wp\/v2\/users\/5"}],"replies":[{"embeddable":true,"href":"https:\/\/www.lesgets.com\/nl\/wp-json\/wp\/v2\/comments?post=31456"}],"version-history":[{"count":5,"href":"https:\/\/www.lesgets.com\/nl\/wp-json\/wp\/v2\/pages\/31456\/revisions"}],"predecessor-version":[{"id":31774,"href":"https:\/\/www.lesgets.com\/nl\/wp-json\/wp\/v2\/pages\/31456\/revisions\/31774"}],"up":[{"embeddable":true,"href":"https:\/\/www.lesgets.com\/nl\/wp-json\/wp\/v2\/pages\/16909"}],"wp:featuredmedia":[{"embeddable":true,"href":"https:\/\/www.lesgets.com\/nl\/wp-json\/wp\/v2\/media\/29884"}],"wp:attachment":[{"href":"https:\/\/www.lesgets.com\/nl\/wp-json\/wp\/v2\/media?parent=31456"}],"curies":[{"name":"wp","href":"https:\/\/api.w.org\/{rel}","templated":true}]}}