{"id":33333,"date":"2021-11-29T11:01:14","date_gmt":"2021-11-29T10:01:14","guid":{"rendered":"https:\/\/www.lesgets.com\/ontdek-het-skigebied\/skien-wintersporten\/toerski\/middelgrote-berggidsen-voor-skitochten\/"},"modified":"2021-11-29T11:01:18","modified_gmt":"2021-11-29T10:01:18","slug":"middelgrote-berggidsen-voor-skitochten","status":"publish","type":"page","link":"https:\/\/www.lesgets.com\/nl\/ontdek-het-skigebied\/skien-wintersporten\/toerski\/middelgrote-berggidsen-voor-skitochten\/","title":{"rendered":"Middelgrote berggidsen voor skitochten"},"content":{"rendered":"<div class=\"block block-lba-apidae-selection\"><!--BEGIN FILTER -->\r\n<!--BEGIN FILTER -->\r\n\r\n<!--BEGIN ITEMS APIDAE -->\r\n  <div class=\"selection-mode-default\">\r\n          <div class=\"card 0-3places 0-3pieces\">\r\n        <div class=\"row\">\r\n          <div class=\"col-md-3\">\r\n            <img decoding=\"async\" src=\"https:\/\/static.apidae-tourisme.com\/filestore\/objets-touristiques\/images\/5\/175\/28618501-fiche.jpg\" class=\"w-100\"\r\n                 alt=\"Image Evo21\">\r\n          <\/div>\r\n          <div class=\"col-md-7\">\r\n            <div class=\"card-block px-1\">\r\n              <h2 class=\"card-title\">\r\n                                    <a href=\"https:\/\/www.lesgets.com\/nl\/details\/evolution-2-7206468-Fr\/\">Evolution 2<\/a>\r\n                              <\/h2>\r\n              <p class=\"classement\"><\/p>\r\n              <p class=\"card-text\">Activit\u00e9s pleine nature : ski, randonn\u00e9es, rafting, VTT&#8230;<\/p>\r\n            <\/div>\r\n          <\/div>\r\n          <div class=\"col-md-2\">\r\n                            <a href=\"https:\/\/www.lesgets.com\/nl\/details\/evolution-2-7206468-Fr\/\" class=\"btn\">Meer zien<\/a>\r\n                      <\/div>\r\n        <\/div>\r\n      <\/div>\r\n          <div class=\"card 0-3places 0-3pieces\">\r\n        <div class=\"row\">\r\n          <div class=\"col-md-3\">\r\n            <img decoding=\"async\" src=\"https:\/\/static.apidae-tourisme.com\/filestore\/objets-touristiques\/images\/5\/45\/27798789-fiche.png\" class=\"w-100\"\r\n                 alt=\"Image Design sans titre\">\r\n          <\/div>\r\n          <div class=\"col-md-7\">\r\n            <div class=\"card-block px-1\">\r\n              <h2 class=\"card-title\">\r\n                                    <a href=\"https:\/\/www.lesgets.com\/nl\/details\/emilie-fourot-guide-de-montagne-ski-de-randonnee-7199934-Fr\/\">Emilie Fourot &#8211; Guide de montagne &#8211; ski de randonn\u00e9e<\/a>\r\n                              <\/h2>\r\n              <p class=\"classement\"><\/p>\r\n              <p class=\"card-text\">Guide de Haute Montagne, je vous accompagne toute l&#8217;ann\u00e9e dans vos activit\u00e9s : ski de randonn\u00e9e, ski hors piste, raquettes \u00e0 neige, cascade de glace, escalade, via-ferrata &#8230;<\/p>\r\n            <\/div>\r\n          <\/div>\r\n          <div class=\"col-md-2\">\r\n                            <a href=\"https:\/\/www.lesgets.com\/nl\/details\/emilie-fourot-guide-de-montagne-ski-de-randonnee-7199934-Fr\/\" class=\"btn\">Meer zien<\/a>\r\n                      <\/div>\r\n        <\/div>\r\n      <\/div>\r\n          <div class=\"card 0-3places 0-3pieces\">\r\n        <div class=\"row\">\r\n          <div class=\"col-md-3\">\r\n            <img decoding=\"async\" src=\"https:\/\/static.apidae-tourisme.com\/filestore\/objets-touristiques\/images\/128\/201\/8178048-fiche.jpg\" class=\"w-100\"\r\n                 alt=\"Image LesGets_ESF_2019_VDucrettet_cours_adultes\">\r\n          <\/div>\r\n          <div class=\"col-md-7\">\r\n            <div class=\"card-block px-1\">\r\n              <h2 class=\"card-title\">\r\n                                    <a href=\"https:\/\/www.lesgets.com\/nl\/details\/ecole-du-ski-francais-470798-Fr\/\">Ecole du Ski Fran\u00e7ais<\/a>\r\n                              <\/h2>\r\n              <p class=\"classement\"><\/p>\r\n              <p class=\"card-text\">Cours de ski pour petits et grands, snowboard, activit\u00e9s et exp\u00e9riences uniques<\/p>\r\n            <\/div>\r\n          <\/div>\r\n          <div class=\"col-md-2\">\r\n                            <a href=\"https:\/\/www.lesgets.com\/nl\/details\/ecole-du-ski-francais-470798-Fr\/\" class=\"btn\">Meer zien<\/a>\r\n                      <\/div>\r\n        <\/div>\r\n      <\/div>\r\n          <div class=\"card 0-3places 0-3pieces\">\r\n        <div class=\"row\">\r\n          <div class=\"col-md-3\">\r\n            <img decoding=\"async\" src=\"https:\/\/static.apidae-tourisme.com\/filestore\/objets-touristiques\/images\/154\/20\/27989146-fiche.jpg\" class=\"w-100\"\r\n                 alt=\"Image 5b34b24d175260551453\">\r\n          <\/div>\r\n          <div class=\"col-md-7\">\r\n            <div class=\"card-block px-1\">\r\n              <h2 class=\"card-title\">\r\n                                    <a href=\"https:\/\/www.lesgets.com\/nl\/details\/jean-luc-tamanini-sortie-ski-de-randonnee-7205206-Fr\/\">Jean-Luc TAMANINI : Sortie ski de randonn\u00e9e<\/a>\r\n                              <\/h2>\r\n              <p class=\"classement\"><\/p>\r\n              <p class=\"card-text\">Sous forme de d\u00e9couverte en demi-journ\u00e9e, loin des pistes, mais dans les massifs alentours&#8230; \r\nOu sous forme plus sportive sur les sommets du Chablais, de la vall\u00e9e de Chamonix&#8230;\r\nEgalement en raid sur plusieurs jours.<\/p>\r\n            <\/div>\r\n          <\/div>\r\n          <div class=\"col-md-2\">\r\n                            <a href=\"https:\/\/www.lesgets.com\/nl\/details\/jean-luc-tamanini-sortie-ski-de-randonnee-7205206-Fr\/\" class=\"btn\">Meer zien<\/a>\r\n                      <\/div>\r\n        <\/div>\r\n      <\/div>\r\n          <div class=\"card 0-3places 0-3pieces\">\r\n        <div class=\"row\">\r\n          <div class=\"col-md-3\">\r\n            <img decoding=\"async\" src=\"https:\/\/static.apidae-tourisme.com\/filestore\/objets-touristiques\/images\/151\/20\/27989143-fiche.jpg\" class=\"w-100\"\r\n                 alt=\"Image fdde496ab539ce8ae211\">\r\n          <\/div>\r\n          <div class=\"col-md-7\">\r\n            <div class=\"card-block px-1\">\r\n              <h2 class=\"card-title\">\r\n                                    <a href=\"https:\/\/www.lesgets.com\/nl\/details\/jean-luc-tamanini-ski-hors-piste-7205290-Fr\/\">Jean-Luc TAMANINI : Ski hors piste<\/a>\r\n                              <\/h2>\r\n              <p class=\"classement\"><\/p>\r\n              <p class=\"card-text\">Vous avez un bon niveau de ski sur toutes les pistes, venez d\u00e9couvrir ce qui se passe autour !!!<\/p>\r\n            <\/div>\r\n          <\/div>\r\n          <div class=\"col-md-2\">\r\n                            <a href=\"https:\/\/www.lesgets.com\/nl\/details\/jean-luc-tamanini-ski-hors-piste-7205290-Fr\/\" class=\"btn\">Meer zien<\/a>\r\n                      <\/div>\r\n        <\/div>\r\n      <\/div>\r\n          <div class=\"card 0-3places 0-3pieces\">\r\n        <div class=\"row\">\r\n          <div class=\"col-md-3\">\r\n            <img decoding=\"async\" src=\"https:\/\/static.apidae-tourisme.com\/filestore\/objets-touristiques\/images\/65\/14\/28118593-fiche.jpg\" class=\"w-100\"\r\n                 alt=\"Image f9d9402ca954508e61b3\">\r\n          <\/div>\r\n          <div class=\"col-md-7\">\r\n            <div class=\"card-block px-1\">\r\n              <h2 class=\"card-title\">\r\n                                    <a href=\"https:\/\/www.lesgets.com\/nl\/details\/ecole-de-ski-jean-luc-tamanini-7208799-Fr\/\">Ecole de ski Jean Luc TAMANINI<\/a>\r\n                              <\/h2>\r\n              <p class=\"classement\"><\/p>\r\n              <p class=\"card-text\">Jean Luc, moniteur dipl\u00f4m\u00e9 pourra vous proposer tout type de cours de ski.<\/p>\r\n            <\/div>\r\n          <\/div>\r\n          <div class=\"col-md-2\">\r\n                            <a href=\"https:\/\/www.lesgets.com\/nl\/details\/ecole-de-ski-jean-luc-tamanini-7208799-Fr\/\" class=\"btn\">Meer zien<\/a>\r\n                      <\/div>\r\n        <\/div>\r\n      <\/div>\r\n          <div class=\"card 0-3places 0-3pieces\">\r\n        <div class=\"row\">\r\n          <div class=\"col-md-3\">\r\n            <img decoding=\"async\" src=\"https:\/\/static.apidae-tourisme.com\/filestore\/objets-touristiques\/images\/119\/138\/28281463-fiche.jpg\" class=\"w-100\"\r\n                 alt=\"Image EVO 2 - SHOOTING 030323 -1124482\">\r\n          <\/div>\r\n          <div class=\"col-md-7\">\r\n            <div class=\"card-block px-1\">\r\n              <h2 class=\"card-title\">\r\n                                    <a href=\"https:\/\/www.lesgets.com\/nl\/details\/jean-luc-tamanini-477212-Fr\/\">Jean-Luc Tamanini<\/a>\r\n                              <\/h2>\r\n              <p class=\"classement\"><\/p>\r\n              <p class=\"card-text\">Prestataire de ski et activit\u00e9s outdoor<\/p>\r\n            <\/div>\r\n          <\/div>\r\n          <div class=\"col-md-2\">\r\n                            <a href=\"https:\/\/www.lesgets.com\/nl\/details\/jean-luc-tamanini-477212-Fr\/\" class=\"btn\">Meer zien<\/a>\r\n                      <\/div>\r\n        <\/div>\r\n      <\/div>\r\n          <div class=\"card 0-3places 0-3pieces\">\r\n        <div class=\"row\">\r\n          <div class=\"col-md-3\">\r\n            <img decoding=\"async\" src=\"https:\/\/static.apidae-tourisme.com\/filestore\/objets-touristiques\/images\/72\/191\/27967304-fiche.jpg\" class=\"w-100\"\r\n                 alt=\"Image 8f7253ac6ffa4151eafa\">\r\n          <\/div>\r\n          <div class=\"col-md-7\">\r\n            <div class=\"card-block px-1\">\r\n              <h2 class=\"card-title\">\r\n                                    <a href=\"https:\/\/www.lesgets.com\/nl\/details\/jean-luc-tamanini-cours-de-ski-7205244-Fr\/\">Jean Luc TAMANINI : Cours de ski<\/a>\r\n                              <\/h2>\r\n              <p class=\"classement\"><\/p>\r\n              <p class=\"card-text\">Skieurs d\u00e9butant, ou skieurs de tout niveau, \u00e0 la recherche de technique, de hors piste ou de belles balades.<\/p>\r\n            <\/div>\r\n          <\/div>\r\n          <div class=\"col-md-2\">\r\n                            <a href=\"https:\/\/www.lesgets.com\/nl\/details\/jean-luc-tamanini-cours-de-ski-7205244-Fr\/\" class=\"btn\">Meer zien<\/a>\r\n                      <\/div>\r\n        <\/div>\r\n      <\/div>\r\n          <div class=\"card 0-3places 0-3pieces\">\r\n        <div class=\"row\">\r\n          <div class=\"col-md-3\">\r\n            <img decoding=\"async\" src=\"https:\/\/static.apidae-tourisme.com\/filestore\/objets-touristiques\/images\/250\/75\/27872250-fiche.jpg\" class=\"w-100\"\r\n                 alt=\"Image emilie 4\">\r\n          <\/div>\r\n          <div class=\"col-md-7\">\r\n            <div class=\"card-block px-1\">\r\n              <h2 class=\"card-title\">\r\n                                    <a href=\"https:\/\/www.lesgets.com\/nl\/details\/emilie-fourot-guide-de-montagne-5796224-Fr\/\">Emilie Fourot &#8211; Guide de Montagne<\/a>\r\n                              <\/h2>\r\n              <p class=\"classement\"><\/p>\r\n              <p class=\"card-text\">Guide de Haute Montagne, je vous accompagne toute l&#8217;ann\u00e9e dans vos activit\u00e9s : ski de randonn\u00e9e, ski hors piste, raquettes \u00e0 neige, cascade de glace, escalade, via-ferrata &#8230;<\/p>\r\n            <\/div>\r\n          <\/div>\r\n          <div class=\"col-md-2\">\r\n                            <a href=\"https:\/\/www.lesgets.com\/nl\/details\/emilie-fourot-guide-de-montagne-5796224-Fr\/\" class=\"btn\">Meer zien<\/a>\r\n                      <\/div>\r\n        <\/div>\r\n      <\/div>\r\n          <div class=\"card 0-3places 0-3pieces\">\r\n        <div class=\"row\">\r\n          <div class=\"col-md-3\">\r\n            <img decoding=\"async\" src=\"https:\/\/static.apidae-tourisme.com\/filestore\/objets-touristiques\/images\/126\/171\/17542014-fiche.jpg\" class=\"w-100\"\r\n                 alt=\"Image BassA\">\r\n          <\/div>\r\n          <div class=\"col-md-7\">\r\n            <div class=\"card-block px-1\">\r\n              <h2 class=\"card-title\">\r\n                                    <a href=\"https:\/\/www.lesgets.com\/nl\/details\/bass-les-gets-6523393-Fr\/\">BASS Les Gets<\/a>\r\n                              <\/h2>\r\n              <p class=\"classement\"><\/p>\r\n              <p class=\"card-text\">Nos journ\u00e9es pr\u00e9f\u00e9r\u00e9es en montagne sont celles que nous partageons avec vous.<\/p>\r\n            <\/div>\r\n          <\/div>\r\n          <div class=\"col-md-2\">\r\n                            <a href=\"https:\/\/www.lesgets.com\/nl\/details\/bass-les-gets-6523393-Fr\/\" class=\"btn\">Meer zien<\/a>\r\n                      <\/div>\r\n        <\/div>\r\n      <\/div>\r\n      <\/div>\r\n<!--END ITEMS APIDAE -->\r\n\r\n<!--BEGIN PAGINATOR -->\r\n  \r\n<nav>\r\n    <ul class=\"pagination text-center\">\r\n        <li class=\"page-item disabled\">\r\n            <a class=\"page-link\" href=\"https:\/\/www.lesgets.com\/nl\/wp-json\/wp\/v2\/pages\/33333\/\" tabindex=\"-1\">Pr\u00e9c\u00e9dent<\/a>\r\n        <\/li>\r\n                                    <li class=\"page-item active\">\r\n                    <a class=\"page-link\" href=\"https:\/\/www.lesgets.com\/nl\/wp-json\/wp\/v2\/pages\/33333\/\">1                        <span class=\"sr-only\">(current)<\/span>\r\n                    <\/a>\r\n                <\/li>\r\n                                                <li class=\"page-item\">\r\n                    <a class=\"page-link\" href=\"https:\/\/www.lesgets.com\/nl\/wp-json\/wp\/v2\/pages\/33333\/?paged=2\">2<\/a>\r\n                <\/li>\r\n                    \r\n        <li class=\"page-item \">\r\n            <a class=\"page-link\" href=\"https:\/\/www.lesgets.com\/nl\/wp-json\/wp\/v2\/pages\/33333\/?paged=2\">Suivant<\/a>\r\n        <\/li>\r\n\r\n    <\/ul>\r\n<\/nav><!--BEGIN PAGINATOR --><\/div>","protected":false},"excerpt":{"rendered":"<p>Hier is de lijst van gidsen voor toerski\u00ebn in het middelgebergte<\/p>\n","protected":false},"author":2,"featured_media":0,"parent":15880,"menu_order":0,"comment_status":"closed","ping_status":"closed","template":"","meta":{"_acf_changed":false,"footnotes":""},"class_list":["post-33333","page","type-page","status-publish","hentry"],"acf":[],"yoast_head":"<!-- This site is optimized with the Yoast SEO plugin v27.3 - https:\/\/yoast.com\/product\/yoast-seo-wordpress\/ -->\n<title>Middelgrote berggidsen voor skitochten - Les Gets<\/title>\n<meta name=\"description\" content=\"Hier is de lijst van gidsen voor toerski\u00ebn in het middelgebergte\" \/>\n<meta name=\"robots\" content=\"index, follow, max-snippet:-1, max-image-preview:large, max-video-preview:-1\" \/>\n<link rel=\"canonical\" href=\"https:\/\/www.lesgets.com\/nl\/ontdek-het-skigebied\/skien-wintersporten\/toerski\/middelgrote-berggidsen-voor-skitochten\/\" \/>\n<meta property=\"og:locale\" content=\"nl_NL\" \/>\n<meta property=\"og:type\" content=\"article\" \/>\n<meta property=\"og:title\" content=\"Middelgrote berggidsen voor skitochten - Les Gets\" \/>\n<meta property=\"og:description\" content=\"Hier is de lijst van gidsen voor toerski\u00ebn in het middelgebergte\" \/>\n<meta property=\"og:url\" content=\"https:\/\/www.lesgets.com\/nl\/ontdek-het-skigebied\/skien-wintersporten\/toerski\/middelgrote-berggidsen-voor-skitochten\/\" \/>\n<meta property=\"og:site_name\" content=\"Les Gets\" \/>\n<meta property=\"article:modified_time\" content=\"2021-11-29T10:01:18+00:00\" \/>\n<meta name=\"twitter:card\" content=\"summary_large_image\" \/>\n<script type=\"application\/ld+json\" class=\"yoast-schema-graph\">{\"@context\":\"https:\\\/\\\/schema.org\",\"@graph\":[{\"@type\":\"WebPage\",\"@id\":\"https:\\\/\\\/www.lesgets.com\\\/nl\\\/ontdek-het-skigebied\\\/skien-wintersporten\\\/toerski\\\/middelgrote-berggidsen-voor-skitochten\\\/\",\"url\":\"https:\\\/\\\/www.lesgets.com\\\/nl\\\/ontdek-het-skigebied\\\/skien-wintersporten\\\/toerski\\\/middelgrote-berggidsen-voor-skitochten\\\/\",\"name\":\"Middelgrote berggidsen voor skitochten - Les Gets\",\"isPartOf\":{\"@id\":\"https:\\\/\\\/www.lesgets.com\\\/en\\\/#website\"},\"datePublished\":\"2021-11-29T10:01:14+00:00\",\"dateModified\":\"2021-11-29T10:01:18+00:00\",\"description\":\"Hier is de lijst van gidsen voor toerski\u00ebn in het middelgebergte\",\"breadcrumb\":{\"@id\":\"https:\\\/\\\/www.lesgets.com\\\/nl\\\/ontdek-het-skigebied\\\/skien-wintersporten\\\/toerski\\\/middelgrote-berggidsen-voor-skitochten\\\/#breadcrumb\"},\"inLanguage\":\"nl-NL\",\"potentialAction\":[{\"@type\":\"ReadAction\",\"target\":[\"https:\\\/\\\/www.lesgets.com\\\/nl\\\/ontdek-het-skigebied\\\/skien-wintersporten\\\/toerski\\\/middelgrote-berggidsen-voor-skitochten\\\/\"]}]},{\"@type\":\"BreadcrumbList\",\"@id\":\"https:\\\/\\\/www.lesgets.com\\\/nl\\\/ontdek-het-skigebied\\\/skien-wintersporten\\\/toerski\\\/middelgrote-berggidsen-voor-skitochten\\\/#breadcrumb\",\"itemListElement\":[{\"@type\":\"ListItem\",\"position\":1,\"name\":\"Accueil\",\"item\":\"https:\\\/\\\/www.lesgets.com\\\/nl\\\/\"},{\"@type\":\"ListItem\",\"position\":2,\"name\":\"Ontdek het resort\",\"item\":\"https:\\\/\\\/www.lesgets.com\\\/nl\\\/ontdek-het-skigebied\\\/\"},{\"@type\":\"ListItem\",\"position\":3,\"name\":\"Ski\u00ebn &#8211; wintersporten\",\"item\":\"https:\\\/\\\/www.lesgets.com\\\/nl\\\/ontdek-het-skigebied\\\/skien-wintersporten\\\/\"},{\"@type\":\"ListItem\",\"position\":4,\"name\":\"Toerski\u00ebn\",\"item\":\"https:\\\/\\\/www.lesgets.com\\\/nl\\\/ontdek-het-skigebied\\\/skien-wintersporten\\\/toerski\\\/\"},{\"@type\":\"ListItem\",\"position\":5,\"name\":\"Middelgrote berggidsen voor skitochten\"}]},{\"@type\":\"WebSite\",\"@id\":\"https:\\\/\\\/www.lesgets.com\\\/en\\\/#website\",\"url\":\"https:\\\/\\\/www.lesgets.com\\\/en\\\/\",\"name\":\"Les Gets\",\"description\":\"\",\"publisher\":{\"@id\":\"https:\\\/\\\/www.lesgets.com\\\/en\\\/#organization\"},\"potentialAction\":[{\"@type\":\"SearchAction\",\"target\":{\"@type\":\"EntryPoint\",\"urlTemplate\":\"https:\\\/\\\/www.lesgets.com\\\/en\\\/?s={search_term_string}\"},\"query-input\":{\"@type\":\"PropertyValueSpecification\",\"valueRequired\":true,\"valueName\":\"search_term_string\"}}],\"inLanguage\":\"nl-NL\"},{\"@type\":\"Organization\",\"@id\":\"https:\\\/\\\/www.lesgets.com\\\/en\\\/#organization\",\"name\":\"Les Gets\",\"url\":\"https:\\\/\\\/www.lesgets.com\\\/en\\\/\",\"logo\":{\"@type\":\"ImageObject\",\"inLanguage\":\"nl-NL\",\"@id\":\"https:\\\/\\\/www.lesgets.com\\\/en\\\/#\\\/schema\\\/logo\\\/image\\\/\",\"url\":\"https:\\\/\\\/www.lesgets.com\\\/wp\\\/..\\\/app\\\/uploads\\\/2020\\\/06\\\/logo_lesgets.png\",\"contentUrl\":\"https:\\\/\\\/www.lesgets.com\\\/wp\\\/..\\\/app\\\/uploads\\\/2020\\\/06\\\/logo_lesgets.png\",\"width\":136,\"height\":115,\"caption\":\"Les Gets\"},\"image\":{\"@id\":\"https:\\\/\\\/www.lesgets.com\\\/en\\\/#\\\/schema\\\/logo\\\/image\\\/\"}}]}<\/script>\n<!-- \/ Yoast SEO plugin. -->","yoast_head_json":{"title":"Middelgrote berggidsen voor skitochten - Les Gets","description":"Hier is de lijst van gidsen voor toerski\u00ebn in het middelgebergte","robots":{"index":"index","follow":"follow","max-snippet":"max-snippet:-1","max-image-preview":"max-image-preview:large","max-video-preview":"max-video-preview:-1"},"canonical":"https:\/\/www.lesgets.com\/nl\/ontdek-het-skigebied\/skien-wintersporten\/toerski\/middelgrote-berggidsen-voor-skitochten\/","og_locale":"nl_NL","og_type":"article","og_title":"Middelgrote berggidsen voor skitochten - Les Gets","og_description":"Hier is de lijst van gidsen voor toerski\u00ebn in het middelgebergte","og_url":"https:\/\/www.lesgets.com\/nl\/ontdek-het-skigebied\/skien-wintersporten\/toerski\/middelgrote-berggidsen-voor-skitochten\/","og_site_name":"Les Gets","article_modified_time":"2021-11-29T10:01:18+00:00","twitter_card":"summary_large_image","schema":{"@context":"https:\/\/schema.org","@graph":[{"@type":"WebPage","@id":"https:\/\/www.lesgets.com\/nl\/ontdek-het-skigebied\/skien-wintersporten\/toerski\/middelgrote-berggidsen-voor-skitochten\/","url":"https:\/\/www.lesgets.com\/nl\/ontdek-het-skigebied\/skien-wintersporten\/toerski\/middelgrote-berggidsen-voor-skitochten\/","name":"Middelgrote berggidsen voor skitochten - Les Gets","isPartOf":{"@id":"https:\/\/www.lesgets.com\/en\/#website"},"datePublished":"2021-11-29T10:01:14+00:00","dateModified":"2021-11-29T10:01:18+00:00","description":"Hier is de lijst van gidsen voor toerski\u00ebn in het middelgebergte","breadcrumb":{"@id":"https:\/\/www.lesgets.com\/nl\/ontdek-het-skigebied\/skien-wintersporten\/toerski\/middelgrote-berggidsen-voor-skitochten\/#breadcrumb"},"inLanguage":"nl-NL","potentialAction":[{"@type":"ReadAction","target":["https:\/\/www.lesgets.com\/nl\/ontdek-het-skigebied\/skien-wintersporten\/toerski\/middelgrote-berggidsen-voor-skitochten\/"]}]},{"@type":"BreadcrumbList","@id":"https:\/\/www.lesgets.com\/nl\/ontdek-het-skigebied\/skien-wintersporten\/toerski\/middelgrote-berggidsen-voor-skitochten\/#breadcrumb","itemListElement":[{"@type":"ListItem","position":1,"name":"Accueil","item":"https:\/\/www.lesgets.com\/nl\/"},{"@type":"ListItem","position":2,"name":"Ontdek het resort","item":"https:\/\/www.lesgets.com\/nl\/ontdek-het-skigebied\/"},{"@type":"ListItem","position":3,"name":"Ski\u00ebn &#8211; wintersporten","item":"https:\/\/www.lesgets.com\/nl\/ontdek-het-skigebied\/skien-wintersporten\/"},{"@type":"ListItem","position":4,"name":"Toerski\u00ebn","item":"https:\/\/www.lesgets.com\/nl\/ontdek-het-skigebied\/skien-wintersporten\/toerski\/"},{"@type":"ListItem","position":5,"name":"Middelgrote berggidsen voor skitochten"}]},{"@type":"WebSite","@id":"https:\/\/www.lesgets.com\/en\/#website","url":"https:\/\/www.lesgets.com\/en\/","name":"Les Gets","description":"","publisher":{"@id":"https:\/\/www.lesgets.com\/en\/#organization"},"potentialAction":[{"@type":"SearchAction","target":{"@type":"EntryPoint","urlTemplate":"https:\/\/www.lesgets.com\/en\/?s={search_term_string}"},"query-input":{"@type":"PropertyValueSpecification","valueRequired":true,"valueName":"search_term_string"}}],"inLanguage":"nl-NL"},{"@type":"Organization","@id":"https:\/\/www.lesgets.com\/en\/#organization","name":"Les Gets","url":"https:\/\/www.lesgets.com\/en\/","logo":{"@type":"ImageObject","inLanguage":"nl-NL","@id":"https:\/\/www.lesgets.com\/en\/#\/schema\/logo\/image\/","url":"https:\/\/www.lesgets.com\/wp\/..\/app\/uploads\/2020\/06\/logo_lesgets.png","contentUrl":"https:\/\/www.lesgets.com\/wp\/..\/app\/uploads\/2020\/06\/logo_lesgets.png","width":136,"height":115,"caption":"Les Gets"},"image":{"@id":"https:\/\/www.lesgets.com\/en\/#\/schema\/logo\/image\/"}}]}},"featured_image_src":null,"featured_image_src_square":null,"_links":{"self":[{"href":"https:\/\/www.lesgets.com\/nl\/wp-json\/wp\/v2\/pages\/33333","targetHints":{"allow":["GET"]}}],"collection":[{"href":"https:\/\/www.lesgets.com\/nl\/wp-json\/wp\/v2\/pages"}],"about":[{"href":"https:\/\/www.lesgets.com\/nl\/wp-json\/wp\/v2\/types\/page"}],"author":[{"embeddable":true,"href":"https:\/\/www.lesgets.com\/nl\/wp-json\/wp\/v2\/users\/2"}],"replies":[{"embeddable":true,"href":"https:\/\/www.lesgets.com\/nl\/wp-json\/wp\/v2\/comments?post=33333"}],"version-history":[{"count":3,"href":"https:\/\/www.lesgets.com\/nl\/wp-json\/wp\/v2\/pages\/33333\/revisions"}],"predecessor-version":[{"id":33336,"href":"https:\/\/www.lesgets.com\/nl\/wp-json\/wp\/v2\/pages\/33333\/revisions\/33336"}],"up":[{"embeddable":true,"href":"https:\/\/www.lesgets.com\/nl\/wp-json\/wp\/v2\/pages\/15880"}],"wp:attachment":[{"href":"https:\/\/www.lesgets.com\/nl\/wp-json\/wp\/v2\/media?parent=33333"}],"curies":[{"name":"wp","href":"https:\/\/api.w.org\/{rel}","templated":true}]}}