{"id":33482,"date":"2021-12-03T16:05:45","date_gmt":"2021-12-03T15:05:45","guid":{"rendered":"https:\/\/www.lesgets.com\/wat-is-er-te-doen\/welzijn-en-ontspanning\/schoonheid-en-cosmetica\/"},"modified":"2021-12-03T16:28:13","modified_gmt":"2021-12-03T15:28:13","slug":"schoonheid-en-cosmetica","status":"publish","type":"page","link":"https:\/\/www.lesgets.com\/nl\/wat-is-er-te-doen\/welzijn-en-ontspanning\/schoonheid-en-cosmetica\/","title":{"rendered":"Schoonheid en cosmetica"},"content":{"rendered":"<div class=\"block block-lba-apidae-selection\"><!--BEGIN FILTER -->\r\n<!--BEGIN FILTER -->\r\n\r\n<!--BEGIN ITEMS APIDAE -->\r\n  <p class=\"alert alert-info\">Aucun \u00e9l\u00e9ment trouv\u00e9..!<\/p>\r\n<!--END ITEMS APIDAE -->\r\n\r\n<!--BEGIN PAGINATOR -->\r\n<!--BEGIN PAGINATOR --><\/div>\n\n<div class=\"block block-lba-apidae-fiche\"><!-- BEGIN TEMPLATE fiche.php -->\n<!-- END TEMPLATE fiche.php -->\n\n<\/div>","protected":false},"excerpt":{"rendered":"<p>Geniet van mooie momenten tijdens uw vakantie in Les Gets.<\/p>\n","protected":false},"author":2,"featured_media":17865,"parent":16645,"menu_order":0,"comment_status":"closed","ping_status":"closed","template":"","meta":{"_acf_changed":false,"footnotes":""},"class_list":["post-33482","page","type-page","status-publish","has-post-thumbnail","hentry"],"acf":[],"yoast_head":"<!-- This site is optimized with the Yoast SEO plugin v27.2 - https:\/\/yoast.com\/product\/yoast-seo-wordpress\/ -->\n<title>Schoonheid en cosmetica - Les Gets<\/title>\n<meta name=\"description\" content=\"Geniet van mooie momenten tijdens uw vakantie in Les Gets.\" \/>\n<meta name=\"robots\" content=\"index, follow, max-snippet:-1, max-image-preview:large, max-video-preview:-1\" \/>\n<link rel=\"canonical\" href=\"https:\/\/www.lesgets.com\/nl\/wat-is-er-te-doen\/welzijn-en-ontspanning\/schoonheid-en-cosmetica\/\" \/>\n<meta property=\"og:locale\" content=\"nl_NL\" \/>\n<meta property=\"og:type\" content=\"article\" \/>\n<meta property=\"og:title\" content=\"Schoonheid en cosmetica - Les Gets\" \/>\n<meta property=\"og:description\" content=\"Geniet van mooie momenten tijdens uw vakantie in Les Gets.\" \/>\n<meta property=\"og:url\" content=\"https:\/\/www.lesgets.com\/nl\/wat-is-er-te-doen\/welzijn-en-ontspanning\/schoonheid-en-cosmetica\/\" \/>\n<meta property=\"og:site_name\" content=\"Les Gets\" \/>\n<meta property=\"article:modified_time\" content=\"2021-12-03T15:28:13+00:00\" \/>\n<meta property=\"og:image\" content=\"https:\/\/www.lesgets.com\/wp\/..\/app\/uploads\/2020\/08\/LesGets_Soins_biene\u0302tre_0258_Clair_Moment-scaled.jpg\" \/>\n\t<meta property=\"og:image:width\" content=\"2560\" \/>\n\t<meta property=\"og:image:height\" content=\"1707\" \/>\n\t<meta property=\"og:image:type\" content=\"image\/jpeg\" \/>\n<meta name=\"twitter:card\" content=\"summary_large_image\" \/>\n<meta name=\"twitter:label1\" content=\"Est. reading time\" \/>\n\t<meta name=\"twitter:data1\" content=\"1 minute\" \/>\n<script type=\"application\/ld+json\" class=\"yoast-schema-graph\">{\"@context\":\"https:\/\/schema.org\",\"@graph\":[{\"@type\":\"WebPage\",\"@id\":\"https:\/\/www.lesgets.com\/nl\/wat-is-er-te-doen\/welzijn-en-ontspanning\/schoonheid-en-cosmetica\/\",\"url\":\"https:\/\/www.lesgets.com\/nl\/wat-is-er-te-doen\/welzijn-en-ontspanning\/schoonheid-en-cosmetica\/\",\"name\":\"Schoonheid en cosmetica - Les Gets\",\"isPartOf\":{\"@id\":\"https:\/\/www.lesgets.com\/en\/#website\"},\"primaryImageOfPage\":{\"@id\":\"https:\/\/www.lesgets.com\/nl\/wat-is-er-te-doen\/welzijn-en-ontspanning\/schoonheid-en-cosmetica\/#primaryimage\"},\"image\":{\"@id\":\"https:\/\/www.lesgets.com\/nl\/wat-is-er-te-doen\/welzijn-en-ontspanning\/schoonheid-en-cosmetica\/#primaryimage\"},\"thumbnailUrl\":\"https:\/\/www.lesgets.com\/wp\/..\/app\/uploads\/2020\/08\/LesGets_Soins_biene\u0302tre_0258_Clair_Moment-scaled.jpg\",\"datePublished\":\"2021-12-03T15:05:45+00:00\",\"dateModified\":\"2021-12-03T15:28:13+00:00\",\"description\":\"Geniet van mooie momenten tijdens uw vakantie in Les Gets.\",\"breadcrumb\":{\"@id\":\"https:\/\/www.lesgets.com\/nl\/wat-is-er-te-doen\/welzijn-en-ontspanning\/schoonheid-en-cosmetica\/#breadcrumb\"},\"inLanguage\":\"nl-NL\",\"potentialAction\":[{\"@type\":\"ReadAction\",\"target\":[\"https:\/\/www.lesgets.com\/nl\/wat-is-er-te-doen\/welzijn-en-ontspanning\/schoonheid-en-cosmetica\/\"]}]},{\"@type\":\"ImageObject\",\"inLanguage\":\"nl-NL\",\"@id\":\"https:\/\/www.lesgets.com\/nl\/wat-is-er-te-doen\/welzijn-en-ontspanning\/schoonheid-en-cosmetica\/#primaryimage\",\"url\":\"https:\/\/www.lesgets.com\/wp\/..\/app\/uploads\/2020\/08\/LesGets_Soins_biene\u0302tre_0258_Clair_Moment-scaled.jpg\",\"contentUrl\":\"https:\/\/www.lesgets.com\/wp\/..\/app\/uploads\/2020\/08\/LesGets_Soins_biene\u0302tre_0258_Clair_Moment-scaled.jpg\",\"width\":2560,\"height\":1707},{\"@type\":\"BreadcrumbList\",\"@id\":\"https:\/\/www.lesgets.com\/nl\/wat-is-er-te-doen\/welzijn-en-ontspanning\/schoonheid-en-cosmetica\/#breadcrumb\",\"itemListElement\":[{\"@type\":\"ListItem\",\"position\":1,\"name\":\"Accueil\",\"item\":\"https:\/\/www.lesgets.com\/nl\/\"},{\"@type\":\"ListItem\",\"position\":2,\"name\":\"Wat is er te doen?\",\"item\":\"https:\/\/www.lesgets.com\/nl\/wat-is-er-te-doen\/\"},{\"@type\":\"ListItem\",\"position\":3,\"name\":\"Welzijn en ontspanning\",\"item\":\"https:\/\/www.lesgets.com\/nl\/wat-is-er-te-doen\/welzijn-en-ontspanning\/\"},{\"@type\":\"ListItem\",\"position\":4,\"name\":\"Schoonheid en cosmetica\"}]},{\"@type\":\"WebSite\",\"@id\":\"https:\/\/www.lesgets.com\/en\/#website\",\"url\":\"https:\/\/www.lesgets.com\/en\/\",\"name\":\"Les Gets\",\"description\":\"\",\"publisher\":{\"@id\":\"https:\/\/www.lesgets.com\/en\/#organization\"},\"potentialAction\":[{\"@type\":\"SearchAction\",\"target\":{\"@type\":\"EntryPoint\",\"urlTemplate\":\"https:\/\/www.lesgets.com\/en\/?s={search_term_string}\"},\"query-input\":{\"@type\":\"PropertyValueSpecification\",\"valueRequired\":true,\"valueName\":\"search_term_string\"}}],\"inLanguage\":\"nl-NL\"},{\"@type\":\"Organization\",\"@id\":\"https:\/\/www.lesgets.com\/en\/#organization\",\"name\":\"Les Gets\",\"url\":\"https:\/\/www.lesgets.com\/en\/\",\"logo\":{\"@type\":\"ImageObject\",\"inLanguage\":\"nl-NL\",\"@id\":\"https:\/\/www.lesgets.com\/en\/#\/schema\/logo\/image\/\",\"url\":\"https:\/\/www.lesgets.com\/wp\/..\/app\/uploads\/2020\/06\/logo_lesgets.png\",\"contentUrl\":\"https:\/\/www.lesgets.com\/wp\/..\/app\/uploads\/2020\/06\/logo_lesgets.png\",\"width\":136,\"height\":115,\"caption\":\"Les Gets\"},\"image\":{\"@id\":\"https:\/\/www.lesgets.com\/en\/#\/schema\/logo\/image\/\"}}]}<\/script>\n<!-- \/ Yoast SEO plugin. -->","yoast_head_json":{"title":"Schoonheid en cosmetica - Les Gets","description":"Geniet van mooie momenten tijdens uw vakantie in Les Gets.","robots":{"index":"index","follow":"follow","max-snippet":"max-snippet:-1","max-image-preview":"max-image-preview:large","max-video-preview":"max-video-preview:-1"},"canonical":"https:\/\/www.lesgets.com\/nl\/wat-is-er-te-doen\/welzijn-en-ontspanning\/schoonheid-en-cosmetica\/","og_locale":"nl_NL","og_type":"article","og_title":"Schoonheid en cosmetica - Les Gets","og_description":"Geniet van mooie momenten tijdens uw vakantie in Les Gets.","og_url":"https:\/\/www.lesgets.com\/nl\/wat-is-er-te-doen\/welzijn-en-ontspanning\/schoonheid-en-cosmetica\/","og_site_name":"Les Gets","article_modified_time":"2021-12-03T15:28:13+00:00","og_image":[{"width":2560,"height":1707,"url":"https:\/\/www.lesgets.com\/wp\/..\/app\/uploads\/2020\/08\/LesGets_Soins_biene\u0302tre_0258_Clair_Moment-scaled.jpg","type":"image\/jpeg"}],"twitter_card":"summary_large_image","twitter_misc":{"Est. reading time":"1 minute"},"schema":{"@context":"https:\/\/schema.org","@graph":[{"@type":"WebPage","@id":"https:\/\/www.lesgets.com\/nl\/wat-is-er-te-doen\/welzijn-en-ontspanning\/schoonheid-en-cosmetica\/","url":"https:\/\/www.lesgets.com\/nl\/wat-is-er-te-doen\/welzijn-en-ontspanning\/schoonheid-en-cosmetica\/","name":"Schoonheid en cosmetica - Les Gets","isPartOf":{"@id":"https:\/\/www.lesgets.com\/en\/#website"},"primaryImageOfPage":{"@id":"https:\/\/www.lesgets.com\/nl\/wat-is-er-te-doen\/welzijn-en-ontspanning\/schoonheid-en-cosmetica\/#primaryimage"},"image":{"@id":"https:\/\/www.lesgets.com\/nl\/wat-is-er-te-doen\/welzijn-en-ontspanning\/schoonheid-en-cosmetica\/#primaryimage"},"thumbnailUrl":"https:\/\/www.lesgets.com\/wp\/..\/app\/uploads\/2020\/08\/LesGets_Soins_biene\u0302tre_0258_Clair_Moment-scaled.jpg","datePublished":"2021-12-03T15:05:45+00:00","dateModified":"2021-12-03T15:28:13+00:00","description":"Geniet van mooie momenten tijdens uw vakantie in Les Gets.","breadcrumb":{"@id":"https:\/\/www.lesgets.com\/nl\/wat-is-er-te-doen\/welzijn-en-ontspanning\/schoonheid-en-cosmetica\/#breadcrumb"},"inLanguage":"nl-NL","potentialAction":[{"@type":"ReadAction","target":["https:\/\/www.lesgets.com\/nl\/wat-is-er-te-doen\/welzijn-en-ontspanning\/schoonheid-en-cosmetica\/"]}]},{"@type":"ImageObject","inLanguage":"nl-NL","@id":"https:\/\/www.lesgets.com\/nl\/wat-is-er-te-doen\/welzijn-en-ontspanning\/schoonheid-en-cosmetica\/#primaryimage","url":"https:\/\/www.lesgets.com\/wp\/..\/app\/uploads\/2020\/08\/LesGets_Soins_biene\u0302tre_0258_Clair_Moment-scaled.jpg","contentUrl":"https:\/\/www.lesgets.com\/wp\/..\/app\/uploads\/2020\/08\/LesGets_Soins_biene\u0302tre_0258_Clair_Moment-scaled.jpg","width":2560,"height":1707},{"@type":"BreadcrumbList","@id":"https:\/\/www.lesgets.com\/nl\/wat-is-er-te-doen\/welzijn-en-ontspanning\/schoonheid-en-cosmetica\/#breadcrumb","itemListElement":[{"@type":"ListItem","position":1,"name":"Accueil","item":"https:\/\/www.lesgets.com\/nl\/"},{"@type":"ListItem","position":2,"name":"Wat is er te doen?","item":"https:\/\/www.lesgets.com\/nl\/wat-is-er-te-doen\/"},{"@type":"ListItem","position":3,"name":"Welzijn en ontspanning","item":"https:\/\/www.lesgets.com\/nl\/wat-is-er-te-doen\/welzijn-en-ontspanning\/"},{"@type":"ListItem","position":4,"name":"Schoonheid en cosmetica"}]},{"@type":"WebSite","@id":"https:\/\/www.lesgets.com\/en\/#website","url":"https:\/\/www.lesgets.com\/en\/","name":"Les Gets","description":"","publisher":{"@id":"https:\/\/www.lesgets.com\/en\/#organization"},"potentialAction":[{"@type":"SearchAction","target":{"@type":"EntryPoint","urlTemplate":"https:\/\/www.lesgets.com\/en\/?s={search_term_string}"},"query-input":{"@type":"PropertyValueSpecification","valueRequired":true,"valueName":"search_term_string"}}],"inLanguage":"nl-NL"},{"@type":"Organization","@id":"https:\/\/www.lesgets.com\/en\/#organization","name":"Les Gets","url":"https:\/\/www.lesgets.com\/en\/","logo":{"@type":"ImageObject","inLanguage":"nl-NL","@id":"https:\/\/www.lesgets.com\/en\/#\/schema\/logo\/image\/","url":"https:\/\/www.lesgets.com\/wp\/..\/app\/uploads\/2020\/06\/logo_lesgets.png","contentUrl":"https:\/\/www.lesgets.com\/wp\/..\/app\/uploads\/2020\/06\/logo_lesgets.png","width":136,"height":115,"caption":"Les Gets"},"image":{"@id":"https:\/\/www.lesgets.com\/en\/#\/schema\/logo\/image\/"}}]}},"featured_image_src":"https:\/\/www.lesgets.com\/wp\/..\/app\/uploads\/2020\/08\/LesGets_Soins_biene\u0302tre_0258_Clair_Moment-600x400.jpg","featured_image_src_square":"https:\/\/www.lesgets.com\/wp\/..\/app\/uploads\/2020\/08\/LesGets_Soins_biene\u0302tre_0258_Clair_Moment-600x600.jpg","_links":{"self":[{"href":"https:\/\/www.lesgets.com\/nl\/wp-json\/wp\/v2\/pages\/33482","targetHints":{"allow":["GET"]}}],"collection":[{"href":"https:\/\/www.lesgets.com\/nl\/wp-json\/wp\/v2\/pages"}],"about":[{"href":"https:\/\/www.lesgets.com\/nl\/wp-json\/wp\/v2\/types\/page"}],"author":[{"embeddable":true,"href":"https:\/\/www.lesgets.com\/nl\/wp-json\/wp\/v2\/users\/2"}],"replies":[{"embeddable":true,"href":"https:\/\/www.lesgets.com\/nl\/wp-json\/wp\/v2\/comments?post=33482"}],"version-history":[{"count":3,"href":"https:\/\/www.lesgets.com\/nl\/wp-json\/wp\/v2\/pages\/33482\/revisions"}],"predecessor-version":[{"id":33499,"href":"https:\/\/www.lesgets.com\/nl\/wp-json\/wp\/v2\/pages\/33482\/revisions\/33499"}],"up":[{"embeddable":true,"href":"https:\/\/www.lesgets.com\/nl\/wp-json\/wp\/v2\/pages\/16645"}],"wp:featuredmedia":[{"embeddable":true,"href":"https:\/\/www.lesgets.com\/nl\/wp-json\/wp\/v2\/media\/17865"}],"wp:attachment":[{"href":"https:\/\/www.lesgets.com\/nl\/wp-json\/wp\/v2\/media?parent=33482"}],"curies":[{"name":"wp","href":"https:\/\/api.w.org\/{rel}","templated":true}]}}