{"id":78580,"date":"2024-10-17T18:01:12","date_gmt":"2024-10-17T16:01:12","guid":{"rendered":"https:\/\/www.lesgets.com\/winter-trail-les-gets-2025\/toutes-les-infos\/"},"modified":"2025-11-06T14:47:48","modified_gmt":"2025-11-06T13:47:48","slug":"toutes-les-infos","status":"publish","type":"page","link":"https:\/\/www.lesgets.com\/nl\/winter-trail-les-gets-2025\/toutes-les-infos\/","title":{"rendered":"Alle informatie"},"content":{"rendered":"<div class=\"block block-core-paragraph\">\n<p><br>Hier vindt u alle essenti\u00eble informatie om u voor te bereiden op de tweede editie van de Trail d\u2019Hiver des Gets! \u2744\ufe0f\ud83c\udfc3\ud83c\udffc<\/p>\n<\/div>\n\n<div class=\"block block-core-buttons\">\n<div class=\"wp-block-buttons is-content-justification-center is-layout-flex wp-container-core-buttons-is-layout-16018d1d wp-block-buttons-is-layout-flex\"><div class=\"block block-core-button\">\n<div class=\"wp-block-button\"><a class=\"wp-block-button__link wp-element-button\" href=\"https:\/\/in.njuko.com\/trail-hiver-des-gets-2026?currentPage=select-competition\">Ik schrijf me in\u00a0<\/a><\/div>\n<\/div><\/div>\n<\/div>\n\n<div class=\"block block-core-buttons\">\n<div class=\"wp-block-buttons is-content-justification-center is-layout-flex wp-container-core-buttons-is-layout-16018d1d wp-block-buttons-is-layout-flex\"><div class=\"block block-core-button\">\n<div class=\"wp-block-button\"><a class=\"wp-block-button__link wp-element-button\" href=\"https:\/\/www.lesgets.com\/wp\/..\/app\/uploads\/2025\/10\/Reglement-Trail-Hiver-2026.pdf\" target=\"_blank\" rel=\"noreferrer noopener\">Download het reglement<\/a><\/div>\n<\/div><\/div>\n<\/div>\n\n<div class=\"block block-genesis-custom-blocks-accordion\">    <div class=\"accordion\">\r\n                    <div class=\"title\">\r\n                <h3>\ud83e\udd7e Uitrusting<\/h3>\r\n            <\/div>\r\n        \r\n                    <div class=\"description\">\r\n                <p>\u27a1\ufe0f Verplichte uitrusting<\/p>\n<p>Hoofdlamp (geen telefoon)<br \/>Minimaal 0,5\u00a0liter water\u00a0<br \/>Voedselvoorraad\u00a0<br \/>Reddingsdeken\u00a0<br \/>Telefoonbatterij minimaal 70% opgeladen<br \/>Winddichte bergjas\u00a0<br \/>Mobiele telefoon met het nummer van de organisatie (07\u00a066\u00a033\u00a050\u00a030). De deelnemer moet te allen tijde bereikbaar zijn (voor, tijdens en na de loop)<br \/>Stokken zijn toegestaan<br \/>Startnummer zichtbaar op de borst<\/p>\n<p>\u27a1\ufe0f Aanbevolen uitrusting<br \/>Waterdichte jas\u00a0<br \/>Handschoenen en muts bij koud weer\u00a0<\/p>\n<p>\u2757 U verbindt zich ertoe om de verplichte uitrusting bij u te hebben en deze op verzoek van de organisatie tijdens de hele wedstrijd (start, finish, op het parcours) te tonen. \u2757<\/p>\n            <\/div>\r\n            <\/div>\r\n<\/div>\n\n<div class=\"block block-genesis-custom-blocks-accordion\">    <div class=\"accordion\">\r\n                    <div class=\"title\">\r\n                <h3>\ud83c\udfbd Startnummer <\/h3>\r\n            <\/div>\r\n        \r\n                    <div class=\"description\">\r\n                <p>\u27a1\ufe0f Afhalen van startnummers<\/p>\n<p>U kunt uw startnummer op de dag zelf, zaterdag 17\u00a0januari 2026, tussen 8.30 en 18.00\u00a0uur afhalen in de zaal La Colombi\u00e8re (2813 Rte des Grandes Alpes, 74260 Les Gets) op vertoon van een identiteitsbewijs.\u00a0<\/p>\n<p>Uw startnummer kan ook door iemand anders worden opgehaald op vertoon van een identiteitsbewijs.<\/p>\n<p>Als uw dossier als onvolledig is aangemerkt, moet u een geldige FFA-licentie of een PPS-certificaat overleggen, dat u kunt verkrijgen op de website athle.fr\u00a0<\/p>\n<p>Ter informatie: uw inschrijving voor de parcoursen voor volwassenen omvat: een finisher-medaille, een deelnemerspakket, veiligheid en assistentie op het parcours, evenals een maaltijd en drankjes na de loop. De maaltijden voor lopers en begeleiders worden geserveerd van 19.00 tot 22.45\u00a0uur.<\/p>\n            <\/div>\r\n            <\/div>\r\n<\/div>\n\n<div class=\"block block-genesis-custom-blocks-accordion\">    <div class=\"accordion\">\r\n                    <div class=\"title\">\r\n                <h3>\ud83d\udeb0 Bevoorrading<\/h3>\r\n            <\/div>\r\n        \r\n                    <div class=\"description\">\r\n                <p>Er zal vloeibare en vaste voeding worden verstrekt, zowel individueel bij het afhalen van de startnummers en\/of langs het parcours, afhankelijk van de geldende gezondheidsvoorschriften.<\/p>\n<p><strong>Bevoorrading nr.\u00a01:<\/strong> van Chavannes op 4\u00a0km en 13 \u00a0km.<br \/><strong>Bevoorrading nr.\u00a02:<\/strong> Lac des Ecoles op 9 \u00a0km en 18 \u00a0km.<br \/><strong>Bevoorrading nr.\u00a03:<\/strong> in de finishzone op het Front de Neige.<\/p>\n<p>Persoonlijke bevoorrading door een ondersteuningsteam is niet toegestaan in de offici\u00eble bevoorradingszones.\u00a0<\/p>\n            <\/div>\r\n            <\/div>\r\n<\/div>\n\n<div class=\"block block-genesis-custom-blocks-accordion\">    <div class=\"accordion\">\r\n                    <div class=\"title\">\r\n                <h3>\u274c Verzekering en annulering<\/h3>\r\n            <\/div>\r\n        \r\n                    <div class=\"description\">\r\n                <p>Deelnemers met een licentie zijn gedekt door hun eigen licentie.\u00a0<br \/>Voor deelnemers zonder licentie wordt aangeraden een individuele ongevallenverzekering af te sluiten die eventuele zoek- en evacuatiekosten in Frankrijk dekt. Een dergelijke verzekering kan worden afgesloten bij elke organisator naar keuze van de deelnemer, en met name bij de F\u00e9d\u00e9ration Fran\u00e7aise d&#8217;Athl\u00e9tisme (Franse atletiekfederatie).\u00a0<\/p>\n<p>Als de loop wordt geannuleerd wegens overmacht of om redenen buiten de wil van de organisatie, kunnen de deelnemers aanspraak maken op: \u00a0<\/p>\n<p>\u27a1\ufe0f Ofwel het doorschuiven van hun inschrijving naar de Trail d\u2019Hiver des Gets 2027,\u00a0<br \/>\u27a1\ufe0f Ofwel terugbetaling van hun inschrijfgeld voor de Trail d\u2019Hiver des Gets 2026. Alleen de inschrijfkosten worden niet terugbetaald.\u00a0<\/p>\n            <\/div>\r\n            <\/div>\r\n<\/div>\n\n<div class=\"block block-genesis-custom-blocks-accordion\">    <div class=\"accordion\">\r\n                    <div class=\"title\">\r\n                <h3>\ud83e\uddd1\u200d\ud83e\udd1d\u200d\ud83e\uddd1 Begeleiders <\/h3>\r\n            <\/div>\r\n        \r\n                    <div class=\"description\">\r\n                <p>Kom samen met iemand en geniet samen van de maaltijd na de loop!<br \/>Voor 15\u00a0euro worden er bij inschrijving ook maaltijden voor begeleiders aangeboden.<br \/>U hoeft niet per se een startnummer te hebben om uw maaltijd te reserveren.<br \/>Reserveren is verplicht 15\u00a0dagen voor de startdatum.<\/p>\n            <\/div>\r\n            <\/div>\r\n<\/div>\n\n<div class=\"block block-genesis-custom-blocks-accordion\">    <div class=\"accordion\">\r\n                    <div class=\"title\">\r\n                <h3>\ud83d\udcc3 Verplicht document &#8211; PPS<\/h3>\r\n            <\/div>\r\n        \r\n                    <div class=\"description\">\r\n                <p>Neem een PPS (parcours de pr\u00e9vention sant\u00e9) mee, beschikbaar op de website <a href=\"http:\/\/pps.athle.fr\">pps.athle.fr<\/a><\/p>\n            <\/div>\r\n            <\/div>\r\n<\/div>\n\n<div class=\"block block-genesis-custom-blocks-accordion\">    <div class=\"accordion\">\r\n                    <div class=\"title\">\r\n                <h3>\ud83d\udcde Contact<\/h3>\r\n            <\/div>\r\n        \r\n                    <div class=\"description\">\r\n                <p>Voor alle informatie of vragen over het evenement kunt u terecht bij :<\/p>\n<p><strong>Les Gets Tourisme<\/strong><br \/>89 route du front de neige<br \/>74 260 Les Gets\u00a0<br \/>E-mail: trail@lesgets.com \u00a0<br \/>Tel.: 04 50 74 74 74<\/p>\n            <\/div>\r\n            <\/div>\r\n<\/div>\n\n<div class=\"block block-genesis-custom-blocks-accordion\">    <div class=\"accordion\">\r\n                    <div class=\"title\">\r\n                <h3>\u200b\u2b50 Gouden tickets<\/h3>\r\n            <\/div>\r\n        \r\n                    <div class=\"description\">\r\n                <p><strong>Win bijzondere cadeaus met de gouden tickets van de Trail d\u2019Hiver des Gets!<\/strong><\/p>\n<p>Dit jaar voegt het toeristenbureau van Les Gets een vleugje magie toe aan de Trail d\u2019Hiver des Gets. De gouden tickets worden willekeurig in de tassen van de deelnemers gestopt en geven recht op leuke verrassingen: trailuitrusting en -materiaal, cadeaubonnen voor lokale restaurants, toegangskaarten voor activiteiten in het skigebied of startnummers voor de volgende edities van de Trail des Gets. Reden te meer om deel te nemen aan deze sprookjesachtige editie!<\/p>\n            <\/div>\r\n            <\/div>\r\n<\/div>\n\n<div class=\"block block-genesis-custom-blocks-accordion\">    <div class=\"accordion\">\r\n                    <div class=\"title\">\r\n                <h3>\ud83d\udcaa\u200b Kit voor de goede loper<\/h3>\r\n            <\/div>\r\n        \r\n                    <div class=\"description\">\r\n                <p>\u2013 Bekijk het reglement!<br \/>\u2013 Bekijk het weerbericht op https:\/\/www.meteoblue.com\/fr\/meteo\/semaine\/les-gets_france_3000902<br \/>\u2013 Haal je startnummer op in de zaal La Colombi\u00e8re vanaf 8.30\u00a0uur op de dag van de loop.<br \/>\u2013 Controleer je deelnemerspakket om te zien of je een van de vele gouden tickets hebt gewonnen.<br \/>\u2013 Geniet van de loop!<br \/>\u2013 Geniet van het landschap<br \/>\u2013 Eet een lekkere warme maaltijd na je inspanning. Deel een gezellig moment met andere lopers, omringd door onze vrijwilligers en onze gepassioneerde medewerkers!<br \/>\u2013 Geniet van uw sportersbier, dat ook bij uw startnummer is inbegrepen.<br \/>\u2013 We hopen dat u maximaal plezier beleeft en topprestaties levert! Beklim de hellingen van het skigebied van Les Gets en waarom niet ook de treden van het podium!<\/p>\n            <\/div>\r\n            <\/div>\r\n<\/div>\n\n<div class=\"wp-block-image\">\n<figure class=\"aligncenter size-full\"><img loading=\"lazy\" decoding=\"async\" width=\"635\" height=\"166\" src=\"https:\/\/www.lesgets.com\/wp\/..\/app\/uploads\/2025\/09\/Logo-Partenaires-Trail-dHiver.png\" alt=\"Logo-Partenaires Trail d'Hiver\" class=\"wp-image-74004\"\/><\/figure>\n<\/div>\n\n<div class=\"block block-core-footnotes\"><\/div>","protected":false},"excerpt":{"rendered":"<p>Hier vindt u alle essenti\u00eble informatie om u voor te bereiden op de tweede editie van de Trail d\u2019Hiver des Gets! \u2744\ufe0f\ud83c\udfc3\ud83c\udffc<\/p>\n","protected":false},"author":14,"featured_media":74463,"parent":78574,"menu_order":0,"comment_status":"closed","ping_status":"closed","template":"","meta":{"_acf_changed":false,"footnotes":""},"class_list":["post-78580","page","type-page","status-publish","has-post-thumbnail","hentry"],"acf":[],"yoast_head":"<!-- This site is optimized with the Yoast SEO plugin v27.3 - https:\/\/yoast.com\/product\/yoast-seo-wordpress\/ -->\n<title>Alle informatie - Les Gets<\/title>\n<meta name=\"robots\" content=\"index, follow, max-snippet:-1, max-image-preview:large, max-video-preview:-1\" \/>\n<link rel=\"canonical\" href=\"https:\/\/www.lesgets.com\/nl\/winter-trail-les-gets-2025\/toutes-les-infos\/\" \/>\n<meta property=\"og:locale\" content=\"nl_NL\" \/>\n<meta property=\"og:type\" content=\"article\" \/>\n<meta property=\"og:title\" content=\"Alle informatie - Les Gets\" \/>\n<meta property=\"og:description\" content=\"Hier vindt u alle essenti\u00eble informatie om u voor te bereiden op de tweede editie van de Trail d\u2019Hiver des Gets! \u2744\ufe0f\ud83c\udfc3\ud83c\udffc\" \/>\n<meta property=\"og:url\" content=\"https:\/\/www.lesgets.com\/nl\/winter-trail-les-gets-2025\/toutes-les-infos\/\" \/>\n<meta property=\"og:site_name\" content=\"Les Gets\" \/>\n<meta property=\"article:modified_time\" content=\"2025-11-06T13:47:48+00:00\" \/>\n<meta property=\"og:image\" content=\"https:\/\/www.lesgets.com\/wp\/..\/app\/uploads\/2025\/10\/2025_01_18_Trail-Hiver-Les-Gets-4.jpg\" \/>\n\t<meta property=\"og:image:width\" content=\"1900\" \/>\n\t<meta property=\"og:image:height\" content=\"1069\" \/>\n\t<meta property=\"og:image:type\" content=\"image\/jpeg\" \/>\n<meta name=\"twitter:card\" content=\"summary_large_image\" \/>\n<meta name=\"twitter:label1\" content=\"Est. reading time\" \/>\n\t<meta name=\"twitter:data1\" content=\"1 minute\" \/>\n<script type=\"application\/ld+json\" class=\"yoast-schema-graph\">{\"@context\":\"https:\\\/\\\/schema.org\",\"@graph\":[{\"@type\":\"WebPage\",\"@id\":\"https:\\\/\\\/www.lesgets.com\\\/nl\\\/winter-trail-les-gets-2025\\\/toutes-les-infos\\\/\",\"url\":\"https:\\\/\\\/www.lesgets.com\\\/nl\\\/winter-trail-les-gets-2025\\\/toutes-les-infos\\\/\",\"name\":\"Alle informatie - Les Gets\",\"isPartOf\":{\"@id\":\"https:\\\/\\\/www.lesgets.com\\\/en\\\/#website\"},\"primaryImageOfPage\":{\"@id\":\"https:\\\/\\\/www.lesgets.com\\\/nl\\\/winter-trail-les-gets-2025\\\/toutes-les-infos\\\/#primaryimage\"},\"image\":{\"@id\":\"https:\\\/\\\/www.lesgets.com\\\/nl\\\/winter-trail-les-gets-2025\\\/toutes-les-infos\\\/#primaryimage\"},\"thumbnailUrl\":\"https:\\\/\\\/www.lesgets.com\\\/wp\\\/..\\\/app\\\/uploads\\\/2025\\\/10\\\/2025_01_18_Trail-Hiver-Les-Gets-4.jpg\",\"datePublished\":\"2024-10-17T16:01:12+00:00\",\"dateModified\":\"2025-11-06T13:47:48+00:00\",\"breadcrumb\":{\"@id\":\"https:\\\/\\\/www.lesgets.com\\\/nl\\\/winter-trail-les-gets-2025\\\/toutes-les-infos\\\/#breadcrumb\"},\"inLanguage\":\"nl-NL\",\"potentialAction\":[{\"@type\":\"ReadAction\",\"target\":[\"https:\\\/\\\/www.lesgets.com\\\/nl\\\/winter-trail-les-gets-2025\\\/toutes-les-infos\\\/\"]}]},{\"@type\":\"ImageObject\",\"inLanguage\":\"nl-NL\",\"@id\":\"https:\\\/\\\/www.lesgets.com\\\/nl\\\/winter-trail-les-gets-2025\\\/toutes-les-infos\\\/#primaryimage\",\"url\":\"https:\\\/\\\/www.lesgets.com\\\/wp\\\/..\\\/app\\\/uploads\\\/2025\\\/10\\\/2025_01_18_Trail-Hiver-Les-Gets-4.jpg\",\"contentUrl\":\"https:\\\/\\\/www.lesgets.com\\\/wp\\\/..\\\/app\\\/uploads\\\/2025\\\/10\\\/2025_01_18_Trail-Hiver-Les-Gets-4.jpg\",\"width\":1900,\"height\":1069,\"caption\":\"trail_hiver_les_Gets\"},{\"@type\":\"BreadcrumbList\",\"@id\":\"https:\\\/\\\/www.lesgets.com\\\/nl\\\/winter-trail-les-gets-2025\\\/toutes-les-infos\\\/#breadcrumb\",\"itemListElement\":[{\"@type\":\"ListItem\",\"position\":1,\"name\":\"Accueil\",\"item\":\"https:\\\/\\\/www.lesgets.com\\\/nl\\\/\"},{\"@type\":\"ListItem\",\"position\":2,\"name\":\"Trail d&rsquo;Hiver des Gets\",\"item\":\"https:\\\/\\\/www.lesgets.com\\\/nl\\\/winter-trail-les-gets-2025\\\/\"},{\"@type\":\"ListItem\",\"position\":3,\"name\":\"Alle informatie\"}]},{\"@type\":\"WebSite\",\"@id\":\"https:\\\/\\\/www.lesgets.com\\\/en\\\/#website\",\"url\":\"https:\\\/\\\/www.lesgets.com\\\/en\\\/\",\"name\":\"Les Gets\",\"description\":\"\",\"publisher\":{\"@id\":\"https:\\\/\\\/www.lesgets.com\\\/en\\\/#organization\"},\"potentialAction\":[{\"@type\":\"SearchAction\",\"target\":{\"@type\":\"EntryPoint\",\"urlTemplate\":\"https:\\\/\\\/www.lesgets.com\\\/en\\\/?s={search_term_string}\"},\"query-input\":{\"@type\":\"PropertyValueSpecification\",\"valueRequired\":true,\"valueName\":\"search_term_string\"}}],\"inLanguage\":\"nl-NL\"},{\"@type\":\"Organization\",\"@id\":\"https:\\\/\\\/www.lesgets.com\\\/en\\\/#organization\",\"name\":\"Les Gets\",\"url\":\"https:\\\/\\\/www.lesgets.com\\\/en\\\/\",\"logo\":{\"@type\":\"ImageObject\",\"inLanguage\":\"nl-NL\",\"@id\":\"https:\\\/\\\/www.lesgets.com\\\/en\\\/#\\\/schema\\\/logo\\\/image\\\/\",\"url\":\"https:\\\/\\\/www.lesgets.com\\\/wp\\\/..\\\/app\\\/uploads\\\/2020\\\/06\\\/logo_lesgets.png\",\"contentUrl\":\"https:\\\/\\\/www.lesgets.com\\\/wp\\\/..\\\/app\\\/uploads\\\/2020\\\/06\\\/logo_lesgets.png\",\"width\":136,\"height\":115,\"caption\":\"Les Gets\"},\"image\":{\"@id\":\"https:\\\/\\\/www.lesgets.com\\\/en\\\/#\\\/schema\\\/logo\\\/image\\\/\"}}]}<\/script>\n<!-- \/ Yoast SEO plugin. -->","yoast_head_json":{"title":"Alle informatie - Les Gets","robots":{"index":"index","follow":"follow","max-snippet":"max-snippet:-1","max-image-preview":"max-image-preview:large","max-video-preview":"max-video-preview:-1"},"canonical":"https:\/\/www.lesgets.com\/nl\/winter-trail-les-gets-2025\/toutes-les-infos\/","og_locale":"nl_NL","og_type":"article","og_title":"Alle informatie - Les Gets","og_description":"Hier vindt u alle essenti\u00eble informatie om u voor te bereiden op de tweede editie van de Trail d\u2019Hiver des Gets! \u2744\ufe0f\ud83c\udfc3\ud83c\udffc","og_url":"https:\/\/www.lesgets.com\/nl\/winter-trail-les-gets-2025\/toutes-les-infos\/","og_site_name":"Les Gets","article_modified_time":"2025-11-06T13:47:48+00:00","og_image":[{"width":1900,"height":1069,"url":"https:\/\/www.lesgets.com\/wp\/..\/app\/uploads\/2025\/10\/2025_01_18_Trail-Hiver-Les-Gets-4.jpg","type":"image\/jpeg"}],"twitter_card":"summary_large_image","twitter_misc":{"Est. reading time":"1 minute"},"schema":{"@context":"https:\/\/schema.org","@graph":[{"@type":"WebPage","@id":"https:\/\/www.lesgets.com\/nl\/winter-trail-les-gets-2025\/toutes-les-infos\/","url":"https:\/\/www.lesgets.com\/nl\/winter-trail-les-gets-2025\/toutes-les-infos\/","name":"Alle informatie - Les Gets","isPartOf":{"@id":"https:\/\/www.lesgets.com\/en\/#website"},"primaryImageOfPage":{"@id":"https:\/\/www.lesgets.com\/nl\/winter-trail-les-gets-2025\/toutes-les-infos\/#primaryimage"},"image":{"@id":"https:\/\/www.lesgets.com\/nl\/winter-trail-les-gets-2025\/toutes-les-infos\/#primaryimage"},"thumbnailUrl":"https:\/\/www.lesgets.com\/wp\/..\/app\/uploads\/2025\/10\/2025_01_18_Trail-Hiver-Les-Gets-4.jpg","datePublished":"2024-10-17T16:01:12+00:00","dateModified":"2025-11-06T13:47:48+00:00","breadcrumb":{"@id":"https:\/\/www.lesgets.com\/nl\/winter-trail-les-gets-2025\/toutes-les-infos\/#breadcrumb"},"inLanguage":"nl-NL","potentialAction":[{"@type":"ReadAction","target":["https:\/\/www.lesgets.com\/nl\/winter-trail-les-gets-2025\/toutes-les-infos\/"]}]},{"@type":"ImageObject","inLanguage":"nl-NL","@id":"https:\/\/www.lesgets.com\/nl\/winter-trail-les-gets-2025\/toutes-les-infos\/#primaryimage","url":"https:\/\/www.lesgets.com\/wp\/..\/app\/uploads\/2025\/10\/2025_01_18_Trail-Hiver-Les-Gets-4.jpg","contentUrl":"https:\/\/www.lesgets.com\/wp\/..\/app\/uploads\/2025\/10\/2025_01_18_Trail-Hiver-Les-Gets-4.jpg","width":1900,"height":1069,"caption":"trail_hiver_les_Gets"},{"@type":"BreadcrumbList","@id":"https:\/\/www.lesgets.com\/nl\/winter-trail-les-gets-2025\/toutes-les-infos\/#breadcrumb","itemListElement":[{"@type":"ListItem","position":1,"name":"Accueil","item":"https:\/\/www.lesgets.com\/nl\/"},{"@type":"ListItem","position":2,"name":"Trail d&rsquo;Hiver des Gets","item":"https:\/\/www.lesgets.com\/nl\/winter-trail-les-gets-2025\/"},{"@type":"ListItem","position":3,"name":"Alle informatie"}]},{"@type":"WebSite","@id":"https:\/\/www.lesgets.com\/en\/#website","url":"https:\/\/www.lesgets.com\/en\/","name":"Les Gets","description":"","publisher":{"@id":"https:\/\/www.lesgets.com\/en\/#organization"},"potentialAction":[{"@type":"SearchAction","target":{"@type":"EntryPoint","urlTemplate":"https:\/\/www.lesgets.com\/en\/?s={search_term_string}"},"query-input":{"@type":"PropertyValueSpecification","valueRequired":true,"valueName":"search_term_string"}}],"inLanguage":"nl-NL"},{"@type":"Organization","@id":"https:\/\/www.lesgets.com\/en\/#organization","name":"Les Gets","url":"https:\/\/www.lesgets.com\/en\/","logo":{"@type":"ImageObject","inLanguage":"nl-NL","@id":"https:\/\/www.lesgets.com\/en\/#\/schema\/logo\/image\/","url":"https:\/\/www.lesgets.com\/wp\/..\/app\/uploads\/2020\/06\/logo_lesgets.png","contentUrl":"https:\/\/www.lesgets.com\/wp\/..\/app\/uploads\/2020\/06\/logo_lesgets.png","width":136,"height":115,"caption":"Les Gets"},"image":{"@id":"https:\/\/www.lesgets.com\/en\/#\/schema\/logo\/image\/"}}]}},"featured_image_src":"https:\/\/www.lesgets.com\/wp\/..\/app\/uploads\/2025\/10\/2025_01_18_Trail-Hiver-Les-Gets-4-600x400.jpg","featured_image_src_square":"https:\/\/www.lesgets.com\/wp\/..\/app\/uploads\/2025\/10\/2025_01_18_Trail-Hiver-Les-Gets-4-600x600.jpg","_links":{"self":[{"href":"https:\/\/www.lesgets.com\/nl\/wp-json\/wp\/v2\/pages\/78580","targetHints":{"allow":["GET"]}}],"collection":[{"href":"https:\/\/www.lesgets.com\/nl\/wp-json\/wp\/v2\/pages"}],"about":[{"href":"https:\/\/www.lesgets.com\/nl\/wp-json\/wp\/v2\/types\/page"}],"author":[{"embeddable":true,"href":"https:\/\/www.lesgets.com\/nl\/wp-json\/wp\/v2\/users\/14"}],"replies":[{"embeddable":true,"href":"https:\/\/www.lesgets.com\/nl\/wp-json\/wp\/v2\/comments?post=78580"}],"version-history":[{"count":2,"href":"https:\/\/www.lesgets.com\/nl\/wp-json\/wp\/v2\/pages\/78580\/revisions"}],"predecessor-version":[{"id":78583,"href":"https:\/\/www.lesgets.com\/nl\/wp-json\/wp\/v2\/pages\/78580\/revisions\/78583"}],"up":[{"embeddable":true,"href":"https:\/\/www.lesgets.com\/nl\/wp-json\/wp\/v2\/pages\/78574"}],"wp:featuredmedia":[{"embeddable":true,"href":"https:\/\/www.lesgets.com\/nl\/wp-json\/wp\/v2\/media\/74463"}],"wp:attachment":[{"href":"https:\/\/www.lesgets.com\/nl\/wp-json\/wp\/v2\/media?parent=78580"}],"curies":[{"name":"wp","href":"https:\/\/api.w.org\/{rel}","templated":true}]}}