{"id":78610,"date":"2022-10-24T15:47:46","date_gmt":"2022-10-24T13:47:46","guid":{"rendered":"https:\/\/www.lesgets.com\/les-gets-comedie\/les-artistes\/"},"modified":"2025-11-06T15:44:24","modified_gmt":"2025-11-06T14:44:24","slug":"les-artistes","status":"publish","type":"page","link":"https:\/\/www.lesgets.com\/nl\/les-gets-comedie\/les-artistes\/","title":{"rendered":"De artiesten"},"content":{"rendered":"<div class=\"block block-core-paragraph\">\n<p>Tijdens Les Gets Com\u00e9die kunt u genieten van de beste Franse en Engelse stand-upcomedians. <br>Ontdek ze:<\/p>\n<\/div>\n\n<div class=\"block block-core-heading\">\n<h3 class=\"wp-block-heading\">De Franstalige artiesten op deze tweede editie van Les Gets Com\u00e9die \ud83c\uddeb\ud83c\uddf7<\/h3>\n<\/div>\n\n<div class=\"block block-genesis-custom-blocks-accordion\">    <div class=\"accordion\">\r\n                    <div class=\"title\">\r\n                <h3>C\u00e9cile Marx<\/h3>\r\n            <\/div>\r\n        \r\n                    <div class=\"description\">\r\n                <p>En als onze meest g\u00eanante momenten nu eens onze beste verhalen zouden worden? In deze voorstelling, een mix van stand-up en muziek, vertelt C\u00e9cile Marx op humoristische en onbevangen wijze over haar chaotische levensloop. Op de grens tussen trash en po\u00ebzie vertelt ze ons over toxische vriendschappen, familie, verslavingen, maar ook over lichtere thema\u2019s, zoals seriemoordenaars. In een wereld waar perfectie alomtegenwoordig is, herinnert ze ons eraan dat het ook onze gebreken zijn die ons\u2026 iconisch maken.<br \/>\u00a0<br \/><a href=\"https:\/\/www.instagram.com\/cecilemarx\/\">Ontdekken<\/a><\/p>\n            <\/div>\r\n            <\/div>\r\n<\/div>\n\n<div class=\"block block-genesis-custom-blocks-accordion\">    <div class=\"accordion\">\r\n                    <div class=\"title\">\r\n                <h3>Urbain<\/h3>\r\n            <\/div>\r\n        \r\n                    <div class=\"description\">\r\n                <p>Op 37-jarige leeftijd is hij dat tegenstrijdige figuur dat graag twee keer per week dronken wordt, maar toch meedoet aan Dry January. Die gast die ervan droomt met de hele wereld naar bed te gaan, maar al 14\u00a0jaar een relatie heeft. Hij probeert te sporten, maar pas nadat hij zich eerst heeft volgepropt met kaas. En nu voelt hij dat er een keerpunt in zijn leven moet komen: blijft hij de \u2018rock-\u2019n-roll\u2019-man die hij graag is, of gaat hij definitief settelen en daarvoor uitkomen? Een heuse moderne dramaturgie (echt waar) die u het antwoord of de antwoorden zal geven, als u een uur lang naar zijn gezwets luistert terwijl hij de voor- en nadelen afweegt.<\/p>\n<p><a href=\"https:\/\/www.instagram.com\/urbainstandup\/\">Ontdek<\/a><\/p>\n            <\/div>\r\n            <\/div>\r\n<\/div>\n\n<div class=\"block block-genesis-custom-blocks-accordion\">    <div class=\"accordion\">\r\n                    <div class=\"title\">\r\n                <h3>Pierre Th\u00e9venoux<\/h3>\r\n            <\/div>\r\n        \r\n                    <div class=\"description\">\r\n                <p>Pierre keert terug met zijn nieuwe voorstelling \u201cLife coach\u201d, waarin hij het heeft over de moderne eisen op het gebied van welzijn, persoonlijke ontwikkeling en de druk om te slagen.<br \/>Zoals elke zichzelf respecterende life coach geeft hij u ook tal van tips om succesvol te zijn in het leven, hoewel zijn eigen leven nog allesbehalve stabiel is.<\/p>\n<p><a href=\"https:\/\/www.instagram.com\/pierre_thevenoux\/\">Ontdek<\/a><\/p>\n            <\/div>\r\n            <\/div>\r\n<\/div>\n\n<div class=\"block block-genesis-custom-blocks-accordion\">    <div class=\"accordion\">\r\n                    <div class=\"title\">\r\n                <h3>Nino Arial<\/h3>\r\n            <\/div>\r\n        \r\n                    <div class=\"description\">\r\n                <p>Anders dan de anderen. In 2016, toen hij nog een rustig kantoorbestaan had, waagde hij de sprong en begon hij op YouTube. 110\u00a0miljoen views later besloot hij opnieuw een risico te nemen door de vierde muur te doorbreken en het podium te betreden.<br \/>Na zijn sporen te hebben verdiend in het voorprogramma van Alban Ivanov en Redouane Bougheraba, is hij nu eindelijk klaar om zijn eerste voorstelling te presenteren. <\/p>\n<p>Nino geeft zichzelf bloot en beschrijft zijn leven en zijn visie op de wereld aan de hand van sketches die hij van niemand heeft gestolen!<\/p>\n<p><a href=\"https:\/\/www.instagram.com\/ninoarial\/\" target=\"_blank\" rel=\"noreferrer noopener\">Ontdek<\/a><\/p>\n            <\/div>\r\n            <\/div>\r\n<\/div>\n\n<div class=\"block block-genesis-custom-blocks-accordion\">    <div class=\"accordion\">\r\n                    <div class=\"title\">\r\n                <h3>\u00c9lodie Arnould <\/h3>\r\n            <\/div>\r\n        \r\n                    <div class=\"description\">\r\n                <p>Bij het maken van een nieuwe voorstelling testen we, proberen we, falen we, cre\u00ebren we, zeggen we wat we op ons hart hebben en ordenen we onze gedachten: dat is de Rodage. Na haar eerste voorstelling \u201cFuture Grande\u201d en haar event-voorstelling \u201cF\u00e9cond\u00e9e\u201d komt Elodie terug met een derde voorstelling. Waar gaat die over? Dat wordt samen met het publiek beslist (eigenlijk heeft ze al een idee, maar ze is nog niet helemaal zeker).\u00a0<\/p>\n<p><a href=\"https:\/\/www.instagram.com\/elodie.arnould\/\" target=\"_blank\" rel=\"noreferrer noopener\">Ontdek<\/a><\/p>\n            <\/div>\r\n            <\/div>\r\n<\/div>\n\n<div class=\"block block-genesis-custom-blocks-accordion\">    <div class=\"accordion\">\r\n                    <div class=\"title\">\r\n                <h3>\u00c9douard Deloignon <\/h3>\r\n            <\/div>\r\n        \r\n                    <div class=\"description\">\r\n                <p>Groot worden doet Edouard Deloignon later wel: \u201cIk heb altijd het gevoel gehad dat ik een beetje anders was dan anderen, en hoe verder ik in het leven kom, hoe meer dat blijkt te kloppen. Weet je wat? Ik heb besloten dat dat ok\u00e9 is. Zullen we de dingen maar niet te serieus nemen?\u201d<\/p>\n<p>Met zijn energie, talent en gevatheid biedt Edouard je een unieke ervaring: anderhalf uur lang ongeremd samen lachen!<\/p>\n<p>Edouard Deloignon is DE nieuwe sterkomiek en heeft met zijn video\u2019s meer dan 150\u00a0miljoen views.<\/p>\n<p>Auteur: Edouard Deloignon, Jonathan Demayo<br \/>Regisseur: Nicolas Vital<br \/>Vanaf 16 jaar<\/p>\n<p><a href=\"https:\/\/www.instagram.com\/edouard_deloignon\/\" target=\"_blank\" rel=\"noreferrer noopener\">Ontdek<\/a><\/p>\n            <\/div>\r\n            <\/div>\r\n<\/div>\n\n<div class=\"block block-genesis-custom-blocks-accordion\">    <div class=\"accordion\">\r\n                    <div class=\"title\">\r\n                <h3>Alexis le Rossignol <\/h3>\r\n            <\/div>\r\n        \r\n                    <div class=\"description\">\r\n                <p>&#8220;Ik wilde paardrijden, maar ik wist niet of ik het leuk zou vinden. En toen realiseerde ik me dat het me niet zo veel deed. Sans plus was trouwens ook de naam van het paard. Gek h\u00e8?&#8221;<\/p>\n<p>In zijn nieuwe voorstelling combineert Alexis Le Rossignol storytelling en koelkastfilosofie en probeert hij een antwoord te geven op een simpele, maar vervelende vraag: wat doen we met ons leven?<\/p>\n<p><a href=\"https:\/\/www.instagram.com\/alexis_le_rossignol\/\" target=\"_blank\" rel=\"noreferrer noopener nofollow\">Ontdek<\/a><\/p>\n            <\/div>\r\n            <\/div>\r\n<\/div>\n\n<div class=\"block block-genesis-custom-blocks-accordion\">    <div class=\"accordion\">\r\n                    <div class=\"title\">\r\n                <h3>Sofia BELLABES<\/h3>\r\n            <\/div>\r\n        \r\n                    <div class=\"description\">\r\n                <p>Zie deze show als een lunch met vrienden in de plaatselijke fastfoodzaak, een gezellig en aangenaam moment.<\/p>\n<p>Op het menu deze week: een uur lang lachen, delen en anekdotes! Kortom, de show is er, hij is klaar, dus kom proeven: ketchup mayo nieuwe versie!<\/p>\n<p>Want uiteindelijk doet ze alles altijd op haar eigen manier.<\/p>\n<p><a href=\"https:\/\/www.instagram.com\/sofiabelabbes\/\" target=\"_blank\" rel=\"noreferrer noopener nofollow\">Ontdek<\/a><\/p>\n            <\/div>\r\n            <\/div>\r\n<\/div>\n\n<div class=\"block block-genesis-blocks-gb-spacer\">\n<div style=\"color:#ddd\" class=\"wp-block-genesis-blocks-gb-spacer gb-block-spacer gb-divider-solid gb-divider-size-1\"><hr style=\"height:30px\"\/><\/div>\n<\/div>\n\n<div class=\"block block-core-heading\">\n<h3 class=\"wp-block-heading\">Een voorstelling voor het hele gezin: jong en oud \ud83c\uddeb\ud83c\uddf7<\/h3>\n<\/div>\n\n<div class=\"block block-genesis-custom-blocks-accordion\">    <div class=\"accordion\">\r\n                    <div class=\"title\">\r\n                <h3>Julien Sonjon<\/h3>\r\n            <\/div>\r\n        \r\n                    <div class=\"description\">\r\n                <p>Deze grappige, genereuze, vrolijke, adembenemende en ongelooflijke familieshow neemt u mee op een waanzinnig en onverwacht avontuur. Julien Sonjon neemt u mee in een interactief en spannend moment waarin u zijn goocheltrucs tot leven brengt. Deze veelzijdige artiest is een zeer energieke improvisator, komiek en goochelaar.<\/p>\n<p>Hij heeft tal van verrassingen in petto om zowel kinderen als hun ouders te betoveren. De voorstellingen vinden plaats om 17.30 uur, zodat het hele gezin, jong en oud, ten volle van de voorstelling kan genieten.<br \/>Bovendien zijn de prijzen voor deze voorstelling zeer betaalbaar: \u20ac 8 voor kinderen onder de 16 jaar en \u20ac 10 voor alle anderen.<\/p>\n<p><a href=\"https:\/\/www.youtube.com\/watch?v=bPm0QRKUSBY\" target=\"_blank\" rel=\"noreferrer noopener\">Ontdek<\/a><\/p>\n            <\/div>\r\n            <\/div>\r\n<\/div>\n\n<div class=\"block block-genesis-blocks-gb-spacer\">\n<div style=\"color:#ddd\" class=\"wp-block-genesis-blocks-gb-spacer gb-block-spacer gb-divider-solid gb-divider-size-1\"><hr style=\"height:30px\"\/><\/div>\n<\/div>\n\n<div class=\"block block-core-heading\">\n<h3 class=\"wp-block-heading\"><br>Onze Engelstalige vrienden op het podium van Les Gets Com\u00e9die op vrijdag 31\u00a0januari \ud83c\uddec\ud83c\udde7<\/h3>\n<\/div>\n\n<div class=\"block block-genesis-custom-blocks-accordion\">    <div class=\"accordion\">\r\n                    <div class=\"title\">\r\n                <h3>Maisie Adam<\/h3>\r\n            <\/div>\r\n        \r\n                    <div class=\"description\">\r\n                <p>Maisie Adam behoeft geen introductie meer, ze is terug op het podium van Les Gets voor een nog hilarischer voorstelling in het Engels.<\/p>\n            <\/div>\r\n            <\/div>\r\n<\/div>\n\n<div class=\"block block-genesis-custom-blocks-accordion\">    <div class=\"accordion\">\r\n                    <div class=\"title\">\r\n                <h3>Zoe Lyons<\/h3>\r\n            <\/div>\r\n        \r\n                    <div class=\"description\">\r\n                <p>Zoe begon in 2003 met stand-up comedy, na een opleiding tot actrice aan de Poor School in Londen. Het jaar daarop won ze de Funny Women-wedstrijd (2004) en haar eerste show in Edinburgh werd genomineerd voor de prijs voor beste nieuw talent (if.comedy newcomer award). In 2008 won ze de prijs voor de grappigste grap van het Fringe Festival, uitgereikt door de zender Dave.<\/p>\n            <\/div>\r\n            <\/div>\r\n<\/div>\n\n<div class=\"block block-genesis-custom-blocks-accordion\">    <div class=\"accordion\">\r\n                    <div class=\"title\">\r\n                <h3>Jake Lambert<\/h3>\r\n            <\/div>\r\n        \r\n                    <div class=\"description\">\r\n                <p>Jake Lambert, door The Telegraph omschreven als een echte \u2018grappenmachine\u2019, maakt snel naam als een opkomende komiek die bekend staat om zijn verhalen vol grappen. Zijn online video&#8217;s zijn meer dan 500 miljoen keer bekeken en hebben hem een trouwe en enthousiaste aanhang opgeleverd.<\/p>\n            <\/div>\r\n            <\/div>\r\n<\/div>\n\n<div class=\"block block-genesis-custom-blocks-accordion\">    <div class=\"accordion\">\r\n                    <div class=\"title\">\r\n                <h3>Joe Wilkinson<\/h3>\r\n            <\/div>\r\n        \r\n                    <div class=\"description\">\r\n                <p>Met zijn droge humor en eigenzinnige stijl heeft Joe Wilkinson zich snel opgewerkt tot een van de favoriete komieken van het Britse publiek. Naast zijn optredens op het podium is hij ook een bekend gezicht op televisie geworden, met optredens in onder andere 8 Out of 10 Cats (en de spin-off 8 Out of 10 Cats Does Countdown), Celebrity Squares, Him and Her, Have I Got News For You, Miranda en Derek. Overal onderscheidt hij zich als een van de meest unieke stemmen in de comedywereld.<\/p>\n            <\/div>\r\n            <\/div>\r\n<\/div>\n\n<div class=\"block block-core-paragraph\">\n<p>De andere winteractiviteiten in Les Gets deze winter vindt u hier \u200b\ud83d\udc49\u200b <a href=\"https:\/\/www.lesgets.com\/nl\/wat-is-er-te-doen\/winter-activiteiten\/\">winteractiviteiten<\/a><\/p>\n<\/div>\n\n<div class=\"wp-block-image\">\n<figure class=\"aligncenter size-full\"><img loading=\"lazy\" decoding=\"async\" width=\"2000\" height=\"524\" src=\"https:\/\/www.lesgets.com\/wp\/..\/app\/uploads\/2025\/09\/Logos-mise-en-page-site.png\" alt=\"\" class=\"wp-image-72626\" srcset=\"https:\/\/www.lesgets.com\/wp\/..\/app\/uploads\/2025\/09\/Logos-mise-en-page-site.png 2000w, https:\/\/www.lesgets.com\/wp\/..\/app\/uploads\/2025\/09\/Logos-mise-en-page-site-768x201.png 768w, https:\/\/www.lesgets.com\/wp\/..\/app\/uploads\/2025\/09\/Logos-mise-en-page-site-1536x402.png 1536w, https:\/\/www.lesgets.com\/wp\/..\/app\/uploads\/2025\/09\/Logos-mise-en-page-site-960x252.png 960w\" sizes=\"auto, (max-width: 2000px) 100vw, 2000px\" \/><\/figure>\n<\/div>","protected":false},"excerpt":{"rendered":"<p>Er staat u een waanzinnige week te wachten tijdens deze eerste editie van Les Gets Com\u00e9die !<\/p>\n","protected":false},"author":2,"featured_media":49405,"parent":78606,"menu_order":0,"comment_status":"closed","ping_status":"closed","template":"","meta":{"_acf_changed":false,"footnotes":""},"class_list":["post-78610","page","type-page","status-publish","has-post-thumbnail","hentry"],"acf":[],"yoast_head":"<!-- This site is optimized with the Yoast SEO plugin v27.3 - https:\/\/yoast.com\/product\/yoast-seo-wordpress\/ -->\n<title>De artiesten - Les Gets<\/title>\n<meta name=\"description\" content=\"Retrouvez les artistes du\u00a0stand-up\u00a0francophones\u00a0et anglophones\u00a0durant une semaine de rire pour la premi\u00e8re \u00e9dition de Les Gets Com\u00e9die.\" \/>\n<meta name=\"robots\" content=\"index, follow, max-snippet:-1, max-image-preview:large, max-video-preview:-1\" \/>\n<link rel=\"canonical\" href=\"https:\/\/www.lesgets.com\/nl\/les-gets-comedie\/les-artistes\/\" \/>\n<meta property=\"og:locale\" content=\"nl_NL\" \/>\n<meta property=\"og:type\" content=\"article\" \/>\n<meta property=\"og:title\" content=\"De artiesten - Les Gets\" \/>\n<meta property=\"og:description\" content=\"Retrouvez les artistes du\u00a0stand-up\u00a0francophones\u00a0et anglophones\u00a0durant une semaine de rire pour la premi\u00e8re \u00e9dition de Les Gets Com\u00e9die.\" \/>\n<meta property=\"og:url\" content=\"https:\/\/www.lesgets.com\/nl\/les-gets-comedie\/les-artistes\/\" \/>\n<meta property=\"og:site_name\" content=\"Les Gets\" \/>\n<meta property=\"article:modified_time\" content=\"2025-11-06T14:44:24+00:00\" \/>\n<meta property=\"og:image\" content=\"https:\/\/www.lesgets.com\/wp\/..\/app\/uploads\/2024\/09\/2024_01_17_Montreux_Comedy_cpTimArnold_LD-01.jpg\" \/>\n\t<meta property=\"og:image:width\" content=\"1920\" \/>\n\t<meta property=\"og:image:height\" content=\"1280\" \/>\n\t<meta property=\"og:image:type\" content=\"image\/jpeg\" \/>\n<meta name=\"twitter:card\" content=\"summary_large_image\" \/>\n<meta name=\"twitter:label1\" content=\"Est. reading time\" \/>\n\t<meta name=\"twitter:data1\" content=\"1 minute\" \/>\n<script type=\"application\/ld+json\" class=\"yoast-schema-graph\">{\"@context\":\"https:\\\/\\\/schema.org\",\"@graph\":[{\"@type\":\"WebPage\",\"@id\":\"https:\\\/\\\/www.lesgets.com\\\/nl\\\/les-gets-comedie\\\/les-artistes\\\/\",\"url\":\"https:\\\/\\\/www.lesgets.com\\\/nl\\\/les-gets-comedie\\\/les-artistes\\\/\",\"name\":\"De artiesten - Les Gets\",\"isPartOf\":{\"@id\":\"https:\\\/\\\/www.lesgets.com\\\/en\\\/#website\"},\"primaryImageOfPage\":{\"@id\":\"https:\\\/\\\/www.lesgets.com\\\/nl\\\/les-gets-comedie\\\/les-artistes\\\/#primaryimage\"},\"image\":{\"@id\":\"https:\\\/\\\/www.lesgets.com\\\/nl\\\/les-gets-comedie\\\/les-artistes\\\/#primaryimage\"},\"thumbnailUrl\":\"https:\\\/\\\/www.lesgets.com\\\/wp\\\/..\\\/app\\\/uploads\\\/2024\\\/09\\\/2024_01_17_Montreux_Comedy_cpTimArnold_LD-01.jpg\",\"datePublished\":\"2022-10-24T13:47:46+00:00\",\"dateModified\":\"2025-11-06T14:44:24+00:00\",\"description\":\"Retrouvez les artistes du\u00a0stand-up\u00a0francophones\u00a0et anglophones\u00a0durant une semaine de rire pour la premi\u00e8re \u00e9dition de Les Gets Com\u00e9die.\",\"breadcrumb\":{\"@id\":\"https:\\\/\\\/www.lesgets.com\\\/nl\\\/les-gets-comedie\\\/les-artistes\\\/#breadcrumb\"},\"inLanguage\":\"nl-NL\",\"potentialAction\":[{\"@type\":\"ReadAction\",\"target\":[\"https:\\\/\\\/www.lesgets.com\\\/nl\\\/les-gets-comedie\\\/les-artistes\\\/\"]}]},{\"@type\":\"ImageObject\",\"inLanguage\":\"nl-NL\",\"@id\":\"https:\\\/\\\/www.lesgets.com\\\/nl\\\/les-gets-comedie\\\/les-artistes\\\/#primaryimage\",\"url\":\"https:\\\/\\\/www.lesgets.com\\\/wp\\\/..\\\/app\\\/uploads\\\/2024\\\/09\\\/2024_01_17_Montreux_Comedy_cpTimArnold_LD-01.jpg\",\"contentUrl\":\"https:\\\/\\\/www.lesgets.com\\\/wp\\\/..\\\/app\\\/uploads\\\/2024\\\/09\\\/2024_01_17_Montreux_Comedy_cpTimArnold_LD-01.jpg\",\"width\":1920,\"height\":1280},{\"@type\":\"BreadcrumbList\",\"@id\":\"https:\\\/\\\/www.lesgets.com\\\/nl\\\/les-gets-comedie\\\/les-artistes\\\/#breadcrumb\",\"itemListElement\":[{\"@type\":\"ListItem\",\"position\":1,\"name\":\"Accueil\",\"item\":\"https:\\\/\\\/www.lesgets.com\\\/nl\\\/\"},{\"@type\":\"ListItem\",\"position\":2,\"name\":\"Les Gets Com\u00e9die\",\"item\":\"https:\\\/\\\/www.lesgets.com\\\/nl\\\/les-gets-comedie\\\/\"},{\"@type\":\"ListItem\",\"position\":3,\"name\":\"De artiesten\"}]},{\"@type\":\"WebSite\",\"@id\":\"https:\\\/\\\/www.lesgets.com\\\/en\\\/#website\",\"url\":\"https:\\\/\\\/www.lesgets.com\\\/en\\\/\",\"name\":\"Les Gets\",\"description\":\"\",\"publisher\":{\"@id\":\"https:\\\/\\\/www.lesgets.com\\\/en\\\/#organization\"},\"potentialAction\":[{\"@type\":\"SearchAction\",\"target\":{\"@type\":\"EntryPoint\",\"urlTemplate\":\"https:\\\/\\\/www.lesgets.com\\\/en\\\/?s={search_term_string}\"},\"query-input\":{\"@type\":\"PropertyValueSpecification\",\"valueRequired\":true,\"valueName\":\"search_term_string\"}}],\"inLanguage\":\"nl-NL\"},{\"@type\":\"Organization\",\"@id\":\"https:\\\/\\\/www.lesgets.com\\\/en\\\/#organization\",\"name\":\"Les Gets\",\"url\":\"https:\\\/\\\/www.lesgets.com\\\/en\\\/\",\"logo\":{\"@type\":\"ImageObject\",\"inLanguage\":\"nl-NL\",\"@id\":\"https:\\\/\\\/www.lesgets.com\\\/en\\\/#\\\/schema\\\/logo\\\/image\\\/\",\"url\":\"https:\\\/\\\/www.lesgets.com\\\/wp\\\/..\\\/app\\\/uploads\\\/2020\\\/06\\\/logo_lesgets.png\",\"contentUrl\":\"https:\\\/\\\/www.lesgets.com\\\/wp\\\/..\\\/app\\\/uploads\\\/2020\\\/06\\\/logo_lesgets.png\",\"width\":136,\"height\":115,\"caption\":\"Les Gets\"},\"image\":{\"@id\":\"https:\\\/\\\/www.lesgets.com\\\/en\\\/#\\\/schema\\\/logo\\\/image\\\/\"}}]}<\/script>\n<!-- \/ Yoast SEO plugin. -->","yoast_head_json":{"title":"De artiesten - Les Gets","description":"Retrouvez les artistes du\u00a0stand-up\u00a0francophones\u00a0et anglophones\u00a0durant une semaine de rire pour la premi\u00e8re \u00e9dition de Les Gets Com\u00e9die.","robots":{"index":"index","follow":"follow","max-snippet":"max-snippet:-1","max-image-preview":"max-image-preview:large","max-video-preview":"max-video-preview:-1"},"canonical":"https:\/\/www.lesgets.com\/nl\/les-gets-comedie\/les-artistes\/","og_locale":"nl_NL","og_type":"article","og_title":"De artiesten - Les Gets","og_description":"Retrouvez les artistes du\u00a0stand-up\u00a0francophones\u00a0et anglophones\u00a0durant une semaine de rire pour la premi\u00e8re \u00e9dition de Les Gets Com\u00e9die.","og_url":"https:\/\/www.lesgets.com\/nl\/les-gets-comedie\/les-artistes\/","og_site_name":"Les Gets","article_modified_time":"2025-11-06T14:44:24+00:00","og_image":[{"width":1920,"height":1280,"url":"https:\/\/www.lesgets.com\/wp\/..\/app\/uploads\/2024\/09\/2024_01_17_Montreux_Comedy_cpTimArnold_LD-01.jpg","type":"image\/jpeg"}],"twitter_card":"summary_large_image","twitter_misc":{"Est. reading time":"1 minute"},"schema":{"@context":"https:\/\/schema.org","@graph":[{"@type":"WebPage","@id":"https:\/\/www.lesgets.com\/nl\/les-gets-comedie\/les-artistes\/","url":"https:\/\/www.lesgets.com\/nl\/les-gets-comedie\/les-artistes\/","name":"De artiesten - Les Gets","isPartOf":{"@id":"https:\/\/www.lesgets.com\/en\/#website"},"primaryImageOfPage":{"@id":"https:\/\/www.lesgets.com\/nl\/les-gets-comedie\/les-artistes\/#primaryimage"},"image":{"@id":"https:\/\/www.lesgets.com\/nl\/les-gets-comedie\/les-artistes\/#primaryimage"},"thumbnailUrl":"https:\/\/www.lesgets.com\/wp\/..\/app\/uploads\/2024\/09\/2024_01_17_Montreux_Comedy_cpTimArnold_LD-01.jpg","datePublished":"2022-10-24T13:47:46+00:00","dateModified":"2025-11-06T14:44:24+00:00","description":"Retrouvez les artistes du\u00a0stand-up\u00a0francophones\u00a0et anglophones\u00a0durant une semaine de rire pour la premi\u00e8re \u00e9dition de Les Gets Com\u00e9die.","breadcrumb":{"@id":"https:\/\/www.lesgets.com\/nl\/les-gets-comedie\/les-artistes\/#breadcrumb"},"inLanguage":"nl-NL","potentialAction":[{"@type":"ReadAction","target":["https:\/\/www.lesgets.com\/nl\/les-gets-comedie\/les-artistes\/"]}]},{"@type":"ImageObject","inLanguage":"nl-NL","@id":"https:\/\/www.lesgets.com\/nl\/les-gets-comedie\/les-artistes\/#primaryimage","url":"https:\/\/www.lesgets.com\/wp\/..\/app\/uploads\/2024\/09\/2024_01_17_Montreux_Comedy_cpTimArnold_LD-01.jpg","contentUrl":"https:\/\/www.lesgets.com\/wp\/..\/app\/uploads\/2024\/09\/2024_01_17_Montreux_Comedy_cpTimArnold_LD-01.jpg","width":1920,"height":1280},{"@type":"BreadcrumbList","@id":"https:\/\/www.lesgets.com\/nl\/les-gets-comedie\/les-artistes\/#breadcrumb","itemListElement":[{"@type":"ListItem","position":1,"name":"Accueil","item":"https:\/\/www.lesgets.com\/nl\/"},{"@type":"ListItem","position":2,"name":"Les Gets Com\u00e9die","item":"https:\/\/www.lesgets.com\/nl\/les-gets-comedie\/"},{"@type":"ListItem","position":3,"name":"De artiesten"}]},{"@type":"WebSite","@id":"https:\/\/www.lesgets.com\/en\/#website","url":"https:\/\/www.lesgets.com\/en\/","name":"Les Gets","description":"","publisher":{"@id":"https:\/\/www.lesgets.com\/en\/#organization"},"potentialAction":[{"@type":"SearchAction","target":{"@type":"EntryPoint","urlTemplate":"https:\/\/www.lesgets.com\/en\/?s={search_term_string}"},"query-input":{"@type":"PropertyValueSpecification","valueRequired":true,"valueName":"search_term_string"}}],"inLanguage":"nl-NL"},{"@type":"Organization","@id":"https:\/\/www.lesgets.com\/en\/#organization","name":"Les Gets","url":"https:\/\/www.lesgets.com\/en\/","logo":{"@type":"ImageObject","inLanguage":"nl-NL","@id":"https:\/\/www.lesgets.com\/en\/#\/schema\/logo\/image\/","url":"https:\/\/www.lesgets.com\/wp\/..\/app\/uploads\/2020\/06\/logo_lesgets.png","contentUrl":"https:\/\/www.lesgets.com\/wp\/..\/app\/uploads\/2020\/06\/logo_lesgets.png","width":136,"height":115,"caption":"Les Gets"},"image":{"@id":"https:\/\/www.lesgets.com\/en\/#\/schema\/logo\/image\/"}}]}},"featured_image_src":"https:\/\/www.lesgets.com\/wp\/..\/app\/uploads\/2024\/09\/2024_01_17_Montreux_Comedy_cpTimArnold_LD-01-600x400.jpg","featured_image_src_square":"https:\/\/www.lesgets.com\/wp\/..\/app\/uploads\/2024\/09\/2024_01_17_Montreux_Comedy_cpTimArnold_LD-01-600x600.jpg","_links":{"self":[{"href":"https:\/\/www.lesgets.com\/nl\/wp-json\/wp\/v2\/pages\/78610","targetHints":{"allow":["GET"]}}],"collection":[{"href":"https:\/\/www.lesgets.com\/nl\/wp-json\/wp\/v2\/pages"}],"about":[{"href":"https:\/\/www.lesgets.com\/nl\/wp-json\/wp\/v2\/types\/page"}],"author":[{"embeddable":true,"href":"https:\/\/www.lesgets.com\/nl\/wp-json\/wp\/v2\/users\/2"}],"replies":[{"embeddable":true,"href":"https:\/\/www.lesgets.com\/nl\/wp-json\/wp\/v2\/comments?post=78610"}],"version-history":[{"count":1,"href":"https:\/\/www.lesgets.com\/nl\/wp-json\/wp\/v2\/pages\/78610\/revisions"}],"predecessor-version":[{"id":78616,"href":"https:\/\/www.lesgets.com\/nl\/wp-json\/wp\/v2\/pages\/78610\/revisions\/78616"}],"up":[{"embeddable":true,"href":"https:\/\/www.lesgets.com\/nl\/wp-json\/wp\/v2\/pages\/78606"}],"wp:featuredmedia":[{"embeddable":true,"href":"https:\/\/www.lesgets.com\/nl\/wp-json\/wp\/v2\/media\/49405"}],"wp:attachment":[{"href":"https:\/\/www.lesgets.com\/nl\/wp-json\/wp\/v2\/media?parent=78610"}],"curies":[{"name":"wp","href":"https:\/\/api.w.org\/{rel}","templated":true}]}}