{"id":78617,"date":"2022-10-24T16:25:54","date_gmt":"2022-10-24T14:25:54","guid":{"rendered":"https:\/\/www.lesgets.com\/les-gets-comedie\/le-programme\/"},"modified":"2025-11-06T16:04:59","modified_gmt":"2025-11-06T15:04:59","slug":"le-programme","status":"publish","type":"page","link":"https:\/\/www.lesgets.com\/nl\/les-gets-comedie\/le-programme\/","title":{"rendered":"Het programma"},"content":{"rendered":"<div class=\"block block-core-paragraph\">\n<p><br>We bieden u een week vol plezier, van donderdag 29 januari tot woensdag 4 februari 2026, van 20.30 tot 22.00 uur. Kom langs bij bekende Franse artiesten en sluit het evenement af met een avond vol Engelstalige artiesten.<\/p>\n<\/div>\n\n<div class=\"block block-core-list\">\n<ul class=\"wp-block-list\"><div class=\"block block-core-list-item\">\n<li>29\u00a0januari om 20.30\u00a0uur: C\u00e9cile Marx \u2013 Urbain<\/li>\n<\/div>\n\n<div class=\"block block-core-list-item\">\n<li>30\u00a0januari om 21.00\u00a0uur: Engelstalig programma met Maisie Adam, Jake Lambert, Zoe Lyons en Joe Wilkinson<\/li>\n<\/div>\n\n<div class=\"block block-core-list-item\">\n<li>31\u00a0januari om 17.30\u00a0uur: Julien Sonjon<\/li>\n<\/div>\n\n<div class=\"block block-core-list-item\">\n<li>31\u00a0januari om 20.30\u00a0uur: Pierre Th\u00e9venoux<\/li>\n<\/div>\n\n<div class=\"block block-core-list-item\">\n<li>1\u00a0februari om 21.00\u00a0uur: Nino Arial<\/li>\n<\/div>\n\n<div class=\"block block-core-list-item\">\n<li>2\u00a0februari om 20.30\u00a0uur: \u00c9lodie Arnould<\/li>\n<\/div>\n\n<div class=\"block block-core-list-item\">\n<li>3\u00a0februari om 20.30\u00a0uur: \u00c9douard Deloignon<\/li>\n<\/div>\n\n<div class=\"block block-core-list-item\">\n<li>4\u00a0februari om 20.30\u00a0uur: Alexis le Rossignol<\/li>\n<\/div><\/ul>\n<\/div>\n\n<div class=\"block block-core-paragraph\">\n<p><a href=\"https:\/\/www.lesgets.com\/nl\/les-gets-comedie\/les-artistes\/\">Meer informatie over de artiesten.<\/a><\/p>\n<\/div>\n\n<div class=\"block block-core-table\">\n<figure class=\"wp-block-table\"><table class=\"has-fixed-layout\"><thead><tr><th>Data<\/th><th>Programmering<\/th><th>Deuren openen<\/th><th>Begin van de voorstelling<\/th><\/tr><\/thead><tbody><tr><td><strong>Donderdag 29\/01<\/strong><\/td><td>C\u00e9cile Marx &amp; Urbain&nbsp;<\/td><td>19h00<\/td><td>20h30<\/td><\/tr><tr><td><strong>Vrijdag 30\/01<\/strong><\/td><td>Com\u00e9diens Anglais&nbsp;<\/td><td>19h30&nbsp;<\/td><td>21h00<\/td><\/tr><tr><td><strong>Zaterdag 31\/01<\/strong><\/td><td>Julien Sonjon (spectacle familial)&nbsp;<\/td><td>16h45&nbsp;<\/td><td>17h30&nbsp;<\/td><\/tr><tr><td><strong>Zaterdag 31\/01<\/strong><\/td><td>Pierre Th\u00e9venoux&nbsp;<\/td><td>19h00&nbsp;<\/td><td>20h30<\/td><\/tr><tr><td><strong>Zondag 01\/02<\/strong><\/td><td>Sofia Belabbes&nbsp;<\/td><td>17h30<\/td><td>18h30&nbsp;<\/td><\/tr><tr><td><strong>Zondag 01\/02\u00a0<\/strong><\/td><td>Nino Arial&nbsp;<\/td><td>20h00<\/td><td>21h00&nbsp;<\/td><\/tr><tr><td><strong>Maandag 02\/02<\/strong>\u00a0<\/td><td>Elodie Arnould&nbsp;<\/td><td>19h00<\/td><td>20h30&nbsp;<\/td><\/tr><tr><td><strong>Dinsdag 03\/02<\/strong>\u00a0<\/td><td>Edouard Deloignon&nbsp;<\/td><td>19h00&nbsp;<\/td><td>20h30&nbsp;<\/td><\/tr><tr><td><strong>Woensdag 04\/02<\/strong>\u00a0<\/td><td>Alexis Le Rossignol&nbsp;<\/td><td>19h00&nbsp;<\/td><td>20h30&nbsp;<\/td><\/tr><\/tbody><\/table><\/figure>\n<\/div>\n\n<div class=\"block block-core-buttons\">\n<div class=\"wp-block-buttons is-layout-flex wp-block-buttons-is-layout-flex\"><div class=\"block block-core-button\">\n<div class=\"wp-block-button\"><a class=\"wp-block-button__link wp-element-button\" href=\"https:\/\/www.billetweb.fr\/pro\/lesgetscomedie\" target=\"_blank\" rel=\"noreferrer noopener nofollow\">Ik reserveer mijn plaatsen<\/a><\/div>\n<\/div><\/div>\n<\/div>\n\n<div class=\"wp-block-image\">\n<figure class=\"aligncenter size-full\"><img loading=\"lazy\" decoding=\"async\" width=\"2000\" height=\"524\" src=\"https:\/\/www.lesgets.com\/wp\/..\/app\/uploads\/2025\/09\/Logos-mise-en-page-site.png\" alt=\"\" class=\"wp-image-72626\" srcset=\"https:\/\/www.lesgets.com\/wp\/..\/app\/uploads\/2025\/09\/Logos-mise-en-page-site.png 2000w, https:\/\/www.lesgets.com\/wp\/..\/app\/uploads\/2025\/09\/Logos-mise-en-page-site-768x201.png 768w, https:\/\/www.lesgets.com\/wp\/..\/app\/uploads\/2025\/09\/Logos-mise-en-page-site-1536x402.png 1536w, https:\/\/www.lesgets.com\/wp\/..\/app\/uploads\/2025\/09\/Logos-mise-en-page-site-960x252.png 960w\" sizes=\"auto, (max-width: 2000px) 100vw, 2000px\" \/><\/figure>\n<\/div>\n\n<div class=\"block block-core-paragraph\">\n<p><\/p>\n<\/div>","protected":false},"excerpt":{"rendered":"<p>Nous vous proposons une semaine enti\u00e8re de rire du jeudi 29 janvier au mercredi 4 f\u00e9vrier 2026, avec des humoristes fran\u00e7ais et anglais.<\/p>\n","protected":false},"author":2,"featured_media":49414,"parent":78606,"menu_order":0,"comment_status":"closed","ping_status":"closed","template":"","meta":{"_acf_changed":false,"footnotes":""},"class_list":["post-78617","page","type-page","status-publish","has-post-thumbnail","hentry"],"acf":[],"yoast_head":"<!-- This site is optimized with the Yoast SEO plugin v27.3 - https:\/\/yoast.com\/product\/yoast-seo-wordpress\/ -->\n<title>Het programma - Les Gets<\/title>\n<meta name=\"description\" content=\"Nous vous proposons une semaine enti\u00e8re de rire du 25 au 31 janvier 2025, avec des humoristes fran\u00e7ais et anglais.\" \/>\n<meta name=\"robots\" content=\"index, follow, max-snippet:-1, max-image-preview:large, max-video-preview:-1\" \/>\n<link rel=\"canonical\" href=\"https:\/\/www.lesgets.com\/nl\/les-gets-comedie\/le-programme\/\" \/>\n<meta property=\"og:locale\" content=\"nl_NL\" \/>\n<meta property=\"og:type\" content=\"article\" \/>\n<meta property=\"og:title\" content=\"Het programma - Les Gets\" \/>\n<meta property=\"og:description\" content=\"Nous vous proposons une semaine enti\u00e8re de rire du 25 au 31 janvier 2025, avec des humoristes fran\u00e7ais et anglais.\" \/>\n<meta property=\"og:url\" content=\"https:\/\/www.lesgets.com\/nl\/les-gets-comedie\/le-programme\/\" \/>\n<meta property=\"og:site_name\" content=\"Les Gets\" \/>\n<meta property=\"article:modified_time\" content=\"2025-11-06T15:04:59+00:00\" \/>\n<meta property=\"og:image\" content=\"https:\/\/www.lesgets.com\/wp\/..\/app\/uploads\/2024\/09\/2024_01_17_Montreux_Comedy_cpTimArnold_LD-35.jpg\" \/>\n\t<meta property=\"og:image:width\" content=\"640\" \/>\n\t<meta property=\"og:image:height\" content=\"427\" \/>\n\t<meta property=\"og:image:type\" content=\"image\/jpeg\" \/>\n<meta name=\"twitter:card\" content=\"summary_large_image\" \/>\n<meta name=\"twitter:label1\" content=\"Est. reading time\" \/>\n\t<meta name=\"twitter:data1\" content=\"2 minutes\" \/>\n<script type=\"application\/ld+json\" class=\"yoast-schema-graph\">{\"@context\":\"https:\\\/\\\/schema.org\",\"@graph\":[{\"@type\":\"WebPage\",\"@id\":\"https:\\\/\\\/www.lesgets.com\\\/nl\\\/les-gets-comedie\\\/le-programme\\\/\",\"url\":\"https:\\\/\\\/www.lesgets.com\\\/nl\\\/les-gets-comedie\\\/le-programme\\\/\",\"name\":\"Het programma - Les Gets\",\"isPartOf\":{\"@id\":\"https:\\\/\\\/www.lesgets.com\\\/en\\\/#website\"},\"primaryImageOfPage\":{\"@id\":\"https:\\\/\\\/www.lesgets.com\\\/nl\\\/les-gets-comedie\\\/le-programme\\\/#primaryimage\"},\"image\":{\"@id\":\"https:\\\/\\\/www.lesgets.com\\\/nl\\\/les-gets-comedie\\\/le-programme\\\/#primaryimage\"},\"thumbnailUrl\":\"https:\\\/\\\/www.lesgets.com\\\/wp\\\/..\\\/app\\\/uploads\\\/2024\\\/09\\\/2024_01_17_Montreux_Comedy_cpTimArnold_LD-35.jpg\",\"datePublished\":\"2022-10-24T14:25:54+00:00\",\"dateModified\":\"2025-11-06T15:04:59+00:00\",\"description\":\"Nous vous proposons une semaine enti\u00e8re de rire du 25 au 31 janvier 2025, avec des humoristes fran\u00e7ais et anglais.\",\"breadcrumb\":{\"@id\":\"https:\\\/\\\/www.lesgets.com\\\/nl\\\/les-gets-comedie\\\/le-programme\\\/#breadcrumb\"},\"inLanguage\":\"nl-NL\",\"potentialAction\":[{\"@type\":\"ReadAction\",\"target\":[\"https:\\\/\\\/www.lesgets.com\\\/nl\\\/les-gets-comedie\\\/le-programme\\\/\"]}]},{\"@type\":\"ImageObject\",\"inLanguage\":\"nl-NL\",\"@id\":\"https:\\\/\\\/www.lesgets.com\\\/nl\\\/les-gets-comedie\\\/le-programme\\\/#primaryimage\",\"url\":\"https:\\\/\\\/www.lesgets.com\\\/wp\\\/..\\\/app\\\/uploads\\\/2024\\\/09\\\/2024_01_17_Montreux_Comedy_cpTimArnold_LD-35.jpg\",\"contentUrl\":\"https:\\\/\\\/www.lesgets.com\\\/wp\\\/..\\\/app\\\/uploads\\\/2024\\\/09\\\/2024_01_17_Montreux_Comedy_cpTimArnold_LD-35.jpg\",\"width\":1920,\"height\":1280},{\"@type\":\"BreadcrumbList\",\"@id\":\"https:\\\/\\\/www.lesgets.com\\\/nl\\\/les-gets-comedie\\\/le-programme\\\/#breadcrumb\",\"itemListElement\":[{\"@type\":\"ListItem\",\"position\":1,\"name\":\"Accueil\",\"item\":\"https:\\\/\\\/www.lesgets.com\\\/nl\\\/\"},{\"@type\":\"ListItem\",\"position\":2,\"name\":\"Les Gets Com\u00e9die\",\"item\":\"https:\\\/\\\/www.lesgets.com\\\/nl\\\/les-gets-comedie\\\/\"},{\"@type\":\"ListItem\",\"position\":3,\"name\":\"Het programma\"}]},{\"@type\":\"WebSite\",\"@id\":\"https:\\\/\\\/www.lesgets.com\\\/en\\\/#website\",\"url\":\"https:\\\/\\\/www.lesgets.com\\\/en\\\/\",\"name\":\"Les Gets\",\"description\":\"\",\"publisher\":{\"@id\":\"https:\\\/\\\/www.lesgets.com\\\/en\\\/#organization\"},\"potentialAction\":[{\"@type\":\"SearchAction\",\"target\":{\"@type\":\"EntryPoint\",\"urlTemplate\":\"https:\\\/\\\/www.lesgets.com\\\/en\\\/?s={search_term_string}\"},\"query-input\":{\"@type\":\"PropertyValueSpecification\",\"valueRequired\":true,\"valueName\":\"search_term_string\"}}],\"inLanguage\":\"nl-NL\"},{\"@type\":\"Organization\",\"@id\":\"https:\\\/\\\/www.lesgets.com\\\/en\\\/#organization\",\"name\":\"Les Gets\",\"url\":\"https:\\\/\\\/www.lesgets.com\\\/en\\\/\",\"logo\":{\"@type\":\"ImageObject\",\"inLanguage\":\"nl-NL\",\"@id\":\"https:\\\/\\\/www.lesgets.com\\\/en\\\/#\\\/schema\\\/logo\\\/image\\\/\",\"url\":\"https:\\\/\\\/www.lesgets.com\\\/wp\\\/..\\\/app\\\/uploads\\\/2020\\\/06\\\/logo_lesgets.png\",\"contentUrl\":\"https:\\\/\\\/www.lesgets.com\\\/wp\\\/..\\\/app\\\/uploads\\\/2020\\\/06\\\/logo_lesgets.png\",\"width\":136,\"height\":115,\"caption\":\"Les Gets\"},\"image\":{\"@id\":\"https:\\\/\\\/www.lesgets.com\\\/en\\\/#\\\/schema\\\/logo\\\/image\\\/\"}}]}<\/script>\n<!-- \/ Yoast SEO plugin. -->","yoast_head_json":{"title":"Het programma - Les Gets","description":"Nous vous proposons une semaine enti\u00e8re de rire du 25 au 31 janvier 2025, avec des humoristes fran\u00e7ais et anglais.","robots":{"index":"index","follow":"follow","max-snippet":"max-snippet:-1","max-image-preview":"max-image-preview:large","max-video-preview":"max-video-preview:-1"},"canonical":"https:\/\/www.lesgets.com\/nl\/les-gets-comedie\/le-programme\/","og_locale":"nl_NL","og_type":"article","og_title":"Het programma - Les Gets","og_description":"Nous vous proposons une semaine enti\u00e8re de rire du 25 au 31 janvier 2025, avec des humoristes fran\u00e7ais et anglais.","og_url":"https:\/\/www.lesgets.com\/nl\/les-gets-comedie\/le-programme\/","og_site_name":"Les Gets","article_modified_time":"2025-11-06T15:04:59+00:00","og_image":[{"url":"https:\/\/www.lesgets.com\/wp\/..\/app\/uploads\/2024\/09\/2024_01_17_Montreux_Comedy_cpTimArnold_LD-35.jpg","width":640,"height":427,"type":"image\/jpeg"}],"twitter_card":"summary_large_image","twitter_misc":{"Est. reading time":"2 minutes"},"schema":{"@context":"https:\/\/schema.org","@graph":[{"@type":"WebPage","@id":"https:\/\/www.lesgets.com\/nl\/les-gets-comedie\/le-programme\/","url":"https:\/\/www.lesgets.com\/nl\/les-gets-comedie\/le-programme\/","name":"Het programma - Les Gets","isPartOf":{"@id":"https:\/\/www.lesgets.com\/en\/#website"},"primaryImageOfPage":{"@id":"https:\/\/www.lesgets.com\/nl\/les-gets-comedie\/le-programme\/#primaryimage"},"image":{"@id":"https:\/\/www.lesgets.com\/nl\/les-gets-comedie\/le-programme\/#primaryimage"},"thumbnailUrl":"https:\/\/www.lesgets.com\/wp\/..\/app\/uploads\/2024\/09\/2024_01_17_Montreux_Comedy_cpTimArnold_LD-35.jpg","datePublished":"2022-10-24T14:25:54+00:00","dateModified":"2025-11-06T15:04:59+00:00","description":"Nous vous proposons une semaine enti\u00e8re de rire du 25 au 31 janvier 2025, avec des humoristes fran\u00e7ais et anglais.","breadcrumb":{"@id":"https:\/\/www.lesgets.com\/nl\/les-gets-comedie\/le-programme\/#breadcrumb"},"inLanguage":"nl-NL","potentialAction":[{"@type":"ReadAction","target":["https:\/\/www.lesgets.com\/nl\/les-gets-comedie\/le-programme\/"]}]},{"@type":"ImageObject","inLanguage":"nl-NL","@id":"https:\/\/www.lesgets.com\/nl\/les-gets-comedie\/le-programme\/#primaryimage","url":"https:\/\/www.lesgets.com\/wp\/..\/app\/uploads\/2024\/09\/2024_01_17_Montreux_Comedy_cpTimArnold_LD-35.jpg","contentUrl":"https:\/\/www.lesgets.com\/wp\/..\/app\/uploads\/2024\/09\/2024_01_17_Montreux_Comedy_cpTimArnold_LD-35.jpg","width":1920,"height":1280},{"@type":"BreadcrumbList","@id":"https:\/\/www.lesgets.com\/nl\/les-gets-comedie\/le-programme\/#breadcrumb","itemListElement":[{"@type":"ListItem","position":1,"name":"Accueil","item":"https:\/\/www.lesgets.com\/nl\/"},{"@type":"ListItem","position":2,"name":"Les Gets Com\u00e9die","item":"https:\/\/www.lesgets.com\/nl\/les-gets-comedie\/"},{"@type":"ListItem","position":3,"name":"Het programma"}]},{"@type":"WebSite","@id":"https:\/\/www.lesgets.com\/en\/#website","url":"https:\/\/www.lesgets.com\/en\/","name":"Les Gets","description":"","publisher":{"@id":"https:\/\/www.lesgets.com\/en\/#organization"},"potentialAction":[{"@type":"SearchAction","target":{"@type":"EntryPoint","urlTemplate":"https:\/\/www.lesgets.com\/en\/?s={search_term_string}"},"query-input":{"@type":"PropertyValueSpecification","valueRequired":true,"valueName":"search_term_string"}}],"inLanguage":"nl-NL"},{"@type":"Organization","@id":"https:\/\/www.lesgets.com\/en\/#organization","name":"Les Gets","url":"https:\/\/www.lesgets.com\/en\/","logo":{"@type":"ImageObject","inLanguage":"nl-NL","@id":"https:\/\/www.lesgets.com\/en\/#\/schema\/logo\/image\/","url":"https:\/\/www.lesgets.com\/wp\/..\/app\/uploads\/2020\/06\/logo_lesgets.png","contentUrl":"https:\/\/www.lesgets.com\/wp\/..\/app\/uploads\/2020\/06\/logo_lesgets.png","width":136,"height":115,"caption":"Les Gets"},"image":{"@id":"https:\/\/www.lesgets.com\/en\/#\/schema\/logo\/image\/"}}]}},"featured_image_src":"https:\/\/www.lesgets.com\/wp\/..\/app\/uploads\/2024\/09\/2024_01_17_Montreux_Comedy_cpTimArnold_LD-35-600x400.jpg","featured_image_src_square":"https:\/\/www.lesgets.com\/wp\/..\/app\/uploads\/2024\/09\/2024_01_17_Montreux_Comedy_cpTimArnold_LD-35-600x600.jpg","_links":{"self":[{"href":"https:\/\/www.lesgets.com\/nl\/wp-json\/wp\/v2\/pages\/78617","targetHints":{"allow":["GET"]}}],"collection":[{"href":"https:\/\/www.lesgets.com\/nl\/wp-json\/wp\/v2\/pages"}],"about":[{"href":"https:\/\/www.lesgets.com\/nl\/wp-json\/wp\/v2\/types\/page"}],"author":[{"embeddable":true,"href":"https:\/\/www.lesgets.com\/nl\/wp-json\/wp\/v2\/users\/2"}],"replies":[{"embeddable":true,"href":"https:\/\/www.lesgets.com\/nl\/wp-json\/wp\/v2\/comments?post=78617"}],"version-history":[{"count":2,"href":"https:\/\/www.lesgets.com\/nl\/wp-json\/wp\/v2\/pages\/78617\/revisions"}],"predecessor-version":[{"id":78633,"href":"https:\/\/www.lesgets.com\/nl\/wp-json\/wp\/v2\/pages\/78617\/revisions\/78633"}],"up":[{"embeddable":true,"href":"https:\/\/www.lesgets.com\/nl\/wp-json\/wp\/v2\/pages\/78606"}],"wp:featuredmedia":[{"embeddable":true,"href":"https:\/\/www.lesgets.com\/nl\/wp-json\/wp\/v2\/media\/49414"}],"wp:attachment":[{"href":"https:\/\/www.lesgets.com\/nl\/wp-json\/wp\/v2\/media?parent=78617"}],"curies":[{"name":"wp","href":"https:\/\/api.w.org\/{rel}","templated":true}]}}