{"id":78626,"date":"2022-10-24T14:34:47","date_gmt":"2022-10-24T12:34:47","guid":{"rendered":"https:\/\/www.lesgets.com\/les-gets-comedie\/presentation\/"},"modified":"2025-11-06T16:03:56","modified_gmt":"2025-11-06T15:03:56","slug":"presentation","status":"publish","type":"page","link":"https:\/\/www.lesgets.com\/nl\/les-gets-comedie\/presentation\/","title":{"rendered":"Presentatie"},"content":{"rendered":"<div class=\"block block-core-heading\">\n<h2 class=\"wp-block-heading has-text-align-center\"><br>Welkom bij de 2e editie van Les Gets Com\u00e9die!<\/h2>\n<\/div>\n\n<div class=\"block block-core-buttons\">\n<div class=\"wp-block-buttons is-content-justification-center is-layout-flex wp-container-core-buttons-is-layout-16018d1d wp-block-buttons-is-layout-flex\"><div class=\"block block-core-button\">\n<div class=\"wp-block-button\"><a class=\"wp-block-button__link wp-element-button\" href=\"https:\/\/www.billetweb.fr\/pro\/lesgetscomedie\" target=\"_blank\" rel=\"noreferrer noopener nofollow\">Mijn plaatsen reserveren<\/a><\/div>\n<\/div><\/div>\n<\/div>\n\n<div class=\"block block-core-columns\">\n<div class=\"wp-block-columns is-layout-flex wp-container-core-columns-is-layout-9d6595d7 wp-block-columns-is-layout-flex\"><div class=\"block block-core-column\">\n<div class=\"wp-block-column is-layout-flow wp-block-column-is-layout-flow\"><div class=\"block block-core-heading\">\n<h2 class=\"wp-block-heading\">Les Gets Com\u00e9die<\/h2>\n<\/div>\n\n<div class=\"block block-core-paragraph\">\n<p>De cr\u00e8me de la cr\u00e8me van de Franse en Engelse stand-up komt samen voor Les Gets Com\u00e9die met maar \u00e9\u00e9n doel: u een unieke ervaring van ontspanning en entertainment bezorgen. Van absurd tot gewaagd, en in twee verschillende talen: er is voor elk wat wils. Genoeg om uw lachspieren te trainen na een mooie dag op de piste!<\/p>\n<\/div>\n\n<div class=\"block block-core-paragraph\">\n<p>Beleef een week lang onvergetelijke avonden met een keur aan artiesten!<\/p>\n<\/div>\n\n<div class=\"block block-core-heading\">\n<h4 class=\"wp-block-heading\"><br>Op het programma<\/h4>\n<\/div>\n\n<div class=\"block block-core-paragraph\">\n<p>Week van de lach van 29\u00a0januari tot 4\u00a0februari 2026. Genummerde zitplaatsen (geen vrije plaatskeuze).<\/p>\n<\/div>\n\n<div class=\"block block-core-paragraph\">\n<p>Kom langs bij uw favoriete artiesten. <a href=\"https:\/\/www.lesgets.com\/nl\/les-gets-comedie\/les-artistes\/\">Meer informatie<\/a><\/p>\n<\/div><\/div>\n<\/div>\n\n<div class=\"block block-core-column\">\n<div class=\"wp-block-column is-layout-flow wp-block-column-is-layout-flow\">\n<figure class=\"wp-block-image size-full\"><img loading=\"lazy\" decoding=\"async\" width=\"960\" height=\"1280\" src=\"https:\/\/www.lesgets.com\/wp\/..\/app\/uploads\/2025\/07\/Les_gets_Comedy_temps_fort.png\" alt=\"les-gets-comedie-2026\" class=\"wp-image-76335\" srcset=\"https:\/\/www.lesgets.com\/wp\/..\/app\/uploads\/2025\/07\/Les_gets_Comedy_temps_fort.png 960w, https:\/\/www.lesgets.com\/wp\/..\/app\/uploads\/2025\/07\/Les_gets_Comedy_temps_fort-768x1024.png 768w\" sizes=\"auto, (max-width: 960px) 100vw, 960px\" \/><\/figure>\n<\/div>\n<\/div><\/div>\n<\/div>\n\n<div class=\"wp-block-image\">\n<figure class=\"aligncenter size-full\"><img loading=\"lazy\" decoding=\"async\" width=\"2000\" height=\"524\" src=\"https:\/\/www.lesgets.com\/wp\/..\/app\/uploads\/2025\/09\/Logos-mise-en-page-site.png\" alt=\"\" class=\"wp-image-72626\" srcset=\"https:\/\/www.lesgets.com\/wp\/..\/app\/uploads\/2025\/09\/Logos-mise-en-page-site.png 2000w, https:\/\/www.lesgets.com\/wp\/..\/app\/uploads\/2025\/09\/Logos-mise-en-page-site-768x201.png 768w, https:\/\/www.lesgets.com\/wp\/..\/app\/uploads\/2025\/09\/Logos-mise-en-page-site-1536x402.png 1536w, https:\/\/www.lesgets.com\/wp\/..\/app\/uploads\/2025\/09\/Logos-mise-en-page-site-960x252.png 960w\" sizes=\"auto, (max-width: 2000px) 100vw, 2000px\" \/><\/figure>\n<\/div>\n\n<div class=\"block block-core-paragraph\">\n<p><\/p>\n<\/div>","protected":false},"excerpt":{"rendered":"<p>Pr\u00e9sentation de l&#8217;\u00e9v\u00e9nement, du programme et de l&#8217;organisation.<\/p>\n","protected":false},"author":2,"featured_media":74476,"parent":78606,"menu_order":0,"comment_status":"closed","ping_status":"closed","template":"","meta":{"_acf_changed":false,"footnotes":""},"class_list":["post-78626","page","type-page","status-publish","has-post-thumbnail","hentry"],"acf":[],"yoast_head":"<!-- This site is optimized with the Yoast SEO plugin v27.3 - https:\/\/yoast.com\/product\/yoast-seo-wordpress\/ -->\n<title>Presentatie Les Gets Com\u00e9die 2026 - Les Gets<\/title>\n<meta name=\"description\" content=\"Presentatie van het evenement, het programma en de organisatie van Les Gets Com\u00e9die van 29 januari tot 4 februari\" \/>\n<meta name=\"robots\" content=\"index, follow, max-snippet:-1, max-image-preview:large, max-video-preview:-1\" \/>\n<link rel=\"canonical\" href=\"https:\/\/www.lesgets.com\/nl\/les-gets-comedie\/presentation\/\" \/>\n<meta property=\"og:locale\" content=\"nl_NL\" \/>\n<meta property=\"og:type\" content=\"article\" \/>\n<meta property=\"og:title\" content=\"Presentatie Les Gets Com\u00e9die 2026 - Les Gets\" \/>\n<meta property=\"og:description\" content=\"Presentatie van het evenement, het programma en de organisatie van Les Gets Com\u00e9die van 29 januari tot 4 februari\" \/>\n<meta property=\"og:url\" content=\"https:\/\/www.lesgets.com\/nl\/les-gets-comedie\/presentation\/\" \/>\n<meta property=\"og:site_name\" content=\"Les Gets\" \/>\n<meta property=\"article:modified_time\" content=\"2025-11-06T15:03:56+00:00\" \/>\n<meta property=\"og:image\" content=\"https:\/\/www.lesgets.com\/wp\/..\/app\/uploads\/2025\/10\/2025_01_26_Les-Gets-Comedie-3-2.jpg\" \/>\n\t<meta property=\"og:image:width\" content=\"1900\" \/>\n\t<meta property=\"og:image:height\" content=\"1069\" \/>\n\t<meta property=\"og:image:type\" content=\"image\/jpeg\" \/>\n<meta name=\"twitter:card\" content=\"summary_large_image\" \/>\n<meta name=\"twitter:label1\" content=\"Est. reading time\" \/>\n\t<meta name=\"twitter:data1\" content=\"2 minutes\" \/>\n<script type=\"application\/ld+json\" class=\"yoast-schema-graph\">{\"@context\":\"https:\\\/\\\/schema.org\",\"@graph\":[{\"@type\":\"WebPage\",\"@id\":\"https:\\\/\\\/www.lesgets.com\\\/nl\\\/les-gets-comedie\\\/presentation\\\/\",\"url\":\"https:\\\/\\\/www.lesgets.com\\\/nl\\\/les-gets-comedie\\\/presentation\\\/\",\"name\":\"Presentatie Les Gets Com\u00e9die 2026 - Les Gets\",\"isPartOf\":{\"@id\":\"https:\\\/\\\/www.lesgets.com\\\/en\\\/#website\"},\"primaryImageOfPage\":{\"@id\":\"https:\\\/\\\/www.lesgets.com\\\/nl\\\/les-gets-comedie\\\/presentation\\\/#primaryimage\"},\"image\":{\"@id\":\"https:\\\/\\\/www.lesgets.com\\\/nl\\\/les-gets-comedie\\\/presentation\\\/#primaryimage\"},\"thumbnailUrl\":\"https:\\\/\\\/www.lesgets.com\\\/wp\\\/..\\\/app\\\/uploads\\\/2025\\\/10\\\/2025_01_26_Les-Gets-Comedie-3-2.jpg\",\"datePublished\":\"2022-10-24T12:34:47+00:00\",\"dateModified\":\"2025-11-06T15:03:56+00:00\",\"description\":\"Presentatie van het evenement, het programma en de organisatie van Les Gets Com\u00e9die van 29 januari tot 4 februari\",\"breadcrumb\":{\"@id\":\"https:\\\/\\\/www.lesgets.com\\\/nl\\\/les-gets-comedie\\\/presentation\\\/#breadcrumb\"},\"inLanguage\":\"nl-NL\",\"potentialAction\":[{\"@type\":\"ReadAction\",\"target\":[\"https:\\\/\\\/www.lesgets.com\\\/nl\\\/les-gets-comedie\\\/presentation\\\/\"]}]},{\"@type\":\"ImageObject\",\"inLanguage\":\"nl-NL\",\"@id\":\"https:\\\/\\\/www.lesgets.com\\\/nl\\\/les-gets-comedie\\\/presentation\\\/#primaryimage\",\"url\":\"https:\\\/\\\/www.lesgets.com\\\/wp\\\/..\\\/app\\\/uploads\\\/2025\\\/10\\\/2025_01_26_Les-Gets-Comedie-3-2.jpg\",\"contentUrl\":\"https:\\\/\\\/www.lesgets.com\\\/wp\\\/..\\\/app\\\/uploads\\\/2025\\\/10\\\/2025_01_26_Les-Gets-Comedie-3-2.jpg\",\"width\":1900,\"height\":1069,\"caption\":\"les_Gets_comedie\"},{\"@type\":\"BreadcrumbList\",\"@id\":\"https:\\\/\\\/www.lesgets.com\\\/nl\\\/les-gets-comedie\\\/presentation\\\/#breadcrumb\",\"itemListElement\":[{\"@type\":\"ListItem\",\"position\":1,\"name\":\"Accueil\",\"item\":\"https:\\\/\\\/www.lesgets.com\\\/nl\\\/\"},{\"@type\":\"ListItem\",\"position\":2,\"name\":\"Les Gets Com\u00e9die\",\"item\":\"https:\\\/\\\/www.lesgets.com\\\/nl\\\/les-gets-comedie\\\/\"},{\"@type\":\"ListItem\",\"position\":3,\"name\":\"Presentatie\"}]},{\"@type\":\"WebSite\",\"@id\":\"https:\\\/\\\/www.lesgets.com\\\/en\\\/#website\",\"url\":\"https:\\\/\\\/www.lesgets.com\\\/en\\\/\",\"name\":\"Les Gets\",\"description\":\"\",\"publisher\":{\"@id\":\"https:\\\/\\\/www.lesgets.com\\\/en\\\/#organization\"},\"potentialAction\":[{\"@type\":\"SearchAction\",\"target\":{\"@type\":\"EntryPoint\",\"urlTemplate\":\"https:\\\/\\\/www.lesgets.com\\\/en\\\/?s={search_term_string}\"},\"query-input\":{\"@type\":\"PropertyValueSpecification\",\"valueRequired\":true,\"valueName\":\"search_term_string\"}}],\"inLanguage\":\"nl-NL\"},{\"@type\":\"Organization\",\"@id\":\"https:\\\/\\\/www.lesgets.com\\\/en\\\/#organization\",\"name\":\"Les Gets\",\"url\":\"https:\\\/\\\/www.lesgets.com\\\/en\\\/\",\"logo\":{\"@type\":\"ImageObject\",\"inLanguage\":\"nl-NL\",\"@id\":\"https:\\\/\\\/www.lesgets.com\\\/en\\\/#\\\/schema\\\/logo\\\/image\\\/\",\"url\":\"https:\\\/\\\/www.lesgets.com\\\/wp\\\/..\\\/app\\\/uploads\\\/2020\\\/06\\\/logo_lesgets.png\",\"contentUrl\":\"https:\\\/\\\/www.lesgets.com\\\/wp\\\/..\\\/app\\\/uploads\\\/2020\\\/06\\\/logo_lesgets.png\",\"width\":136,\"height\":115,\"caption\":\"Les Gets\"},\"image\":{\"@id\":\"https:\\\/\\\/www.lesgets.com\\\/en\\\/#\\\/schema\\\/logo\\\/image\\\/\"}}]}<\/script>\n<!-- \/ Yoast SEO plugin. -->","yoast_head_json":{"title":"Presentatie Les Gets Com\u00e9die 2026 - Les Gets","description":"Presentatie van het evenement, het programma en de organisatie van Les Gets Com\u00e9die van 29 januari tot 4 februari","robots":{"index":"index","follow":"follow","max-snippet":"max-snippet:-1","max-image-preview":"max-image-preview:large","max-video-preview":"max-video-preview:-1"},"canonical":"https:\/\/www.lesgets.com\/nl\/les-gets-comedie\/presentation\/","og_locale":"nl_NL","og_type":"article","og_title":"Presentatie Les Gets Com\u00e9die 2026 - Les Gets","og_description":"Presentatie van het evenement, het programma en de organisatie van Les Gets Com\u00e9die van 29 januari tot 4 februari","og_url":"https:\/\/www.lesgets.com\/nl\/les-gets-comedie\/presentation\/","og_site_name":"Les Gets","article_modified_time":"2025-11-06T15:03:56+00:00","og_image":[{"width":1900,"height":1069,"url":"https:\/\/www.lesgets.com\/wp\/..\/app\/uploads\/2025\/10\/2025_01_26_Les-Gets-Comedie-3-2.jpg","type":"image\/jpeg"}],"twitter_card":"summary_large_image","twitter_misc":{"Est. reading time":"2 minutes"},"schema":{"@context":"https:\/\/schema.org","@graph":[{"@type":"WebPage","@id":"https:\/\/www.lesgets.com\/nl\/les-gets-comedie\/presentation\/","url":"https:\/\/www.lesgets.com\/nl\/les-gets-comedie\/presentation\/","name":"Presentatie Les Gets Com\u00e9die 2026 - Les Gets","isPartOf":{"@id":"https:\/\/www.lesgets.com\/en\/#website"},"primaryImageOfPage":{"@id":"https:\/\/www.lesgets.com\/nl\/les-gets-comedie\/presentation\/#primaryimage"},"image":{"@id":"https:\/\/www.lesgets.com\/nl\/les-gets-comedie\/presentation\/#primaryimage"},"thumbnailUrl":"https:\/\/www.lesgets.com\/wp\/..\/app\/uploads\/2025\/10\/2025_01_26_Les-Gets-Comedie-3-2.jpg","datePublished":"2022-10-24T12:34:47+00:00","dateModified":"2025-11-06T15:03:56+00:00","description":"Presentatie van het evenement, het programma en de organisatie van Les Gets Com\u00e9die van 29 januari tot 4 februari","breadcrumb":{"@id":"https:\/\/www.lesgets.com\/nl\/les-gets-comedie\/presentation\/#breadcrumb"},"inLanguage":"nl-NL","potentialAction":[{"@type":"ReadAction","target":["https:\/\/www.lesgets.com\/nl\/les-gets-comedie\/presentation\/"]}]},{"@type":"ImageObject","inLanguage":"nl-NL","@id":"https:\/\/www.lesgets.com\/nl\/les-gets-comedie\/presentation\/#primaryimage","url":"https:\/\/www.lesgets.com\/wp\/..\/app\/uploads\/2025\/10\/2025_01_26_Les-Gets-Comedie-3-2.jpg","contentUrl":"https:\/\/www.lesgets.com\/wp\/..\/app\/uploads\/2025\/10\/2025_01_26_Les-Gets-Comedie-3-2.jpg","width":1900,"height":1069,"caption":"les_Gets_comedie"},{"@type":"BreadcrumbList","@id":"https:\/\/www.lesgets.com\/nl\/les-gets-comedie\/presentation\/#breadcrumb","itemListElement":[{"@type":"ListItem","position":1,"name":"Accueil","item":"https:\/\/www.lesgets.com\/nl\/"},{"@type":"ListItem","position":2,"name":"Les Gets Com\u00e9die","item":"https:\/\/www.lesgets.com\/nl\/les-gets-comedie\/"},{"@type":"ListItem","position":3,"name":"Presentatie"}]},{"@type":"WebSite","@id":"https:\/\/www.lesgets.com\/en\/#website","url":"https:\/\/www.lesgets.com\/en\/","name":"Les Gets","description":"","publisher":{"@id":"https:\/\/www.lesgets.com\/en\/#organization"},"potentialAction":[{"@type":"SearchAction","target":{"@type":"EntryPoint","urlTemplate":"https:\/\/www.lesgets.com\/en\/?s={search_term_string}"},"query-input":{"@type":"PropertyValueSpecification","valueRequired":true,"valueName":"search_term_string"}}],"inLanguage":"nl-NL"},{"@type":"Organization","@id":"https:\/\/www.lesgets.com\/en\/#organization","name":"Les Gets","url":"https:\/\/www.lesgets.com\/en\/","logo":{"@type":"ImageObject","inLanguage":"nl-NL","@id":"https:\/\/www.lesgets.com\/en\/#\/schema\/logo\/image\/","url":"https:\/\/www.lesgets.com\/wp\/..\/app\/uploads\/2020\/06\/logo_lesgets.png","contentUrl":"https:\/\/www.lesgets.com\/wp\/..\/app\/uploads\/2020\/06\/logo_lesgets.png","width":136,"height":115,"caption":"Les Gets"},"image":{"@id":"https:\/\/www.lesgets.com\/en\/#\/schema\/logo\/image\/"}}]}},"featured_image_src":"https:\/\/www.lesgets.com\/wp\/..\/app\/uploads\/2025\/10\/2025_01_26_Les-Gets-Comedie-3-2-600x400.jpg","featured_image_src_square":"https:\/\/www.lesgets.com\/wp\/..\/app\/uploads\/2025\/10\/2025_01_26_Les-Gets-Comedie-3-2-600x600.jpg","_links":{"self":[{"href":"https:\/\/www.lesgets.com\/nl\/wp-json\/wp\/v2\/pages\/78626","targetHints":{"allow":["GET"]}}],"collection":[{"href":"https:\/\/www.lesgets.com\/nl\/wp-json\/wp\/v2\/pages"}],"about":[{"href":"https:\/\/www.lesgets.com\/nl\/wp-json\/wp\/v2\/types\/page"}],"author":[{"embeddable":true,"href":"https:\/\/www.lesgets.com\/nl\/wp-json\/wp\/v2\/users\/2"}],"replies":[{"embeddable":true,"href":"https:\/\/www.lesgets.com\/nl\/wp-json\/wp\/v2\/comments?post=78626"}],"version-history":[{"count":2,"href":"https:\/\/www.lesgets.com\/nl\/wp-json\/wp\/v2\/pages\/78626\/revisions"}],"predecessor-version":[{"id":78632,"href":"https:\/\/www.lesgets.com\/nl\/wp-json\/wp\/v2\/pages\/78626\/revisions\/78632"}],"up":[{"embeddable":true,"href":"https:\/\/www.lesgets.com\/nl\/wp-json\/wp\/v2\/pages\/78606"}],"wp:featuredmedia":[{"embeddable":true,"href":"https:\/\/www.lesgets.com\/nl\/wp-json\/wp\/v2\/media\/74476"}],"wp:attachment":[{"href":"https:\/\/www.lesgets.com\/nl\/wp-json\/wp\/v2\/media?parent=78626"}],"curies":[{"name":"wp","href":"https:\/\/api.w.org\/{rel}","templated":true}]}}